{"id":871,"date":"2024-02-28T15:39:44","date_gmt":"2024-02-28T15:39:44","guid":{"rendered":"https:\/\/authleticwear.com\/sk\/?post_type=product&#038;p=871"},"modified":"2026-04-24T20:53:00","modified_gmt":"2026-04-24T20:53:00","slug":"flora-cross-back-bra-grey","status":"publish","type":"product","link":"https:\/\/authleticwear.com\/sk\/product\/flora-cross-back-bra-grey\/","title":{"rendered":"Podprsenka Flora Cross-Back &#8211; \u0160ed\u00e1"},"content":{"rendered":"","protected":false},"excerpt":{"rendered":"<p>Predstavujeme podprsenku Flora Cross-Back &#8211; ide\u00e1lna vo\u013eba pre prechod z ka\u017edodenn\u00fdch aktiv\u00edt na cvi\u010denie. V\u010faka super m\u00e4kk\u00e9mu materi\u00e1lu je naozaj pohodln\u00e1 na ka\u017ed\u00fa situ\u00e1ciu. T\u00e1to podprsenka je navrhnut\u00e1 tak, aby v\u00e1m poskytla dostato\u010dn\u00fa podporu, tak\u017ee budete v\u017edy pripraven\u00e1 na cvi\u010denie. Navy\u0161e m\u00e1 \u0161t\u00fdlov\u00e9 prekr\u00ed\u017een\u00e9 zadn\u00e9 ramienka, ktor\u00e9 kombinuj\u00fa praktickos\u0165 s m\u00f3dnym vzh\u013eadom.<\/p>\n<p><strong>Materi\u00e1l:<\/strong><br \/>\n&#8211; 80% Nylon<br \/>\n&#8211; 20% Elastan<\/p>\n","protected":false},"featured_media":1790,"comment_status":"open","ping_status":"closed","template":"","meta":{"_acf_changed":false,"bwfblock_default_font":"","inline_featured_image":false},"product_brand":[],"product_cat":[47,30],"product_tag":[55],"class_list":{"0":"post-871","1":"product","2":"type-product","3":"status-publish","4":"has-post-thumbnail","6":"product_cat-flora","7":"product_cat-tops","8":"product_tag-vyrazna-podpora","10":"first","11":"outofstock","12":"sale","13":"shipping-taxable","14":"purchasable","15":"product-type-variable","16":"has-default-attributes","17":"wvs-archive-product-wrapper"},"acf":[],"yoast_head":"<!-- This site is optimized with the Yoast SEO plugin v27.4 - https:\/\/yoast.com\/product\/yoast-seo-wordpress\/ -->\n<title>Podprsenka Flora Cross-Back - \u0160ed\u00e1 - Authletic SK<\/title>\n<meta name=\"robots\" content=\"index, follow, max-snippet:-1, max-image-preview:large, max-video-preview:-1\" \/>\n<link rel=\"canonical\" href=\"https:\/\/authleticwear.com\/sk\/product\/flora-cross-back-bra-grey\/\" \/>\n<meta property=\"og:locale\" content=\"sk_SK\" \/>\n<meta property=\"og:type\" content=\"article\" \/>\n<meta property=\"og:title\" content=\"Podprsenka Flora Cross-Back - \u0160ed\u00e1 - Authletic SK\" \/>\n<meta property=\"og:description\" content=\"Predstavujeme podprsenku Flora Cross-Back - ide\u00e1lna vo\u013eba pre prechod z ka\u017edodenn\u00fdch aktiv\u00edt na cvi\u010denie. V\u010faka super m\u00e4kk\u00e9mu materi\u00e1lu je naozaj pohodln\u00e1 na ka\u017ed\u00fa situ\u00e1ciu. T\u00e1to podprsenka je navrhnut\u00e1 tak, aby v\u00e1m poskytla dostato\u010dn\u00fa podporu, tak\u017ee budete v\u017edy pripraven\u00e1 na cvi\u010denie. Navy\u0161e m\u00e1 \u0161t\u00fdlov\u00e9 prekr\u00ed\u017een\u00e9 zadn\u00e9 ramienka, ktor\u00e9 kombinuj\u00fa praktickos\u0165 s m\u00f3dnym vzh\u013eadom.  Materi\u00e1l: - 80% Nylon - 20% Elastan\" \/>\n<meta property=\"og:url\" content=\"https:\/\/authleticwear.com\/sk\/product\/flora-cross-back-bra-grey\/\" \/>\n<meta property=\"og:site_name\" content=\"Authletic SK\" \/>\n<meta property=\"article:publisher\" content=\"https:\/\/facebook.com\/authletic\/\" \/>\n<meta property=\"article:modified_time\" content=\"2026-04-24T20:53:00+00:00\" \/>\n<meta property=\"og:image\" content=\"https:\/\/authleticwear.com\/sk\/wp-content\/uploads\/sites\/4\/2024\/07\/sk-Flora-top-grey.jpg\" \/>\n\t<meta property=\"og:image:width\" content=\"1400\" \/>\n\t<meta property=\"og:image:height\" content=\"2000\" \/>\n\t<meta property=\"og:image:type\" content=\"image\/jpeg\" \/>\n<meta name=\"twitter:card\" content=\"summary_large_image\" \/>\n<meta name=\"twitter:label1\" content=\"Predpokladan\u00fd \u010das \u010d\u00edtania\" \/>\n\t<meta name=\"twitter:data1\" content=\"1 min\u00fata\" \/>\n<script type=\"application\/ld+json\" class=\"yoast-schema-graph\">{\"@context\":\"https:\\\/\\\/schema.org\",\"@graph\":[{\"@type\":\"WebPage\",\"@id\":\"https:\\\/\\\/authleticwear.com\\\/sk\\\/product\\\/flora-cross-back-bra-grey\\\/\",\"url\":\"https:\\\/\\\/authleticwear.com\\\/sk\\\/product\\\/flora-cross-back-bra-grey\\\/\",\"name\":\"Podprsenka Flora Cross-Back - \u0160ed\u00e1 - Authletic SK\",\"isPartOf\":{\"@id\":\"https:\\\/\\\/authleticwear.com\\\/sk\\\/#website\"},\"primaryImageOfPage\":{\"@id\":\"https:\\\/\\\/authleticwear.com\\\/sk\\\/product\\\/flora-cross-back-bra-grey\\\/#primaryimage\"},\"image\":{\"@id\":\"https:\\\/\\\/authleticwear.com\\\/sk\\\/product\\\/flora-cross-back-bra-grey\\\/#primaryimage\"},\"thumbnailUrl\":\"https:\\\/\\\/authleticwear.com\\\/sk\\\/wp-content\\\/uploads\\\/sites\\\/4\\\/2024\\\/07\\\/sk-Flora-top-grey.jpg\",\"datePublished\":\"2024-02-28T15:39:44+00:00\",\"dateModified\":\"2026-04-24T20:53:00+00:00\",\"breadcrumb\":{\"@id\":\"https:\\\/\\\/authleticwear.com\\\/sk\\\/product\\\/flora-cross-back-bra-grey\\\/#breadcrumb\"},\"inLanguage\":\"sk-SK\",\"potentialAction\":[{\"@type\":\"ReadAction\",\"target\":[\"https:\\\/\\\/authleticwear.com\\\/sk\\\/product\\\/flora-cross-back-bra-grey\\\/\"]}]},{\"@type\":\"ImageObject\",\"inLanguage\":\"sk-SK\",\"@id\":\"https:\\\/\\\/authleticwear.com\\\/sk\\\/product\\\/flora-cross-back-bra-grey\\\/#primaryimage\",\"url\":\"https:\\\/\\\/authleticwear.com\\\/sk\\\/wp-content\\\/uploads\\\/sites\\\/4\\\/2024\\\/07\\\/sk-Flora-top-grey.jpg\",\"contentUrl\":\"https:\\\/\\\/authleticwear.com\\\/sk\\\/wp-content\\\/uploads\\\/sites\\\/4\\\/2024\\\/07\\\/sk-Flora-top-grey.jpg\",\"width\":1400,\"height\":2000},{\"@type\":\"BreadcrumbList\",\"@id\":\"https:\\\/\\\/authleticwear.com\\\/sk\\\/product\\\/flora-cross-back-bra-grey\\\/#breadcrumb\",\"itemListElement\":[{\"@type\":\"ListItem\",\"position\":1,\"name\":\"Home\",\"item\":\"https:\\\/\\\/authleticwear.com\\\/sk\\\/\"},{\"@type\":\"ListItem\",\"position\":2,\"name\":\"Shop\",\"item\":\"https:\\\/\\\/authleticwear.com\\\/sk\\\/shop\\\/\"},{\"@type\":\"ListItem\",\"position\":3,\"name\":\"Podprsenka Flora Cross-Back &#8211; \u0160ed\u00e1\"}]},{\"@type\":\"WebSite\",\"@id\":\"https:\\\/\\\/authleticwear.com\\\/sk\\\/#website\",\"url\":\"https:\\\/\\\/authleticwear.com\\\/sk\\\/\",\"name\":\"Authletic SK\",\"description\":\"I am Authentic. I am Athletic. I am Authletic.\",\"publisher\":{\"@id\":\"https:\\\/\\\/authleticwear.com\\\/sk\\\/#organization\"},\"potentialAction\":[{\"@type\":\"SearchAction\",\"target\":{\"@type\":\"EntryPoint\",\"urlTemplate\":\"https:\\\/\\\/authleticwear.com\\\/sk\\\/?s={search_term_string}\"},\"query-input\":{\"@type\":\"PropertyValueSpecification\",\"valueRequired\":true,\"valueName\":\"search_term_string\"}}],\"inLanguage\":\"sk-SK\"},{\"@type\":\"Organization\",\"@id\":\"https:\\\/\\\/authleticwear.com\\\/sk\\\/#organization\",\"name\":\"Authletic SK\",\"url\":\"https:\\\/\\\/authleticwear.com\\\/sk\\\/\",\"logo\":{\"@type\":\"ImageObject\",\"inLanguage\":\"sk-SK\",\"@id\":\"https:\\\/\\\/authleticwear.com\\\/sk\\\/#\\\/schema\\\/logo\\\/image\\\/\",\"url\":\"https:\\\/\\\/authleticwear.com\\\/sk\\\/wp-content\\\/uploads\\\/sites\\\/4\\\/2023\\\/11\\\/logo-web-authletic.svg\",\"contentUrl\":\"https:\\\/\\\/authleticwear.com\\\/sk\\\/wp-content\\\/uploads\\\/sites\\\/4\\\/2023\\\/11\\\/logo-web-authletic.svg\",\"caption\":\"Authletic SK\"},\"image\":{\"@id\":\"https:\\\/\\\/authleticwear.com\\\/sk\\\/#\\\/schema\\\/logo\\\/image\\\/\"},\"sameAs\":[\"https:\\\/\\\/facebook.com\\\/authletic\\\/\",\"https:\\\/\\\/instagram.com\\\/authleticwear\\\/\",\"https:\\\/\\\/tiktok.com\\\/@authletic\"]}]}<\/script>\n<!-- \/ Yoast SEO plugin. -->","yoast_head_json":{"title":"Podprsenka Flora Cross-Back - \u0160ed\u00e1 - Authletic SK","robots":{"index":"index","follow":"follow","max-snippet":"max-snippet:-1","max-image-preview":"max-image-preview:large","max-video-preview":"max-video-preview:-1"},"canonical":"https:\/\/authleticwear.com\/sk\/product\/flora-cross-back-bra-grey\/","og_locale":"sk_SK","og_type":"article","og_title":"Podprsenka Flora Cross-Back - \u0160ed\u00e1 - Authletic SK","og_description":"Predstavujeme podprsenku Flora Cross-Back - ide\u00e1lna vo\u013eba pre prechod z ka\u017edodenn\u00fdch aktiv\u00edt na cvi\u010denie. V\u010faka super m\u00e4kk\u00e9mu materi\u00e1lu je naozaj pohodln\u00e1 na ka\u017ed\u00fa situ\u00e1ciu. T\u00e1to podprsenka je navrhnut\u00e1 tak, aby v\u00e1m poskytla dostato\u010dn\u00fa podporu, tak\u017ee budete v\u017edy pripraven\u00e1 na cvi\u010denie. Navy\u0161e m\u00e1 \u0161t\u00fdlov\u00e9 prekr\u00ed\u017een\u00e9 zadn\u00e9 ramienka, ktor\u00e9 kombinuj\u00fa praktickos\u0165 s m\u00f3dnym vzh\u013eadom.  Materi\u00e1l: - 80% Nylon - 20% Elastan","og_url":"https:\/\/authleticwear.com\/sk\/product\/flora-cross-back-bra-grey\/","og_site_name":"Authletic SK","article_publisher":"https:\/\/facebook.com\/authletic\/","article_modified_time":"2026-04-24T20:53:00+00:00","og_image":[{"width":1400,"height":2000,"url":"https:\/\/authleticwear.com\/sk\/wp-content\/uploads\/sites\/4\/2024\/07\/sk-Flora-top-grey.jpg","type":"image\/jpeg"}],"twitter_card":"summary_large_image","twitter_misc":{"Predpokladan\u00fd \u010das \u010d\u00edtania":"1 min\u00fata"},"schema":{"@context":"https:\/\/schema.org","@graph":[{"@type":"WebPage","@id":"https:\/\/authleticwear.com\/sk\/product\/flora-cross-back-bra-grey\/","url":"https:\/\/authleticwear.com\/sk\/product\/flora-cross-back-bra-grey\/","name":"Podprsenka Flora Cross-Back - \u0160ed\u00e1 - Authletic SK","isPartOf":{"@id":"https:\/\/authleticwear.com\/sk\/#website"},"primaryImageOfPage":{"@id":"https:\/\/authleticwear.com\/sk\/product\/flora-cross-back-bra-grey\/#primaryimage"},"image":{"@id":"https:\/\/authleticwear.com\/sk\/product\/flora-cross-back-bra-grey\/#primaryimage"},"thumbnailUrl":"https:\/\/authleticwear.com\/sk\/wp-content\/uploads\/sites\/4\/2024\/07\/sk-Flora-top-grey.jpg","datePublished":"2024-02-28T15:39:44+00:00","dateModified":"2026-04-24T20:53:00+00:00","breadcrumb":{"@id":"https:\/\/authleticwear.com\/sk\/product\/flora-cross-back-bra-grey\/#breadcrumb"},"inLanguage":"sk-SK","potentialAction":[{"@type":"ReadAction","target":["https:\/\/authleticwear.com\/sk\/product\/flora-cross-back-bra-grey\/"]}]},{"@type":"ImageObject","inLanguage":"sk-SK","@id":"https:\/\/authleticwear.com\/sk\/product\/flora-cross-back-bra-grey\/#primaryimage","url":"https:\/\/authleticwear.com\/sk\/wp-content\/uploads\/sites\/4\/2024\/07\/sk-Flora-top-grey.jpg","contentUrl":"https:\/\/authleticwear.com\/sk\/wp-content\/uploads\/sites\/4\/2024\/07\/sk-Flora-top-grey.jpg","width":1400,"height":2000},{"@type":"BreadcrumbList","@id":"https:\/\/authleticwear.com\/sk\/product\/flora-cross-back-bra-grey\/#breadcrumb","itemListElement":[{"@type":"ListItem","position":1,"name":"Home","item":"https:\/\/authleticwear.com\/sk\/"},{"@type":"ListItem","position":2,"name":"Shop","item":"https:\/\/authleticwear.com\/sk\/shop\/"},{"@type":"ListItem","position":3,"name":"Podprsenka Flora Cross-Back &#8211; \u0160ed\u00e1"}]},{"@type":"WebSite","@id":"https:\/\/authleticwear.com\/sk\/#website","url":"https:\/\/authleticwear.com\/sk\/","name":"Authletic SK","description":"I am Authentic. I am Athletic. I am Authletic.","publisher":{"@id":"https:\/\/authleticwear.com\/sk\/#organization"},"potentialAction":[{"@type":"SearchAction","target":{"@type":"EntryPoint","urlTemplate":"https:\/\/authleticwear.com\/sk\/?s={search_term_string}"},"query-input":{"@type":"PropertyValueSpecification","valueRequired":true,"valueName":"search_term_string"}}],"inLanguage":"sk-SK"},{"@type":"Organization","@id":"https:\/\/authleticwear.com\/sk\/#organization","name":"Authletic SK","url":"https:\/\/authleticwear.com\/sk\/","logo":{"@type":"ImageObject","inLanguage":"sk-SK","@id":"https:\/\/authleticwear.com\/sk\/#\/schema\/logo\/image\/","url":"https:\/\/authleticwear.com\/sk\/wp-content\/uploads\/sites\/4\/2023\/11\/logo-web-authletic.svg","contentUrl":"https:\/\/authleticwear.com\/sk\/wp-content\/uploads\/sites\/4\/2023\/11\/logo-web-authletic.svg","caption":"Authletic SK"},"image":{"@id":"https:\/\/authleticwear.com\/sk\/#\/schema\/logo\/image\/"},"sameAs":["https:\/\/facebook.com\/authletic\/","https:\/\/instagram.com\/authleticwear\/","https:\/\/tiktok.com\/@authletic"]}]}},"_links":{"self":[{"href":"https:\/\/authleticwear.com\/sk\/wp-json\/wp\/v2\/product\/871","targetHints":{"allow":["GET"]}}],"collection":[{"href":"https:\/\/authleticwear.com\/sk\/wp-json\/wp\/v2\/product"}],"about":[{"href":"https:\/\/authleticwear.com\/sk\/wp-json\/wp\/v2\/types\/product"}],"replies":[{"embeddable":true,"href":"https:\/\/authleticwear.com\/sk\/wp-json\/wp\/v2\/comments?post=871"}],"wp:featuredmedia":[{"embeddable":true,"href":"https:\/\/authleticwear.com\/sk\/wp-json\/wp\/v2\/media\/1790"}],"wp:attachment":[{"href":"https:\/\/authleticwear.com\/sk\/wp-json\/wp\/v2\/media?parent=871"}],"wp:term":[{"taxonomy":"product_brand","embeddable":true,"href":"https:\/\/authleticwear.com\/sk\/wp-json\/wp\/v2\/product_brand?post=871"},{"taxonomy":"product_cat","embeddable":true,"href":"https:\/\/authleticwear.com\/sk\/wp-json\/wp\/v2\/product_cat?post=871"},{"taxonomy":"product_tag","embeddable":true,"href":"https:\/\/authleticwear.com\/sk\/wp-json\/wp\/v2\/product_tag?post=871"}],"curies":[{"name":"wp","href":"https:\/\/api.w.org\/{rel}","templated":true}]}}