{"id":8486,"date":"2026-04-15T12:45:35","date_gmt":"2026-04-15T12:45:35","guid":{"rendered":"https:\/\/authleticwear.com\/sk\/?post_type=product&#038;p=8486"},"modified":"2026-04-26T10:34:00","modified_gmt":"2026-04-26T10:34:00","slug":"naya-butt-lift-kratke-leginy-polnocna-modra","status":"publish","type":"product","link":"https:\/\/authleticwear.com\/sk\/product\/naya-butt-lift-kratke-leginy-polnocna-modra\/","title":{"rendered":"Naya Butt Lift Kr\u00e1tke Leg\u00edny &#8211; Polno\u010dn\u00e1 modr\u00e1"},"content":{"rendered":"","protected":false},"excerpt":{"rendered":"<p>\u201eNaya Butt Lift Kr\u00e1tke Leg\u00edny\u201c zv\u00fdraznia tvoje krivky ako nikdy predt\u00fdm. V\u010faka skryt\u00e9mu scrunch efektu prirodzene nadvihn\u00fa zado\u010dek a dodaj\u00fa mu gu\u013eatej\u0161\u00ed vzh\u013ead. Zamatovo jemn\u00fd, elastick\u00fd materi\u00e1l ti zabezpe\u010d\u00ed pohodlie pri ka\u017edom pohybe.<\/p>\n<p><strong>Materi\u00e1l:<\/strong><br \/>\n\u2013 78% Polyamid<br \/>\n\u2013 22% Elastan<\/p>\n","protected":false},"featured_media":8472,"comment_status":"open","ping_status":"closed","template":"","meta":{"_acf_changed":false,"bwfblock_default_font":"","inline_featured_image":false},"product_brand":[],"product_cat":[83,18,77],"product_tag":[78,72,25],"class_list":{"0":"post-8486","1":"product","2":"type-product","3":"status-publish","4":"has-post-thumbnail","6":"product_cat-butt-lift","7":"product_cat-leggings","8":"product_cat-naya","9":"product_tag-bestseller2","10":"product_tag-butt-lift","11":"product_tag-new","13":"first","14":"instock","15":"featured","16":"shipping-taxable","17":"purchasable","18":"product-type-variable","19":"has-default-attributes","20":"wvs-archive-product-wrapper"},"acf":[],"yoast_head":"<!-- This site is optimized with the Yoast SEO plugin v27.4 - https:\/\/yoast.com\/product\/yoast-seo-wordpress\/ -->\n<title>Naya Butt Lift Kr\u00e1tke Leg\u00edny - Polno\u010dn\u00e1 modr\u00e1 - Authletic SK<\/title>\n<meta name=\"robots\" content=\"index, follow, max-snippet:-1, max-image-preview:large, max-video-preview:-1\" \/>\n<link rel=\"canonical\" href=\"https:\/\/authleticwear.com\/sk\/product\/naya-butt-lift-kratke-leginy-polnocna-modra\/\" \/>\n<meta property=\"og:locale\" content=\"sk_SK\" \/>\n<meta property=\"og:type\" content=\"article\" \/>\n<meta property=\"og:title\" content=\"Naya Butt Lift Kr\u00e1tke Leg\u00edny - Polno\u010dn\u00e1 modr\u00e1 - Authletic SK\" \/>\n<meta property=\"og:description\" content=\"\u201eNaya Butt Lift Kr\u00e1tke Leg\u00edny\u201c zv\u00fdraznia tvoje krivky ako nikdy predt\u00fdm. V\u010faka skryt\u00e9mu scrunch efektu prirodzene nadvihn\u00fa zado\u010dek a dodaj\u00fa mu gu\u013eatej\u0161\u00ed vzh\u013ead. Zamatovo jemn\u00fd, elastick\u00fd materi\u00e1l ti zabezpe\u010d\u00ed pohodlie pri ka\u017edom pohybe.  Materi\u00e1l: \u2013 78% Polyamid \u2013 22% Elastan\" \/>\n<meta property=\"og:url\" content=\"https:\/\/authleticwear.com\/sk\/product\/naya-butt-lift-kratke-leginy-polnocna-modra\/\" \/>\n<meta property=\"og:site_name\" content=\"Authletic SK\" \/>\n<meta property=\"article:publisher\" content=\"https:\/\/facebook.com\/authletic\/\" \/>\n<meta property=\"article:modified_time\" content=\"2026-04-26T10:34:00+00:00\" \/>\n<meta property=\"og:image\" content=\"https:\/\/authleticwear.com\/sk\/wp-content\/uploads\/sites\/4\/2026\/04\/SK-USP-1-NAYA-SHORT-BLUE.jpg\" \/>\n\t<meta property=\"og:image:width\" content=\"1400\" \/>\n\t<meta property=\"og:image:height\" content=\"2000\" \/>\n\t<meta property=\"og:image:type\" content=\"image\/jpeg\" \/>\n<meta name=\"twitter:card\" content=\"summary_large_image\" \/>\n<meta name=\"twitter:label1\" content=\"Predpokladan\u00fd \u010das \u010d\u00edtania\" \/>\n\t<meta name=\"twitter:data1\" content=\"1 min\u00fata\" \/>\n<script type=\"application\/ld+json\" class=\"yoast-schema-graph\">{\"@context\":\"https:\\\/\\\/schema.org\",\"@graph\":[{\"@type\":\"WebPage\",\"@id\":\"https:\\\/\\\/authleticwear.com\\\/sk\\\/product\\\/naya-butt-lift-kratke-leginy-polnocna-modra\\\/\",\"url\":\"https:\\\/\\\/authleticwear.com\\\/sk\\\/product\\\/naya-butt-lift-kratke-leginy-polnocna-modra\\\/\",\"name\":\"Naya Butt Lift Kr\u00e1tke Leg\u00edny - Polno\u010dn\u00e1 modr\u00e1 - Authletic SK\",\"isPartOf\":{\"@id\":\"https:\\\/\\\/authleticwear.com\\\/sk\\\/#website\"},\"primaryImageOfPage\":{\"@id\":\"https:\\\/\\\/authleticwear.com\\\/sk\\\/product\\\/naya-butt-lift-kratke-leginy-polnocna-modra\\\/#primaryimage\"},\"image\":{\"@id\":\"https:\\\/\\\/authleticwear.com\\\/sk\\\/product\\\/naya-butt-lift-kratke-leginy-polnocna-modra\\\/#primaryimage\"},\"thumbnailUrl\":\"https:\\\/\\\/authleticwear.com\\\/sk\\\/wp-content\\\/uploads\\\/sites\\\/4\\\/2026\\\/04\\\/SK-USP-1-NAYA-SHORT-BLUE.jpg\",\"datePublished\":\"2026-04-15T12:45:35+00:00\",\"dateModified\":\"2026-04-26T10:34:00+00:00\",\"breadcrumb\":{\"@id\":\"https:\\\/\\\/authleticwear.com\\\/sk\\\/product\\\/naya-butt-lift-kratke-leginy-polnocna-modra\\\/#breadcrumb\"},\"inLanguage\":\"sk-SK\",\"potentialAction\":[{\"@type\":\"ReadAction\",\"target\":[\"https:\\\/\\\/authleticwear.com\\\/sk\\\/product\\\/naya-butt-lift-kratke-leginy-polnocna-modra\\\/\"]}]},{\"@type\":\"ImageObject\",\"inLanguage\":\"sk-SK\",\"@id\":\"https:\\\/\\\/authleticwear.com\\\/sk\\\/product\\\/naya-butt-lift-kratke-leginy-polnocna-modra\\\/#primaryimage\",\"url\":\"https:\\\/\\\/authleticwear.com\\\/sk\\\/wp-content\\\/uploads\\\/sites\\\/4\\\/2026\\\/04\\\/SK-USP-1-NAYA-SHORT-BLUE.jpg\",\"contentUrl\":\"https:\\\/\\\/authleticwear.com\\\/sk\\\/wp-content\\\/uploads\\\/sites\\\/4\\\/2026\\\/04\\\/SK-USP-1-NAYA-SHORT-BLUE.jpg\",\"width\":1400,\"height\":2000},{\"@type\":\"BreadcrumbList\",\"@id\":\"https:\\\/\\\/authleticwear.com\\\/sk\\\/product\\\/naya-butt-lift-kratke-leginy-polnocna-modra\\\/#breadcrumb\",\"itemListElement\":[{\"@type\":\"ListItem\",\"position\":1,\"name\":\"Home\",\"item\":\"https:\\\/\\\/authleticwear.com\\\/sk\\\/\"},{\"@type\":\"ListItem\",\"position\":2,\"name\":\"Shop\",\"item\":\"https:\\\/\\\/authleticwear.com\\\/sk\\\/shop\\\/\"},{\"@type\":\"ListItem\",\"position\":3,\"name\":\"Naya Butt Lift Kr\u00e1tke Leg\u00edny &#8211; Polno\u010dn\u00e1 modr\u00e1\"}]},{\"@type\":\"WebSite\",\"@id\":\"https:\\\/\\\/authleticwear.com\\\/sk\\\/#website\",\"url\":\"https:\\\/\\\/authleticwear.com\\\/sk\\\/\",\"name\":\"Authletic SK\",\"description\":\"I am Authentic. I am Athletic. I am Authletic.\",\"publisher\":{\"@id\":\"https:\\\/\\\/authleticwear.com\\\/sk\\\/#organization\"},\"potentialAction\":[{\"@type\":\"SearchAction\",\"target\":{\"@type\":\"EntryPoint\",\"urlTemplate\":\"https:\\\/\\\/authleticwear.com\\\/sk\\\/?s={search_term_string}\"},\"query-input\":{\"@type\":\"PropertyValueSpecification\",\"valueRequired\":true,\"valueName\":\"search_term_string\"}}],\"inLanguage\":\"sk-SK\"},{\"@type\":\"Organization\",\"@id\":\"https:\\\/\\\/authleticwear.com\\\/sk\\\/#organization\",\"name\":\"Authletic SK\",\"url\":\"https:\\\/\\\/authleticwear.com\\\/sk\\\/\",\"logo\":{\"@type\":\"ImageObject\",\"inLanguage\":\"sk-SK\",\"@id\":\"https:\\\/\\\/authleticwear.com\\\/sk\\\/#\\\/schema\\\/logo\\\/image\\\/\",\"url\":\"https:\\\/\\\/authleticwear.com\\\/sk\\\/wp-content\\\/uploads\\\/sites\\\/4\\\/2023\\\/11\\\/logo-web-authletic.svg\",\"contentUrl\":\"https:\\\/\\\/authleticwear.com\\\/sk\\\/wp-content\\\/uploads\\\/sites\\\/4\\\/2023\\\/11\\\/logo-web-authletic.svg\",\"caption\":\"Authletic SK\"},\"image\":{\"@id\":\"https:\\\/\\\/authleticwear.com\\\/sk\\\/#\\\/schema\\\/logo\\\/image\\\/\"},\"sameAs\":[\"https:\\\/\\\/facebook.com\\\/authletic\\\/\",\"https:\\\/\\\/instagram.com\\\/authleticwear\\\/\",\"https:\\\/\\\/tiktok.com\\\/@authletic\"]}]}<\/script>\n<!-- \/ Yoast SEO plugin. -->","yoast_head_json":{"title":"Naya Butt Lift Kr\u00e1tke Leg\u00edny - Polno\u010dn\u00e1 modr\u00e1 - Authletic SK","robots":{"index":"index","follow":"follow","max-snippet":"max-snippet:-1","max-image-preview":"max-image-preview:large","max-video-preview":"max-video-preview:-1"},"canonical":"https:\/\/authleticwear.com\/sk\/product\/naya-butt-lift-kratke-leginy-polnocna-modra\/","og_locale":"sk_SK","og_type":"article","og_title":"Naya Butt Lift Kr\u00e1tke Leg\u00edny - Polno\u010dn\u00e1 modr\u00e1 - Authletic SK","og_description":"\u201eNaya Butt Lift Kr\u00e1tke Leg\u00edny\u201c zv\u00fdraznia tvoje krivky ako nikdy predt\u00fdm. V\u010faka skryt\u00e9mu scrunch efektu prirodzene nadvihn\u00fa zado\u010dek a dodaj\u00fa mu gu\u013eatej\u0161\u00ed vzh\u013ead. Zamatovo jemn\u00fd, elastick\u00fd materi\u00e1l ti zabezpe\u010d\u00ed pohodlie pri ka\u017edom pohybe.  Materi\u00e1l: \u2013 78% Polyamid \u2013 22% Elastan","og_url":"https:\/\/authleticwear.com\/sk\/product\/naya-butt-lift-kratke-leginy-polnocna-modra\/","og_site_name":"Authletic SK","article_publisher":"https:\/\/facebook.com\/authletic\/","article_modified_time":"2026-04-26T10:34:00+00:00","og_image":[{"width":1400,"height":2000,"url":"https:\/\/authleticwear.com\/sk\/wp-content\/uploads\/sites\/4\/2026\/04\/SK-USP-1-NAYA-SHORT-BLUE.jpg","type":"image\/jpeg"}],"twitter_card":"summary_large_image","twitter_misc":{"Predpokladan\u00fd \u010das \u010d\u00edtania":"1 min\u00fata"},"schema":{"@context":"https:\/\/schema.org","@graph":[{"@type":"WebPage","@id":"https:\/\/authleticwear.com\/sk\/product\/naya-butt-lift-kratke-leginy-polnocna-modra\/","url":"https:\/\/authleticwear.com\/sk\/product\/naya-butt-lift-kratke-leginy-polnocna-modra\/","name":"Naya Butt Lift Kr\u00e1tke Leg\u00edny - Polno\u010dn\u00e1 modr\u00e1 - Authletic SK","isPartOf":{"@id":"https:\/\/authleticwear.com\/sk\/#website"},"primaryImageOfPage":{"@id":"https:\/\/authleticwear.com\/sk\/product\/naya-butt-lift-kratke-leginy-polnocna-modra\/#primaryimage"},"image":{"@id":"https:\/\/authleticwear.com\/sk\/product\/naya-butt-lift-kratke-leginy-polnocna-modra\/#primaryimage"},"thumbnailUrl":"https:\/\/authleticwear.com\/sk\/wp-content\/uploads\/sites\/4\/2026\/04\/SK-USP-1-NAYA-SHORT-BLUE.jpg","datePublished":"2026-04-15T12:45:35+00:00","dateModified":"2026-04-26T10:34:00+00:00","breadcrumb":{"@id":"https:\/\/authleticwear.com\/sk\/product\/naya-butt-lift-kratke-leginy-polnocna-modra\/#breadcrumb"},"inLanguage":"sk-SK","potentialAction":[{"@type":"ReadAction","target":["https:\/\/authleticwear.com\/sk\/product\/naya-butt-lift-kratke-leginy-polnocna-modra\/"]}]},{"@type":"ImageObject","inLanguage":"sk-SK","@id":"https:\/\/authleticwear.com\/sk\/product\/naya-butt-lift-kratke-leginy-polnocna-modra\/#primaryimage","url":"https:\/\/authleticwear.com\/sk\/wp-content\/uploads\/sites\/4\/2026\/04\/SK-USP-1-NAYA-SHORT-BLUE.jpg","contentUrl":"https:\/\/authleticwear.com\/sk\/wp-content\/uploads\/sites\/4\/2026\/04\/SK-USP-1-NAYA-SHORT-BLUE.jpg","width":1400,"height":2000},{"@type":"BreadcrumbList","@id":"https:\/\/authleticwear.com\/sk\/product\/naya-butt-lift-kratke-leginy-polnocna-modra\/#breadcrumb","itemListElement":[{"@type":"ListItem","position":1,"name":"Home","item":"https:\/\/authleticwear.com\/sk\/"},{"@type":"ListItem","position":2,"name":"Shop","item":"https:\/\/authleticwear.com\/sk\/shop\/"},{"@type":"ListItem","position":3,"name":"Naya Butt Lift Kr\u00e1tke Leg\u00edny &#8211; Polno\u010dn\u00e1 modr\u00e1"}]},{"@type":"WebSite","@id":"https:\/\/authleticwear.com\/sk\/#website","url":"https:\/\/authleticwear.com\/sk\/","name":"Authletic SK","description":"I am Authentic. I am Athletic. I am Authletic.","publisher":{"@id":"https:\/\/authleticwear.com\/sk\/#organization"},"potentialAction":[{"@type":"SearchAction","target":{"@type":"EntryPoint","urlTemplate":"https:\/\/authleticwear.com\/sk\/?s={search_term_string}"},"query-input":{"@type":"PropertyValueSpecification","valueRequired":true,"valueName":"search_term_string"}}],"inLanguage":"sk-SK"},{"@type":"Organization","@id":"https:\/\/authleticwear.com\/sk\/#organization","name":"Authletic SK","url":"https:\/\/authleticwear.com\/sk\/","logo":{"@type":"ImageObject","inLanguage":"sk-SK","@id":"https:\/\/authleticwear.com\/sk\/#\/schema\/logo\/image\/","url":"https:\/\/authleticwear.com\/sk\/wp-content\/uploads\/sites\/4\/2023\/11\/logo-web-authletic.svg","contentUrl":"https:\/\/authleticwear.com\/sk\/wp-content\/uploads\/sites\/4\/2023\/11\/logo-web-authletic.svg","caption":"Authletic SK"},"image":{"@id":"https:\/\/authleticwear.com\/sk\/#\/schema\/logo\/image\/"},"sameAs":["https:\/\/facebook.com\/authletic\/","https:\/\/instagram.com\/authleticwear\/","https:\/\/tiktok.com\/@authletic"]}]}},"_links":{"self":[{"href":"https:\/\/authleticwear.com\/sk\/wp-json\/wp\/v2\/product\/8486","targetHints":{"allow":["GET"]}}],"collection":[{"href":"https:\/\/authleticwear.com\/sk\/wp-json\/wp\/v2\/product"}],"about":[{"href":"https:\/\/authleticwear.com\/sk\/wp-json\/wp\/v2\/types\/product"}],"replies":[{"embeddable":true,"href":"https:\/\/authleticwear.com\/sk\/wp-json\/wp\/v2\/comments?post=8486"}],"wp:featuredmedia":[{"embeddable":true,"href":"https:\/\/authleticwear.com\/sk\/wp-json\/wp\/v2\/media\/8472"}],"wp:attachment":[{"href":"https:\/\/authleticwear.com\/sk\/wp-json\/wp\/v2\/media?parent=8486"}],"wp:term":[{"taxonomy":"product_brand","embeddable":true,"href":"https:\/\/authleticwear.com\/sk\/wp-json\/wp\/v2\/product_brand?post=8486"},{"taxonomy":"product_cat","embeddable":true,"href":"https:\/\/authleticwear.com\/sk\/wp-json\/wp\/v2\/product_cat?post=8486"},{"taxonomy":"product_tag","embeddable":true,"href":"https:\/\/authleticwear.com\/sk\/wp-json\/wp\/v2\/product_tag?post=8486"}],"curies":[{"name":"wp","href":"https:\/\/api.w.org\/{rel}","templated":true}]}}