{"id":806,"date":"2024-02-28T15:07:58","date_gmt":"2024-02-28T15:07:58","guid":{"rendered":"https:\/\/authleticwear.com\/sk\/?post_type=product&#038;p=806"},"modified":"2026-04-22T08:26:30","modified_gmt":"2026-04-22T08:26:30","slug":"side-drawstring-t-shirt-white","status":"publish","type":"product","link":"https:\/\/authleticwear.com\/sk\/product\/side-drawstring-t-shirt-white\/","title":{"rendered":"Tri\u010dko so s\u0165ahovacou \u0161n\u00farkou na boku &#8211; Biela"},"content":{"rendered":"","protected":false},"excerpt":{"rendered":"<p>Vst\u00fapte do sveta prisp\u00f4soben\u00e9ho \u0161t\u00fdlu s na\u0161\u00edm \u201etri\u010dkom so s\u0165ahovacou \u0161n\u00farkou na boku\u201c. Toto tri\u010dko vyroben\u00e9 z pohodlnej zmesi 93% bavlny so \u0161peci\u00e1lnymi bo\u010dn\u00fdmi s\u0165ahovac\u00edmi \u0161n\u00farkami pozdvihuje le\u017e\u00e9rne obliekanie na nov\u00fa \u00farove\u0148. \u0160n\u00farky v\u00e1m umo\u017enia upravi\u0165 a prisp\u00f4sobi\u0165 tri\u010dko tak, aby ste predviedli svoje krivky. Toto tri\u010dko je ide\u00e1lne na de\u0148 str\u00e1ven\u00fd vonku, kedy ste sa rozhodli vyfinti\u0165, alebo na uvo\u013enen\u00fd, \u0161portov\u00fd vzh\u013ead. Vyhovuje v\u0161etk\u00fdm va\u0161im n\u00e1lad\u00e1m a udalostiam.<\/p>\n<p><strong>Materi\u00e1l:<br \/>\n<\/strong>&#8211; 93% Bavlna<br \/>\n&#8211; 7% Elastan<\/p>\n","protected":false},"featured_media":909,"comment_status":"open","ping_status":"closed","template":"","meta":{"_acf_changed":false,"bwfblock_default_font":"","inline_featured_image":false},"product_brand":[],"product_cat":[31],"product_tag":[52],"class_list":{"0":"post-806","1":"product","2":"type-product","3":"status-publish","4":"has-post-thumbnail","6":"product_cat-casual","7":"product_tag-93-bavlna","9":"first","10":"instock","11":"sale","12":"shipping-taxable","13":"purchasable","14":"product-type-variable","15":"has-default-attributes","16":"wvs-archive-product-wrapper"},"acf":[],"yoast_head":"<!-- This site is optimized with the Yoast SEO plugin v27.4 - https:\/\/yoast.com\/product\/yoast-seo-wordpress\/ -->\n<title>Tri\u010dko so s\u0165ahovacou \u0161n\u00farkou na boku - Biela - Authletic SK<\/title>\n<meta name=\"robots\" content=\"index, follow, max-snippet:-1, max-image-preview:large, max-video-preview:-1\" \/>\n<link rel=\"canonical\" href=\"https:\/\/authleticwear.com\/sk\/product\/side-drawstring-t-shirt-white\/\" \/>\n<meta property=\"og:locale\" content=\"sk_SK\" \/>\n<meta property=\"og:type\" content=\"article\" \/>\n<meta property=\"og:title\" content=\"Tri\u010dko so s\u0165ahovacou \u0161n\u00farkou na boku - Biela - Authletic SK\" \/>\n<meta property=\"og:description\" content=\"Vst\u00fapte do sveta prisp\u00f4soben\u00e9ho \u0161t\u00fdlu s na\u0161\u00edm \u201etri\u010dkom so s\u0165ahovacou \u0161n\u00farkou na boku\u201c. Toto tri\u010dko vyroben\u00e9 z pohodlnej zmesi 93% bavlny so \u0161peci\u00e1lnymi bo\u010dn\u00fdmi s\u0165ahovac\u00edmi \u0161n\u00farkami pozdvihuje le\u017e\u00e9rne obliekanie na nov\u00fa \u00farove\u0148. \u0160n\u00farky v\u00e1m umo\u017enia upravi\u0165 a prisp\u00f4sobi\u0165 tri\u010dko tak, aby ste predviedli svoje krivky. Toto tri\u010dko je ide\u00e1lne na de\u0148 str\u00e1ven\u00fd vonku, kedy ste sa rozhodli vyfinti\u0165, alebo na uvo\u013enen\u00fd, \u0161portov\u00fd vzh\u013ead. Vyhovuje v\u0161etk\u00fdm va\u0161im n\u00e1lad\u00e1m a udalostiam.  Materi\u00e1l: - 93% Bavlna - 7% Elastan\" \/>\n<meta property=\"og:url\" content=\"https:\/\/authleticwear.com\/sk\/product\/side-drawstring-t-shirt-white\/\" \/>\n<meta property=\"og:site_name\" content=\"Authletic SK\" \/>\n<meta property=\"article:publisher\" content=\"https:\/\/facebook.com\/authletic\/\" \/>\n<meta property=\"article:modified_time\" content=\"2026-04-22T08:26:30+00:00\" \/>\n<meta property=\"og:image\" content=\"https:\/\/authleticwear.com\/sk\/wp-content\/uploads\/sites\/4\/2024\/02\/Drawstring-white.jpg\" \/>\n\t<meta property=\"og:image:width\" content=\"1400\" \/>\n\t<meta property=\"og:image:height\" content=\"2000\" \/>\n\t<meta property=\"og:image:type\" content=\"image\/jpeg\" \/>\n<meta name=\"twitter:card\" content=\"summary_large_image\" \/>\n<meta name=\"twitter:label1\" content=\"Predpokladan\u00fd \u010das \u010d\u00edtania\" \/>\n\t<meta name=\"twitter:data1\" content=\"1 min\u00fata\" \/>\n<script type=\"application\/ld+json\" class=\"yoast-schema-graph\">{\"@context\":\"https:\\\/\\\/schema.org\",\"@graph\":[{\"@type\":\"WebPage\",\"@id\":\"https:\\\/\\\/authleticwear.com\\\/sk\\\/product\\\/side-drawstring-t-shirt-white\\\/\",\"url\":\"https:\\\/\\\/authleticwear.com\\\/sk\\\/product\\\/side-drawstring-t-shirt-white\\\/\",\"name\":\"Tri\u010dko so s\u0165ahovacou \u0161n\u00farkou na boku - Biela - Authletic SK\",\"isPartOf\":{\"@id\":\"https:\\\/\\\/authleticwear.com\\\/sk\\\/#website\"},\"primaryImageOfPage\":{\"@id\":\"https:\\\/\\\/authleticwear.com\\\/sk\\\/product\\\/side-drawstring-t-shirt-white\\\/#primaryimage\"},\"image\":{\"@id\":\"https:\\\/\\\/authleticwear.com\\\/sk\\\/product\\\/side-drawstring-t-shirt-white\\\/#primaryimage\"},\"thumbnailUrl\":\"https:\\\/\\\/authleticwear.com\\\/sk\\\/wp-content\\\/uploads\\\/sites\\\/4\\\/2024\\\/02\\\/Drawstring-white.jpg\",\"datePublished\":\"2024-02-28T15:07:58+00:00\",\"dateModified\":\"2026-04-22T08:26:30+00:00\",\"breadcrumb\":{\"@id\":\"https:\\\/\\\/authleticwear.com\\\/sk\\\/product\\\/side-drawstring-t-shirt-white\\\/#breadcrumb\"},\"inLanguage\":\"sk-SK\",\"potentialAction\":[{\"@type\":\"ReadAction\",\"target\":[\"https:\\\/\\\/authleticwear.com\\\/sk\\\/product\\\/side-drawstring-t-shirt-white\\\/\"]}]},{\"@type\":\"ImageObject\",\"inLanguage\":\"sk-SK\",\"@id\":\"https:\\\/\\\/authleticwear.com\\\/sk\\\/product\\\/side-drawstring-t-shirt-white\\\/#primaryimage\",\"url\":\"https:\\\/\\\/authleticwear.com\\\/sk\\\/wp-content\\\/uploads\\\/sites\\\/4\\\/2024\\\/02\\\/Drawstring-white.jpg\",\"contentUrl\":\"https:\\\/\\\/authleticwear.com\\\/sk\\\/wp-content\\\/uploads\\\/sites\\\/4\\\/2024\\\/02\\\/Drawstring-white.jpg\",\"width\":1400,\"height\":2000},{\"@type\":\"BreadcrumbList\",\"@id\":\"https:\\\/\\\/authleticwear.com\\\/sk\\\/product\\\/side-drawstring-t-shirt-white\\\/#breadcrumb\",\"itemListElement\":[{\"@type\":\"ListItem\",\"position\":1,\"name\":\"Home\",\"item\":\"https:\\\/\\\/authleticwear.com\\\/sk\\\/\"},{\"@type\":\"ListItem\",\"position\":2,\"name\":\"Shop\",\"item\":\"https:\\\/\\\/authleticwear.com\\\/sk\\\/shop\\\/\"},{\"@type\":\"ListItem\",\"position\":3,\"name\":\"Tri\u010dko so s\u0165ahovacou \u0161n\u00farkou na boku &#8211; Biela\"}]},{\"@type\":\"WebSite\",\"@id\":\"https:\\\/\\\/authleticwear.com\\\/sk\\\/#website\",\"url\":\"https:\\\/\\\/authleticwear.com\\\/sk\\\/\",\"name\":\"Authletic SK\",\"description\":\"I am Authentic. I am Athletic. I am Authletic.\",\"publisher\":{\"@id\":\"https:\\\/\\\/authleticwear.com\\\/sk\\\/#organization\"},\"potentialAction\":[{\"@type\":\"SearchAction\",\"target\":{\"@type\":\"EntryPoint\",\"urlTemplate\":\"https:\\\/\\\/authleticwear.com\\\/sk\\\/?s={search_term_string}\"},\"query-input\":{\"@type\":\"PropertyValueSpecification\",\"valueRequired\":true,\"valueName\":\"search_term_string\"}}],\"inLanguage\":\"sk-SK\"},{\"@type\":\"Organization\",\"@id\":\"https:\\\/\\\/authleticwear.com\\\/sk\\\/#organization\",\"name\":\"Authletic SK\",\"url\":\"https:\\\/\\\/authleticwear.com\\\/sk\\\/\",\"logo\":{\"@type\":\"ImageObject\",\"inLanguage\":\"sk-SK\",\"@id\":\"https:\\\/\\\/authleticwear.com\\\/sk\\\/#\\\/schema\\\/logo\\\/image\\\/\",\"url\":\"https:\\\/\\\/authleticwear.com\\\/sk\\\/wp-content\\\/uploads\\\/sites\\\/4\\\/2023\\\/11\\\/logo-web-authletic.svg\",\"contentUrl\":\"https:\\\/\\\/authleticwear.com\\\/sk\\\/wp-content\\\/uploads\\\/sites\\\/4\\\/2023\\\/11\\\/logo-web-authletic.svg\",\"caption\":\"Authletic SK\"},\"image\":{\"@id\":\"https:\\\/\\\/authleticwear.com\\\/sk\\\/#\\\/schema\\\/logo\\\/image\\\/\"},\"sameAs\":[\"https:\\\/\\\/facebook.com\\\/authletic\\\/\",\"https:\\\/\\\/instagram.com\\\/authleticwear\\\/\",\"https:\\\/\\\/tiktok.com\\\/@authletic\"]}]}<\/script>\n<!-- \/ Yoast SEO plugin. -->","yoast_head_json":{"title":"Tri\u010dko so s\u0165ahovacou \u0161n\u00farkou na boku - Biela - Authletic SK","robots":{"index":"index","follow":"follow","max-snippet":"max-snippet:-1","max-image-preview":"max-image-preview:large","max-video-preview":"max-video-preview:-1"},"canonical":"https:\/\/authleticwear.com\/sk\/product\/side-drawstring-t-shirt-white\/","og_locale":"sk_SK","og_type":"article","og_title":"Tri\u010dko so s\u0165ahovacou \u0161n\u00farkou na boku - Biela - Authletic SK","og_description":"Vst\u00fapte do sveta prisp\u00f4soben\u00e9ho \u0161t\u00fdlu s na\u0161\u00edm \u201etri\u010dkom so s\u0165ahovacou \u0161n\u00farkou na boku\u201c. Toto tri\u010dko vyroben\u00e9 z pohodlnej zmesi 93% bavlny so \u0161peci\u00e1lnymi bo\u010dn\u00fdmi s\u0165ahovac\u00edmi \u0161n\u00farkami pozdvihuje le\u017e\u00e9rne obliekanie na nov\u00fa \u00farove\u0148. \u0160n\u00farky v\u00e1m umo\u017enia upravi\u0165 a prisp\u00f4sobi\u0165 tri\u010dko tak, aby ste predviedli svoje krivky. Toto tri\u010dko je ide\u00e1lne na de\u0148 str\u00e1ven\u00fd vonku, kedy ste sa rozhodli vyfinti\u0165, alebo na uvo\u013enen\u00fd, \u0161portov\u00fd vzh\u013ead. Vyhovuje v\u0161etk\u00fdm va\u0161im n\u00e1lad\u00e1m a udalostiam.  Materi\u00e1l: - 93% Bavlna - 7% Elastan","og_url":"https:\/\/authleticwear.com\/sk\/product\/side-drawstring-t-shirt-white\/","og_site_name":"Authletic SK","article_publisher":"https:\/\/facebook.com\/authletic\/","article_modified_time":"2026-04-22T08:26:30+00:00","og_image":[{"width":1400,"height":2000,"url":"https:\/\/authleticwear.com\/sk\/wp-content\/uploads\/sites\/4\/2024\/02\/Drawstring-white.jpg","type":"image\/jpeg"}],"twitter_card":"summary_large_image","twitter_misc":{"Predpokladan\u00fd \u010das \u010d\u00edtania":"1 min\u00fata"},"schema":{"@context":"https:\/\/schema.org","@graph":[{"@type":"WebPage","@id":"https:\/\/authleticwear.com\/sk\/product\/side-drawstring-t-shirt-white\/","url":"https:\/\/authleticwear.com\/sk\/product\/side-drawstring-t-shirt-white\/","name":"Tri\u010dko so s\u0165ahovacou \u0161n\u00farkou na boku - Biela - Authletic SK","isPartOf":{"@id":"https:\/\/authleticwear.com\/sk\/#website"},"primaryImageOfPage":{"@id":"https:\/\/authleticwear.com\/sk\/product\/side-drawstring-t-shirt-white\/#primaryimage"},"image":{"@id":"https:\/\/authleticwear.com\/sk\/product\/side-drawstring-t-shirt-white\/#primaryimage"},"thumbnailUrl":"https:\/\/authleticwear.com\/sk\/wp-content\/uploads\/sites\/4\/2024\/02\/Drawstring-white.jpg","datePublished":"2024-02-28T15:07:58+00:00","dateModified":"2026-04-22T08:26:30+00:00","breadcrumb":{"@id":"https:\/\/authleticwear.com\/sk\/product\/side-drawstring-t-shirt-white\/#breadcrumb"},"inLanguage":"sk-SK","potentialAction":[{"@type":"ReadAction","target":["https:\/\/authleticwear.com\/sk\/product\/side-drawstring-t-shirt-white\/"]}]},{"@type":"ImageObject","inLanguage":"sk-SK","@id":"https:\/\/authleticwear.com\/sk\/product\/side-drawstring-t-shirt-white\/#primaryimage","url":"https:\/\/authleticwear.com\/sk\/wp-content\/uploads\/sites\/4\/2024\/02\/Drawstring-white.jpg","contentUrl":"https:\/\/authleticwear.com\/sk\/wp-content\/uploads\/sites\/4\/2024\/02\/Drawstring-white.jpg","width":1400,"height":2000},{"@type":"BreadcrumbList","@id":"https:\/\/authleticwear.com\/sk\/product\/side-drawstring-t-shirt-white\/#breadcrumb","itemListElement":[{"@type":"ListItem","position":1,"name":"Home","item":"https:\/\/authleticwear.com\/sk\/"},{"@type":"ListItem","position":2,"name":"Shop","item":"https:\/\/authleticwear.com\/sk\/shop\/"},{"@type":"ListItem","position":3,"name":"Tri\u010dko so s\u0165ahovacou \u0161n\u00farkou na boku &#8211; Biela"}]},{"@type":"WebSite","@id":"https:\/\/authleticwear.com\/sk\/#website","url":"https:\/\/authleticwear.com\/sk\/","name":"Authletic SK","description":"I am Authentic. I am Athletic. I am Authletic.","publisher":{"@id":"https:\/\/authleticwear.com\/sk\/#organization"},"potentialAction":[{"@type":"SearchAction","target":{"@type":"EntryPoint","urlTemplate":"https:\/\/authleticwear.com\/sk\/?s={search_term_string}"},"query-input":{"@type":"PropertyValueSpecification","valueRequired":true,"valueName":"search_term_string"}}],"inLanguage":"sk-SK"},{"@type":"Organization","@id":"https:\/\/authleticwear.com\/sk\/#organization","name":"Authletic SK","url":"https:\/\/authleticwear.com\/sk\/","logo":{"@type":"ImageObject","inLanguage":"sk-SK","@id":"https:\/\/authleticwear.com\/sk\/#\/schema\/logo\/image\/","url":"https:\/\/authleticwear.com\/sk\/wp-content\/uploads\/sites\/4\/2023\/11\/logo-web-authletic.svg","contentUrl":"https:\/\/authleticwear.com\/sk\/wp-content\/uploads\/sites\/4\/2023\/11\/logo-web-authletic.svg","caption":"Authletic SK"},"image":{"@id":"https:\/\/authleticwear.com\/sk\/#\/schema\/logo\/image\/"},"sameAs":["https:\/\/facebook.com\/authletic\/","https:\/\/instagram.com\/authleticwear\/","https:\/\/tiktok.com\/@authletic"]}]}},"_links":{"self":[{"href":"https:\/\/authleticwear.com\/sk\/wp-json\/wp\/v2\/product\/806","targetHints":{"allow":["GET"]}}],"collection":[{"href":"https:\/\/authleticwear.com\/sk\/wp-json\/wp\/v2\/product"}],"about":[{"href":"https:\/\/authleticwear.com\/sk\/wp-json\/wp\/v2\/types\/product"}],"replies":[{"embeddable":true,"href":"https:\/\/authleticwear.com\/sk\/wp-json\/wp\/v2\/comments?post=806"}],"wp:featuredmedia":[{"embeddable":true,"href":"https:\/\/authleticwear.com\/sk\/wp-json\/wp\/v2\/media\/909"}],"wp:attachment":[{"href":"https:\/\/authleticwear.com\/sk\/wp-json\/wp\/v2\/media?parent=806"}],"wp:term":[{"taxonomy":"product_brand","embeddable":true,"href":"https:\/\/authleticwear.com\/sk\/wp-json\/wp\/v2\/product_brand?post=806"},{"taxonomy":"product_cat","embeddable":true,"href":"https:\/\/authleticwear.com\/sk\/wp-json\/wp\/v2\/product_cat?post=806"},{"taxonomy":"product_tag","embeddable":true,"href":"https:\/\/authleticwear.com\/sk\/wp-json\/wp\/v2\/product_tag?post=806"}],"curies":[{"name":"wp","href":"https:\/\/api.w.org\/{rel}","templated":true}]}}