{"id":4305,"date":"2025-12-01T13:24:39","date_gmt":"2025-12-01T13:24:39","guid":{"rendered":"https:\/\/authleticwear.com\/sk\/?post_type=product&#038;p=4305"},"modified":"2026-04-26T20:37:45","modified_gmt":"2026-04-26T20:37:45","slug":"eve-comfort-balicek-leginy-tielko-cierna","status":"publish","type":"product","link":"https:\/\/authleticwear.com\/sk\/product\/eve-comfort-balicek-leginy-tielko-cierna\/","title":{"rendered":"Eve Comfort Bal\u00ed\u010dek (Leg\u00edny + Tielko) &#8211; \u010cierna"},"content":{"rendered":"","protected":false},"excerpt":{"rendered":"<p>Na\u0161e &#8222;Eve Comfort rovn\u00e9 leg\u00edny&#8220; s\u00fa vytvoren\u00e9 na dni, ke\u010f sa chce\u0161 c\u00edti\u0165 \u00faplne pohodlne, ale z\u00e1rove\u0148 upravene. Materi\u00e1l je m\u00e4kk\u00fd, pru\u017en\u00fd a pr\u00edjemn\u00fd na poko\u017eke. Pohybuje sa spolu s tebou a prisp\u00f4sobuje sa ka\u017ed\u00e9mu kroku. Uvo\u013enen\u00fd rovn\u00fd strih vytv\u00e1ra jednoduch\u00fd, nen\u00faten\u00fd vzh\u013ead, ktor\u00fd sp\u00e1ja praktickos\u0165, komfort a \u0161t\u00fdl. V t\u00fdchto leg\u00ednach sa bude\u0161 c\u00edti\u0165 dobre pri tr\u00e9ningu, vybavovan\u00ed povinnost\u00ed aj pri oddychu doma.<\/p>\n<p>Ak h\u013ead\u00e1\u0161 leg\u00edny, ktor\u00e9 sp\u00e1jaj\u00fa maxim\u00e1lne pohodlie, vo\u013enos\u0165 pohybu a modern\u00fa rovn\u00fa siluetu, &#8222;Eve Comfort rovn\u00e9 leg\u00edny&#8220; sa ve\u013emi r\u00fdchlo stan\u00fa tvoj\u00edm nov\u00fdm ob\u013e\u00faben\u00fdm k\u00faskom na ka\u017ed\u00fd de\u0148.<\/p>\n<p>N\u00e1\u0161 \u201cEve Comfort tielko\u201d ti prin\u00e1\u0161a maxim\u00e1lne pohodlie, jemn\u00fa oporu a m\u00e4kk\u00fd, \u017eensk\u00fd vzh\u013ead. Materi\u00e1l je m\u00e4kk\u00fd, elastick\u00fd a pr\u00edjemn\u00fd na poko\u017eke. Pohybuje sa spolu s tebou a prisp\u00f4sob\u00ed sa ka\u017ed\u00e9mu pohybu. Hlbok\u00fd, elegantn\u00fd v\u00fdstrih dod\u00e1va topu \u0161t\u00fdlov\u00fd n\u00e1dych, ktor\u00fd je ide\u00e1lny na tr\u00e9ning aj be\u017en\u00e9 nosenie.<\/p>\n<p>V\u0161it\u00e1 podprsenka s vyberate\u013en\u00fdmi v\u00fdstu\u017eami poskytuje prirodzen\u00fa oporu, zatia\u013e \u010do minimum \u0161vov vytv\u00e1ra pocit, akoby si na sebe takmer ni\u010d nemala. Ak h\u013ead\u00e1\u0161 jemnos\u0165, komfort a top, ktor\u00fd prirodzene lichot\u00ed postave, \u201cEve Comfort tielko\u201d je perfektn\u00e1 vo\u013eba.<\/p>\n<p><strong>Materi\u00e1l:<\/strong><br \/>\n\u2013 75% Nylon<br \/>\n\u2013 25% Elastan<\/p>\n","protected":false},"featured_media":4252,"comment_status":"open","ping_status":"closed","template":"","meta":{"_acf_changed":false,"bwfblock_default_font":"","inline_featured_image":false},"product_brand":[],"product_cat":[80,81,18,31,30],"product_tag":[82],"class_list":{"0":"post-4305","1":"product","2":"type-product","3":"status-publish","4":"has-post-thumbnail","6":"product_cat-bundle","7":"product_cat-eve","8":"product_cat-leggings","9":"product_cat-casual","10":"product_cat-tops","11":"product_tag-komfort","13":"first","14":"instock","15":"sale","16":"featured","17":"shipping-taxable","18":"purchasable","19":"product-type-woosb"},"acf":[],"yoast_head":"<!-- This site is optimized with the Yoast SEO plugin v27.4 - https:\/\/yoast.com\/product\/yoast-seo-wordpress\/ -->\n<title>Eve Comfort Bal\u00ed\u010dek (Leg\u00edny + Tielko) - \u010cierna - Authletic SK<\/title>\n<meta name=\"robots\" content=\"index, follow, max-snippet:-1, max-image-preview:large, max-video-preview:-1\" \/>\n<link rel=\"canonical\" href=\"https:\/\/authleticwear.com\/sk\/product\/eve-comfort-balicek-leginy-tielko-cierna\/\" \/>\n<meta property=\"og:locale\" content=\"sk_SK\" \/>\n<meta property=\"og:type\" content=\"article\" \/>\n<meta property=\"og:title\" content=\"Eve Comfort Bal\u00ed\u010dek (Leg\u00edny + Tielko) - \u010cierna - Authletic SK\" \/>\n<meta property=\"og:description\" content=\"Na\u0161e &quot;Eve Comfort rovn\u00e9 leg\u00edny&quot; s\u00fa vytvoren\u00e9 na dni, ke\u010f sa chce\u0161 c\u00edti\u0165 \u00faplne pohodlne, ale z\u00e1rove\u0148 upravene. Materi\u00e1l je m\u00e4kk\u00fd, pru\u017en\u00fd a pr\u00edjemn\u00fd na poko\u017eke. Pohybuje sa spolu s tebou a prisp\u00f4sobuje sa ka\u017ed\u00e9mu kroku. Uvo\u013enen\u00fd rovn\u00fd strih vytv\u00e1ra jednoduch\u00fd, nen\u00faten\u00fd vzh\u013ead, ktor\u00fd sp\u00e1ja praktickos\u0165, komfort a \u0161t\u00fdl. V t\u00fdchto leg\u00ednach sa bude\u0161 c\u00edti\u0165 dobre pri tr\u00e9ningu, vybavovan\u00ed povinnost\u00ed aj pri oddychu doma.  Ak h\u013ead\u00e1\u0161 leg\u00edny, ktor\u00e9 sp\u00e1jaj\u00fa maxim\u00e1lne pohodlie, vo\u013enos\u0165 pohybu a modern\u00fa rovn\u00fa siluetu, &quot;Eve Comfort rovn\u00e9 leg\u00edny&quot; sa ve\u013emi r\u00fdchlo stan\u00fa tvoj\u00edm nov\u00fdm ob\u013e\u00faben\u00fdm k\u00faskom na ka\u017ed\u00fd de\u0148.  N\u00e1\u0161 \u201cEve Comfort tielko\u201d ti prin\u00e1\u0161a maxim\u00e1lne pohodlie, jemn\u00fa oporu a m\u00e4kk\u00fd, \u017eensk\u00fd vzh\u013ead. Materi\u00e1l je m\u00e4kk\u00fd, elastick\u00fd a pr\u00edjemn\u00fd na poko\u017eke. Pohybuje sa spolu s tebou a prisp\u00f4sob\u00ed sa ka\u017ed\u00e9mu pohybu. Hlbok\u00fd, elegantn\u00fd v\u00fdstrih dod\u00e1va topu \u0161t\u00fdlov\u00fd n\u00e1dych, ktor\u00fd je ide\u00e1lny na tr\u00e9ning aj be\u017en\u00e9 nosenie.  V\u0161it\u00e1 podprsenka s vyberate\u013en\u00fdmi v\u00fdstu\u017eami poskytuje prirodzen\u00fa oporu, zatia\u013e \u010do minimum \u0161vov vytv\u00e1ra pocit, akoby si na sebe takmer ni\u010d nemala. Ak h\u013ead\u00e1\u0161 jemnos\u0165, komfort a top, ktor\u00fd prirodzene lichot\u00ed postave, \u201cEve Comfort tielko\u201d je perfektn\u00e1 vo\u013eba.   Materi\u00e1l: \u2013 75% Nylon \u2013 25% Elastan\" \/>\n<meta property=\"og:url\" content=\"https:\/\/authleticwear.com\/sk\/product\/eve-comfort-balicek-leginy-tielko-cierna\/\" \/>\n<meta property=\"og:site_name\" content=\"Authletic SK\" \/>\n<meta property=\"article:publisher\" content=\"https:\/\/facebook.com\/authletic\/\" \/>\n<meta property=\"article:modified_time\" content=\"2026-04-26T20:37:45+00:00\" \/>\n<meta property=\"og:image\" content=\"https:\/\/authleticwear.com\/sk\/wp-content\/uploads\/sites\/4\/2025\/11\/Black-EVE-bottom-5-scaled.jpg\" \/>\n\t<meta property=\"og:image:width\" content=\"1792\" \/>\n\t<meta property=\"og:image:height\" content=\"2560\" \/>\n\t<meta property=\"og:image:type\" content=\"image\/jpeg\" \/>\n<meta name=\"twitter:card\" content=\"summary_large_image\" \/>\n<meta name=\"twitter:label1\" content=\"Predpokladan\u00fd \u010das \u010d\u00edtania\" \/>\n\t<meta name=\"twitter:data1\" content=\"1 min\u00fata\" \/>\n<script type=\"application\/ld+json\" class=\"yoast-schema-graph\">{\"@context\":\"https:\\\/\\\/schema.org\",\"@graph\":[{\"@type\":\"WebPage\",\"@id\":\"https:\\\/\\\/authleticwear.com\\\/sk\\\/product\\\/eve-comfort-balicek-leginy-tielko-cierna\\\/\",\"url\":\"https:\\\/\\\/authleticwear.com\\\/sk\\\/product\\\/eve-comfort-balicek-leginy-tielko-cierna\\\/\",\"name\":\"Eve Comfort Bal\u00ed\u010dek (Leg\u00edny + Tielko) - \u010cierna - Authletic SK\",\"isPartOf\":{\"@id\":\"https:\\\/\\\/authleticwear.com\\\/sk\\\/#website\"},\"primaryImageOfPage\":{\"@id\":\"https:\\\/\\\/authleticwear.com\\\/sk\\\/product\\\/eve-comfort-balicek-leginy-tielko-cierna\\\/#primaryimage\"},\"image\":{\"@id\":\"https:\\\/\\\/authleticwear.com\\\/sk\\\/product\\\/eve-comfort-balicek-leginy-tielko-cierna\\\/#primaryimage\"},\"thumbnailUrl\":\"https:\\\/\\\/authleticwear.com\\\/sk\\\/wp-content\\\/uploads\\\/sites\\\/4\\\/2025\\\/11\\\/Black-EVE-bottom-5-scaled.jpg\",\"datePublished\":\"2025-12-01T13:24:39+00:00\",\"dateModified\":\"2026-04-26T20:37:45+00:00\",\"breadcrumb\":{\"@id\":\"https:\\\/\\\/authleticwear.com\\\/sk\\\/product\\\/eve-comfort-balicek-leginy-tielko-cierna\\\/#breadcrumb\"},\"inLanguage\":\"sk-SK\",\"potentialAction\":[{\"@type\":\"ReadAction\",\"target\":[\"https:\\\/\\\/authleticwear.com\\\/sk\\\/product\\\/eve-comfort-balicek-leginy-tielko-cierna\\\/\"]}]},{\"@type\":\"ImageObject\",\"inLanguage\":\"sk-SK\",\"@id\":\"https:\\\/\\\/authleticwear.com\\\/sk\\\/product\\\/eve-comfort-balicek-leginy-tielko-cierna\\\/#primaryimage\",\"url\":\"https:\\\/\\\/authleticwear.com\\\/sk\\\/wp-content\\\/uploads\\\/sites\\\/4\\\/2025\\\/11\\\/Black-EVE-bottom-5-scaled.jpg\",\"contentUrl\":\"https:\\\/\\\/authleticwear.com\\\/sk\\\/wp-content\\\/uploads\\\/sites\\\/4\\\/2025\\\/11\\\/Black-EVE-bottom-5-scaled.jpg\",\"width\":1792,\"height\":2560},{\"@type\":\"BreadcrumbList\",\"@id\":\"https:\\\/\\\/authleticwear.com\\\/sk\\\/product\\\/eve-comfort-balicek-leginy-tielko-cierna\\\/#breadcrumb\",\"itemListElement\":[{\"@type\":\"ListItem\",\"position\":1,\"name\":\"Home\",\"item\":\"https:\\\/\\\/authleticwear.com\\\/sk\\\/\"},{\"@type\":\"ListItem\",\"position\":2,\"name\":\"Shop\",\"item\":\"https:\\\/\\\/authleticwear.com\\\/sk\\\/shop\\\/\"},{\"@type\":\"ListItem\",\"position\":3,\"name\":\"Eve Comfort Bal\u00ed\u010dek (Leg\u00edny + Tielko) &#8211; \u010cierna\"}]},{\"@type\":\"WebSite\",\"@id\":\"https:\\\/\\\/authleticwear.com\\\/sk\\\/#website\",\"url\":\"https:\\\/\\\/authleticwear.com\\\/sk\\\/\",\"name\":\"Authletic SK\",\"description\":\"I am Authentic. I am Athletic. I am Authletic.\",\"publisher\":{\"@id\":\"https:\\\/\\\/authleticwear.com\\\/sk\\\/#organization\"},\"potentialAction\":[{\"@type\":\"SearchAction\",\"target\":{\"@type\":\"EntryPoint\",\"urlTemplate\":\"https:\\\/\\\/authleticwear.com\\\/sk\\\/?s={search_term_string}\"},\"query-input\":{\"@type\":\"PropertyValueSpecification\",\"valueRequired\":true,\"valueName\":\"search_term_string\"}}],\"inLanguage\":\"sk-SK\"},{\"@type\":\"Organization\",\"@id\":\"https:\\\/\\\/authleticwear.com\\\/sk\\\/#organization\",\"name\":\"Authletic SK\",\"url\":\"https:\\\/\\\/authleticwear.com\\\/sk\\\/\",\"logo\":{\"@type\":\"ImageObject\",\"inLanguage\":\"sk-SK\",\"@id\":\"https:\\\/\\\/authleticwear.com\\\/sk\\\/#\\\/schema\\\/logo\\\/image\\\/\",\"url\":\"https:\\\/\\\/authleticwear.com\\\/sk\\\/wp-content\\\/uploads\\\/sites\\\/4\\\/2023\\\/11\\\/logo-web-authletic.svg\",\"contentUrl\":\"https:\\\/\\\/authleticwear.com\\\/sk\\\/wp-content\\\/uploads\\\/sites\\\/4\\\/2023\\\/11\\\/logo-web-authletic.svg\",\"caption\":\"Authletic SK\"},\"image\":{\"@id\":\"https:\\\/\\\/authleticwear.com\\\/sk\\\/#\\\/schema\\\/logo\\\/image\\\/\"},\"sameAs\":[\"https:\\\/\\\/facebook.com\\\/authletic\\\/\",\"https:\\\/\\\/instagram.com\\\/authleticwear\\\/\",\"https:\\\/\\\/tiktok.com\\\/@authletic\"]}]}<\/script>\n<!-- \/ Yoast SEO plugin. -->","yoast_head_json":{"title":"Eve Comfort Bal\u00ed\u010dek (Leg\u00edny + Tielko) - \u010cierna - Authletic SK","robots":{"index":"index","follow":"follow","max-snippet":"max-snippet:-1","max-image-preview":"max-image-preview:large","max-video-preview":"max-video-preview:-1"},"canonical":"https:\/\/authleticwear.com\/sk\/product\/eve-comfort-balicek-leginy-tielko-cierna\/","og_locale":"sk_SK","og_type":"article","og_title":"Eve Comfort Bal\u00ed\u010dek (Leg\u00edny + Tielko) - \u010cierna - Authletic SK","og_description":"Na\u0161e \"Eve Comfort rovn\u00e9 leg\u00edny\" s\u00fa vytvoren\u00e9 na dni, ke\u010f sa chce\u0161 c\u00edti\u0165 \u00faplne pohodlne, ale z\u00e1rove\u0148 upravene. Materi\u00e1l je m\u00e4kk\u00fd, pru\u017en\u00fd a pr\u00edjemn\u00fd na poko\u017eke. Pohybuje sa spolu s tebou a prisp\u00f4sobuje sa ka\u017ed\u00e9mu kroku. Uvo\u013enen\u00fd rovn\u00fd strih vytv\u00e1ra jednoduch\u00fd, nen\u00faten\u00fd vzh\u013ead, ktor\u00fd sp\u00e1ja praktickos\u0165, komfort a \u0161t\u00fdl. V t\u00fdchto leg\u00ednach sa bude\u0161 c\u00edti\u0165 dobre pri tr\u00e9ningu, vybavovan\u00ed povinnost\u00ed aj pri oddychu doma.  Ak h\u013ead\u00e1\u0161 leg\u00edny, ktor\u00e9 sp\u00e1jaj\u00fa maxim\u00e1lne pohodlie, vo\u013enos\u0165 pohybu a modern\u00fa rovn\u00fa siluetu, \"Eve Comfort rovn\u00e9 leg\u00edny\" sa ve\u013emi r\u00fdchlo stan\u00fa tvoj\u00edm nov\u00fdm ob\u013e\u00faben\u00fdm k\u00faskom na ka\u017ed\u00fd de\u0148.  N\u00e1\u0161 \u201cEve Comfort tielko\u201d ti prin\u00e1\u0161a maxim\u00e1lne pohodlie, jemn\u00fa oporu a m\u00e4kk\u00fd, \u017eensk\u00fd vzh\u013ead. Materi\u00e1l je m\u00e4kk\u00fd, elastick\u00fd a pr\u00edjemn\u00fd na poko\u017eke. Pohybuje sa spolu s tebou a prisp\u00f4sob\u00ed sa ka\u017ed\u00e9mu pohybu. Hlbok\u00fd, elegantn\u00fd v\u00fdstrih dod\u00e1va topu \u0161t\u00fdlov\u00fd n\u00e1dych, ktor\u00fd je ide\u00e1lny na tr\u00e9ning aj be\u017en\u00e9 nosenie.  V\u0161it\u00e1 podprsenka s vyberate\u013en\u00fdmi v\u00fdstu\u017eami poskytuje prirodzen\u00fa oporu, zatia\u013e \u010do minimum \u0161vov vytv\u00e1ra pocit, akoby si na sebe takmer ni\u010d nemala. Ak h\u013ead\u00e1\u0161 jemnos\u0165, komfort a top, ktor\u00fd prirodzene lichot\u00ed postave, \u201cEve Comfort tielko\u201d je perfektn\u00e1 vo\u013eba.   Materi\u00e1l: \u2013 75% Nylon \u2013 25% Elastan","og_url":"https:\/\/authleticwear.com\/sk\/product\/eve-comfort-balicek-leginy-tielko-cierna\/","og_site_name":"Authletic SK","article_publisher":"https:\/\/facebook.com\/authletic\/","article_modified_time":"2026-04-26T20:37:45+00:00","og_image":[{"width":1792,"height":2560,"url":"https:\/\/authleticwear.com\/sk\/wp-content\/uploads\/sites\/4\/2025\/11\/Black-EVE-bottom-5-scaled.jpg","type":"image\/jpeg"}],"twitter_card":"summary_large_image","twitter_misc":{"Predpokladan\u00fd \u010das \u010d\u00edtania":"1 min\u00fata"},"schema":{"@context":"https:\/\/schema.org","@graph":[{"@type":"WebPage","@id":"https:\/\/authleticwear.com\/sk\/product\/eve-comfort-balicek-leginy-tielko-cierna\/","url":"https:\/\/authleticwear.com\/sk\/product\/eve-comfort-balicek-leginy-tielko-cierna\/","name":"Eve Comfort Bal\u00ed\u010dek (Leg\u00edny + Tielko) - \u010cierna - Authletic SK","isPartOf":{"@id":"https:\/\/authleticwear.com\/sk\/#website"},"primaryImageOfPage":{"@id":"https:\/\/authleticwear.com\/sk\/product\/eve-comfort-balicek-leginy-tielko-cierna\/#primaryimage"},"image":{"@id":"https:\/\/authleticwear.com\/sk\/product\/eve-comfort-balicek-leginy-tielko-cierna\/#primaryimage"},"thumbnailUrl":"https:\/\/authleticwear.com\/sk\/wp-content\/uploads\/sites\/4\/2025\/11\/Black-EVE-bottom-5-scaled.jpg","datePublished":"2025-12-01T13:24:39+00:00","dateModified":"2026-04-26T20:37:45+00:00","breadcrumb":{"@id":"https:\/\/authleticwear.com\/sk\/product\/eve-comfort-balicek-leginy-tielko-cierna\/#breadcrumb"},"inLanguage":"sk-SK","potentialAction":[{"@type":"ReadAction","target":["https:\/\/authleticwear.com\/sk\/product\/eve-comfort-balicek-leginy-tielko-cierna\/"]}]},{"@type":"ImageObject","inLanguage":"sk-SK","@id":"https:\/\/authleticwear.com\/sk\/product\/eve-comfort-balicek-leginy-tielko-cierna\/#primaryimage","url":"https:\/\/authleticwear.com\/sk\/wp-content\/uploads\/sites\/4\/2025\/11\/Black-EVE-bottom-5-scaled.jpg","contentUrl":"https:\/\/authleticwear.com\/sk\/wp-content\/uploads\/sites\/4\/2025\/11\/Black-EVE-bottom-5-scaled.jpg","width":1792,"height":2560},{"@type":"BreadcrumbList","@id":"https:\/\/authleticwear.com\/sk\/product\/eve-comfort-balicek-leginy-tielko-cierna\/#breadcrumb","itemListElement":[{"@type":"ListItem","position":1,"name":"Home","item":"https:\/\/authleticwear.com\/sk\/"},{"@type":"ListItem","position":2,"name":"Shop","item":"https:\/\/authleticwear.com\/sk\/shop\/"},{"@type":"ListItem","position":3,"name":"Eve Comfort Bal\u00ed\u010dek (Leg\u00edny + Tielko) &#8211; \u010cierna"}]},{"@type":"WebSite","@id":"https:\/\/authleticwear.com\/sk\/#website","url":"https:\/\/authleticwear.com\/sk\/","name":"Authletic SK","description":"I am Authentic. I am Athletic. I am Authletic.","publisher":{"@id":"https:\/\/authleticwear.com\/sk\/#organization"},"potentialAction":[{"@type":"SearchAction","target":{"@type":"EntryPoint","urlTemplate":"https:\/\/authleticwear.com\/sk\/?s={search_term_string}"},"query-input":{"@type":"PropertyValueSpecification","valueRequired":true,"valueName":"search_term_string"}}],"inLanguage":"sk-SK"},{"@type":"Organization","@id":"https:\/\/authleticwear.com\/sk\/#organization","name":"Authletic SK","url":"https:\/\/authleticwear.com\/sk\/","logo":{"@type":"ImageObject","inLanguage":"sk-SK","@id":"https:\/\/authleticwear.com\/sk\/#\/schema\/logo\/image\/","url":"https:\/\/authleticwear.com\/sk\/wp-content\/uploads\/sites\/4\/2023\/11\/logo-web-authletic.svg","contentUrl":"https:\/\/authleticwear.com\/sk\/wp-content\/uploads\/sites\/4\/2023\/11\/logo-web-authletic.svg","caption":"Authletic SK"},"image":{"@id":"https:\/\/authleticwear.com\/sk\/#\/schema\/logo\/image\/"},"sameAs":["https:\/\/facebook.com\/authletic\/","https:\/\/instagram.com\/authleticwear\/","https:\/\/tiktok.com\/@authletic"]}]}},"_links":{"self":[{"href":"https:\/\/authleticwear.com\/sk\/wp-json\/wp\/v2\/product\/4305","targetHints":{"allow":["GET"]}}],"collection":[{"href":"https:\/\/authleticwear.com\/sk\/wp-json\/wp\/v2\/product"}],"about":[{"href":"https:\/\/authleticwear.com\/sk\/wp-json\/wp\/v2\/types\/product"}],"replies":[{"embeddable":true,"href":"https:\/\/authleticwear.com\/sk\/wp-json\/wp\/v2\/comments?post=4305"}],"wp:featuredmedia":[{"embeddable":true,"href":"https:\/\/authleticwear.com\/sk\/wp-json\/wp\/v2\/media\/4252"}],"wp:attachment":[{"href":"https:\/\/authleticwear.com\/sk\/wp-json\/wp\/v2\/media?parent=4305"}],"wp:term":[{"taxonomy":"product_brand","embeddable":true,"href":"https:\/\/authleticwear.com\/sk\/wp-json\/wp\/v2\/product_brand?post=4305"},{"taxonomy":"product_cat","embeddable":true,"href":"https:\/\/authleticwear.com\/sk\/wp-json\/wp\/v2\/product_cat?post=4305"},{"taxonomy":"product_tag","embeddable":true,"href":"https:\/\/authleticwear.com\/sk\/wp-json\/wp\/v2\/product_tag?post=4305"}],"curies":[{"name":"wp","href":"https:\/\/api.w.org\/{rel}","templated":true}]}}