{"id":4230,"date":"2025-11-30T09:40:43","date_gmt":"2025-11-30T09:40:43","guid":{"rendered":"https:\/\/authleticwear.com\/sk\/?post_type=product&#038;p=4230"},"modified":"2026-04-26T19:42:00","modified_gmt":"2026-04-26T19:42:00","slug":"eve-comfort-rovne-leginy-cervena","status":"publish","type":"product","link":"https:\/\/authleticwear.com\/sk\/product\/eve-comfort-rovne-leginy-cervena\/","title":{"rendered":"Eve Comfort rovn\u00e9 leg\u00edny &#8211; \u010cerven\u00e1"},"content":{"rendered":"","protected":false},"excerpt":{"rendered":"<p>Na\u0161e &#8222;Eve Comfort rovn\u00e9 leg\u00edny&#8220; s\u00fa vytvoren\u00e9 na dni, ke\u010f sa chce\u0161 c\u00edti\u0165 \u00faplne pohodlne, ale z\u00e1rove\u0148 upravene. Materi\u00e1l je m\u00e4kk\u00fd, pru\u017en\u00fd a pr\u00edjemn\u00fd na poko\u017eke. Pohybuje sa spolu s tebou a prisp\u00f4sobuje sa ka\u017ed\u00e9mu kroku. Uvo\u013enen\u00fd rovn\u00fd strih vytv\u00e1ra jednoduch\u00fd, nen\u00faten\u00fd vzh\u013ead, ktor\u00fd sp\u00e1ja praktickos\u0165, komfort a \u0161t\u00fdl. V t\u00fdchto leg\u00ednach sa bude\u0161 c\u00edti\u0165 dobre pri tr\u00e9ningu, vybavovan\u00ed povinnost\u00ed aj pri oddychu doma.<\/p>\n<p>Ak h\u013ead\u00e1\u0161 leg\u00edny, ktor\u00e9 sp\u00e1jaj\u00fa maxim\u00e1lne pohodlie, vo\u013enos\u0165 pohybu a modern\u00fa rovn\u00fa siluetu, &#8222;Eve Comfort rovn\u00e9 leg\u00edny&#8220; sa ve\u013emi r\u00fdchlo stan\u00fa tvoj\u00edm nov\u00fdm ob\u013e\u00faben\u00fdm k\u00faskom na ka\u017ed\u00fd de\u0148.<\/p>\n<p><strong>Materi\u00e1l:<\/strong><br \/>\n\u2013 75% Nylon<br \/>\n\u2013 25% Elastan<\/p>\n","protected":false},"featured_media":4228,"comment_status":"open","ping_status":"closed","template":"","meta":{"_acf_changed":false,"bwfblock_default_font":"","inline_featured_image":false},"product_brand":[],"product_cat":[81,18,31,30],"product_tag":[82],"class_list":{"0":"post-4230","1":"product","2":"type-product","3":"status-publish","4":"has-post-thumbnail","6":"product_cat-eve","7":"product_cat-leggings","8":"product_cat-casual","9":"product_cat-tops","10":"product_tag-komfort","12":"first","13":"instock","14":"featured","15":"shipping-taxable","16":"purchasable","17":"product-type-variable","18":"has-default-attributes","19":"wvs-archive-product-wrapper"},"acf":[],"yoast_head":"<!-- This site is optimized with the Yoast SEO plugin v27.4 - https:\/\/yoast.com\/product\/yoast-seo-wordpress\/ -->\n<title>Eve Comfort rovn\u00e9 leg\u00edny - \u010cerven\u00e1 - Authletic SK<\/title>\n<meta name=\"robots\" content=\"index, follow, max-snippet:-1, max-image-preview:large, max-video-preview:-1\" \/>\n<link rel=\"canonical\" href=\"https:\/\/authleticwear.com\/sk\/product\/eve-comfort-rovne-leginy-cervena\/\" \/>\n<meta property=\"og:locale\" content=\"sk_SK\" \/>\n<meta property=\"og:type\" content=\"article\" \/>\n<meta property=\"og:title\" content=\"Eve Comfort rovn\u00e9 leg\u00edny - \u010cerven\u00e1 - Authletic SK\" \/>\n<meta property=\"og:description\" content=\"Na\u0161e &quot;Eve Comfort rovn\u00e9 leg\u00edny&quot; s\u00fa vytvoren\u00e9 na dni, ke\u010f sa chce\u0161 c\u00edti\u0165 \u00faplne pohodlne, ale z\u00e1rove\u0148 upravene. Materi\u00e1l je m\u00e4kk\u00fd, pru\u017en\u00fd a pr\u00edjemn\u00fd na poko\u017eke. Pohybuje sa spolu s tebou a prisp\u00f4sobuje sa ka\u017ed\u00e9mu kroku. Uvo\u013enen\u00fd rovn\u00fd strih vytv\u00e1ra jednoduch\u00fd, nen\u00faten\u00fd vzh\u013ead, ktor\u00fd sp\u00e1ja praktickos\u0165, komfort a \u0161t\u00fdl. V t\u00fdchto leg\u00ednach sa bude\u0161 c\u00edti\u0165 dobre pri tr\u00e9ningu, vybavovan\u00ed povinnost\u00ed aj pri oddychu doma.  Ak h\u013ead\u00e1\u0161 leg\u00edny, ktor\u00e9 sp\u00e1jaj\u00fa maxim\u00e1lne pohodlie, vo\u013enos\u0165 pohybu a modern\u00fa rovn\u00fa siluetu, &quot;Eve Comfort rovn\u00e9 leg\u00edny&quot; sa ve\u013emi r\u00fdchlo stan\u00fa tvoj\u00edm nov\u00fdm ob\u013e\u00faben\u00fdm k\u00faskom na ka\u017ed\u00fd de\u0148.  Materi\u00e1l: \u2013 75% Nylon \u2013 25% Elastan\" \/>\n<meta property=\"og:url\" content=\"https:\/\/authleticwear.com\/sk\/product\/eve-comfort-rovne-leginy-cervena\/\" \/>\n<meta property=\"og:site_name\" content=\"Authletic SK\" \/>\n<meta property=\"article:publisher\" content=\"https:\/\/facebook.com\/authletic\/\" \/>\n<meta property=\"article:modified_time\" content=\"2026-04-26T19:42:00+00:00\" \/>\n<meta property=\"og:image\" content=\"https:\/\/authleticwear.com\/sk\/wp-content\/uploads\/sites\/4\/2025\/11\/SK-EVE-RED-LEGGINGS-DETAILS.jpg\" \/>\n\t<meta property=\"og:image:width\" content=\"1400\" \/>\n\t<meta property=\"og:image:height\" content=\"2000\" \/>\n\t<meta property=\"og:image:type\" content=\"image\/jpeg\" \/>\n<meta name=\"twitter:card\" content=\"summary_large_image\" \/>\n<meta name=\"twitter:label1\" content=\"Predpokladan\u00fd \u010das \u010d\u00edtania\" \/>\n\t<meta name=\"twitter:data1\" content=\"1 min\u00fata\" \/>\n<script type=\"application\/ld+json\" class=\"yoast-schema-graph\">{\"@context\":\"https:\\\/\\\/schema.org\",\"@graph\":[{\"@type\":\"WebPage\",\"@id\":\"https:\\\/\\\/authleticwear.com\\\/sk\\\/product\\\/eve-comfort-rovne-leginy-cervena\\\/\",\"url\":\"https:\\\/\\\/authleticwear.com\\\/sk\\\/product\\\/eve-comfort-rovne-leginy-cervena\\\/\",\"name\":\"Eve Comfort rovn\u00e9 leg\u00edny - \u010cerven\u00e1 - Authletic SK\",\"isPartOf\":{\"@id\":\"https:\\\/\\\/authleticwear.com\\\/sk\\\/#website\"},\"primaryImageOfPage\":{\"@id\":\"https:\\\/\\\/authleticwear.com\\\/sk\\\/product\\\/eve-comfort-rovne-leginy-cervena\\\/#primaryimage\"},\"image\":{\"@id\":\"https:\\\/\\\/authleticwear.com\\\/sk\\\/product\\\/eve-comfort-rovne-leginy-cervena\\\/#primaryimage\"},\"thumbnailUrl\":\"https:\\\/\\\/authleticwear.com\\\/sk\\\/wp-content\\\/uploads\\\/sites\\\/4\\\/2025\\\/11\\\/SK-EVE-RED-LEGGINGS-DETAILS.jpg\",\"datePublished\":\"2025-11-30T09:40:43+00:00\",\"dateModified\":\"2026-04-26T19:42:00+00:00\",\"breadcrumb\":{\"@id\":\"https:\\\/\\\/authleticwear.com\\\/sk\\\/product\\\/eve-comfort-rovne-leginy-cervena\\\/#breadcrumb\"},\"inLanguage\":\"sk-SK\",\"potentialAction\":[{\"@type\":\"ReadAction\",\"target\":[\"https:\\\/\\\/authleticwear.com\\\/sk\\\/product\\\/eve-comfort-rovne-leginy-cervena\\\/\"]}]},{\"@type\":\"ImageObject\",\"inLanguage\":\"sk-SK\",\"@id\":\"https:\\\/\\\/authleticwear.com\\\/sk\\\/product\\\/eve-comfort-rovne-leginy-cervena\\\/#primaryimage\",\"url\":\"https:\\\/\\\/authleticwear.com\\\/sk\\\/wp-content\\\/uploads\\\/sites\\\/4\\\/2025\\\/11\\\/SK-EVE-RED-LEGGINGS-DETAILS.jpg\",\"contentUrl\":\"https:\\\/\\\/authleticwear.com\\\/sk\\\/wp-content\\\/uploads\\\/sites\\\/4\\\/2025\\\/11\\\/SK-EVE-RED-LEGGINGS-DETAILS.jpg\",\"width\":1400,\"height\":2000},{\"@type\":\"BreadcrumbList\",\"@id\":\"https:\\\/\\\/authleticwear.com\\\/sk\\\/product\\\/eve-comfort-rovne-leginy-cervena\\\/#breadcrumb\",\"itemListElement\":[{\"@type\":\"ListItem\",\"position\":1,\"name\":\"Home\",\"item\":\"https:\\\/\\\/authleticwear.com\\\/sk\\\/\"},{\"@type\":\"ListItem\",\"position\":2,\"name\":\"Shop\",\"item\":\"https:\\\/\\\/authleticwear.com\\\/sk\\\/shop\\\/\"},{\"@type\":\"ListItem\",\"position\":3,\"name\":\"Eve Comfort rovn\u00e9 leg\u00edny &#8211; \u010cerven\u00e1\"}]},{\"@type\":\"WebSite\",\"@id\":\"https:\\\/\\\/authleticwear.com\\\/sk\\\/#website\",\"url\":\"https:\\\/\\\/authleticwear.com\\\/sk\\\/\",\"name\":\"Authletic SK\",\"description\":\"I am Authentic. I am Athletic. I am Authletic.\",\"publisher\":{\"@id\":\"https:\\\/\\\/authleticwear.com\\\/sk\\\/#organization\"},\"potentialAction\":[{\"@type\":\"SearchAction\",\"target\":{\"@type\":\"EntryPoint\",\"urlTemplate\":\"https:\\\/\\\/authleticwear.com\\\/sk\\\/?s={search_term_string}\"},\"query-input\":{\"@type\":\"PropertyValueSpecification\",\"valueRequired\":true,\"valueName\":\"search_term_string\"}}],\"inLanguage\":\"sk-SK\"},{\"@type\":\"Organization\",\"@id\":\"https:\\\/\\\/authleticwear.com\\\/sk\\\/#organization\",\"name\":\"Authletic SK\",\"url\":\"https:\\\/\\\/authleticwear.com\\\/sk\\\/\",\"logo\":{\"@type\":\"ImageObject\",\"inLanguage\":\"sk-SK\",\"@id\":\"https:\\\/\\\/authleticwear.com\\\/sk\\\/#\\\/schema\\\/logo\\\/image\\\/\",\"url\":\"https:\\\/\\\/authleticwear.com\\\/sk\\\/wp-content\\\/uploads\\\/sites\\\/4\\\/2023\\\/11\\\/logo-web-authletic.svg\",\"contentUrl\":\"https:\\\/\\\/authleticwear.com\\\/sk\\\/wp-content\\\/uploads\\\/sites\\\/4\\\/2023\\\/11\\\/logo-web-authletic.svg\",\"caption\":\"Authletic SK\"},\"image\":{\"@id\":\"https:\\\/\\\/authleticwear.com\\\/sk\\\/#\\\/schema\\\/logo\\\/image\\\/\"},\"sameAs\":[\"https:\\\/\\\/facebook.com\\\/authletic\\\/\",\"https:\\\/\\\/instagram.com\\\/authleticwear\\\/\",\"https:\\\/\\\/tiktok.com\\\/@authletic\"]}]}<\/script>\n<!-- \/ Yoast SEO plugin. -->","yoast_head_json":{"title":"Eve Comfort rovn\u00e9 leg\u00edny - \u010cerven\u00e1 - Authletic SK","robots":{"index":"index","follow":"follow","max-snippet":"max-snippet:-1","max-image-preview":"max-image-preview:large","max-video-preview":"max-video-preview:-1"},"canonical":"https:\/\/authleticwear.com\/sk\/product\/eve-comfort-rovne-leginy-cervena\/","og_locale":"sk_SK","og_type":"article","og_title":"Eve Comfort rovn\u00e9 leg\u00edny - \u010cerven\u00e1 - Authletic SK","og_description":"Na\u0161e \"Eve Comfort rovn\u00e9 leg\u00edny\" s\u00fa vytvoren\u00e9 na dni, ke\u010f sa chce\u0161 c\u00edti\u0165 \u00faplne pohodlne, ale z\u00e1rove\u0148 upravene. Materi\u00e1l je m\u00e4kk\u00fd, pru\u017en\u00fd a pr\u00edjemn\u00fd na poko\u017eke. Pohybuje sa spolu s tebou a prisp\u00f4sobuje sa ka\u017ed\u00e9mu kroku. Uvo\u013enen\u00fd rovn\u00fd strih vytv\u00e1ra jednoduch\u00fd, nen\u00faten\u00fd vzh\u013ead, ktor\u00fd sp\u00e1ja praktickos\u0165, komfort a \u0161t\u00fdl. V t\u00fdchto leg\u00ednach sa bude\u0161 c\u00edti\u0165 dobre pri tr\u00e9ningu, vybavovan\u00ed povinnost\u00ed aj pri oddychu doma.  Ak h\u013ead\u00e1\u0161 leg\u00edny, ktor\u00e9 sp\u00e1jaj\u00fa maxim\u00e1lne pohodlie, vo\u013enos\u0165 pohybu a modern\u00fa rovn\u00fa siluetu, \"Eve Comfort rovn\u00e9 leg\u00edny\" sa ve\u013emi r\u00fdchlo stan\u00fa tvoj\u00edm nov\u00fdm ob\u013e\u00faben\u00fdm k\u00faskom na ka\u017ed\u00fd de\u0148.  Materi\u00e1l: \u2013 75% Nylon \u2013 25% Elastan","og_url":"https:\/\/authleticwear.com\/sk\/product\/eve-comfort-rovne-leginy-cervena\/","og_site_name":"Authletic SK","article_publisher":"https:\/\/facebook.com\/authletic\/","article_modified_time":"2026-04-26T19:42:00+00:00","og_image":[{"width":1400,"height":2000,"url":"https:\/\/authleticwear.com\/sk\/wp-content\/uploads\/sites\/4\/2025\/11\/SK-EVE-RED-LEGGINGS-DETAILS.jpg","type":"image\/jpeg"}],"twitter_card":"summary_large_image","twitter_misc":{"Predpokladan\u00fd \u010das \u010d\u00edtania":"1 min\u00fata"},"schema":{"@context":"https:\/\/schema.org","@graph":[{"@type":"WebPage","@id":"https:\/\/authleticwear.com\/sk\/product\/eve-comfort-rovne-leginy-cervena\/","url":"https:\/\/authleticwear.com\/sk\/product\/eve-comfort-rovne-leginy-cervena\/","name":"Eve Comfort rovn\u00e9 leg\u00edny - \u010cerven\u00e1 - Authletic SK","isPartOf":{"@id":"https:\/\/authleticwear.com\/sk\/#website"},"primaryImageOfPage":{"@id":"https:\/\/authleticwear.com\/sk\/product\/eve-comfort-rovne-leginy-cervena\/#primaryimage"},"image":{"@id":"https:\/\/authleticwear.com\/sk\/product\/eve-comfort-rovne-leginy-cervena\/#primaryimage"},"thumbnailUrl":"https:\/\/authleticwear.com\/sk\/wp-content\/uploads\/sites\/4\/2025\/11\/SK-EVE-RED-LEGGINGS-DETAILS.jpg","datePublished":"2025-11-30T09:40:43+00:00","dateModified":"2026-04-26T19:42:00+00:00","breadcrumb":{"@id":"https:\/\/authleticwear.com\/sk\/product\/eve-comfort-rovne-leginy-cervena\/#breadcrumb"},"inLanguage":"sk-SK","potentialAction":[{"@type":"ReadAction","target":["https:\/\/authleticwear.com\/sk\/product\/eve-comfort-rovne-leginy-cervena\/"]}]},{"@type":"ImageObject","inLanguage":"sk-SK","@id":"https:\/\/authleticwear.com\/sk\/product\/eve-comfort-rovne-leginy-cervena\/#primaryimage","url":"https:\/\/authleticwear.com\/sk\/wp-content\/uploads\/sites\/4\/2025\/11\/SK-EVE-RED-LEGGINGS-DETAILS.jpg","contentUrl":"https:\/\/authleticwear.com\/sk\/wp-content\/uploads\/sites\/4\/2025\/11\/SK-EVE-RED-LEGGINGS-DETAILS.jpg","width":1400,"height":2000},{"@type":"BreadcrumbList","@id":"https:\/\/authleticwear.com\/sk\/product\/eve-comfort-rovne-leginy-cervena\/#breadcrumb","itemListElement":[{"@type":"ListItem","position":1,"name":"Home","item":"https:\/\/authleticwear.com\/sk\/"},{"@type":"ListItem","position":2,"name":"Shop","item":"https:\/\/authleticwear.com\/sk\/shop\/"},{"@type":"ListItem","position":3,"name":"Eve Comfort rovn\u00e9 leg\u00edny &#8211; \u010cerven\u00e1"}]},{"@type":"WebSite","@id":"https:\/\/authleticwear.com\/sk\/#website","url":"https:\/\/authleticwear.com\/sk\/","name":"Authletic SK","description":"I am Authentic. I am Athletic. I am Authletic.","publisher":{"@id":"https:\/\/authleticwear.com\/sk\/#organization"},"potentialAction":[{"@type":"SearchAction","target":{"@type":"EntryPoint","urlTemplate":"https:\/\/authleticwear.com\/sk\/?s={search_term_string}"},"query-input":{"@type":"PropertyValueSpecification","valueRequired":true,"valueName":"search_term_string"}}],"inLanguage":"sk-SK"},{"@type":"Organization","@id":"https:\/\/authleticwear.com\/sk\/#organization","name":"Authletic SK","url":"https:\/\/authleticwear.com\/sk\/","logo":{"@type":"ImageObject","inLanguage":"sk-SK","@id":"https:\/\/authleticwear.com\/sk\/#\/schema\/logo\/image\/","url":"https:\/\/authleticwear.com\/sk\/wp-content\/uploads\/sites\/4\/2023\/11\/logo-web-authletic.svg","contentUrl":"https:\/\/authleticwear.com\/sk\/wp-content\/uploads\/sites\/4\/2023\/11\/logo-web-authletic.svg","caption":"Authletic SK"},"image":{"@id":"https:\/\/authleticwear.com\/sk\/#\/schema\/logo\/image\/"},"sameAs":["https:\/\/facebook.com\/authletic\/","https:\/\/instagram.com\/authleticwear\/","https:\/\/tiktok.com\/@authletic"]}]}},"_links":{"self":[{"href":"https:\/\/authleticwear.com\/sk\/wp-json\/wp\/v2\/product\/4230","targetHints":{"allow":["GET"]}}],"collection":[{"href":"https:\/\/authleticwear.com\/sk\/wp-json\/wp\/v2\/product"}],"about":[{"href":"https:\/\/authleticwear.com\/sk\/wp-json\/wp\/v2\/types\/product"}],"replies":[{"embeddable":true,"href":"https:\/\/authleticwear.com\/sk\/wp-json\/wp\/v2\/comments?post=4230"}],"wp:featuredmedia":[{"embeddable":true,"href":"https:\/\/authleticwear.com\/sk\/wp-json\/wp\/v2\/media\/4228"}],"wp:attachment":[{"href":"https:\/\/authleticwear.com\/sk\/wp-json\/wp\/v2\/media?parent=4230"}],"wp:term":[{"taxonomy":"product_brand","embeddable":true,"href":"https:\/\/authleticwear.com\/sk\/wp-json\/wp\/v2\/product_brand?post=4230"},{"taxonomy":"product_cat","embeddable":true,"href":"https:\/\/authleticwear.com\/sk\/wp-json\/wp\/v2\/product_cat?post=4230"},{"taxonomy":"product_tag","embeddable":true,"href":"https:\/\/authleticwear.com\/sk\/wp-json\/wp\/v2\/product_tag?post=4230"}],"curies":[{"name":"wp","href":"https:\/\/api.w.org\/{rel}","templated":true}]}}