{"id":335,"date":"2023-11-13T16:26:33","date_gmt":"2023-11-13T16:26:33","guid":{"rendered":"http:\/\/authleticwear\/?post_type=product&#038;p=335"},"modified":"2026-04-22T08:26:34","modified_gmt":"2026-04-22T08:26:34","slug":"spirit-tracksuit-top-black","status":"publish","type":"product","link":"https:\/\/authleticwear.com\/sk\/product\/spirit-tracksuit-top-black\/","title":{"rendered":"Vrchn\u00fd diel tepl\u00e1kovej s\u00fapravy Spirit \u2013 \u010cierna"},"content":{"rendered":"","protected":false},"excerpt":{"rendered":"<p>Objavte kombin\u00e1ciu \u0161t\u00fdlu a pohodlia s na\u0161ou le\u017e\u00e9rnou kolekciou tepl\u00e1kov\u00fdch s\u00faprav Spirit. S\u013eubuje bezkonkuren\u010dn\u00fa m\u00e4kkos\u0165 a priedu\u0161nos\u0165, v\u010faka \u010domu je ide\u00e1lna na ak\u00e9ko\u013evek \u010dinnosti, ktor\u00e9 ste si na de\u0148 napl\u00e1novali. S\u0165ahovacou \u0161n\u00farkou m\u00f4\u017eete s\u00fapravu nastavi\u0165 tak, aby presne sedela, \u010di u\u017e relaxujete doma, alebo rob\u00edte nejak\u00e9 \u013eahk\u00e9 cviky.<\/p>\n<p><strong>Materi\u00e1l:<br \/>\n<\/strong>&#8211; 50% Bavlna<br \/>\n&#8211; 50% Polyester<\/p>\n","protected":false},"featured_media":904,"comment_status":"open","ping_status":"closed","template":"","meta":{"_acf_changed":false,"bwfblock_default_font":"","inline_featured_image":false},"product_brand":[],"product_cat":[46,31,48],"product_tag":[53],"class_list":{"0":"post-335","1":"product","2":"type-product","3":"status-publish","4":"has-post-thumbnail","6":"product_cat-collections","7":"product_cat-casual","8":"product_cat-spirit","9":"product_tag-makky-material","11":"first","12":"outofstock","13":"sale","14":"shipping-taxable","15":"purchasable","16":"product-type-variable","17":"has-default-attributes","18":"wvs-archive-product-wrapper"},"acf":[],"yoast_head":"<!-- This site is optimized with the Yoast SEO plugin v27.4 - https:\/\/yoast.com\/product\/yoast-seo-wordpress\/ -->\n<title>Vrchn\u00fd diel tepl\u00e1kovej s\u00fapravy Spirit \u2013 \u010cierna - Authletic SK<\/title>\n<meta name=\"robots\" content=\"index, follow, max-snippet:-1, max-image-preview:large, max-video-preview:-1\" \/>\n<link rel=\"canonical\" href=\"https:\/\/authleticwear.com\/sk\/product\/spirit-tracksuit-top-black\/\" \/>\n<meta property=\"og:locale\" content=\"sk_SK\" \/>\n<meta property=\"og:type\" content=\"article\" \/>\n<meta property=\"og:title\" content=\"Vrchn\u00fd diel tepl\u00e1kovej s\u00fapravy Spirit \u2013 \u010cierna - Authletic SK\" \/>\n<meta property=\"og:description\" content=\"Objavte kombin\u00e1ciu \u0161t\u00fdlu a pohodlia s na\u0161ou le\u017e\u00e9rnou kolekciou tepl\u00e1kov\u00fdch s\u00faprav Spirit. S\u013eubuje bezkonkuren\u010dn\u00fa m\u00e4kkos\u0165 a priedu\u0161nos\u0165, v\u010faka \u010domu je ide\u00e1lna na ak\u00e9ko\u013evek \u010dinnosti, ktor\u00e9 ste si na de\u0148 napl\u00e1novali. S\u0165ahovacou \u0161n\u00farkou m\u00f4\u017eete s\u00fapravu nastavi\u0165 tak, aby presne sedela, \u010di u\u017e relaxujete doma, alebo rob\u00edte nejak\u00e9 \u013eahk\u00e9 cviky.  Materi\u00e1l: - 50% Bavlna - 50% Polyester\" \/>\n<meta property=\"og:url\" content=\"https:\/\/authleticwear.com\/sk\/product\/spirit-tracksuit-top-black\/\" \/>\n<meta property=\"og:site_name\" content=\"Authletic SK\" \/>\n<meta property=\"article:publisher\" content=\"https:\/\/facebook.com\/authletic\/\" \/>\n<meta property=\"article:modified_time\" content=\"2026-04-22T08:26:34+00:00\" \/>\n<meta property=\"og:image\" content=\"https:\/\/authleticwear.com\/sk\/wp-content\/uploads\/sites\/4\/2024\/02\/Black-top.jpg\" \/>\n\t<meta property=\"og:image:width\" content=\"1400\" \/>\n\t<meta property=\"og:image:height\" content=\"2000\" \/>\n\t<meta property=\"og:image:type\" content=\"image\/jpeg\" \/>\n<meta name=\"twitter:card\" content=\"summary_large_image\" \/>\n<meta name=\"twitter:label1\" content=\"Predpokladan\u00fd \u010das \u010d\u00edtania\" \/>\n\t<meta name=\"twitter:data1\" content=\"1 min\u00fata\" \/>\n<script type=\"application\/ld+json\" class=\"yoast-schema-graph\">{\"@context\":\"https:\\\/\\\/schema.org\",\"@graph\":[{\"@type\":\"WebPage\",\"@id\":\"https:\\\/\\\/authleticwear.com\\\/sk\\\/product\\\/spirit-tracksuit-top-black\\\/\",\"url\":\"https:\\\/\\\/authleticwear.com\\\/sk\\\/product\\\/spirit-tracksuit-top-black\\\/\",\"name\":\"Vrchn\u00fd diel tepl\u00e1kovej s\u00fapravy Spirit \u2013 \u010cierna - Authletic SK\",\"isPartOf\":{\"@id\":\"https:\\\/\\\/authleticwear.com\\\/sk\\\/#website\"},\"primaryImageOfPage\":{\"@id\":\"https:\\\/\\\/authleticwear.com\\\/sk\\\/product\\\/spirit-tracksuit-top-black\\\/#primaryimage\"},\"image\":{\"@id\":\"https:\\\/\\\/authleticwear.com\\\/sk\\\/product\\\/spirit-tracksuit-top-black\\\/#primaryimage\"},\"thumbnailUrl\":\"https:\\\/\\\/authleticwear.com\\\/sk\\\/wp-content\\\/uploads\\\/sites\\\/4\\\/2024\\\/02\\\/Black-top.jpg\",\"datePublished\":\"2023-11-13T16:26:33+00:00\",\"dateModified\":\"2026-04-22T08:26:34+00:00\",\"breadcrumb\":{\"@id\":\"https:\\\/\\\/authleticwear.com\\\/sk\\\/product\\\/spirit-tracksuit-top-black\\\/#breadcrumb\"},\"inLanguage\":\"sk-SK\",\"potentialAction\":[{\"@type\":\"ReadAction\",\"target\":[\"https:\\\/\\\/authleticwear.com\\\/sk\\\/product\\\/spirit-tracksuit-top-black\\\/\"]}]},{\"@type\":\"ImageObject\",\"inLanguage\":\"sk-SK\",\"@id\":\"https:\\\/\\\/authleticwear.com\\\/sk\\\/product\\\/spirit-tracksuit-top-black\\\/#primaryimage\",\"url\":\"https:\\\/\\\/authleticwear.com\\\/sk\\\/wp-content\\\/uploads\\\/sites\\\/4\\\/2024\\\/02\\\/Black-top.jpg\",\"contentUrl\":\"https:\\\/\\\/authleticwear.com\\\/sk\\\/wp-content\\\/uploads\\\/sites\\\/4\\\/2024\\\/02\\\/Black-top.jpg\",\"width\":1400,\"height\":2000},{\"@type\":\"BreadcrumbList\",\"@id\":\"https:\\\/\\\/authleticwear.com\\\/sk\\\/product\\\/spirit-tracksuit-top-black\\\/#breadcrumb\",\"itemListElement\":[{\"@type\":\"ListItem\",\"position\":1,\"name\":\"Home\",\"item\":\"https:\\\/\\\/authleticwear.com\\\/sk\\\/\"},{\"@type\":\"ListItem\",\"position\":2,\"name\":\"Shop\",\"item\":\"https:\\\/\\\/authleticwear.com\\\/sk\\\/shop\\\/\"},{\"@type\":\"ListItem\",\"position\":3,\"name\":\"Vrchn\u00fd diel tepl\u00e1kovej s\u00fapravy Spirit \u2013 \u010cierna\"}]},{\"@type\":\"WebSite\",\"@id\":\"https:\\\/\\\/authleticwear.com\\\/sk\\\/#website\",\"url\":\"https:\\\/\\\/authleticwear.com\\\/sk\\\/\",\"name\":\"Authletic SK\",\"description\":\"I am Authentic. I am Athletic. I am Authletic.\",\"publisher\":{\"@id\":\"https:\\\/\\\/authleticwear.com\\\/sk\\\/#organization\"},\"potentialAction\":[{\"@type\":\"SearchAction\",\"target\":{\"@type\":\"EntryPoint\",\"urlTemplate\":\"https:\\\/\\\/authleticwear.com\\\/sk\\\/?s={search_term_string}\"},\"query-input\":{\"@type\":\"PropertyValueSpecification\",\"valueRequired\":true,\"valueName\":\"search_term_string\"}}],\"inLanguage\":\"sk-SK\"},{\"@type\":\"Organization\",\"@id\":\"https:\\\/\\\/authleticwear.com\\\/sk\\\/#organization\",\"name\":\"Authletic SK\",\"url\":\"https:\\\/\\\/authleticwear.com\\\/sk\\\/\",\"logo\":{\"@type\":\"ImageObject\",\"inLanguage\":\"sk-SK\",\"@id\":\"https:\\\/\\\/authleticwear.com\\\/sk\\\/#\\\/schema\\\/logo\\\/image\\\/\",\"url\":\"https:\\\/\\\/authleticwear.com\\\/sk\\\/wp-content\\\/uploads\\\/sites\\\/4\\\/2023\\\/11\\\/logo-web-authletic.svg\",\"contentUrl\":\"https:\\\/\\\/authleticwear.com\\\/sk\\\/wp-content\\\/uploads\\\/sites\\\/4\\\/2023\\\/11\\\/logo-web-authletic.svg\",\"caption\":\"Authletic SK\"},\"image\":{\"@id\":\"https:\\\/\\\/authleticwear.com\\\/sk\\\/#\\\/schema\\\/logo\\\/image\\\/\"},\"sameAs\":[\"https:\\\/\\\/facebook.com\\\/authletic\\\/\",\"https:\\\/\\\/instagram.com\\\/authleticwear\\\/\",\"https:\\\/\\\/tiktok.com\\\/@authletic\"]}]}<\/script>\n<!-- \/ Yoast SEO plugin. -->","yoast_head_json":{"title":"Vrchn\u00fd diel tepl\u00e1kovej s\u00fapravy Spirit \u2013 \u010cierna - Authletic SK","robots":{"index":"index","follow":"follow","max-snippet":"max-snippet:-1","max-image-preview":"max-image-preview:large","max-video-preview":"max-video-preview:-1"},"canonical":"https:\/\/authleticwear.com\/sk\/product\/spirit-tracksuit-top-black\/","og_locale":"sk_SK","og_type":"article","og_title":"Vrchn\u00fd diel tepl\u00e1kovej s\u00fapravy Spirit \u2013 \u010cierna - Authletic SK","og_description":"Objavte kombin\u00e1ciu \u0161t\u00fdlu a pohodlia s na\u0161ou le\u017e\u00e9rnou kolekciou tepl\u00e1kov\u00fdch s\u00faprav Spirit. S\u013eubuje bezkonkuren\u010dn\u00fa m\u00e4kkos\u0165 a priedu\u0161nos\u0165, v\u010faka \u010domu je ide\u00e1lna na ak\u00e9ko\u013evek \u010dinnosti, ktor\u00e9 ste si na de\u0148 napl\u00e1novali. S\u0165ahovacou \u0161n\u00farkou m\u00f4\u017eete s\u00fapravu nastavi\u0165 tak, aby presne sedela, \u010di u\u017e relaxujete doma, alebo rob\u00edte nejak\u00e9 \u013eahk\u00e9 cviky.  Materi\u00e1l: - 50% Bavlna - 50% Polyester","og_url":"https:\/\/authleticwear.com\/sk\/product\/spirit-tracksuit-top-black\/","og_site_name":"Authletic SK","article_publisher":"https:\/\/facebook.com\/authletic\/","article_modified_time":"2026-04-22T08:26:34+00:00","og_image":[{"width":1400,"height":2000,"url":"https:\/\/authleticwear.com\/sk\/wp-content\/uploads\/sites\/4\/2024\/02\/Black-top.jpg","type":"image\/jpeg"}],"twitter_card":"summary_large_image","twitter_misc":{"Predpokladan\u00fd \u010das \u010d\u00edtania":"1 min\u00fata"},"schema":{"@context":"https:\/\/schema.org","@graph":[{"@type":"WebPage","@id":"https:\/\/authleticwear.com\/sk\/product\/spirit-tracksuit-top-black\/","url":"https:\/\/authleticwear.com\/sk\/product\/spirit-tracksuit-top-black\/","name":"Vrchn\u00fd diel tepl\u00e1kovej s\u00fapravy Spirit \u2013 \u010cierna - Authletic SK","isPartOf":{"@id":"https:\/\/authleticwear.com\/sk\/#website"},"primaryImageOfPage":{"@id":"https:\/\/authleticwear.com\/sk\/product\/spirit-tracksuit-top-black\/#primaryimage"},"image":{"@id":"https:\/\/authleticwear.com\/sk\/product\/spirit-tracksuit-top-black\/#primaryimage"},"thumbnailUrl":"https:\/\/authleticwear.com\/sk\/wp-content\/uploads\/sites\/4\/2024\/02\/Black-top.jpg","datePublished":"2023-11-13T16:26:33+00:00","dateModified":"2026-04-22T08:26:34+00:00","breadcrumb":{"@id":"https:\/\/authleticwear.com\/sk\/product\/spirit-tracksuit-top-black\/#breadcrumb"},"inLanguage":"sk-SK","potentialAction":[{"@type":"ReadAction","target":["https:\/\/authleticwear.com\/sk\/product\/spirit-tracksuit-top-black\/"]}]},{"@type":"ImageObject","inLanguage":"sk-SK","@id":"https:\/\/authleticwear.com\/sk\/product\/spirit-tracksuit-top-black\/#primaryimage","url":"https:\/\/authleticwear.com\/sk\/wp-content\/uploads\/sites\/4\/2024\/02\/Black-top.jpg","contentUrl":"https:\/\/authleticwear.com\/sk\/wp-content\/uploads\/sites\/4\/2024\/02\/Black-top.jpg","width":1400,"height":2000},{"@type":"BreadcrumbList","@id":"https:\/\/authleticwear.com\/sk\/product\/spirit-tracksuit-top-black\/#breadcrumb","itemListElement":[{"@type":"ListItem","position":1,"name":"Home","item":"https:\/\/authleticwear.com\/sk\/"},{"@type":"ListItem","position":2,"name":"Shop","item":"https:\/\/authleticwear.com\/sk\/shop\/"},{"@type":"ListItem","position":3,"name":"Vrchn\u00fd diel tepl\u00e1kovej s\u00fapravy Spirit \u2013 \u010cierna"}]},{"@type":"WebSite","@id":"https:\/\/authleticwear.com\/sk\/#website","url":"https:\/\/authleticwear.com\/sk\/","name":"Authletic SK","description":"I am Authentic. I am Athletic. I am Authletic.","publisher":{"@id":"https:\/\/authleticwear.com\/sk\/#organization"},"potentialAction":[{"@type":"SearchAction","target":{"@type":"EntryPoint","urlTemplate":"https:\/\/authleticwear.com\/sk\/?s={search_term_string}"},"query-input":{"@type":"PropertyValueSpecification","valueRequired":true,"valueName":"search_term_string"}}],"inLanguage":"sk-SK"},{"@type":"Organization","@id":"https:\/\/authleticwear.com\/sk\/#organization","name":"Authletic SK","url":"https:\/\/authleticwear.com\/sk\/","logo":{"@type":"ImageObject","inLanguage":"sk-SK","@id":"https:\/\/authleticwear.com\/sk\/#\/schema\/logo\/image\/","url":"https:\/\/authleticwear.com\/sk\/wp-content\/uploads\/sites\/4\/2023\/11\/logo-web-authletic.svg","contentUrl":"https:\/\/authleticwear.com\/sk\/wp-content\/uploads\/sites\/4\/2023\/11\/logo-web-authletic.svg","caption":"Authletic SK"},"image":{"@id":"https:\/\/authleticwear.com\/sk\/#\/schema\/logo\/image\/"},"sameAs":["https:\/\/facebook.com\/authletic\/","https:\/\/instagram.com\/authleticwear\/","https:\/\/tiktok.com\/@authletic"]}]}},"_links":{"self":[{"href":"https:\/\/authleticwear.com\/sk\/wp-json\/wp\/v2\/product\/335","targetHints":{"allow":["GET"]}}],"collection":[{"href":"https:\/\/authleticwear.com\/sk\/wp-json\/wp\/v2\/product"}],"about":[{"href":"https:\/\/authleticwear.com\/sk\/wp-json\/wp\/v2\/types\/product"}],"replies":[{"embeddable":true,"href":"https:\/\/authleticwear.com\/sk\/wp-json\/wp\/v2\/comments?post=335"}],"wp:featuredmedia":[{"embeddable":true,"href":"https:\/\/authleticwear.com\/sk\/wp-json\/wp\/v2\/media\/904"}],"wp:attachment":[{"href":"https:\/\/authleticwear.com\/sk\/wp-json\/wp\/v2\/media?parent=335"}],"wp:term":[{"taxonomy":"product_brand","embeddable":true,"href":"https:\/\/authleticwear.com\/sk\/wp-json\/wp\/v2\/product_brand?post=335"},{"taxonomy":"product_cat","embeddable":true,"href":"https:\/\/authleticwear.com\/sk\/wp-json\/wp\/v2\/product_cat?post=335"},{"taxonomy":"product_tag","embeddable":true,"href":"https:\/\/authleticwear.com\/sk\/wp-json\/wp\/v2\/product_tag?post=335"}],"curies":[{"name":"wp","href":"https:\/\/api.w.org\/{rel}","templated":true}]}}