{"id":1178,"date":"2024-07-24T05:55:16","date_gmt":"2024-07-24T05:55:16","guid":{"rendered":"https:\/\/authleticwear.com\/sk\/?post_type=product&#038;p=1178"},"modified":"2026-04-22T08:26:05","modified_gmt":"2026-04-22T08:26:05","slug":"aluna-tielko-cierna","status":"publish","type":"product","link":"https:\/\/authleticwear.com\/sk\/product\/aluna-tielko-cierna\/","title":{"rendered":"Aluna tielko &#8211; \u010cierna"},"content":{"rendered":"","protected":false},"excerpt":{"rendered":"<p>Objavte dokonalos\u0165 n\u00e1\u0161ho Aluna tielka, ktor\u00e9 je navrhnut\u00e9 pre ka\u017ed\u00fa pr\u00edle\u017eitos\u0165. Toto tielko je dostato\u010dne dlh\u00e9 na to, aby zakrylo stredn\u00fa \u010das\u0165 tela pre t\u00fdch, ktor\u00ed ju nechc\u00fa ukazova\u0165, ale z\u00e1rove\u0148 dostato\u010dne kr\u00e1tke na to, aby zv\u00fdraznilo va\u0161u postavu. Tielko je vyroben\u00e9 z materi\u00e1lu slim fit, \u010do zais\u0165uje pohodln\u00e9 nosenie a celodenn\u00e9 pohodlie. Tielko m\u00e1 v\u0161it\u00fd top s vyberate\u013en\u00fdmi vypch\u00e1vkami, ktor\u00e9 vylep\u0161uj\u00fa vzh\u013ead poprsia. Vypch\u00e1vky s\u00fa vyroben\u00e9 z materi\u00e1lu v\u00fdnimo\u010dnej kvality a s\u00fa minim\u00e1lne vidite\u013en\u00e9 cez tkaninu.<\/p>\n<p><strong>Materi\u00e1l:<\/strong><br \/>\n\u2013 77% Polyester<br \/>\n\u2013 23% Elastan<\/p>\n","protected":false},"featured_media":1771,"comment_status":"open","ping_status":"closed","template":"","meta":{"_acf_changed":false,"bwfblock_default_font":"","inline_featured_image":false},"product_brand":[],"product_cat":[58,31,30],"product_tag":[25,50],"class_list":{"0":"post-1178","1":"product","2":"type-product","3":"status-publish","4":"has-post-thumbnail","6":"product_cat-aluna","7":"product_cat-casual","8":"product_cat-tops","9":"product_tag-new","10":"product_tag-slim-fit","12":"first","13":"outofstock","14":"sale","15":"shipping-taxable","16":"purchasable","17":"product-type-variable","18":"has-default-attributes","19":"wvs-archive-product-wrapper"},"acf":[],"yoast_head":"<!-- This site is optimized with the Yoast SEO plugin v27.4 - https:\/\/yoast.com\/product\/yoast-seo-wordpress\/ -->\n<title>Aluna tielko - \u010cierna - Authletic SK<\/title>\n<meta name=\"robots\" content=\"index, follow, max-snippet:-1, max-image-preview:large, max-video-preview:-1\" \/>\n<link rel=\"canonical\" href=\"https:\/\/authleticwear.com\/sk\/product\/aluna-tielko-cierna\/\" \/>\n<meta property=\"og:locale\" content=\"sk_SK\" \/>\n<meta property=\"og:type\" content=\"article\" \/>\n<meta property=\"og:title\" content=\"Aluna tielko - \u010cierna - Authletic SK\" \/>\n<meta property=\"og:description\" content=\"Objavte dokonalos\u0165 n\u00e1\u0161ho Aluna tielka, ktor\u00e9 je navrhnut\u00e9 pre ka\u017ed\u00fa pr\u00edle\u017eitos\u0165. Toto tielko je dostato\u010dne dlh\u00e9 na to, aby zakrylo stredn\u00fa \u010das\u0165 tela pre t\u00fdch, ktor\u00ed ju nechc\u00fa ukazova\u0165, ale z\u00e1rove\u0148 dostato\u010dne kr\u00e1tke na to, aby zv\u00fdraznilo va\u0161u postavu. Tielko je vyroben\u00e9 z materi\u00e1lu slim fit, \u010do zais\u0165uje pohodln\u00e9 nosenie a celodenn\u00e9 pohodlie. Tielko m\u00e1 v\u0161it\u00fd top s vyberate\u013en\u00fdmi vypch\u00e1vkami, ktor\u00e9 vylep\u0161uj\u00fa vzh\u013ead poprsia. Vypch\u00e1vky s\u00fa vyroben\u00e9 z materi\u00e1lu v\u00fdnimo\u010dnej kvality a s\u00fa minim\u00e1lne vidite\u013en\u00e9 cez tkaninu.  Materi\u00e1l: \u2013 77% Polyester \u2013 23% Elastan\" \/>\n<meta property=\"og:url\" content=\"https:\/\/authleticwear.com\/sk\/product\/aluna-tielko-cierna\/\" \/>\n<meta property=\"og:site_name\" content=\"Authletic SK\" \/>\n<meta property=\"article:publisher\" content=\"https:\/\/facebook.com\/authletic\/\" \/>\n<meta property=\"article:modified_time\" content=\"2026-04-22T08:26:05+00:00\" \/>\n<meta property=\"og:image\" content=\"https:\/\/authleticwear.com\/sk\/wp-content\/uploads\/sites\/4\/2024\/07\/aluna-tank-top-SK-black.jpg\" \/>\n\t<meta property=\"og:image:width\" content=\"1400\" \/>\n\t<meta property=\"og:image:height\" content=\"2000\" \/>\n\t<meta property=\"og:image:type\" content=\"image\/jpeg\" \/>\n<meta name=\"twitter:card\" content=\"summary_large_image\" \/>\n<meta name=\"twitter:label1\" content=\"Predpokladan\u00fd \u010das \u010d\u00edtania\" \/>\n\t<meta name=\"twitter:data1\" content=\"1 min\u00fata\" \/>\n<script type=\"application\/ld+json\" class=\"yoast-schema-graph\">{\"@context\":\"https:\\\/\\\/schema.org\",\"@graph\":[{\"@type\":\"WebPage\",\"@id\":\"https:\\\/\\\/authleticwear.com\\\/sk\\\/product\\\/aluna-tielko-cierna\\\/\",\"url\":\"https:\\\/\\\/authleticwear.com\\\/sk\\\/product\\\/aluna-tielko-cierna\\\/\",\"name\":\"Aluna tielko - \u010cierna - Authletic SK\",\"isPartOf\":{\"@id\":\"https:\\\/\\\/authleticwear.com\\\/sk\\\/#website\"},\"primaryImageOfPage\":{\"@id\":\"https:\\\/\\\/authleticwear.com\\\/sk\\\/product\\\/aluna-tielko-cierna\\\/#primaryimage\"},\"image\":{\"@id\":\"https:\\\/\\\/authleticwear.com\\\/sk\\\/product\\\/aluna-tielko-cierna\\\/#primaryimage\"},\"thumbnailUrl\":\"https:\\\/\\\/authleticwear.com\\\/sk\\\/wp-content\\\/uploads\\\/sites\\\/4\\\/2024\\\/07\\\/aluna-tank-top-SK-black.jpg\",\"datePublished\":\"2024-07-24T05:55:16+00:00\",\"dateModified\":\"2026-04-22T08:26:05+00:00\",\"breadcrumb\":{\"@id\":\"https:\\\/\\\/authleticwear.com\\\/sk\\\/product\\\/aluna-tielko-cierna\\\/#breadcrumb\"},\"inLanguage\":\"sk-SK\",\"potentialAction\":[{\"@type\":\"ReadAction\",\"target\":[\"https:\\\/\\\/authleticwear.com\\\/sk\\\/product\\\/aluna-tielko-cierna\\\/\"]}]},{\"@type\":\"ImageObject\",\"inLanguage\":\"sk-SK\",\"@id\":\"https:\\\/\\\/authleticwear.com\\\/sk\\\/product\\\/aluna-tielko-cierna\\\/#primaryimage\",\"url\":\"https:\\\/\\\/authleticwear.com\\\/sk\\\/wp-content\\\/uploads\\\/sites\\\/4\\\/2024\\\/07\\\/aluna-tank-top-SK-black.jpg\",\"contentUrl\":\"https:\\\/\\\/authleticwear.com\\\/sk\\\/wp-content\\\/uploads\\\/sites\\\/4\\\/2024\\\/07\\\/aluna-tank-top-SK-black.jpg\",\"width\":1400,\"height\":2000},{\"@type\":\"BreadcrumbList\",\"@id\":\"https:\\\/\\\/authleticwear.com\\\/sk\\\/product\\\/aluna-tielko-cierna\\\/#breadcrumb\",\"itemListElement\":[{\"@type\":\"ListItem\",\"position\":1,\"name\":\"Home\",\"item\":\"https:\\\/\\\/authleticwear.com\\\/sk\\\/\"},{\"@type\":\"ListItem\",\"position\":2,\"name\":\"Shop\",\"item\":\"https:\\\/\\\/authleticwear.com\\\/sk\\\/shop\\\/\"},{\"@type\":\"ListItem\",\"position\":3,\"name\":\"Aluna tielko &#8211; \u010cierna\"}]},{\"@type\":\"WebSite\",\"@id\":\"https:\\\/\\\/authleticwear.com\\\/sk\\\/#website\",\"url\":\"https:\\\/\\\/authleticwear.com\\\/sk\\\/\",\"name\":\"Authletic SK\",\"description\":\"I am Authentic. I am Athletic. I am Authletic.\",\"publisher\":{\"@id\":\"https:\\\/\\\/authleticwear.com\\\/sk\\\/#organization\"},\"potentialAction\":[{\"@type\":\"SearchAction\",\"target\":{\"@type\":\"EntryPoint\",\"urlTemplate\":\"https:\\\/\\\/authleticwear.com\\\/sk\\\/?s={search_term_string}\"},\"query-input\":{\"@type\":\"PropertyValueSpecification\",\"valueRequired\":true,\"valueName\":\"search_term_string\"}}],\"inLanguage\":\"sk-SK\"},{\"@type\":\"Organization\",\"@id\":\"https:\\\/\\\/authleticwear.com\\\/sk\\\/#organization\",\"name\":\"Authletic SK\",\"url\":\"https:\\\/\\\/authleticwear.com\\\/sk\\\/\",\"logo\":{\"@type\":\"ImageObject\",\"inLanguage\":\"sk-SK\",\"@id\":\"https:\\\/\\\/authleticwear.com\\\/sk\\\/#\\\/schema\\\/logo\\\/image\\\/\",\"url\":\"https:\\\/\\\/authleticwear.com\\\/sk\\\/wp-content\\\/uploads\\\/sites\\\/4\\\/2023\\\/11\\\/logo-web-authletic.svg\",\"contentUrl\":\"https:\\\/\\\/authleticwear.com\\\/sk\\\/wp-content\\\/uploads\\\/sites\\\/4\\\/2023\\\/11\\\/logo-web-authletic.svg\",\"caption\":\"Authletic SK\"},\"image\":{\"@id\":\"https:\\\/\\\/authleticwear.com\\\/sk\\\/#\\\/schema\\\/logo\\\/image\\\/\"},\"sameAs\":[\"https:\\\/\\\/facebook.com\\\/authletic\\\/\",\"https:\\\/\\\/instagram.com\\\/authleticwear\\\/\",\"https:\\\/\\\/tiktok.com\\\/@authletic\"]}]}<\/script>\n<!-- \/ Yoast SEO plugin. -->","yoast_head_json":{"title":"Aluna tielko - \u010cierna - Authletic SK","robots":{"index":"index","follow":"follow","max-snippet":"max-snippet:-1","max-image-preview":"max-image-preview:large","max-video-preview":"max-video-preview:-1"},"canonical":"https:\/\/authleticwear.com\/sk\/product\/aluna-tielko-cierna\/","og_locale":"sk_SK","og_type":"article","og_title":"Aluna tielko - \u010cierna - Authletic SK","og_description":"Objavte dokonalos\u0165 n\u00e1\u0161ho Aluna tielka, ktor\u00e9 je navrhnut\u00e9 pre ka\u017ed\u00fa pr\u00edle\u017eitos\u0165. Toto tielko je dostato\u010dne dlh\u00e9 na to, aby zakrylo stredn\u00fa \u010das\u0165 tela pre t\u00fdch, ktor\u00ed ju nechc\u00fa ukazova\u0165, ale z\u00e1rove\u0148 dostato\u010dne kr\u00e1tke na to, aby zv\u00fdraznilo va\u0161u postavu. Tielko je vyroben\u00e9 z materi\u00e1lu slim fit, \u010do zais\u0165uje pohodln\u00e9 nosenie a celodenn\u00e9 pohodlie. Tielko m\u00e1 v\u0161it\u00fd top s vyberate\u013en\u00fdmi vypch\u00e1vkami, ktor\u00e9 vylep\u0161uj\u00fa vzh\u013ead poprsia. Vypch\u00e1vky s\u00fa vyroben\u00e9 z materi\u00e1lu v\u00fdnimo\u010dnej kvality a s\u00fa minim\u00e1lne vidite\u013en\u00e9 cez tkaninu.  Materi\u00e1l: \u2013 77% Polyester \u2013 23% Elastan","og_url":"https:\/\/authleticwear.com\/sk\/product\/aluna-tielko-cierna\/","og_site_name":"Authletic SK","article_publisher":"https:\/\/facebook.com\/authletic\/","article_modified_time":"2026-04-22T08:26:05+00:00","og_image":[{"width":1400,"height":2000,"url":"https:\/\/authleticwear.com\/sk\/wp-content\/uploads\/sites\/4\/2024\/07\/aluna-tank-top-SK-black.jpg","type":"image\/jpeg"}],"twitter_card":"summary_large_image","twitter_misc":{"Predpokladan\u00fd \u010das \u010d\u00edtania":"1 min\u00fata"},"schema":{"@context":"https:\/\/schema.org","@graph":[{"@type":"WebPage","@id":"https:\/\/authleticwear.com\/sk\/product\/aluna-tielko-cierna\/","url":"https:\/\/authleticwear.com\/sk\/product\/aluna-tielko-cierna\/","name":"Aluna tielko - \u010cierna - Authletic SK","isPartOf":{"@id":"https:\/\/authleticwear.com\/sk\/#website"},"primaryImageOfPage":{"@id":"https:\/\/authleticwear.com\/sk\/product\/aluna-tielko-cierna\/#primaryimage"},"image":{"@id":"https:\/\/authleticwear.com\/sk\/product\/aluna-tielko-cierna\/#primaryimage"},"thumbnailUrl":"https:\/\/authleticwear.com\/sk\/wp-content\/uploads\/sites\/4\/2024\/07\/aluna-tank-top-SK-black.jpg","datePublished":"2024-07-24T05:55:16+00:00","dateModified":"2026-04-22T08:26:05+00:00","breadcrumb":{"@id":"https:\/\/authleticwear.com\/sk\/product\/aluna-tielko-cierna\/#breadcrumb"},"inLanguage":"sk-SK","potentialAction":[{"@type":"ReadAction","target":["https:\/\/authleticwear.com\/sk\/product\/aluna-tielko-cierna\/"]}]},{"@type":"ImageObject","inLanguage":"sk-SK","@id":"https:\/\/authleticwear.com\/sk\/product\/aluna-tielko-cierna\/#primaryimage","url":"https:\/\/authleticwear.com\/sk\/wp-content\/uploads\/sites\/4\/2024\/07\/aluna-tank-top-SK-black.jpg","contentUrl":"https:\/\/authleticwear.com\/sk\/wp-content\/uploads\/sites\/4\/2024\/07\/aluna-tank-top-SK-black.jpg","width":1400,"height":2000},{"@type":"BreadcrumbList","@id":"https:\/\/authleticwear.com\/sk\/product\/aluna-tielko-cierna\/#breadcrumb","itemListElement":[{"@type":"ListItem","position":1,"name":"Home","item":"https:\/\/authleticwear.com\/sk\/"},{"@type":"ListItem","position":2,"name":"Shop","item":"https:\/\/authleticwear.com\/sk\/shop\/"},{"@type":"ListItem","position":3,"name":"Aluna tielko &#8211; \u010cierna"}]},{"@type":"WebSite","@id":"https:\/\/authleticwear.com\/sk\/#website","url":"https:\/\/authleticwear.com\/sk\/","name":"Authletic SK","description":"I am Authentic. I am Athletic. I am Authletic.","publisher":{"@id":"https:\/\/authleticwear.com\/sk\/#organization"},"potentialAction":[{"@type":"SearchAction","target":{"@type":"EntryPoint","urlTemplate":"https:\/\/authleticwear.com\/sk\/?s={search_term_string}"},"query-input":{"@type":"PropertyValueSpecification","valueRequired":true,"valueName":"search_term_string"}}],"inLanguage":"sk-SK"},{"@type":"Organization","@id":"https:\/\/authleticwear.com\/sk\/#organization","name":"Authletic SK","url":"https:\/\/authleticwear.com\/sk\/","logo":{"@type":"ImageObject","inLanguage":"sk-SK","@id":"https:\/\/authleticwear.com\/sk\/#\/schema\/logo\/image\/","url":"https:\/\/authleticwear.com\/sk\/wp-content\/uploads\/sites\/4\/2023\/11\/logo-web-authletic.svg","contentUrl":"https:\/\/authleticwear.com\/sk\/wp-content\/uploads\/sites\/4\/2023\/11\/logo-web-authletic.svg","caption":"Authletic SK"},"image":{"@id":"https:\/\/authleticwear.com\/sk\/#\/schema\/logo\/image\/"},"sameAs":["https:\/\/facebook.com\/authletic\/","https:\/\/instagram.com\/authleticwear\/","https:\/\/tiktok.com\/@authletic"]}]}},"_links":{"self":[{"href":"https:\/\/authleticwear.com\/sk\/wp-json\/wp\/v2\/product\/1178","targetHints":{"allow":["GET"]}}],"collection":[{"href":"https:\/\/authleticwear.com\/sk\/wp-json\/wp\/v2\/product"}],"about":[{"href":"https:\/\/authleticwear.com\/sk\/wp-json\/wp\/v2\/types\/product"}],"replies":[{"embeddable":true,"href":"https:\/\/authleticwear.com\/sk\/wp-json\/wp\/v2\/comments?post=1178"}],"wp:featuredmedia":[{"embeddable":true,"href":"https:\/\/authleticwear.com\/sk\/wp-json\/wp\/v2\/media\/1771"}],"wp:attachment":[{"href":"https:\/\/authleticwear.com\/sk\/wp-json\/wp\/v2\/media?parent=1178"}],"wp:term":[{"taxonomy":"product_brand","embeddable":true,"href":"https:\/\/authleticwear.com\/sk\/wp-json\/wp\/v2\/product_brand?post=1178"},{"taxonomy":"product_cat","embeddable":true,"href":"https:\/\/authleticwear.com\/sk\/wp-json\/wp\/v2\/product_cat?post=1178"},{"taxonomy":"product_tag","embeddable":true,"href":"https:\/\/authleticwear.com\/sk\/wp-json\/wp\/v2\/product_tag?post=1178"}],"curies":[{"name":"wp","href":"https:\/\/api.w.org\/{rel}","templated":true}]}}