{"id":1166,"date":"2024-07-23T15:48:39","date_gmt":"2024-07-23T15:48:39","guid":{"rendered":"https:\/\/authleticwear.com\/sk\/?post_type=product&#038;p=1166"},"modified":"2026-04-23T22:27:33","modified_gmt":"2026-04-23T22:27:33","slug":"aluna-kratke-leginy-biela","status":"publish","type":"product","link":"https:\/\/authleticwear.com\/sk\/product\/aluna-kratke-leginy-biela\/","title":{"rendered":"Aluna kr\u00e1tke leg\u00edny &#8211; Biela"},"content":{"rendered":"","protected":false},"excerpt":{"rendered":"<p>Vysk\u00fa\u0161ajte na\u0161e kr\u00e1tke leg\u00edny Aluna. Tieto leg\u00edny maj\u00fa V-\u0161ev, ktor\u00fd jemne zv\u00fdraz\u0148uje zadok. Materi\u00e1l je vhodn\u00fd pre v\u0161etky aktivity. Elastick\u00e1 tkanina obop\u00edna telo a p\u00e1s a poskytuje oporu aj pohodlie. Medzi detailn\u00e9 \u00fapravy patria neopracovan\u00e9 bez\u0161vov\u00e9 lemy na stehn\u00e1ch a atrakt\u00edvne 3D logo v rovnakej farbe ako tkanina, pre dosiahnutie jemn\u00e9ho a elegantn\u00e9ho vzh\u013eadu.<\/p>\n<p><strong>Materi\u00e1l:<\/strong><br \/>\n\u2013 77% Polyester<br \/>\n\u2013 23% Elastan<\/p>\n","protected":false},"featured_media":1781,"comment_status":"open","ping_status":"closed","template":"","meta":{"_acf_changed":false,"bwfblock_default_font":"","inline_featured_image":false},"product_brand":[],"product_cat":[58,18],"product_tag":[70,25,68],"class_list":{"0":"post-1166","1":"product","2":"type-product","3":"status-publish","4":"has-post-thumbnail","6":"product_cat-aluna","7":"product_cat-leggings","8":"product_tag-limited","9":"product_tag-new","10":"product_tag-rychloschnuci-material","12":"first","13":"instock","14":"sale","15":"shipping-taxable","16":"purchasable","17":"product-type-variable","18":"has-default-attributes","19":"wvs-archive-product-wrapper"},"acf":[],"yoast_head":"<!-- This site is optimized with the Yoast SEO plugin v27.4 - https:\/\/yoast.com\/product\/yoast-seo-wordpress\/ -->\n<title>Aluna kr\u00e1tke leg\u00edny - Biela - Authletic SK<\/title>\n<meta name=\"robots\" content=\"index, follow, max-snippet:-1, max-image-preview:large, max-video-preview:-1\" \/>\n<link rel=\"canonical\" href=\"https:\/\/authleticwear.com\/sk\/product\/aluna-kratke-leginy-biela\/\" \/>\n<meta property=\"og:locale\" content=\"sk_SK\" \/>\n<meta property=\"og:type\" content=\"article\" \/>\n<meta property=\"og:title\" content=\"Aluna kr\u00e1tke leg\u00edny - Biela - Authletic SK\" \/>\n<meta property=\"og:description\" content=\"Vysk\u00fa\u0161ajte na\u0161e kr\u00e1tke leg\u00edny Aluna. Tieto leg\u00edny maj\u00fa V-\u0161ev, ktor\u00fd jemne zv\u00fdraz\u0148uje zadok. Materi\u00e1l je vhodn\u00fd pre v\u0161etky aktivity. Elastick\u00e1 tkanina obop\u00edna telo a p\u00e1s a poskytuje oporu aj pohodlie. Medzi detailn\u00e9 \u00fapravy patria neopracovan\u00e9 bez\u0161vov\u00e9 lemy na stehn\u00e1ch a atrakt\u00edvne 3D logo v rovnakej farbe ako tkanina, pre dosiahnutie jemn\u00e9ho a elegantn\u00e9ho vzh\u013eadu.  Materi\u00e1l: \u2013 77% Polyester \u2013 23% Elastan\" \/>\n<meta property=\"og:url\" content=\"https:\/\/authleticwear.com\/sk\/product\/aluna-kratke-leginy-biela\/\" \/>\n<meta property=\"og:site_name\" content=\"Authletic SK\" \/>\n<meta property=\"article:publisher\" content=\"https:\/\/facebook.com\/authletic\/\" \/>\n<meta property=\"article:modified_time\" content=\"2026-04-23T22:27:33+00:00\" \/>\n<meta property=\"og:image\" content=\"https:\/\/authleticwear.com\/sk\/wp-content\/uploads\/sites\/4\/2024\/07\/SK-ALUNA-short-white-scaled.jpg\" \/>\n\t<meta property=\"og:image:width\" content=\"1792\" \/>\n\t<meta property=\"og:image:height\" content=\"2560\" \/>\n\t<meta property=\"og:image:type\" content=\"image\/jpeg\" \/>\n<meta name=\"twitter:card\" content=\"summary_large_image\" \/>\n<meta name=\"twitter:label1\" content=\"Predpokladan\u00fd \u010das \u010d\u00edtania\" \/>\n\t<meta name=\"twitter:data1\" content=\"1 min\u00fata\" \/>\n<script type=\"application\/ld+json\" class=\"yoast-schema-graph\">{\"@context\":\"https:\\\/\\\/schema.org\",\"@graph\":[{\"@type\":\"WebPage\",\"@id\":\"https:\\\/\\\/authleticwear.com\\\/sk\\\/product\\\/aluna-kratke-leginy-biela\\\/\",\"url\":\"https:\\\/\\\/authleticwear.com\\\/sk\\\/product\\\/aluna-kratke-leginy-biela\\\/\",\"name\":\"Aluna kr\u00e1tke leg\u00edny - Biela - Authletic SK\",\"isPartOf\":{\"@id\":\"https:\\\/\\\/authleticwear.com\\\/sk\\\/#website\"},\"primaryImageOfPage\":{\"@id\":\"https:\\\/\\\/authleticwear.com\\\/sk\\\/product\\\/aluna-kratke-leginy-biela\\\/#primaryimage\"},\"image\":{\"@id\":\"https:\\\/\\\/authleticwear.com\\\/sk\\\/product\\\/aluna-kratke-leginy-biela\\\/#primaryimage\"},\"thumbnailUrl\":\"https:\\\/\\\/authleticwear.com\\\/sk\\\/wp-content\\\/uploads\\\/sites\\\/4\\\/2024\\\/07\\\/SK-ALUNA-short-white-scaled.jpg\",\"datePublished\":\"2024-07-23T15:48:39+00:00\",\"dateModified\":\"2026-04-23T22:27:33+00:00\",\"breadcrumb\":{\"@id\":\"https:\\\/\\\/authleticwear.com\\\/sk\\\/product\\\/aluna-kratke-leginy-biela\\\/#breadcrumb\"},\"inLanguage\":\"sk-SK\",\"potentialAction\":[{\"@type\":\"ReadAction\",\"target\":[\"https:\\\/\\\/authleticwear.com\\\/sk\\\/product\\\/aluna-kratke-leginy-biela\\\/\"]}]},{\"@type\":\"ImageObject\",\"inLanguage\":\"sk-SK\",\"@id\":\"https:\\\/\\\/authleticwear.com\\\/sk\\\/product\\\/aluna-kratke-leginy-biela\\\/#primaryimage\",\"url\":\"https:\\\/\\\/authleticwear.com\\\/sk\\\/wp-content\\\/uploads\\\/sites\\\/4\\\/2024\\\/07\\\/SK-ALUNA-short-white-scaled.jpg\",\"contentUrl\":\"https:\\\/\\\/authleticwear.com\\\/sk\\\/wp-content\\\/uploads\\\/sites\\\/4\\\/2024\\\/07\\\/SK-ALUNA-short-white-scaled.jpg\",\"width\":1792,\"height\":2560},{\"@type\":\"BreadcrumbList\",\"@id\":\"https:\\\/\\\/authleticwear.com\\\/sk\\\/product\\\/aluna-kratke-leginy-biela\\\/#breadcrumb\",\"itemListElement\":[{\"@type\":\"ListItem\",\"position\":1,\"name\":\"Home\",\"item\":\"https:\\\/\\\/authleticwear.com\\\/sk\\\/\"},{\"@type\":\"ListItem\",\"position\":2,\"name\":\"Shop\",\"item\":\"https:\\\/\\\/authleticwear.com\\\/sk\\\/shop\\\/\"},{\"@type\":\"ListItem\",\"position\":3,\"name\":\"Aluna kr\u00e1tke leg\u00edny &#8211; Biela\"}]},{\"@type\":\"WebSite\",\"@id\":\"https:\\\/\\\/authleticwear.com\\\/sk\\\/#website\",\"url\":\"https:\\\/\\\/authleticwear.com\\\/sk\\\/\",\"name\":\"Authletic SK\",\"description\":\"I am Authentic. I am Athletic. I am Authletic.\",\"publisher\":{\"@id\":\"https:\\\/\\\/authleticwear.com\\\/sk\\\/#organization\"},\"potentialAction\":[{\"@type\":\"SearchAction\",\"target\":{\"@type\":\"EntryPoint\",\"urlTemplate\":\"https:\\\/\\\/authleticwear.com\\\/sk\\\/?s={search_term_string}\"},\"query-input\":{\"@type\":\"PropertyValueSpecification\",\"valueRequired\":true,\"valueName\":\"search_term_string\"}}],\"inLanguage\":\"sk-SK\"},{\"@type\":\"Organization\",\"@id\":\"https:\\\/\\\/authleticwear.com\\\/sk\\\/#organization\",\"name\":\"Authletic SK\",\"url\":\"https:\\\/\\\/authleticwear.com\\\/sk\\\/\",\"logo\":{\"@type\":\"ImageObject\",\"inLanguage\":\"sk-SK\",\"@id\":\"https:\\\/\\\/authleticwear.com\\\/sk\\\/#\\\/schema\\\/logo\\\/image\\\/\",\"url\":\"https:\\\/\\\/authleticwear.com\\\/sk\\\/wp-content\\\/uploads\\\/sites\\\/4\\\/2023\\\/11\\\/logo-web-authletic.svg\",\"contentUrl\":\"https:\\\/\\\/authleticwear.com\\\/sk\\\/wp-content\\\/uploads\\\/sites\\\/4\\\/2023\\\/11\\\/logo-web-authletic.svg\",\"caption\":\"Authletic SK\"},\"image\":{\"@id\":\"https:\\\/\\\/authleticwear.com\\\/sk\\\/#\\\/schema\\\/logo\\\/image\\\/\"},\"sameAs\":[\"https:\\\/\\\/facebook.com\\\/authletic\\\/\",\"https:\\\/\\\/instagram.com\\\/authleticwear\\\/\",\"https:\\\/\\\/tiktok.com\\\/@authletic\"]}]}<\/script>\n<!-- \/ Yoast SEO plugin. -->","yoast_head_json":{"title":"Aluna kr\u00e1tke leg\u00edny - Biela - Authletic SK","robots":{"index":"index","follow":"follow","max-snippet":"max-snippet:-1","max-image-preview":"max-image-preview:large","max-video-preview":"max-video-preview:-1"},"canonical":"https:\/\/authleticwear.com\/sk\/product\/aluna-kratke-leginy-biela\/","og_locale":"sk_SK","og_type":"article","og_title":"Aluna kr\u00e1tke leg\u00edny - Biela - Authletic SK","og_description":"Vysk\u00fa\u0161ajte na\u0161e kr\u00e1tke leg\u00edny Aluna. Tieto leg\u00edny maj\u00fa V-\u0161ev, ktor\u00fd jemne zv\u00fdraz\u0148uje zadok. Materi\u00e1l je vhodn\u00fd pre v\u0161etky aktivity. Elastick\u00e1 tkanina obop\u00edna telo a p\u00e1s a poskytuje oporu aj pohodlie. Medzi detailn\u00e9 \u00fapravy patria neopracovan\u00e9 bez\u0161vov\u00e9 lemy na stehn\u00e1ch a atrakt\u00edvne 3D logo v rovnakej farbe ako tkanina, pre dosiahnutie jemn\u00e9ho a elegantn\u00e9ho vzh\u013eadu.  Materi\u00e1l: \u2013 77% Polyester \u2013 23% Elastan","og_url":"https:\/\/authleticwear.com\/sk\/product\/aluna-kratke-leginy-biela\/","og_site_name":"Authletic SK","article_publisher":"https:\/\/facebook.com\/authletic\/","article_modified_time":"2026-04-23T22:27:33+00:00","og_image":[{"width":1792,"height":2560,"url":"https:\/\/authleticwear.com\/sk\/wp-content\/uploads\/sites\/4\/2024\/07\/SK-ALUNA-short-white-scaled.jpg","type":"image\/jpeg"}],"twitter_card":"summary_large_image","twitter_misc":{"Predpokladan\u00fd \u010das \u010d\u00edtania":"1 min\u00fata"},"schema":{"@context":"https:\/\/schema.org","@graph":[{"@type":"WebPage","@id":"https:\/\/authleticwear.com\/sk\/product\/aluna-kratke-leginy-biela\/","url":"https:\/\/authleticwear.com\/sk\/product\/aluna-kratke-leginy-biela\/","name":"Aluna kr\u00e1tke leg\u00edny - Biela - Authletic SK","isPartOf":{"@id":"https:\/\/authleticwear.com\/sk\/#website"},"primaryImageOfPage":{"@id":"https:\/\/authleticwear.com\/sk\/product\/aluna-kratke-leginy-biela\/#primaryimage"},"image":{"@id":"https:\/\/authleticwear.com\/sk\/product\/aluna-kratke-leginy-biela\/#primaryimage"},"thumbnailUrl":"https:\/\/authleticwear.com\/sk\/wp-content\/uploads\/sites\/4\/2024\/07\/SK-ALUNA-short-white-scaled.jpg","datePublished":"2024-07-23T15:48:39+00:00","dateModified":"2026-04-23T22:27:33+00:00","breadcrumb":{"@id":"https:\/\/authleticwear.com\/sk\/product\/aluna-kratke-leginy-biela\/#breadcrumb"},"inLanguage":"sk-SK","potentialAction":[{"@type":"ReadAction","target":["https:\/\/authleticwear.com\/sk\/product\/aluna-kratke-leginy-biela\/"]}]},{"@type":"ImageObject","inLanguage":"sk-SK","@id":"https:\/\/authleticwear.com\/sk\/product\/aluna-kratke-leginy-biela\/#primaryimage","url":"https:\/\/authleticwear.com\/sk\/wp-content\/uploads\/sites\/4\/2024\/07\/SK-ALUNA-short-white-scaled.jpg","contentUrl":"https:\/\/authleticwear.com\/sk\/wp-content\/uploads\/sites\/4\/2024\/07\/SK-ALUNA-short-white-scaled.jpg","width":1792,"height":2560},{"@type":"BreadcrumbList","@id":"https:\/\/authleticwear.com\/sk\/product\/aluna-kratke-leginy-biela\/#breadcrumb","itemListElement":[{"@type":"ListItem","position":1,"name":"Home","item":"https:\/\/authleticwear.com\/sk\/"},{"@type":"ListItem","position":2,"name":"Shop","item":"https:\/\/authleticwear.com\/sk\/shop\/"},{"@type":"ListItem","position":3,"name":"Aluna kr\u00e1tke leg\u00edny &#8211; Biela"}]},{"@type":"WebSite","@id":"https:\/\/authleticwear.com\/sk\/#website","url":"https:\/\/authleticwear.com\/sk\/","name":"Authletic SK","description":"I am Authentic. I am Athletic. I am Authletic.","publisher":{"@id":"https:\/\/authleticwear.com\/sk\/#organization"},"potentialAction":[{"@type":"SearchAction","target":{"@type":"EntryPoint","urlTemplate":"https:\/\/authleticwear.com\/sk\/?s={search_term_string}"},"query-input":{"@type":"PropertyValueSpecification","valueRequired":true,"valueName":"search_term_string"}}],"inLanguage":"sk-SK"},{"@type":"Organization","@id":"https:\/\/authleticwear.com\/sk\/#organization","name":"Authletic SK","url":"https:\/\/authleticwear.com\/sk\/","logo":{"@type":"ImageObject","inLanguage":"sk-SK","@id":"https:\/\/authleticwear.com\/sk\/#\/schema\/logo\/image\/","url":"https:\/\/authleticwear.com\/sk\/wp-content\/uploads\/sites\/4\/2023\/11\/logo-web-authletic.svg","contentUrl":"https:\/\/authleticwear.com\/sk\/wp-content\/uploads\/sites\/4\/2023\/11\/logo-web-authletic.svg","caption":"Authletic SK"},"image":{"@id":"https:\/\/authleticwear.com\/sk\/#\/schema\/logo\/image\/"},"sameAs":["https:\/\/facebook.com\/authletic\/","https:\/\/instagram.com\/authleticwear\/","https:\/\/tiktok.com\/@authletic"]}]}},"_links":{"self":[{"href":"https:\/\/authleticwear.com\/sk\/wp-json\/wp\/v2\/product\/1166","targetHints":{"allow":["GET"]}}],"collection":[{"href":"https:\/\/authleticwear.com\/sk\/wp-json\/wp\/v2\/product"}],"about":[{"href":"https:\/\/authleticwear.com\/sk\/wp-json\/wp\/v2\/types\/product"}],"replies":[{"embeddable":true,"href":"https:\/\/authleticwear.com\/sk\/wp-json\/wp\/v2\/comments?post=1166"}],"wp:featuredmedia":[{"embeddable":true,"href":"https:\/\/authleticwear.com\/sk\/wp-json\/wp\/v2\/media\/1781"}],"wp:attachment":[{"href":"https:\/\/authleticwear.com\/sk\/wp-json\/wp\/v2\/media?parent=1166"}],"wp:term":[{"taxonomy":"product_brand","embeddable":true,"href":"https:\/\/authleticwear.com\/sk\/wp-json\/wp\/v2\/product_brand?post=1166"},{"taxonomy":"product_cat","embeddable":true,"href":"https:\/\/authleticwear.com\/sk\/wp-json\/wp\/v2\/product_cat?post=1166"},{"taxonomy":"product_tag","embeddable":true,"href":"https:\/\/authleticwear.com\/sk\/wp-json\/wp\/v2\/product_tag?post=1166"}],"curies":[{"name":"wp","href":"https:\/\/api.w.org\/{rel}","templated":true}]}}