{"id":403,"date":"2023-11-15T15:31:28","date_gmt":"2023-11-15T15:31:28","guid":{"rendered":"http:\/\/authleticwear\/?page_id=403"},"modified":"2026-03-26T11:14:28","modified_gmt":"2026-03-26T11:14:28","slug":"delivery-and-returns","status":"publish","type":"page","link":"https:\/\/authleticwear.com\/sk\/delivery-and-returns\/","title":{"rendered":"Doru\u010denie a vr\u00e1tenie tovaru"},"content":{"rendered":"<h3>Doru\u010denie<\/h3>\n<p>Doru\u010dovanie zabezpe\u010duje kuri\u00e9rska spolo\u010dnos\u0165 GLS. Odhadovan\u00e1 dodacia lehota pre produkty na sklade je 2-5 pracovn\u00fdch dn\u00ed pre v\u0161etky objedn\u00e1vky v r\u00e1mci Eur\u00f3py. Doru\u010denie sa uskuto\u010dn\u00ed na adresu, ktor\u00fa ste uviedli pri zad\u00e1van\u00ed objedn\u00e1vky. Ak sa v \u010dase doru\u010denia na adrese nikto nenach\u00e1dza, m\u00f4\u017eete si objednan\u00e9 produkty vyzdvihn\u00fa\u0165 pod\u013ea pokynov doru\u010dovate\u013eskej spolo\u010dnosti.<\/p>\n<h3>Vr\u00e1tenie tovaru<\/h3>\n<p>Zak\u00fapen\u00fd tovar m\u00f4\u017eete vr\u00e1ti\u0165 do 30 dn\u00ed odo d\u0148a prevzatia tovaru.<\/p>\n<h5><strong>Ak ste si v\u00fdrobky zak\u00fapili po\u010das posledn\u00fdch 30 dn\u00ed, m\u00f4\u017eete ich vr\u00e1ti\u0165 a po\u017eiada\u0165 o vr\u00e1tenie pe\u0148az\u00ed alebo ich vymeni\u0165 za in\u00fd tovar bez udania d\u00f4vodu. Ak chcete za\u010da\u0165 s vr\u00e1ten\u00edm, vypl\u0148te ni\u017e\u0161ie uveden\u00fd formul\u00e1r:<\/strong><\/h5>\n<p><span style=\"color: #ff0000;\"><strong>Do prv\u00e9ho po\u013ea zadaj \u010d\u00edslo objedn\u00e1vky v tomto form\u00e1te:<\/strong><\/span><br \/>\n<span style=\"color: #ff0000;\"><strong>[AUTHSK]1234 (bez #)<\/strong><\/span><\/p>\n<p><span style=\"color: #ff0000;\"><strong>Do druh\u00e9ho po\u013ea zadaj svoju e mailov\u00fa adresu.<\/strong><\/span><\/p>\n<iframe id=\"orderManagementFormSk\" src-data=\"https:\/\/mainpublic.metakocka.si\/v1\/changeOrderForm?formId=dba940e5-5897-45d2-8838-edba3d771ef8&lang=sk_SK\" title=\"Change order form\" width=\"100%\" height=\"600\" style=\"border:0; max-height:600px;\">\r\n<\/iframe>\r\n\r\n<script>\r\n(function() {\r\n   const urlSearchParams = new URLSearchParams(window.location.search);\r\n   const params = Object.fromEntries(urlSearchParams.entries());\r\n\r\n   var iframe = document.getElementById(\"orderManagementFormSk\");\r\n   var iframeSrc = iframe.getAttribute(\"src-data\");\r\n\r\n   if (params.omf_user_session) {\r\n      iframeSrc += \"&omf_user_session=\" + params.omf_user_session;\r\n   }\r\n\r\n   iframe.setAttribute(\"src\", iframeSrc);\r\n})();\r\n<\/script>\r\n\n<p>Na dodr\u017eanie 30-d\u0148ovej lehoty na vr\u00e1tenie tovaru sta\u010d\u00ed tovar odosla\u0165 v\u010das a vyplni\u0165 a odosla\u0165 formul\u00e1r na vr\u00e1tenie tovaru. Pr\u00e1vo na vr\u00e1tenie tovaru plat\u00ed len v pr\u00edpade, ak je tovar vr\u00e1ten\u00fd v p\u00f4vodnom stave, nepo\u0161koden\u00fd a v p\u00f4vodnom obale. <strong>Tovar mus\u00ed by\u0165 v novom stave: nevyprat\u00fd, neporu\u0161en\u00fd s etiketami a v p\u00f4vodnom obale.<\/strong><\/p>\n<p><strong>Pri vr\u00e1ten\u00ed alebo v\u00fdmene\/vymenen\u00ed v\u00fdrobkov ich pros\u00edm za\u0161lite na adresu:<\/strong><br \/>\nAUTHLETIC d.o.o.<br \/>\nZapotok 123b,<br \/>\n1292 Ig<br \/>\nSI-Slovinsko (Slovenia)<\/p>\n<p><strong>Do bal\u00edka nezabudnite prilo\u017ei\u0165 fakt\u00faru alebo formul\u00e1r na vr\u00e1tenie tovaru &#8211; pom\u00f4\u017ee n\u00e1m to identifikova\u0165 v\u00e1s a hladko spracova\u0165 va\u0161u \u017eiados\u0165! Ak tovar vymie\u0148ate, l\u00e1skavo n\u00e1m ozn\u00e1mte, ktor\u00fd v\u00fdrobok chcete vymeni\u0165. Sme tu, aby sme v\u00e1m pomohli!<\/strong><\/p>\n<p><strong>N\u00e1klady na vr\u00e1tenie tovaru:<\/strong><br \/>\n1. Ak tovar vymie\u0148ate, plat\u00edte len za jeho zaslanie k n\u00e1m. V\u00e1\u0161 nov\u00fd tovar v\u00e1m za\u0161leme sp\u00e4\u0165 zadarmo!<br \/>\n2. Ak vraciate v\u00fdrobky, n\u00e1klady na dopravu id\u00fa na va\u0161u \u0165archu. Nem\u00f4\u017eeme prij\u00edma\u0165 z\u00e1sielky, ktor\u00e9 \u017eiadaj\u00fa platbu na dobierku. \u010eakujeme za pochopenie!<br \/>\n3. Ak n\u00e1m vr\u00e1tite v\u00fdrobky, ktor\u00e9 nesp\u013a\u0148aj\u00fa na\u0161e podmienky vr\u00e1tenia, budeme v\u00e1m ich musie\u0165 zasla\u0165 sp\u00e4\u0165 na va\u0161e n\u00e1klady.<\/p>\n<h3>Politika vr\u00e1tenia pe\u0148az\u00ed<\/h3>\n<p>K\u00fapnu cenu vr\u00e1ten\u00e9ho produktu vr\u00e1time do 14 dn\u00ed od prijatia reklam\u00e1cie alebo prijatia vr\u00e1ten\u00e9ho produktu.<\/p>\n<p>K\u00fapna cena bude vr\u00e1ten\u00e1 bankov\u00fdm prevodom na bankov\u00fd \u00fa\u010det kupuj\u00faceho. V pr\u00edpade platby vopred bude suma vr\u00e1ten\u00e1 rovnak\u00fdm sp\u00f4sobom platby, ak\u00e1 bola pou\u017eit\u00e1 pri n\u00e1kupe.<\/p>\n<h3>Oneskoren\u00e9 alebo nezrealizovan\u00e9 vr\u00e1tenie pe\u0148az\u00ed<\/h3>\n<p>Ak ste e\u0161te nedostali vr\u00e1ten\u00e9 peniaze, najprv skontrolujte svoj bankov\u00fd \u00fa\u010det. Potom sa obr\u00e1\u0165te na spolo\u010dnos\u0165, ktor\u00e1 vydala kreditn\u00fa kartu, preto\u017ee m\u00f4\u017ee chv\u00ed\u013eu trva\u0165, k\u00fdm bude vr\u00e1tenie pe\u0148az\u00ed ofici\u00e1lne spracovan\u00e9.<\/p>\n<p>Banke zvy\u010dajne trv\u00e1 nejak\u00fd \u010das, k\u00fdm spracuje platbu, aby mohla vr\u00e1ti\u0165 peniaze.<\/p>\n<p>Ak ste dokon\u010dili v\u0161etky vy\u0161\u0161ie uveden\u00e9 kroky a st\u00e1le ste nedostali vr\u00e1ten\u00e9 peniaze, kontaktujte n\u00e1s na adrese support@authleticwear.com.<\/p>\n<h3>V\u00fdmena tovaru<\/h3>\n<p>V\u00e1\u0161 tovar m\u00f4\u017eeme vymeni\u0165, ak bol pri dodan\u00ed po\u0161koden\u00fd alebo chybn\u00fd. Ak \u017eiadate nahradi\u0165 produkt identick\u00fdm produktom, po\u0161lite e-mail so v\u0161etk\u00fdmi podrobnos\u0165ami o va\u0161om n\u00e1kupe (meno, priezvisko, adresa, e-mailov\u00e1 adresa, ktor\u00fa ste pou\u017eili na uskuto\u010dnenie n\u00e1kupu a \u010d\u00edslo objedn\u00e1vky).<\/p>\n<h3>N\u00e1klady na vr\u00e1tenie tovaru<\/h3>\n<p>1. Ak tovar vymie\u0148ate, plat\u00edte len za jeho zaslanie k n\u00e1m. V\u00e1\u0161 nov\u00fd tovar v\u00e1m za\u0161leme sp\u00e4\u0165 zadarmo!<br \/>\n2. Ak vraciate v\u00fdrobky, n\u00e1klady na dopravu id\u00fa na va\u0161u \u0165archu. Nem\u00f4\u017eeme prij\u00edma\u0165 z\u00e1sielky, ktor\u00e9 \u017eiadaj\u00fa platbu na dobierku. \u010eakujeme za pochopenie!<br \/>\n3. Ak n\u00e1m vr\u00e1tite v\u00fdrobky, ktor\u00e9 nesp\u013a\u0148aj\u00fa na\u0161e podmienky vr\u00e1tenia, budeme v\u00e1m ich musie\u0165 zasla\u0165 sp\u00e4\u0165 na va\u0161e n\u00e1klady.<\/p>\n","protected":false},"excerpt":{"rendered":"<p>Doru\u010denie Doru\u010dovanie zabezpe\u010duje kuri\u00e9rska spolo\u010dnos\u0165 GLS. Odhadovan\u00e1 dodacia lehota pre produkty na sklade je 2-5 pracovn\u00fdch dn\u00ed pre v\u0161etky objedn\u00e1vky v r\u00e1mci Eur\u00f3py. Doru\u010denie sa uskuto\u010dn\u00ed na adresu, ktor\u00fa ste uviedli pri zad\u00e1van\u00ed objedn\u00e1vky. Ak sa v \u010dase doru\u010denia na adrese nikto nenach\u00e1dza, m\u00f4\u017eete si objednan\u00e9 produkty vyzdvihn\u00fa\u0165 pod\u013ea pokynov doru\u010dovate\u013eskej spolo\u010dnosti. Vr\u00e1tenie tovaru Zak\u00fapen\u00fd &#8230; <a title=\"Doru\u010denie a vr\u00e1tenie tovaru\" class=\"read-more\" href=\"https:\/\/authleticwear.com\/sk\/delivery-and-returns\/\" aria-label=\"Pre\u010d\u00edtajte si viac o Doru\u010denie a vr\u00e1tenie tovaru\">\u010c\u00edta\u0165 viac<\/a><\/p>\n","protected":false},"author":1,"featured_media":0,"parent":0,"menu_order":0,"comment_status":"closed","ping_status":"closed","template":"template-content-page.php","meta":{"_acf_changed":false,"bwfblock_default_font":"","inline_featured_image":false,"footnotes":""},"class_list":["post-403","page","type-page","status-publish"],"acf":[],"yoast_head":"<!-- This site is optimized with the Yoast SEO plugin v27.4 - https:\/\/yoast.com\/product\/yoast-seo-wordpress\/ -->\n<title>Doru\u010denie a vr\u00e1tenie tovaru - Authletic SK<\/title>\n<meta name=\"robots\" content=\"index, follow, max-snippet:-1, max-image-preview:large, max-video-preview:-1\" \/>\n<link rel=\"canonical\" href=\"https:\/\/authleticwear.com\/sk\/delivery-and-returns\/\" \/>\n<meta property=\"og:locale\" content=\"sk_SK\" \/>\n<meta property=\"og:type\" content=\"article\" \/>\n<meta property=\"og:title\" content=\"Doru\u010denie a vr\u00e1tenie tovaru - Authletic SK\" \/>\n<meta property=\"og:description\" content=\"Doru\u010denie Doru\u010dovanie zabezpe\u010duje kuri\u00e9rska spolo\u010dnos\u0165 GLS. Odhadovan\u00e1 dodacia lehota pre produkty na sklade je 2-5 pracovn\u00fdch dn\u00ed pre v\u0161etky objedn\u00e1vky v r\u00e1mci Eur\u00f3py. Doru\u010denie sa uskuto\u010dn\u00ed na adresu, ktor\u00fa ste uviedli pri zad\u00e1van\u00ed objedn\u00e1vky. Ak sa v \u010dase doru\u010denia na adrese nikto nenach\u00e1dza, m\u00f4\u017eete si objednan\u00e9 produkty vyzdvihn\u00fa\u0165 pod\u013ea pokynov doru\u010dovate\u013eskej spolo\u010dnosti. Vr\u00e1tenie tovaru Zak\u00fapen\u00fd ... \u010c\u00edta\u0165 viac\" \/>\n<meta property=\"og:url\" content=\"https:\/\/authleticwear.com\/sk\/delivery-and-returns\/\" \/>\n<meta property=\"og:site_name\" content=\"Authletic SK\" \/>\n<meta property=\"article:publisher\" content=\"https:\/\/facebook.com\/authletic\/\" \/>\n<meta property=\"article:modified_time\" content=\"2026-03-26T11:14:28+00:00\" \/>\n<meta property=\"og:image\" content=\"https:\/\/authleticwear.com\/sk\/wp-content\/uploads\/sites\/4\/2024\/08\/Home_page_desktop-scaled.jpg\" \/>\n\t<meta property=\"og:image:width\" content=\"2560\" \/>\n\t<meta property=\"og:image:height\" content=\"1765\" \/>\n\t<meta property=\"og:image:type\" content=\"image\/jpeg\" \/>\n<meta name=\"twitter:card\" content=\"summary_large_image\" \/>\n<meta name=\"twitter:label1\" content=\"Predpokladan\u00fd \u010das \u010d\u00edtania\" \/>\n\t<meta name=\"twitter:data1\" content=\"3 min\u00faty\" \/>\n<script type=\"application\/ld+json\" class=\"yoast-schema-graph\">{\"@context\":\"https:\\\/\\\/schema.org\",\"@graph\":[{\"@type\":\"WebPage\",\"@id\":\"https:\\\/\\\/authleticwear.com\\\/sk\\\/delivery-and-returns\\\/\",\"url\":\"https:\\\/\\\/authleticwear.com\\\/sk\\\/delivery-and-returns\\\/\",\"name\":\"Doru\u010denie a vr\u00e1tenie tovaru - Authletic SK\",\"isPartOf\":{\"@id\":\"https:\\\/\\\/authleticwear.com\\\/sk\\\/#website\"},\"datePublished\":\"2023-11-15T15:31:28+00:00\",\"dateModified\":\"2026-03-26T11:14:28+00:00\",\"breadcrumb\":{\"@id\":\"https:\\\/\\\/authleticwear.com\\\/sk\\\/delivery-and-returns\\\/#breadcrumb\"},\"inLanguage\":\"sk-SK\",\"potentialAction\":[{\"@type\":\"ReadAction\",\"target\":[\"https:\\\/\\\/authleticwear.com\\\/sk\\\/delivery-and-returns\\\/\"]}]},{\"@type\":\"BreadcrumbList\",\"@id\":\"https:\\\/\\\/authleticwear.com\\\/sk\\\/delivery-and-returns\\\/#breadcrumb\",\"itemListElement\":[{\"@type\":\"ListItem\",\"position\":1,\"name\":\"Home\",\"item\":\"https:\\\/\\\/authleticwear.com\\\/sk\\\/\"},{\"@type\":\"ListItem\",\"position\":2,\"name\":\"Doru\u010denie a vr\u00e1tenie tovaru\"}]},{\"@type\":\"WebSite\",\"@id\":\"https:\\\/\\\/authleticwear.com\\\/sk\\\/#website\",\"url\":\"https:\\\/\\\/authleticwear.com\\\/sk\\\/\",\"name\":\"Authletic SK\",\"description\":\"I am Authentic. I am Athletic. I am Authletic.\",\"publisher\":{\"@id\":\"https:\\\/\\\/authleticwear.com\\\/sk\\\/#organization\"},\"potentialAction\":[{\"@type\":\"SearchAction\",\"target\":{\"@type\":\"EntryPoint\",\"urlTemplate\":\"https:\\\/\\\/authleticwear.com\\\/sk\\\/?s={search_term_string}\"},\"query-input\":{\"@type\":\"PropertyValueSpecification\",\"valueRequired\":true,\"valueName\":\"search_term_string\"}}],\"inLanguage\":\"sk-SK\"},{\"@type\":\"Organization\",\"@id\":\"https:\\\/\\\/authleticwear.com\\\/sk\\\/#organization\",\"name\":\"Authletic SK\",\"url\":\"https:\\\/\\\/authleticwear.com\\\/sk\\\/\",\"logo\":{\"@type\":\"ImageObject\",\"inLanguage\":\"sk-SK\",\"@id\":\"https:\\\/\\\/authleticwear.com\\\/sk\\\/#\\\/schema\\\/logo\\\/image\\\/\",\"url\":\"https:\\\/\\\/authleticwear.com\\\/sk\\\/wp-content\\\/uploads\\\/sites\\\/4\\\/2023\\\/11\\\/logo-web-authletic.svg\",\"contentUrl\":\"https:\\\/\\\/authleticwear.com\\\/sk\\\/wp-content\\\/uploads\\\/sites\\\/4\\\/2023\\\/11\\\/logo-web-authletic.svg\",\"caption\":\"Authletic SK\"},\"image\":{\"@id\":\"https:\\\/\\\/authleticwear.com\\\/sk\\\/#\\\/schema\\\/logo\\\/image\\\/\"},\"sameAs\":[\"https:\\\/\\\/facebook.com\\\/authletic\\\/\",\"https:\\\/\\\/instagram.com\\\/authleticwear\\\/\",\"https:\\\/\\\/tiktok.com\\\/@authletic\"]}]}<\/script>\n<!-- \/ Yoast SEO plugin. -->","yoast_head_json":{"title":"Doru\u010denie a vr\u00e1tenie tovaru - Authletic SK","robots":{"index":"index","follow":"follow","max-snippet":"max-snippet:-1","max-image-preview":"max-image-preview:large","max-video-preview":"max-video-preview:-1"},"canonical":"https:\/\/authleticwear.com\/sk\/delivery-and-returns\/","og_locale":"sk_SK","og_type":"article","og_title":"Doru\u010denie a vr\u00e1tenie tovaru - Authletic SK","og_description":"Doru\u010denie Doru\u010dovanie zabezpe\u010duje kuri\u00e9rska spolo\u010dnos\u0165 GLS. Odhadovan\u00e1 dodacia lehota pre produkty na sklade je 2-5 pracovn\u00fdch dn\u00ed pre v\u0161etky objedn\u00e1vky v r\u00e1mci Eur\u00f3py. Doru\u010denie sa uskuto\u010dn\u00ed na adresu, ktor\u00fa ste uviedli pri zad\u00e1van\u00ed objedn\u00e1vky. Ak sa v \u010dase doru\u010denia na adrese nikto nenach\u00e1dza, m\u00f4\u017eete si objednan\u00e9 produkty vyzdvihn\u00fa\u0165 pod\u013ea pokynov doru\u010dovate\u013eskej spolo\u010dnosti. Vr\u00e1tenie tovaru Zak\u00fapen\u00fd ... \u010c\u00edta\u0165 viac","og_url":"https:\/\/authleticwear.com\/sk\/delivery-and-returns\/","og_site_name":"Authletic SK","article_publisher":"https:\/\/facebook.com\/authletic\/","article_modified_time":"2026-03-26T11:14:28+00:00","og_image":[{"width":2560,"height":1765,"url":"https:\/\/authleticwear.com\/sk\/wp-content\/uploads\/sites\/4\/2024\/08\/Home_page_desktop-scaled.jpg","type":"image\/jpeg"}],"twitter_card":"summary_large_image","twitter_misc":{"Predpokladan\u00fd \u010das \u010d\u00edtania":"3 min\u00faty"},"schema":{"@context":"https:\/\/schema.org","@graph":[{"@type":"WebPage","@id":"https:\/\/authleticwear.com\/sk\/delivery-and-returns\/","url":"https:\/\/authleticwear.com\/sk\/delivery-and-returns\/","name":"Doru\u010denie a vr\u00e1tenie tovaru - Authletic SK","isPartOf":{"@id":"https:\/\/authleticwear.com\/sk\/#website"},"datePublished":"2023-11-15T15:31:28+00:00","dateModified":"2026-03-26T11:14:28+00:00","breadcrumb":{"@id":"https:\/\/authleticwear.com\/sk\/delivery-and-returns\/#breadcrumb"},"inLanguage":"sk-SK","potentialAction":[{"@type":"ReadAction","target":["https:\/\/authleticwear.com\/sk\/delivery-and-returns\/"]}]},{"@type":"BreadcrumbList","@id":"https:\/\/authleticwear.com\/sk\/delivery-and-returns\/#breadcrumb","itemListElement":[{"@type":"ListItem","position":1,"name":"Home","item":"https:\/\/authleticwear.com\/sk\/"},{"@type":"ListItem","position":2,"name":"Doru\u010denie a vr\u00e1tenie tovaru"}]},{"@type":"WebSite","@id":"https:\/\/authleticwear.com\/sk\/#website","url":"https:\/\/authleticwear.com\/sk\/","name":"Authletic SK","description":"I am Authentic. I am Athletic. I am Authletic.","publisher":{"@id":"https:\/\/authleticwear.com\/sk\/#organization"},"potentialAction":[{"@type":"SearchAction","target":{"@type":"EntryPoint","urlTemplate":"https:\/\/authleticwear.com\/sk\/?s={search_term_string}"},"query-input":{"@type":"PropertyValueSpecification","valueRequired":true,"valueName":"search_term_string"}}],"inLanguage":"sk-SK"},{"@type":"Organization","@id":"https:\/\/authleticwear.com\/sk\/#organization","name":"Authletic SK","url":"https:\/\/authleticwear.com\/sk\/","logo":{"@type":"ImageObject","inLanguage":"sk-SK","@id":"https:\/\/authleticwear.com\/sk\/#\/schema\/logo\/image\/","url":"https:\/\/authleticwear.com\/sk\/wp-content\/uploads\/sites\/4\/2023\/11\/logo-web-authletic.svg","contentUrl":"https:\/\/authleticwear.com\/sk\/wp-content\/uploads\/sites\/4\/2023\/11\/logo-web-authletic.svg","caption":"Authletic SK"},"image":{"@id":"https:\/\/authleticwear.com\/sk\/#\/schema\/logo\/image\/"},"sameAs":["https:\/\/facebook.com\/authletic\/","https:\/\/instagram.com\/authleticwear\/","https:\/\/tiktok.com\/@authletic"]}]}},"_links":{"self":[{"href":"https:\/\/authleticwear.com\/sk\/wp-json\/wp\/v2\/pages\/403","targetHints":{"allow":["GET"]}}],"collection":[{"href":"https:\/\/authleticwear.com\/sk\/wp-json\/wp\/v2\/pages"}],"about":[{"href":"https:\/\/authleticwear.com\/sk\/wp-json\/wp\/v2\/types\/page"}],"author":[{"embeddable":true,"href":"https:\/\/authleticwear.com\/sk\/wp-json\/wp\/v2\/users\/1"}],"replies":[{"embeddable":true,"href":"https:\/\/authleticwear.com\/sk\/wp-json\/wp\/v2\/comments?post=403"}],"version-history":[{"count":5,"href":"https:\/\/authleticwear.com\/sk\/wp-json\/wp\/v2\/pages\/403\/revisions"}],"predecessor-version":[{"id":7100,"href":"https:\/\/authleticwear.com\/sk\/wp-json\/wp\/v2\/pages\/403\/revisions\/7100"}],"wp:attachment":[{"href":"https:\/\/authleticwear.com\/sk\/wp-json\/wp\/v2\/media?parent=403"}],"curies":[{"name":"wp","href":"https:\/\/api.w.org\/{rel}","templated":true}]}}