{"id":396,"date":"2023-11-15T15:27:50","date_gmt":"2023-11-15T15:27:50","guid":{"rendered":"http:\/\/authleticwear\/?page_id=396"},"modified":"2024-02-18T16:19:37","modified_gmt":"2024-02-18T16:19:37","slug":"privacy-policy","status":"publish","type":"page","link":"https:\/\/authleticwear.com\/sk\/privacy-policy\/","title":{"rendered":"Z\u00e1sady ochrany osobn\u00fdch \u00fadajov"},"content":{"rendered":"<h3>Ako pou\u017e\u00edvame va\u0161e \u00fadaje?<\/h3>\n<p>Pri n\u00e1kupe v na\u0161om obchode, ako neoddelite\u013en\u00fa s\u00fa\u010das\u0165 procesu predaja a n\u00e1kupu, zhroma\u017e\u010fujeme osobn\u00e9 \u00fadaje, ktor\u00e9 n\u00e1m poskytnete, napr\u00edklad va\u0161e meno, adresu a e-mailov\u00fa adresu.<\/p>\n<p>Pri prehliadan\u00ed n\u00e1\u0161ho obchodu automaticky z\u00edskavame aj adresu internetov\u00e9ho protokolu (IP) v\u00e1\u0161ho po\u010d\u00edta\u010da, preto\u017ee n\u00e1m poskytuje potrebn\u00e9 inform\u00e1cie o va\u0161om prehliada\u010di a opera\u010dnom syst\u00e9me.<\/p>\n<p>E-mailov\u00e1 reklama (ak existuje): Ak ste n\u00e1m dali v\u00fdslovn\u00fd s\u00fahlas, m\u00f4\u017eeme v\u00e1m posiela\u0165 e-maily o na\u0161om obchode, nov\u00fdch produktoch a in\u00fdch novink\u00e1ch.<\/p>\n<h3>Ako z\u00edskame v\u00e1\u0161 s\u00fahlas?<\/h3>\n<p>Ke\u010f n\u00e1m poskytnete osobn\u00e9 \u00fadaje na dokon\u010denie transakcie, potvrdenie kreditnej karty, odoslanie objedn\u00e1vky, objednanie doru\u010denia alebo vr\u00e1tenie zak\u00fapen\u00e9ho tovaru, znamen\u00e1 to z\u00e1rove\u0148, \u017ee s\u00fahlas\u00edte s t\u00fdm, aby sme tieto \u00fadaje zhroma\u017e\u010fovali a pou\u017e\u00edvali len na konkr\u00e9tny \u00fa\u010del, na ktor\u00fd ste ich poskytli.<\/p>\n<p>Ak v\u00e1s po\u017eiadame o osobn\u00e9 \u00fadaje z in\u00e9ho d\u00f4vodu, napr\u00edklad na reklamn\u00e9 \u00fa\u010dely, po\u017eiadame v\u00e1s priamo o v\u00fdslovn\u00fd s\u00fahlas alebo v\u00e1m pon\u00fakneme mo\u017enos\u0165 odmietnu\u0165 s\u00fahlas.<\/p>\n<h3>Ako m\u00f4\u017eete svoj s\u00fahlas odvola\u0165?<\/h3>\n<p>Ak si to po p\u00f4vodnom udelen\u00ed s\u00fahlasu rozmysl\u00edte, m\u00f4\u017eete svoj s\u00fahlas s t\u00fdm, aby sme v\u00e1s kontaktovali a pokra\u010dovali v zhroma\u017e\u010fovan\u00ed, sprac\u00favan\u00ed alebo prenose va\u0161ich \u00fadajov, odvola\u0165. M\u00f4\u017eete tak urobi\u0165 kedyko\u013evek zaslan\u00edm e-mailu na adresu support@authleticwear.com alebo po\u0161tou na adresu AUTHLETIC d.o.o., Zapotok 123b, 1292 Ig, Slovinsko.<\/p>\n<h3>Preposlanie<\/h3>\n<p>Va\u0161e \u00fadaje poskytneme len v pr\u00edpade, ak to vy\u017eaduje z\u00e1kon alebo v pr\u00edpade poru\u0161enia na\u0161ich zmluvn\u00fdch podmienok.<\/p>\n<h3>Platobn\u00fd syst\u00e9m<\/h3>\n<p>N\u00e1\u0161 obchod je umiestnen\u00fd na bezpe\u010dn\u00fdch a zabezpe\u010den\u00fdch. serveroch, ktor\u00e9 uchov\u00e1vaj\u00fa \u00fadaje bezpe\u010dne a s\u00fakromne.<\/p>\n<h5><strong>Platba<\/strong><\/h5>\n<p>Ak nakupujete prostredn\u00edctvom priamej platobnej br\u00e1ny, spolo\u010dnos\u0165 Authletic uchov\u00e1va \u00fadaje o va\u0161ej kreditnej karte. Tie s\u00fa \u0161ifrovan\u00e9 prostredn\u00edctvom PCI-DSS (Payment Card Industry Data Security Standard). Inform\u00e1cie o va\u0161om n\u00e1kupe a transakcii sa ukladaj\u00fa len na dobu potrebn\u00fa na dokon\u010denie transakcie a n\u00e1kupu syst\u00e9mom. Po dokon\u010den\u00ed sa inform\u00e1cie o va\u0161om n\u00e1kupe a transakcii vyma\u017e\u00fa.<\/p>\n<p>V\u0161etky br\u00e1ny pre priame platby funguj\u00fa pod\u013ea \u0161tandardov stanoven\u00fdch PCI-DSS, ktor\u00e9 spravuje Rada pre bezpe\u010dnostn\u00e9 \u0161tandardy PCI, spolo\u010dn\u00e9 \u00fasilie spolo\u010dnost\u00ed ako Visa, MasterCard, American Express a Discover.<\/p>\n<p>Po\u017eiadavky PCI-DSS pom\u00e1haj\u00fa zabezpe\u010di\u0165 bezpe\u010dn\u00fa spr\u00e1vu \u00fadajov o kreditn\u00fdch kart\u00e1ch v na\u0161ich obchodoch a u poskytovate\u013eov slu\u017eieb.<\/p>\n<h3>Tret\u00ed poskytovatelia slu\u017eieb<\/h3>\n<p>Tretie strany vo v\u0161eobecnosti zhroma\u017e\u010fuj\u00fa, sprac\u00favaj\u00fa a pren\u00e1\u0161aj\u00fa \u00fadaje len v rozsahu nevyhnutnom na to, aby mohli vykon\u00e1va\u0165 slu\u017eby, ktor\u00e9 si u n\u00e1s objednali.<\/p>\n<p>Niektor\u00ed poskytovatelia slu\u017eieb tret\u00edch str\u00e1n, ako napr\u00edklad platobn\u00e9 br\u00e1ny a in\u00ed spracovatelia platobn\u00fdch transakci\u00ed, v\u0161ak maj\u00fa z\u00e1sady ochrany osobn\u00fdch \u00fadajov, ktor\u00e9 sa t\u00fdkaj\u00fa inform\u00e1ci\u00ed, ktor\u00e9 im mus\u00edme poskytn\u00fa\u0165 na vykonanie transakci\u00ed s\u00favisiacich s va\u0161\u00edm n\u00e1kupom.<\/p>\n<p>Odpor\u00fa\u010dame v\u00e1m pre\u010d\u00edta\u0165 si z\u00e1sady ochrany osobn\u00fdch \u00fadajov tak\u00fdchto poskytovate\u013eov, aby ste pochopili, ako zaobch\u00e1dzaj\u00fa s va\u0161imi \u00fadajmi.<\/p>\n<p>Je d\u00f4le\u017eit\u00e9 si uvedomi\u0165, \u017ee niektor\u00ed poskytovatelia tret\u00edch str\u00e1n alebo ich obchodn\u00e9 jednotky sa nach\u00e1dzaj\u00fa v jurisdikci\u00e1ch s in\u00fdmi z\u00e1konmi, ako s\u00fa na\u0161e alebo va\u0161e. Preto ak povol\u00edte transakciu zah\u0155\u0148aj\u00facu slu\u017eby tretej strany, va\u0161e \u00fadaje poskytnut\u00e9 v r\u00e1mci transakcie m\u00f4\u017eu podlieha\u0165 z\u00e1konom miesta, kde sa nach\u00e1dza poskytovate\u013e slu\u017eieb alebo kde sa nach\u00e1dzaj\u00fa jeho obchodn\u00e9 priestory.<\/p>\n<p>Ak sa napr\u00edklad z\u00e1kazn\u00edk nach\u00e1dza v Nemecku a dokon\u010d\u00ed transakciu prostredn\u00edctvom platobnej br\u00e1ny nach\u00e1dzaj\u00facej sa v Spojen\u00fdch \u0161t\u00e1toch, osobn\u00e9 \u00fadaje z\u00e1kazn\u00edka potrebn\u00e9 na dokon\u010denie transakcie bud\u00fa podlieha\u0165 mo\u017en\u00e9mu zverejneniu, ak to vy\u017eaduj\u00fa z\u00e1kony USA.<\/p>\n<p>Ke\u010f opust\u00edte webov\u00fa lokalitu n\u00e1\u0161ho obchodu alebo budete presmerovan\u00ed na webov\u00fa lokalitu alebo aplik\u00e1ciu tretej strany, ustanovenia t\u00fdchto z\u00e1sad ochrany osobn\u00fdch \u00fadajov a na\u0161ich zmluvn\u00fdch podmienok prestan\u00fa plati\u0165.<\/p>\n<h5><strong>Odkazy<\/strong><\/h5>\n<p>Ke\u010f kliknete na odkaz na na\u0161ej str\u00e1nke, m\u00f4\u017ee v\u00e1s presmerova\u0165 na webov\u00e9 str\u00e1nky mimo na\u0161ej dom\u00e9ny. V takom pr\u00edpade nezodpoved\u00e1me za z\u00e1sady ochrany osobn\u00fdch \u00fadajov t\u00fdchto webov\u00fdch lokal\u00edt a odpor\u00fa\u010dame v\u00e1m, aby ste si pre\u010d\u00edtali vyhl\u00e1senia o ochrane osobn\u00fdch \u00fadajov na t\u00fdchto lokalit\u00e1ch.<\/p>\n<h3>Bezpe\u010dnos\u0165<\/h3>\n<p>Na ochranu va\u0161ich osobn\u00fdch \u00fadajov prij\u00edmame primeran\u00e9 bezpe\u010dnostn\u00e9 opatrenia a dodr\u017eiavame osved\u010den\u00e9 postupy v odvetv\u00ed, aby sme zabr\u00e1nili strate, zneu\u017eitiu, pr\u00edstupu, zverejneniu, zmene alebo zni\u010deniu va\u0161ich \u00fadajov.<\/p>\n<p>Inform\u00e1cie o kreditnej karte, ktor\u00e9 n\u00e1m poskytnete, s\u00fa \u0161ifrovan\u00e9 pomocou technol\u00f3gie Secure Socket Layer (SSL) a ulo\u017een\u00e9 pomocou \u0161ifrovania AES-256. Hoci \u017eiadna met\u00f3da prenosu \u00fadajov cez internet alebo elektronick\u00e9 \u00falo\u017eisko nie je 100 % bezpe\u010dn\u00e1, dodr\u017eiavame v\u0161etky pr\u00edsne po\u017eiadavky PCI-DSS a uplat\u0148ujeme aj \u010fal\u0161ie v\u0161eobecne uzn\u00e1van\u00e9 priemyseln\u00e9 normy.<\/p>\n<h3>S\u00fabory cookie<\/h3>\n<p>Spolo\u010dnos\u0165 Authletic (&#8222;my&#8220;, &#8222;n\u00e1s&#8220;, &#8222;na\u0161e&#8220; a in\u00e9 vhodn\u00e9 z\u00e1men\u00e1) pou\u017e\u00edva na webovej lokalite https:\/\/authleticwear.com\/ (\u010falej len &#8222;slu\u017eba&#8220;) s\u00fabory cookie. Pou\u017e\u00edvan\u00edm na\u0161ej slu\u017eby vyjadrujete s\u00fahlas s pou\u017e\u00edvan\u00edm s\u00faborov cookie.<\/p>\n<p>V \u010dasti o s\u00faboroch cookie je vysvetlen\u00e9, \u010do s\u00fa to s\u00fabory cookie, ako ich pou\u017e\u00edvame, ako ich pou\u017e\u00edvaj\u00fa tretie strany, s ktor\u00fdmi m\u00f4\u017eeme spolupracova\u0165, \u010do znamenaj\u00fa va\u0161e vo\u013eby t\u00fdkaj\u00face sa s\u00faborov cookie a poskytujeme \u010fal\u0161ie inform\u00e1cie o s\u00faboroch cookie.<\/p>\n<h5><strong>\u010co s\u00fa to s\u00fabory cookie?<\/strong><\/h5>\n<p>S\u00fabory cookie s\u00fa mal\u00e9 s\u00fabory, ktor\u00e9 v\u00e1\u0161 webov\u00fd prehliada\u010d uklad\u00e1 pri n\u00e1v\u0161teve webovej lokality. S\u00fabor cookie sa uklad\u00e1 vo va\u0161om prehliada\u010di a umo\u017e\u0148uje slu\u017ebe alebo tretej strane rozpozna\u0165 v\u00e1s a u\u013eah\u010di\u0165 va\u0161u \u010fal\u0161iu n\u00e1v\u0161tevu a v\u00fdrazne zjednodu\u0161i\u0165 slu\u017ebu.<\/p>\n<p>Existuj\u00fa dva typy s\u00faborov cookie, trval\u00e9 a do\u010dasn\u00e9 (\u0161pecifick\u00e9 pre rel\u00e1ciu).<\/p>\n<h5><strong>Ako webov\u00e1 lokalita Authletic pou\u017e\u00edva s\u00fabory cookie<\/strong><\/h5>\n<p>Ke\u010f pristupujete k na\u0161ej slu\u017ebe a pou\u017e\u00edvate ju, uklad\u00e1me do v\u00e1\u0161ho webov\u00e9ho prehliada\u010da nieko\u013eko s\u00faborov cookie.<\/p>\n<p>S\u00fabory cookie pou\u017e\u00edvame na tieto \u00fa\u010dely: na prev\u00e1dzku ur\u010dit\u00fdch funkci\u00ed na\u0161ej slu\u017eby a anal\u00fdzu, na ukladanie va\u0161ich predch\u00e1dzaj\u00facich v\u00fdberov, na zobrazovanie rekl\u00e1m a na cielen\u00fa reklamu.<\/p>\n<p>Na\u0161a slu\u017eba pou\u017e\u00edva trval\u00e9 aj do\u010dasn\u00e9 s\u00fabory cookie. Pou\u017e\u00edvame aj in\u00e9 typy s\u00faborov cookie, ktor\u00e9 s\u00fa potrebn\u00e9 na prev\u00e1dzku slu\u017eby.<\/p>\n<h5><strong>Naprosto nevyhnutn\u00e9 s\u00fabory cookie<\/strong><\/h5>\n<p>M\u00f4\u017eeme pou\u017e\u00edva\u0165 nevyhnutn\u00e9 s\u00fabory cookie na overenie pou\u017e\u00edvate\u013eov a zabr\u00e1nenie zneu\u017eitiu pou\u017e\u00edvate\u013esk\u00fdch \u00fa\u010dtov.<\/p>\n<h5><strong>S\u00fabory cookie tret\u00edch str\u00e1n<\/strong><\/h5>\n<p>Okrem na\u0161ich s\u00faborov cookie m\u00f4\u017eeme pou\u017e\u00edva\u0165 aj s\u00fabory cookie od r\u00f4znych tret\u00edch str\u00e1n na vykazovanie \u0161tatist\u00edk o pou\u017e\u00edvan\u00ed na\u0161ej slu\u017eby, doru\u010dovanie a zobrazovanie reklamy v slu\u017ebe at\u010f.<\/p>\n<h5><strong>\u010co znamenaj\u00fa va\u0161e vo\u013eby t\u00fdkaj\u00face sa s\u00faborov cookie?<\/strong><\/h5>\n<p>Ak chcete odstr\u00e1ni\u0165 s\u00fabory cookie alebo da\u0165 pokyn svojmu webov\u00e9mu prehliada\u010du na odstr\u00e1nenie a odmietnutie s\u00faborov cookie, nav\u0161t\u00edvte str\u00e1nky pomoci vo svojom prehliada\u010di.<\/p>\n<p>Nezabudnite: ak odstr\u00e1nite alebo zak\u00e1\u017eete s\u00fabory cookie, mo\u017eno nebudete ma\u0165 pr\u00edstup ku v\u0161etk\u00fdm slu\u017eb\u00e1m, ktor\u00e9 pon\u00fakame, mo\u017eno nebudete m\u00f4c\u0165 ulo\u017ei\u0165 svoje nastavenia a niektor\u00e9 na\u0161e str\u00e1nky sa nemusia zobrazova\u0165 spr\u00e1vne.<\/p>\n<h5><strong>Kde n\u00e1jdete \u010fal\u0161ie inform\u00e1cie o s\u00faboroch cookie?<\/strong><\/h5>\n<p>Inform\u00e1cie o s\u00faboroch cookie n\u00e1jdete na nasleduj\u00facich webov\u00fdch str\u00e1nkach mimo na\u0161ej dom\u00e9ny:<\/p>\n<p>AllAboutCookies: https:\/\/www.allaboutcookies.org\/<br \/>\nNetwork Advertising Initiative: https:\/\/www.networkadvertising.org\/<\/p>\n<h3>Vek s\u00fahlasu<\/h3>\n<p>Pou\u017e\u00edvan\u00edm tejto webovej lokality ako pou\u017e\u00edvate\u013e potvrdzujete, \u017ee ste plnolet\u00fd v krajine alebo regi\u00f3ne svojho bydliska a s\u00fahlas\u00edte s pou\u017e\u00edvan\u00edm na\u0161ej webovej lokality malolet\u00fdmi osobami, ktor\u00e9 s\u00fa od v\u00e1s z\u00e1visl\u00e9.<\/p>\n<h3>Zmeny v z\u00e1sad\u00e1ch ochrany osobn\u00fdch \u00fadajov<\/h3>\n<p>Vyhradzujeme si pr\u00e1vo na zmeny t\u00fdchto z\u00e1sad, preto ich mus\u00edte pravidelne nav\u0161tevova\u0165 a kontrolova\u0165. Zmeny a objasnenia s\u00fa \u00fa\u010dinn\u00e9 v \u010dase ich zverejnenia na webovej lokalite. V pr\u00edpade podstatn\u00fdch zmien z\u00e1sad v\u00e1s tu upozorn\u00edme, \u017ee z\u00e1sady ochrany osobn\u00fdch \u00fadajov boli aktualizovan\u00e9, aby ste vedeli, ak\u00e9 inform\u00e1cie zhroma\u017e\u010fujeme, ako ich pou\u017e\u00edvame a za ak\u00fdch podmienok ich pr\u00edpadne pou\u017e\u00edvame a\/alebo zverej\u0148ujeme.<\/p>\n<p>Ak n\u00e1\u0161 obchod z\u00edska in\u00e1 spolo\u010dnos\u0165 alebo sa s \u0148ou zl\u00fa\u010di, va\u0161e \u00fadaje m\u00f4\u017eu by\u0165 prenesen\u00e9 na druh\u00e9ho vlastn\u00edka, aby v\u00e1m mohol na\u010falej pon\u00faka\u0165 a pred\u00e1va\u0165 produkty, ktor\u00e9 chcete.<\/p>\n<h5><strong>Dotazn\u00edky a kontaktn\u00e9 inform\u00e1cie<\/strong><\/h5>\n<p>Ak chcete z\u00edska\u0165 pr\u00edstup k osobn\u00fdm \u00fadajom, ktor\u00e9 o v\u00e1s uchov\u00e1vame, opravi\u0165 ich, zmeni\u0165 alebo vymaza\u0165, ak chcete poda\u0165 s\u0165a\u017enos\u0165 alebo ak jednoducho chcete z\u00edska\u0165 \u010fal\u0161ie inform\u00e1cie, obr\u00e1\u0165te sa na n\u00e1\u0161ho \u00faradn\u00edka pre ochranu \u00fadajov na adrese support@authleticwear.com k alebo n\u00e1m nap\u00ed\u0161te na adresu AUTHLETIC d.o.o., Zapotok 123b, 1292 Ig, Slovinsko.<\/p>\n","protected":false},"excerpt":{"rendered":"<p>Ako pou\u017e\u00edvame va\u0161e \u00fadaje? Pri n\u00e1kupe v na\u0161om obchode, ako neoddelite\u013en\u00fa s\u00fa\u010das\u0165 procesu predaja a n\u00e1kupu, zhroma\u017e\u010fujeme osobn\u00e9 \u00fadaje, ktor\u00e9 n\u00e1m poskytnete, napr\u00edklad va\u0161e meno, adresu a e-mailov\u00fa adresu. Pri prehliadan\u00ed n\u00e1\u0161ho obchodu automaticky z\u00edskavame aj adresu internetov\u00e9ho protokolu (IP) v\u00e1\u0161ho po\u010d\u00edta\u010da, preto\u017ee n\u00e1m poskytuje potrebn\u00e9 inform\u00e1cie o va\u0161om prehliada\u010di a opera\u010dnom syst\u00e9me. E-mailov\u00e1 reklama &#8230; <a title=\"Z\u00e1sady ochrany osobn\u00fdch \u00fadajov\" class=\"read-more\" href=\"https:\/\/authleticwear.com\/sk\/privacy-policy\/\" aria-label=\"Pre\u010d\u00edtajte si viac o Z\u00e1sady ochrany osobn\u00fdch \u00fadajov\">\u010c\u00edta\u0165 viac<\/a><\/p>\n","protected":false},"author":1,"featured_media":0,"parent":0,"menu_order":0,"comment_status":"closed","ping_status":"closed","template":"template-content-page.php","meta":{"_acf_changed":false,"bwfblock_default_font":"","inline_featured_image":false,"footnotes":""},"class_list":["post-396","page","type-page","status-publish"],"acf":[],"yoast_head":"<!-- This site is optimized with the Yoast SEO plugin v27.4 - https:\/\/yoast.com\/product\/yoast-seo-wordpress\/ -->\n<title>Z\u00e1sady ochrany osobn\u00fdch \u00fadajov - Authletic SK<\/title>\n<meta name=\"robots\" content=\"index, follow, max-snippet:-1, max-image-preview:large, max-video-preview:-1\" \/>\n<link rel=\"canonical\" href=\"https:\/\/authleticwear.com\/sk\/privacy-policy\/\" \/>\n<meta property=\"og:locale\" content=\"sk_SK\" \/>\n<meta property=\"og:type\" content=\"article\" \/>\n<meta property=\"og:title\" content=\"Z\u00e1sady ochrany osobn\u00fdch \u00fadajov - Authletic SK\" \/>\n<meta property=\"og:description\" content=\"Ako pou\u017e\u00edvame va\u0161e \u00fadaje? Pri n\u00e1kupe v na\u0161om obchode, ako neoddelite\u013en\u00fa s\u00fa\u010das\u0165 procesu predaja a n\u00e1kupu, zhroma\u017e\u010fujeme osobn\u00e9 \u00fadaje, ktor\u00e9 n\u00e1m poskytnete, napr\u00edklad va\u0161e meno, adresu a e-mailov\u00fa adresu. Pri prehliadan\u00ed n\u00e1\u0161ho obchodu automaticky z\u00edskavame aj adresu internetov\u00e9ho protokolu (IP) v\u00e1\u0161ho po\u010d\u00edta\u010da, preto\u017ee n\u00e1m poskytuje potrebn\u00e9 inform\u00e1cie o va\u0161om prehliada\u010di a opera\u010dnom syst\u00e9me. E-mailov\u00e1 reklama ... \u010c\u00edta\u0165 viac\" \/>\n<meta property=\"og:url\" content=\"https:\/\/authleticwear.com\/sk\/privacy-policy\/\" \/>\n<meta property=\"og:site_name\" content=\"Authletic SK\" \/>\n<meta property=\"article:publisher\" content=\"https:\/\/facebook.com\/authletic\/\" \/>\n<meta property=\"article:modified_time\" content=\"2024-02-18T16:19:37+00:00\" \/>\n<meta property=\"og:image\" content=\"https:\/\/authleticwear.com\/sk\/wp-content\/uploads\/sites\/4\/2024\/08\/Home_page_desktop-scaled.jpg\" \/>\n\t<meta property=\"og:image:width\" content=\"2560\" \/>\n\t<meta property=\"og:image:height\" content=\"1765\" \/>\n\t<meta property=\"og:image:type\" content=\"image\/jpeg\" \/>\n<meta name=\"twitter:card\" content=\"summary_large_image\" \/>\n<meta name=\"twitter:label1\" content=\"Predpokladan\u00fd \u010das \u010d\u00edtania\" \/>\n\t<meta name=\"twitter:data1\" content=\"8 min\u00fat\" \/>\n<script type=\"application\/ld+json\" class=\"yoast-schema-graph\">{\"@context\":\"https:\\\/\\\/schema.org\",\"@graph\":[{\"@type\":\"WebPage\",\"@id\":\"https:\\\/\\\/authleticwear.com\\\/sk\\\/privacy-policy\\\/\",\"url\":\"https:\\\/\\\/authleticwear.com\\\/sk\\\/privacy-policy\\\/\",\"name\":\"Z\u00e1sady ochrany osobn\u00fdch \u00fadajov - Authletic SK\",\"isPartOf\":{\"@id\":\"https:\\\/\\\/authleticwear.com\\\/sk\\\/#website\"},\"datePublished\":\"2023-11-15T15:27:50+00:00\",\"dateModified\":\"2024-02-18T16:19:37+00:00\",\"breadcrumb\":{\"@id\":\"https:\\\/\\\/authleticwear.com\\\/sk\\\/privacy-policy\\\/#breadcrumb\"},\"inLanguage\":\"sk-SK\",\"potentialAction\":[{\"@type\":\"ReadAction\",\"target\":[\"https:\\\/\\\/authleticwear.com\\\/sk\\\/privacy-policy\\\/\"]}]},{\"@type\":\"BreadcrumbList\",\"@id\":\"https:\\\/\\\/authleticwear.com\\\/sk\\\/privacy-policy\\\/#breadcrumb\",\"itemListElement\":[{\"@type\":\"ListItem\",\"position\":1,\"name\":\"Home\",\"item\":\"https:\\\/\\\/authleticwear.com\\\/sk\\\/\"},{\"@type\":\"ListItem\",\"position\":2,\"name\":\"Z\u00e1sady ochrany osobn\u00fdch \u00fadajov\"}]},{\"@type\":\"WebSite\",\"@id\":\"https:\\\/\\\/authleticwear.com\\\/sk\\\/#website\",\"url\":\"https:\\\/\\\/authleticwear.com\\\/sk\\\/\",\"name\":\"Authletic SK\",\"description\":\"I am Authentic. I am Athletic. I am Authletic.\",\"publisher\":{\"@id\":\"https:\\\/\\\/authleticwear.com\\\/sk\\\/#organization\"},\"potentialAction\":[{\"@type\":\"SearchAction\",\"target\":{\"@type\":\"EntryPoint\",\"urlTemplate\":\"https:\\\/\\\/authleticwear.com\\\/sk\\\/?s={search_term_string}\"},\"query-input\":{\"@type\":\"PropertyValueSpecification\",\"valueRequired\":true,\"valueName\":\"search_term_string\"}}],\"inLanguage\":\"sk-SK\"},{\"@type\":\"Organization\",\"@id\":\"https:\\\/\\\/authleticwear.com\\\/sk\\\/#organization\",\"name\":\"Authletic SK\",\"url\":\"https:\\\/\\\/authleticwear.com\\\/sk\\\/\",\"logo\":{\"@type\":\"ImageObject\",\"inLanguage\":\"sk-SK\",\"@id\":\"https:\\\/\\\/authleticwear.com\\\/sk\\\/#\\\/schema\\\/logo\\\/image\\\/\",\"url\":\"https:\\\/\\\/authleticwear.com\\\/sk\\\/wp-content\\\/uploads\\\/sites\\\/4\\\/2023\\\/11\\\/logo-web-authletic.svg\",\"contentUrl\":\"https:\\\/\\\/authleticwear.com\\\/sk\\\/wp-content\\\/uploads\\\/sites\\\/4\\\/2023\\\/11\\\/logo-web-authletic.svg\",\"caption\":\"Authletic SK\"},\"image\":{\"@id\":\"https:\\\/\\\/authleticwear.com\\\/sk\\\/#\\\/schema\\\/logo\\\/image\\\/\"},\"sameAs\":[\"https:\\\/\\\/facebook.com\\\/authletic\\\/\",\"https:\\\/\\\/instagram.com\\\/authleticwear\\\/\",\"https:\\\/\\\/tiktok.com\\\/@authletic\"]}]}<\/script>\n<!-- \/ Yoast SEO plugin. -->","yoast_head_json":{"title":"Z\u00e1sady ochrany osobn\u00fdch \u00fadajov - Authletic SK","robots":{"index":"index","follow":"follow","max-snippet":"max-snippet:-1","max-image-preview":"max-image-preview:large","max-video-preview":"max-video-preview:-1"},"canonical":"https:\/\/authleticwear.com\/sk\/privacy-policy\/","og_locale":"sk_SK","og_type":"article","og_title":"Z\u00e1sady ochrany osobn\u00fdch \u00fadajov - Authletic SK","og_description":"Ako pou\u017e\u00edvame va\u0161e \u00fadaje? Pri n\u00e1kupe v na\u0161om obchode, ako neoddelite\u013en\u00fa s\u00fa\u010das\u0165 procesu predaja a n\u00e1kupu, zhroma\u017e\u010fujeme osobn\u00e9 \u00fadaje, ktor\u00e9 n\u00e1m poskytnete, napr\u00edklad va\u0161e meno, adresu a e-mailov\u00fa adresu. Pri prehliadan\u00ed n\u00e1\u0161ho obchodu automaticky z\u00edskavame aj adresu internetov\u00e9ho protokolu (IP) v\u00e1\u0161ho po\u010d\u00edta\u010da, preto\u017ee n\u00e1m poskytuje potrebn\u00e9 inform\u00e1cie o va\u0161om prehliada\u010di a opera\u010dnom syst\u00e9me. E-mailov\u00e1 reklama ... \u010c\u00edta\u0165 viac","og_url":"https:\/\/authleticwear.com\/sk\/privacy-policy\/","og_site_name":"Authletic SK","article_publisher":"https:\/\/facebook.com\/authletic\/","article_modified_time":"2024-02-18T16:19:37+00:00","og_image":[{"width":2560,"height":1765,"url":"https:\/\/authleticwear.com\/sk\/wp-content\/uploads\/sites\/4\/2024\/08\/Home_page_desktop-scaled.jpg","type":"image\/jpeg"}],"twitter_card":"summary_large_image","twitter_misc":{"Predpokladan\u00fd \u010das \u010d\u00edtania":"8 min\u00fat"},"schema":{"@context":"https:\/\/schema.org","@graph":[{"@type":"WebPage","@id":"https:\/\/authleticwear.com\/sk\/privacy-policy\/","url":"https:\/\/authleticwear.com\/sk\/privacy-policy\/","name":"Z\u00e1sady ochrany osobn\u00fdch \u00fadajov - Authletic SK","isPartOf":{"@id":"https:\/\/authleticwear.com\/sk\/#website"},"datePublished":"2023-11-15T15:27:50+00:00","dateModified":"2024-02-18T16:19:37+00:00","breadcrumb":{"@id":"https:\/\/authleticwear.com\/sk\/privacy-policy\/#breadcrumb"},"inLanguage":"sk-SK","potentialAction":[{"@type":"ReadAction","target":["https:\/\/authleticwear.com\/sk\/privacy-policy\/"]}]},{"@type":"BreadcrumbList","@id":"https:\/\/authleticwear.com\/sk\/privacy-policy\/#breadcrumb","itemListElement":[{"@type":"ListItem","position":1,"name":"Home","item":"https:\/\/authleticwear.com\/sk\/"},{"@type":"ListItem","position":2,"name":"Z\u00e1sady ochrany osobn\u00fdch \u00fadajov"}]},{"@type":"WebSite","@id":"https:\/\/authleticwear.com\/sk\/#website","url":"https:\/\/authleticwear.com\/sk\/","name":"Authletic SK","description":"I am Authentic. I am Athletic. I am Authletic.","publisher":{"@id":"https:\/\/authleticwear.com\/sk\/#organization"},"potentialAction":[{"@type":"SearchAction","target":{"@type":"EntryPoint","urlTemplate":"https:\/\/authleticwear.com\/sk\/?s={search_term_string}"},"query-input":{"@type":"PropertyValueSpecification","valueRequired":true,"valueName":"search_term_string"}}],"inLanguage":"sk-SK"},{"@type":"Organization","@id":"https:\/\/authleticwear.com\/sk\/#organization","name":"Authletic SK","url":"https:\/\/authleticwear.com\/sk\/","logo":{"@type":"ImageObject","inLanguage":"sk-SK","@id":"https:\/\/authleticwear.com\/sk\/#\/schema\/logo\/image\/","url":"https:\/\/authleticwear.com\/sk\/wp-content\/uploads\/sites\/4\/2023\/11\/logo-web-authletic.svg","contentUrl":"https:\/\/authleticwear.com\/sk\/wp-content\/uploads\/sites\/4\/2023\/11\/logo-web-authletic.svg","caption":"Authletic SK"},"image":{"@id":"https:\/\/authleticwear.com\/sk\/#\/schema\/logo\/image\/"},"sameAs":["https:\/\/facebook.com\/authletic\/","https:\/\/instagram.com\/authleticwear\/","https:\/\/tiktok.com\/@authletic"]}]}},"_links":{"self":[{"href":"https:\/\/authleticwear.com\/sk\/wp-json\/wp\/v2\/pages\/396","targetHints":{"allow":["GET"]}}],"collection":[{"href":"https:\/\/authleticwear.com\/sk\/wp-json\/wp\/v2\/pages"}],"about":[{"href":"https:\/\/authleticwear.com\/sk\/wp-json\/wp\/v2\/types\/page"}],"author":[{"embeddable":true,"href":"https:\/\/authleticwear.com\/sk\/wp-json\/wp\/v2\/users\/1"}],"replies":[{"embeddable":true,"href":"https:\/\/authleticwear.com\/sk\/wp-json\/wp\/v2\/comments?post=396"}],"version-history":[{"count":3,"href":"https:\/\/authleticwear.com\/sk\/wp-json\/wp\/v2\/pages\/396\/revisions"}],"predecessor-version":[{"id":788,"href":"https:\/\/authleticwear.com\/sk\/wp-json\/wp\/v2\/pages\/396\/revisions\/788"}],"wp:attachment":[{"href":"https:\/\/authleticwear.com\/sk\/wp-json\/wp\/v2\/media?parent=396"}],"curies":[{"name":"wp","href":"https:\/\/api.w.org\/{rel}","templated":true}]}}