{"id":394,"date":"2023-11-15T15:26:33","date_gmt":"2023-11-15T15:26:33","guid":{"rendered":"http:\/\/authleticwear\/?page_id=394"},"modified":"2025-09-16T15:14:00","modified_gmt":"2025-09-16T15:14:00","slug":"contact-faq","status":"publish","type":"page","link":"https:\/\/authleticwear.com\/sk\/contact-faq\/","title":{"rendered":"Kontakt\/FAQ"},"content":{"rendered":"<p>M\u00e1te ot\u00e1zku, kompliment alebo sa len chcete podeli\u0165 o svoj najnov\u0161\u00ed vtip z posil\u0148ovne? Sme tu pre v\u00e1s sedem dn\u00ed v t\u00fd\u017edni a odpoved\u00e1me r\u00fdchlej\u0161ie, ako dok\u00e1\u017eete poveda\u0165 \u201em\u0155tvy \u0165ah\u201c! Ak n\u00e1s chcete kontaktova\u0165, vypl\u0148te pros\u00edm kontaktn\u00fd formul\u00e1r ni\u017e\u0161ie.<\/p>\n<p><strong>Ak chcete vymeni\u0165 alebo vr\u00e1ti\u0165 svoje produkty, postupujte pod\u013ea pokynov, <a href=\"https:\/\/authleticwear.com\/sk\/delivery-and-returns\/\">ktor\u00e9 n\u00e1jdete tu.<\/a><\/strong><\/p>\n\n<div class=\"wpcf7 no-js\" id=\"wpcf7-f668-o1\" lang=\"en-US\" dir=\"ltr\" data-wpcf7-id=\"668\">\n<div class=\"screen-reader-response\"><p role=\"status\" aria-live=\"polite\" aria-atomic=\"true\"><\/p> <ul><\/ul><\/div>\n<form action=\"\/sk\/wp-json\/wp\/v2\/pages\/394#wpcf7-f668-o1\" method=\"post\" class=\"wpcf7-form init\" aria-label=\"Contact form\" novalidate=\"novalidate\" data-status=\"init\">\n<fieldset class=\"hidden-fields-container\"><input type=\"hidden\" name=\"_wpcf7\" value=\"668\" \/><input type=\"hidden\" name=\"_wpcf7_version\" value=\"6.1.5\" \/><input type=\"hidden\" name=\"_wpcf7_locale\" value=\"en_US\" \/><input type=\"hidden\" name=\"_wpcf7_unit_tag\" value=\"wpcf7-f668-o1\" \/><input type=\"hidden\" name=\"_wpcf7_container_post\" value=\"0\" \/><input type=\"hidden\" name=\"_wpcf7_posted_data_hash\" value=\"\" \/><input type=\"hidden\" name=\"_wpcf7_recaptcha_response\" value=\"\" \/>\n<\/fieldset>\n<div class=\"contact-wrapper\">\n\t<h3>Kontaktujte n\u00e1s:\n\t<\/h3>\n\t<div class=\"contact-wrapper-inner\">\n\t\t<div class=\"first-row row-cf double\">\n\t\t\t<p><label><br \/>\n<span class=\"wpcf7-form-control-wrap\" data-name=\"your-name\"><input size=\"40\" maxlength=\"400\" class=\"wpcf7-form-control wpcf7-text wpcf7-validates-as-required\" autocomplete=\"name\" aria-required=\"true\" aria-invalid=\"false\" placeholder=\"Va\u0161e meno\" value=\"\" type=\"text\" name=\"your-name\" \/><\/span> <\/label><br \/>\n<label><br \/>\n<span class=\"wpcf7-form-control-wrap\" data-name=\"your-email\"><input size=\"40\" maxlength=\"400\" class=\"wpcf7-form-control wpcf7-email wpcf7-validates-as-required wpcf7-text wpcf7-validates-as-email\" autocomplete=\"email\" aria-required=\"true\" aria-invalid=\"false\" placeholder=\"V\u00e1\u0161 e-mail\" value=\"\" type=\"email\" name=\"your-email\" \/><\/span> <\/label>\n\t\t\t<\/p>\n\t\t<\/div>\n\t\t<div class=\"second-row row-cf double\">\n\t\t\t<p><label><br \/>\n<span class=\"wpcf7-form-control-wrap\" data-name=\"your-subject\"><input size=\"40\" maxlength=\"400\" class=\"wpcf7-form-control wpcf7-text wpcf7-validates-as-required\" aria-required=\"true\" aria-invalid=\"false\" placeholder=\"Na \u010do sa n\u00e1s chcete op\u00fdta\u0165?\" value=\"\" type=\"text\" name=\"your-subject\" \/><\/span> <\/label><br \/>\n<label><br \/>\n<span class=\"wpcf7-form-control-wrap\" data-name=\"your-order\"><input size=\"40\" maxlength=\"400\" class=\"wpcf7-form-control wpcf7-text\" aria-invalid=\"false\" placeholder=\"\u010c\u00edslo objedn\u00e1vky  (volite\u013en\u00e9)\" value=\"\" type=\"text\" name=\"your-order\" \/><\/span> <\/label>\n\t\t\t<\/p>\n\t\t<\/div>\n\t\t<div class=\"third-row row-cf\">\n\t\t\t<p><label><br \/>\n<span class=\"wpcf7-form-control-wrap\" data-name=\"your-message\"><textarea cols=\"40\" rows=\"10\" maxlength=\"2000\" class=\"wpcf7-form-control wpcf7-textarea\" aria-invalid=\"false\" placeholder=\"Va\u0161a spr\u00e1va\" name=\"your-message\"><\/textarea><\/span> <\/label>\n\t\t\t<\/p>\n\t\t<\/div>\n\t\t<p><input class=\"wpcf7-form-control wpcf7-submit has-spinner\" type=\"submit\" value=\"Odosla\u0165\" \/>\n\t\t<\/p>\n\t<\/div>\n<\/div><div class=\"wpcf7-response-output\" aria-hidden=\"true\"><\/div>\n<\/form>\n<\/div>\n\n<p><strong>A nikdy nezabudnite na na\u0161u mantru: \u201cLove, Lift, Laugh.\u201d<\/strong><\/p>\n","protected":false},"excerpt":{"rendered":"<p>M\u00e1te ot\u00e1zku, kompliment alebo sa len chcete podeli\u0165 o svoj najnov\u0161\u00ed vtip z posil\u0148ovne? Sme tu pre v\u00e1s sedem dn\u00ed v t\u00fd\u017edni a odpoved\u00e1me r\u00fdchlej\u0161ie, ako dok\u00e1\u017eete poveda\u0165 \u201em\u0155tvy \u0165ah\u201c! Ak n\u00e1s chcete kontaktova\u0165, vypl\u0148te pros\u00edm kontaktn\u00fd formul\u00e1r ni\u017e\u0161ie. Ak chcete vymeni\u0165 alebo vr\u00e1ti\u0165 svoje produkty, postupujte pod\u013ea pokynov, ktor\u00e9 n\u00e1jdete tu. A nikdy nezabudnite &#8230; <a title=\"Kontakt\/FAQ\" class=\"read-more\" href=\"https:\/\/authleticwear.com\/sk\/contact-faq\/\" aria-label=\"Pre\u010d\u00edtajte si viac o Kontakt\/FAQ\">\u010c\u00edta\u0165 viac<\/a><\/p>\n","protected":false},"author":1,"featured_media":0,"parent":0,"menu_order":0,"comment_status":"closed","ping_status":"closed","template":"template-content-page.php","meta":{"_acf_changed":false,"bwfblock_default_font":"","inline_featured_image":false,"footnotes":""},"class_list":["post-394","page","type-page","status-publish"],"acf":[],"yoast_head":"<!-- This site is optimized with the Yoast SEO plugin v27.4 - https:\/\/yoast.com\/product\/yoast-seo-wordpress\/ -->\n<title>Kontakt\/FAQ - Authletic SK<\/title>\n<meta name=\"robots\" content=\"index, follow, max-snippet:-1, max-image-preview:large, max-video-preview:-1\" \/>\n<link rel=\"canonical\" href=\"https:\/\/authleticwear.com\/sk\/contact-faq\/\" \/>\n<meta property=\"og:locale\" content=\"sk_SK\" \/>\n<meta property=\"og:type\" content=\"article\" \/>\n<meta property=\"og:title\" content=\"Kontakt\/FAQ - Authletic SK\" \/>\n<meta property=\"og:description\" content=\"M\u00e1te ot\u00e1zku, kompliment alebo sa len chcete podeli\u0165 o svoj najnov\u0161\u00ed vtip z posil\u0148ovne? Sme tu pre v\u00e1s sedem dn\u00ed v t\u00fd\u017edni a odpoved\u00e1me r\u00fdchlej\u0161ie, ako dok\u00e1\u017eete poveda\u0165 \u201em\u0155tvy \u0165ah\u201c! Ak n\u00e1s chcete kontaktova\u0165, vypl\u0148te pros\u00edm kontaktn\u00fd formul\u00e1r ni\u017e\u0161ie. Ak chcete vymeni\u0165 alebo vr\u00e1ti\u0165 svoje produkty, postupujte pod\u013ea pokynov, ktor\u00e9 n\u00e1jdete tu. A nikdy nezabudnite ... \u010c\u00edta\u0165 viac\" \/>\n<meta property=\"og:url\" content=\"https:\/\/authleticwear.com\/sk\/contact-faq\/\" \/>\n<meta property=\"og:site_name\" content=\"Authletic SK\" \/>\n<meta property=\"article:publisher\" content=\"https:\/\/facebook.com\/authletic\/\" \/>\n<meta property=\"article:modified_time\" content=\"2025-09-16T15:14:00+00:00\" \/>\n<meta property=\"og:image\" content=\"https:\/\/authleticwear.com\/sk\/wp-content\/uploads\/sites\/4\/2024\/08\/Home_page_desktop-scaled.jpg\" \/>\n\t<meta property=\"og:image:width\" content=\"2560\" \/>\n\t<meta property=\"og:image:height\" content=\"1765\" \/>\n\t<meta property=\"og:image:type\" content=\"image\/jpeg\" \/>\n<meta name=\"twitter:card\" content=\"summary_large_image\" \/>\n<meta name=\"twitter:label1\" content=\"Predpokladan\u00fd \u010das \u010d\u00edtania\" \/>\n\t<meta name=\"twitter:data1\" content=\"1 min\u00fata\" \/>\n<script type=\"application\/ld+json\" class=\"yoast-schema-graph\">{\"@context\":\"https:\\\/\\\/schema.org\",\"@graph\":[{\"@type\":\"WebPage\",\"@id\":\"https:\\\/\\\/authleticwear.com\\\/sk\\\/contact-faq\\\/\",\"url\":\"https:\\\/\\\/authleticwear.com\\\/sk\\\/contact-faq\\\/\",\"name\":\"Kontakt\\\/FAQ - Authletic SK\",\"isPartOf\":{\"@id\":\"https:\\\/\\\/authleticwear.com\\\/sk\\\/#website\"},\"datePublished\":\"2023-11-15T15:26:33+00:00\",\"dateModified\":\"2025-09-16T15:14:00+00:00\",\"breadcrumb\":{\"@id\":\"https:\\\/\\\/authleticwear.com\\\/sk\\\/contact-faq\\\/#breadcrumb\"},\"inLanguage\":\"sk-SK\",\"potentialAction\":[{\"@type\":\"ReadAction\",\"target\":[\"https:\\\/\\\/authleticwear.com\\\/sk\\\/contact-faq\\\/\"]}]},{\"@type\":\"BreadcrumbList\",\"@id\":\"https:\\\/\\\/authleticwear.com\\\/sk\\\/contact-faq\\\/#breadcrumb\",\"itemListElement\":[{\"@type\":\"ListItem\",\"position\":1,\"name\":\"Home\",\"item\":\"https:\\\/\\\/authleticwear.com\\\/sk\\\/\"},{\"@type\":\"ListItem\",\"position\":2,\"name\":\"Kontakt\\\/FAQ\"}]},{\"@type\":\"WebSite\",\"@id\":\"https:\\\/\\\/authleticwear.com\\\/sk\\\/#website\",\"url\":\"https:\\\/\\\/authleticwear.com\\\/sk\\\/\",\"name\":\"Authletic SK\",\"description\":\"I am Authentic. I am Athletic. I am Authletic.\",\"publisher\":{\"@id\":\"https:\\\/\\\/authleticwear.com\\\/sk\\\/#organization\"},\"potentialAction\":[{\"@type\":\"SearchAction\",\"target\":{\"@type\":\"EntryPoint\",\"urlTemplate\":\"https:\\\/\\\/authleticwear.com\\\/sk\\\/?s={search_term_string}\"},\"query-input\":{\"@type\":\"PropertyValueSpecification\",\"valueRequired\":true,\"valueName\":\"search_term_string\"}}],\"inLanguage\":\"sk-SK\"},{\"@type\":\"Organization\",\"@id\":\"https:\\\/\\\/authleticwear.com\\\/sk\\\/#organization\",\"name\":\"Authletic SK\",\"url\":\"https:\\\/\\\/authleticwear.com\\\/sk\\\/\",\"logo\":{\"@type\":\"ImageObject\",\"inLanguage\":\"sk-SK\",\"@id\":\"https:\\\/\\\/authleticwear.com\\\/sk\\\/#\\\/schema\\\/logo\\\/image\\\/\",\"url\":\"https:\\\/\\\/authleticwear.com\\\/sk\\\/wp-content\\\/uploads\\\/sites\\\/4\\\/2023\\\/11\\\/logo-web-authletic.svg\",\"contentUrl\":\"https:\\\/\\\/authleticwear.com\\\/sk\\\/wp-content\\\/uploads\\\/sites\\\/4\\\/2023\\\/11\\\/logo-web-authletic.svg\",\"caption\":\"Authletic SK\"},\"image\":{\"@id\":\"https:\\\/\\\/authleticwear.com\\\/sk\\\/#\\\/schema\\\/logo\\\/image\\\/\"},\"sameAs\":[\"https:\\\/\\\/facebook.com\\\/authletic\\\/\",\"https:\\\/\\\/instagram.com\\\/authleticwear\\\/\",\"https:\\\/\\\/tiktok.com\\\/@authletic\"]}]}<\/script>\n<!-- \/ Yoast SEO plugin. -->","yoast_head_json":{"title":"Kontakt\/FAQ - Authletic SK","robots":{"index":"index","follow":"follow","max-snippet":"max-snippet:-1","max-image-preview":"max-image-preview:large","max-video-preview":"max-video-preview:-1"},"canonical":"https:\/\/authleticwear.com\/sk\/contact-faq\/","og_locale":"sk_SK","og_type":"article","og_title":"Kontakt\/FAQ - Authletic SK","og_description":"M\u00e1te ot\u00e1zku, kompliment alebo sa len chcete podeli\u0165 o svoj najnov\u0161\u00ed vtip z posil\u0148ovne? Sme tu pre v\u00e1s sedem dn\u00ed v t\u00fd\u017edni a odpoved\u00e1me r\u00fdchlej\u0161ie, ako dok\u00e1\u017eete poveda\u0165 \u201em\u0155tvy \u0165ah\u201c! Ak n\u00e1s chcete kontaktova\u0165, vypl\u0148te pros\u00edm kontaktn\u00fd formul\u00e1r ni\u017e\u0161ie. Ak chcete vymeni\u0165 alebo vr\u00e1ti\u0165 svoje produkty, postupujte pod\u013ea pokynov, ktor\u00e9 n\u00e1jdete tu. A nikdy nezabudnite ... \u010c\u00edta\u0165 viac","og_url":"https:\/\/authleticwear.com\/sk\/contact-faq\/","og_site_name":"Authletic SK","article_publisher":"https:\/\/facebook.com\/authletic\/","article_modified_time":"2025-09-16T15:14:00+00:00","og_image":[{"width":2560,"height":1765,"url":"https:\/\/authleticwear.com\/sk\/wp-content\/uploads\/sites\/4\/2024\/08\/Home_page_desktop-scaled.jpg","type":"image\/jpeg"}],"twitter_card":"summary_large_image","twitter_misc":{"Predpokladan\u00fd \u010das \u010d\u00edtania":"1 min\u00fata"},"schema":{"@context":"https:\/\/schema.org","@graph":[{"@type":"WebPage","@id":"https:\/\/authleticwear.com\/sk\/contact-faq\/","url":"https:\/\/authleticwear.com\/sk\/contact-faq\/","name":"Kontakt\/FAQ - Authletic SK","isPartOf":{"@id":"https:\/\/authleticwear.com\/sk\/#website"},"datePublished":"2023-11-15T15:26:33+00:00","dateModified":"2025-09-16T15:14:00+00:00","breadcrumb":{"@id":"https:\/\/authleticwear.com\/sk\/contact-faq\/#breadcrumb"},"inLanguage":"sk-SK","potentialAction":[{"@type":"ReadAction","target":["https:\/\/authleticwear.com\/sk\/contact-faq\/"]}]},{"@type":"BreadcrumbList","@id":"https:\/\/authleticwear.com\/sk\/contact-faq\/#breadcrumb","itemListElement":[{"@type":"ListItem","position":1,"name":"Home","item":"https:\/\/authleticwear.com\/sk\/"},{"@type":"ListItem","position":2,"name":"Kontakt\/FAQ"}]},{"@type":"WebSite","@id":"https:\/\/authleticwear.com\/sk\/#website","url":"https:\/\/authleticwear.com\/sk\/","name":"Authletic SK","description":"I am Authentic. I am Athletic. I am Authletic.","publisher":{"@id":"https:\/\/authleticwear.com\/sk\/#organization"},"potentialAction":[{"@type":"SearchAction","target":{"@type":"EntryPoint","urlTemplate":"https:\/\/authleticwear.com\/sk\/?s={search_term_string}"},"query-input":{"@type":"PropertyValueSpecification","valueRequired":true,"valueName":"search_term_string"}}],"inLanguage":"sk-SK"},{"@type":"Organization","@id":"https:\/\/authleticwear.com\/sk\/#organization","name":"Authletic SK","url":"https:\/\/authleticwear.com\/sk\/","logo":{"@type":"ImageObject","inLanguage":"sk-SK","@id":"https:\/\/authleticwear.com\/sk\/#\/schema\/logo\/image\/","url":"https:\/\/authleticwear.com\/sk\/wp-content\/uploads\/sites\/4\/2023\/11\/logo-web-authletic.svg","contentUrl":"https:\/\/authleticwear.com\/sk\/wp-content\/uploads\/sites\/4\/2023\/11\/logo-web-authletic.svg","caption":"Authletic SK"},"image":{"@id":"https:\/\/authleticwear.com\/sk\/#\/schema\/logo\/image\/"},"sameAs":["https:\/\/facebook.com\/authletic\/","https:\/\/instagram.com\/authleticwear\/","https:\/\/tiktok.com\/@authletic"]}]}},"_links":{"self":[{"href":"https:\/\/authleticwear.com\/sk\/wp-json\/wp\/v2\/pages\/394","targetHints":{"allow":["GET"]}}],"collection":[{"href":"https:\/\/authleticwear.com\/sk\/wp-json\/wp\/v2\/pages"}],"about":[{"href":"https:\/\/authleticwear.com\/sk\/wp-json\/wp\/v2\/types\/page"}],"author":[{"embeddable":true,"href":"https:\/\/authleticwear.com\/sk\/wp-json\/wp\/v2\/users\/1"}],"replies":[{"embeddable":true,"href":"https:\/\/authleticwear.com\/sk\/wp-json\/wp\/v2\/comments?post=394"}],"version-history":[{"count":5,"href":"https:\/\/authleticwear.com\/sk\/wp-json\/wp\/v2\/pages\/394\/revisions"}],"predecessor-version":[{"id":2347,"href":"https:\/\/authleticwear.com\/sk\/wp-json\/wp\/v2\/pages\/394\/revisions\/2347"}],"wp:attachment":[{"href":"https:\/\/authleticwear.com\/sk\/wp-json\/wp\/v2\/media?parent=394"}],"curies":[{"name":"wp","href":"https:\/\/api.w.org\/{rel}","templated":true}]}}