{"id":391,"date":"2023-11-15T15:25:28","date_gmt":"2023-11-15T15:25:28","guid":{"rendered":"http:\/\/authleticwear\/?page_id=391"},"modified":"2024-03-04T16:55:41","modified_gmt":"2024-03-04T16:55:41","slug":"about-us","status":"publish","type":"page","link":"https:\/\/authleticwear.com\/sk\/about-us\/","title":{"rendered":"O n\u00e1s"},"content":{"rendered":"<h1>Kto sem?<\/h1>\n<p>Nie sme len partneri v telocvi\u010dni, sme \u017eivotn\u00fdmi partnermi! Predstavte si toto: priate\u013eku a priate\u013ea, poh\u00e1\u0148an\u00fdch l\u00e1skou, smiechom a spolo\u010dnou v\u00e1\u0161\u0148ou pre fitness. To sme my! Spolo\u010dnos\u0165 Authletic sme zalo\u017eili, preto\u017ee ver\u00edme vo vytv\u00e1ranie \u0161portov\u00e9ho oble\u010denia, ktor\u00e9 vydr\u017e\u00ed extr\u00e9mny tr\u00e9ning a st\u00e1le vyzer\u00e1 skvele na selfie po cvi\u010den\u00ed.<\/p>\n<h3>Na\u0161a cesta<\/h3>\n<p>Po tom, \u010do po\u010das drepov povolilo pr\u00edli\u0161 ve\u013ea vl\u00e1kien, sme si uvedomili, \u017ee je \u010das navrhn\u00fa\u0165 \u0161portov\u00e9 oble\u010denie, ktor\u00e9 by dr\u017ealo krok s na\u0161ou v\u00e1\u0161\u0148ou. Po 1 roku n\u00e1padov a nekone\u010dnom po\u010dte vzoriek sa zrodila zna\u010dka Authletic.<\/p>\n<p>V spolo\u010dnosti Authletic sa sna\u017e\u00edme vyr\u00e1ba\u0165 vysokokvalitn\u00e9, \u0161t\u00fdlov\u00e9 oble\u010denie do fitka a be\u017en\u00e9 \u0161portov\u00e9 oble\u010denie, ktor\u00e9 je navrhnut\u00e9 tak, aby vydr\u017ealo intenz\u00edvne cvi\u010denie a \u00fatuln\u00e9 maznanie. N\u00e1\u0161 sortiment je ide\u00e1lny pre fitness nad\u0161encov a rekrea\u010dn\u00fdch \u0161portovcov.<\/p>\n<p>Sta\u0148te sa s\u00fa\u010das\u0165ou komunity, ktor\u00e1 oslavuje fitness, m\u00f3du a z\u00e1bavu. \u010ci u\u017e ste hardcore \u0161portovec alebo niekto, kto si mysl\u00ed, \u017ee \u010dinka je nov\u00e1 zoznamovacia aplik\u00e1cia, sme tu pre v\u00e1s.<\/p>\n<h3>Milujte, zdv\u00edhajte, zab\u00e1vajte sa.<\/h3>\n<p>Pridajte sa k n\u00e1m na tejto ceste l\u00e1sky, smiechu a \u0161pi\u010dkov\u00e9ho oble\u010denia. Nezabudnite, \u017ee ke\u010f si vyberiete zna\u010dku Authletic, nevyber\u00e1te si len zna\u010dku; st\u00e1vate sa s\u00fa\u010das\u0165ou milostn\u00e9ho pr\u00edbehu.<\/p>\n","protected":false},"excerpt":{"rendered":"<p>Kto sem? Nie sme len partneri v telocvi\u010dni, sme \u017eivotn\u00fdmi partnermi! Predstavte si toto: priate\u013eku a priate\u013ea, poh\u00e1\u0148an\u00fdch l\u00e1skou, smiechom a spolo\u010dnou v\u00e1\u0161\u0148ou pre fitness. To sme my! Spolo\u010dnos\u0165 Authletic sme zalo\u017eili, preto\u017ee ver\u00edme vo vytv\u00e1ranie \u0161portov\u00e9ho oble\u010denia, ktor\u00e9 vydr\u017e\u00ed extr\u00e9mny tr\u00e9ning a st\u00e1le vyzer\u00e1 skvele na selfie po cvi\u010den\u00ed. Na\u0161a cesta Po tom, \u010do &#8230; <a title=\"O n\u00e1s\" class=\"read-more\" href=\"https:\/\/authleticwear.com\/sk\/about-us\/\" aria-label=\"Pre\u010d\u00edtajte si viac o O n\u00e1s\">\u010c\u00edta\u0165 viac<\/a><\/p>\n","protected":false},"author":1,"featured_media":0,"parent":0,"menu_order":0,"comment_status":"closed","ping_status":"closed","template":"template-about-us.php","meta":{"_acf_changed":false,"bwfblock_default_font":"","inline_featured_image":false,"footnotes":""},"class_list":["post-391","page","type-page","status-publish"],"acf":[],"yoast_head":"<!-- This site is optimized with the Yoast SEO plugin v27.4 - https:\/\/yoast.com\/product\/yoast-seo-wordpress\/ -->\n<title>O n\u00e1s - Authletic SK<\/title>\n<meta name=\"robots\" content=\"index, follow, max-snippet:-1, max-image-preview:large, max-video-preview:-1\" \/>\n<link rel=\"canonical\" href=\"https:\/\/authleticwear.com\/sk\/about-us\/\" \/>\n<meta property=\"og:locale\" content=\"sk_SK\" \/>\n<meta property=\"og:type\" content=\"article\" \/>\n<meta property=\"og:title\" content=\"O n\u00e1s - Authletic SK\" \/>\n<meta property=\"og:description\" content=\"Kto sem? Nie sme len partneri v telocvi\u010dni, sme \u017eivotn\u00fdmi partnermi! Predstavte si toto: priate\u013eku a priate\u013ea, poh\u00e1\u0148an\u00fdch l\u00e1skou, smiechom a spolo\u010dnou v\u00e1\u0161\u0148ou pre fitness. To sme my! Spolo\u010dnos\u0165 Authletic sme zalo\u017eili, preto\u017ee ver\u00edme vo vytv\u00e1ranie \u0161portov\u00e9ho oble\u010denia, ktor\u00e9 vydr\u017e\u00ed extr\u00e9mny tr\u00e9ning a st\u00e1le vyzer\u00e1 skvele na selfie po cvi\u010den\u00ed. Na\u0161a cesta Po tom, \u010do ... \u010c\u00edta\u0165 viac\" \/>\n<meta property=\"og:url\" content=\"https:\/\/authleticwear.com\/sk\/about-us\/\" \/>\n<meta property=\"og:site_name\" content=\"Authletic SK\" \/>\n<meta property=\"article:publisher\" content=\"https:\/\/facebook.com\/authletic\/\" \/>\n<meta property=\"article:modified_time\" content=\"2024-03-04T16:55:41+00:00\" \/>\n<meta property=\"og:image\" content=\"https:\/\/authleticwear.com\/sk\/wp-content\/uploads\/sites\/4\/2024\/08\/Home_page_desktop-scaled.jpg\" \/>\n\t<meta property=\"og:image:width\" content=\"2560\" \/>\n\t<meta property=\"og:image:height\" content=\"1765\" \/>\n\t<meta property=\"og:image:type\" content=\"image\/jpeg\" \/>\n<meta name=\"twitter:card\" content=\"summary_large_image\" \/>\n<meta name=\"twitter:label1\" content=\"Predpokladan\u00fd \u010das \u010d\u00edtania\" \/>\n\t<meta name=\"twitter:data1\" content=\"1 min\u00fata\" \/>\n<script type=\"application\/ld+json\" class=\"yoast-schema-graph\">{\"@context\":\"https:\\\/\\\/schema.org\",\"@graph\":[{\"@type\":\"WebPage\",\"@id\":\"https:\\\/\\\/authleticwear.com\\\/sk\\\/about-us\\\/\",\"url\":\"https:\\\/\\\/authleticwear.com\\\/sk\\\/about-us\\\/\",\"name\":\"O n\u00e1s - Authletic SK\",\"isPartOf\":{\"@id\":\"https:\\\/\\\/authleticwear.com\\\/sk\\\/#website\"},\"datePublished\":\"2023-11-15T15:25:28+00:00\",\"dateModified\":\"2024-03-04T16:55:41+00:00\",\"breadcrumb\":{\"@id\":\"https:\\\/\\\/authleticwear.com\\\/sk\\\/about-us\\\/#breadcrumb\"},\"inLanguage\":\"sk-SK\",\"potentialAction\":[{\"@type\":\"ReadAction\",\"target\":[\"https:\\\/\\\/authleticwear.com\\\/sk\\\/about-us\\\/\"]}]},{\"@type\":\"BreadcrumbList\",\"@id\":\"https:\\\/\\\/authleticwear.com\\\/sk\\\/about-us\\\/#breadcrumb\",\"itemListElement\":[{\"@type\":\"ListItem\",\"position\":1,\"name\":\"Home\",\"item\":\"https:\\\/\\\/authleticwear.com\\\/sk\\\/\"},{\"@type\":\"ListItem\",\"position\":2,\"name\":\"O n\u00e1s\"}]},{\"@type\":\"WebSite\",\"@id\":\"https:\\\/\\\/authleticwear.com\\\/sk\\\/#website\",\"url\":\"https:\\\/\\\/authleticwear.com\\\/sk\\\/\",\"name\":\"Authletic SK\",\"description\":\"I am Authentic. I am Athletic. I am Authletic.\",\"publisher\":{\"@id\":\"https:\\\/\\\/authleticwear.com\\\/sk\\\/#organization\"},\"potentialAction\":[{\"@type\":\"SearchAction\",\"target\":{\"@type\":\"EntryPoint\",\"urlTemplate\":\"https:\\\/\\\/authleticwear.com\\\/sk\\\/?s={search_term_string}\"},\"query-input\":{\"@type\":\"PropertyValueSpecification\",\"valueRequired\":true,\"valueName\":\"search_term_string\"}}],\"inLanguage\":\"sk-SK\"},{\"@type\":\"Organization\",\"@id\":\"https:\\\/\\\/authleticwear.com\\\/sk\\\/#organization\",\"name\":\"Authletic SK\",\"url\":\"https:\\\/\\\/authleticwear.com\\\/sk\\\/\",\"logo\":{\"@type\":\"ImageObject\",\"inLanguage\":\"sk-SK\",\"@id\":\"https:\\\/\\\/authleticwear.com\\\/sk\\\/#\\\/schema\\\/logo\\\/image\\\/\",\"url\":\"https:\\\/\\\/authleticwear.com\\\/sk\\\/wp-content\\\/uploads\\\/sites\\\/4\\\/2023\\\/11\\\/logo-web-authletic.svg\",\"contentUrl\":\"https:\\\/\\\/authleticwear.com\\\/sk\\\/wp-content\\\/uploads\\\/sites\\\/4\\\/2023\\\/11\\\/logo-web-authletic.svg\",\"caption\":\"Authletic SK\"},\"image\":{\"@id\":\"https:\\\/\\\/authleticwear.com\\\/sk\\\/#\\\/schema\\\/logo\\\/image\\\/\"},\"sameAs\":[\"https:\\\/\\\/facebook.com\\\/authletic\\\/\",\"https:\\\/\\\/instagram.com\\\/authleticwear\\\/\",\"https:\\\/\\\/tiktok.com\\\/@authletic\"]}]}<\/script>\n<!-- \/ Yoast SEO plugin. -->","yoast_head_json":{"title":"O n\u00e1s - Authletic SK","robots":{"index":"index","follow":"follow","max-snippet":"max-snippet:-1","max-image-preview":"max-image-preview:large","max-video-preview":"max-video-preview:-1"},"canonical":"https:\/\/authleticwear.com\/sk\/about-us\/","og_locale":"sk_SK","og_type":"article","og_title":"O n\u00e1s - Authletic SK","og_description":"Kto sem? Nie sme len partneri v telocvi\u010dni, sme \u017eivotn\u00fdmi partnermi! Predstavte si toto: priate\u013eku a priate\u013ea, poh\u00e1\u0148an\u00fdch l\u00e1skou, smiechom a spolo\u010dnou v\u00e1\u0161\u0148ou pre fitness. To sme my! Spolo\u010dnos\u0165 Authletic sme zalo\u017eili, preto\u017ee ver\u00edme vo vytv\u00e1ranie \u0161portov\u00e9ho oble\u010denia, ktor\u00e9 vydr\u017e\u00ed extr\u00e9mny tr\u00e9ning a st\u00e1le vyzer\u00e1 skvele na selfie po cvi\u010den\u00ed. Na\u0161a cesta Po tom, \u010do ... \u010c\u00edta\u0165 viac","og_url":"https:\/\/authleticwear.com\/sk\/about-us\/","og_site_name":"Authletic SK","article_publisher":"https:\/\/facebook.com\/authletic\/","article_modified_time":"2024-03-04T16:55:41+00:00","og_image":[{"width":2560,"height":1765,"url":"https:\/\/authleticwear.com\/sk\/wp-content\/uploads\/sites\/4\/2024\/08\/Home_page_desktop-scaled.jpg","type":"image\/jpeg"}],"twitter_card":"summary_large_image","twitter_misc":{"Predpokladan\u00fd \u010das \u010d\u00edtania":"1 min\u00fata"},"schema":{"@context":"https:\/\/schema.org","@graph":[{"@type":"WebPage","@id":"https:\/\/authleticwear.com\/sk\/about-us\/","url":"https:\/\/authleticwear.com\/sk\/about-us\/","name":"O n\u00e1s - Authletic SK","isPartOf":{"@id":"https:\/\/authleticwear.com\/sk\/#website"},"datePublished":"2023-11-15T15:25:28+00:00","dateModified":"2024-03-04T16:55:41+00:00","breadcrumb":{"@id":"https:\/\/authleticwear.com\/sk\/about-us\/#breadcrumb"},"inLanguage":"sk-SK","potentialAction":[{"@type":"ReadAction","target":["https:\/\/authleticwear.com\/sk\/about-us\/"]}]},{"@type":"BreadcrumbList","@id":"https:\/\/authleticwear.com\/sk\/about-us\/#breadcrumb","itemListElement":[{"@type":"ListItem","position":1,"name":"Home","item":"https:\/\/authleticwear.com\/sk\/"},{"@type":"ListItem","position":2,"name":"O n\u00e1s"}]},{"@type":"WebSite","@id":"https:\/\/authleticwear.com\/sk\/#website","url":"https:\/\/authleticwear.com\/sk\/","name":"Authletic SK","description":"I am Authentic. I am Athletic. I am Authletic.","publisher":{"@id":"https:\/\/authleticwear.com\/sk\/#organization"},"potentialAction":[{"@type":"SearchAction","target":{"@type":"EntryPoint","urlTemplate":"https:\/\/authleticwear.com\/sk\/?s={search_term_string}"},"query-input":{"@type":"PropertyValueSpecification","valueRequired":true,"valueName":"search_term_string"}}],"inLanguage":"sk-SK"},{"@type":"Organization","@id":"https:\/\/authleticwear.com\/sk\/#organization","name":"Authletic SK","url":"https:\/\/authleticwear.com\/sk\/","logo":{"@type":"ImageObject","inLanguage":"sk-SK","@id":"https:\/\/authleticwear.com\/sk\/#\/schema\/logo\/image\/","url":"https:\/\/authleticwear.com\/sk\/wp-content\/uploads\/sites\/4\/2023\/11\/logo-web-authletic.svg","contentUrl":"https:\/\/authleticwear.com\/sk\/wp-content\/uploads\/sites\/4\/2023\/11\/logo-web-authletic.svg","caption":"Authletic SK"},"image":{"@id":"https:\/\/authleticwear.com\/sk\/#\/schema\/logo\/image\/"},"sameAs":["https:\/\/facebook.com\/authletic\/","https:\/\/instagram.com\/authleticwear\/","https:\/\/tiktok.com\/@authletic"]}]}},"_links":{"self":[{"href":"https:\/\/authleticwear.com\/sk\/wp-json\/wp\/v2\/pages\/391","targetHints":{"allow":["GET"]}}],"collection":[{"href":"https:\/\/authleticwear.com\/sk\/wp-json\/wp\/v2\/pages"}],"about":[{"href":"https:\/\/authleticwear.com\/sk\/wp-json\/wp\/v2\/types\/page"}],"author":[{"embeddable":true,"href":"https:\/\/authleticwear.com\/sk\/wp-json\/wp\/v2\/users\/1"}],"replies":[{"embeddable":true,"href":"https:\/\/authleticwear.com\/sk\/wp-json\/wp\/v2\/comments?post=391"}],"version-history":[{"count":5,"href":"https:\/\/authleticwear.com\/sk\/wp-json\/wp\/v2\/pages\/391\/revisions"}],"predecessor-version":[{"id":931,"href":"https:\/\/authleticwear.com\/sk\/wp-json\/wp\/v2\/pages\/391\/revisions\/931"}],"wp:attachment":[{"href":"https:\/\/authleticwear.com\/sk\/wp-json\/wp\/v2\/media?parent=391"}],"curies":[{"name":"wp","href":"https:\/\/api.w.org\/{rel}","templated":true}]}}