{"id":842,"date":"2024-02-28T15:44:20","date_gmt":"2024-02-28T14:44:20","guid":{"rendered":"https:\/\/authleticwear.com\/si\/?post_type=product&#038;p=842"},"modified":"2026-03-18T23:50:13","modified_gmt":"2026-03-18T22:50:13","slug":"flora-jacket-blue","status":"publish","type":"product","link":"https:\/\/authleticwear.com\/si\/product\/flora-jacket-blue\/","title":{"rendered":"Flora Majica z dolgimi rokavi &#8211; Svetlo modra"},"content":{"rendered":"","protected":false},"excerpt":{"rendered":"<p>Spoznaj na\u0161o Flora Majico z dolgimi rokavi \u2013 perfektna majica z zadrgo za vse tvoje aktivnosti ne glede na to ali si na treningu ali pa se spro\u0161\u010da\u0161 doma. Odli\u010dno se prilega tvojemu \u017eivljenskemu slogu in je nujen kos tvoje garderobe.<\/p>\n<p><strong>Material:<br \/>\n<\/strong>&#8211; 80% Najlon<br \/>\n&#8211; 20% Elastan<\/p>\n","protected":false},"featured_media":1055,"comment_status":"open","ping_status":"closed","template":"","meta":{"_acf_changed":false,"bwfblock_default_font":"","inline_featured_image":false},"product_brand":[],"product_cat":[47,30],"product_tag":[50],"class_list":{"0":"post-842","1":"product","2":"type-product","3":"status-publish","4":"has-post-thumbnail","6":"product_cat-flora","7":"product_cat-tops","8":"product_tag-slim-fit","10":"first","11":"outofstock","12":"sale","13":"shipping-taxable","14":"purchasable","15":"product-type-variable","16":"has-default-attributes","17":"wvs-archive-product-wrapper"},"acf":[],"yoast_head":"<!-- This site is optimized with the Yoast SEO plugin v27.4 - https:\/\/yoast.com\/product\/yoast-seo-wordpress\/ -->\n<title>Flora Majica z dolgimi rokavi - Svetlo modra - Authletic SI<\/title>\n<meta name=\"robots\" content=\"index, follow, max-snippet:-1, max-image-preview:large, max-video-preview:-1\" \/>\n<link rel=\"canonical\" href=\"https:\/\/authleticwear.com\/si\/product\/flora-jacket-blue\/\" \/>\n<meta property=\"og:locale\" content=\"sl_SI\" \/>\n<meta property=\"og:type\" content=\"article\" \/>\n<meta property=\"og:title\" content=\"Flora Majica z dolgimi rokavi - Svetlo modra - Authletic SI\" \/>\n<meta property=\"og:description\" content=\"Spoznaj na\u0161o Flora Majico z dolgimi rokavi \u2013 perfektna majica z zadrgo za vse tvoje aktivnosti ne glede na to ali si na treningu ali pa se spro\u0161\u010da\u0161 doma. Odli\u010dno se prilega tvojemu \u017eivljenskemu slogu in je nujen kos tvoje garderobe.  Material: - 80% Najlon - 20% Elastan\" \/>\n<meta property=\"og:url\" content=\"https:\/\/authleticwear.com\/si\/product\/flora-jacket-blue\/\" \/>\n<meta property=\"og:site_name\" content=\"Authletic SI\" \/>\n<meta property=\"article:publisher\" content=\"https:\/\/facebook.com\/authletic\/\" \/>\n<meta property=\"article:modified_time\" content=\"2026-03-18T22:50:13+00:00\" \/>\n<meta property=\"og:image\" content=\"https:\/\/authleticwear.com\/si\/wp-content\/uploads\/sites\/2\/2024\/04\/Flora-Jacket-Blue1.jpg\" \/>\n\t<meta property=\"og:image:width\" content=\"1400\" \/>\n\t<meta property=\"og:image:height\" content=\"2000\" \/>\n\t<meta property=\"og:image:type\" content=\"image\/jpeg\" \/>\n<meta name=\"twitter:card\" content=\"summary_large_image\" \/>\n<meta name=\"twitter:label1\" content=\"Est. reading time\" \/>\n\t<meta name=\"twitter:data1\" content=\"1 minuta\" \/>\n<script type=\"application\/ld+json\" class=\"yoast-schema-graph\">{\"@context\":\"https:\\\/\\\/schema.org\",\"@graph\":[{\"@type\":\"WebPage\",\"@id\":\"https:\\\/\\\/authleticwear.com\\\/si\\\/product\\\/flora-jacket-blue\\\/\",\"url\":\"https:\\\/\\\/authleticwear.com\\\/si\\\/product\\\/flora-jacket-blue\\\/\",\"name\":\"Flora Majica z dolgimi rokavi - Svetlo modra - Authletic SI\",\"isPartOf\":{\"@id\":\"https:\\\/\\\/authleticwear.com\\\/si\\\/#website\"},\"primaryImageOfPage\":{\"@id\":\"https:\\\/\\\/authleticwear.com\\\/si\\\/product\\\/flora-jacket-blue\\\/#primaryimage\"},\"image\":{\"@id\":\"https:\\\/\\\/authleticwear.com\\\/si\\\/product\\\/flora-jacket-blue\\\/#primaryimage\"},\"thumbnailUrl\":\"https:\\\/\\\/authleticwear.com\\\/si\\\/wp-content\\\/uploads\\\/sites\\\/2\\\/2024\\\/04\\\/Flora-Jacket-Blue1.jpg\",\"datePublished\":\"2024-02-28T14:44:20+00:00\",\"dateModified\":\"2026-03-18T22:50:13+00:00\",\"breadcrumb\":{\"@id\":\"https:\\\/\\\/authleticwear.com\\\/si\\\/product\\\/flora-jacket-blue\\\/#breadcrumb\"},\"inLanguage\":\"sl-SI\",\"potentialAction\":[{\"@type\":\"ReadAction\",\"target\":[\"https:\\\/\\\/authleticwear.com\\\/si\\\/product\\\/flora-jacket-blue\\\/\"]}]},{\"@type\":\"ImageObject\",\"inLanguage\":\"sl-SI\",\"@id\":\"https:\\\/\\\/authleticwear.com\\\/si\\\/product\\\/flora-jacket-blue\\\/#primaryimage\",\"url\":\"https:\\\/\\\/authleticwear.com\\\/si\\\/wp-content\\\/uploads\\\/sites\\\/2\\\/2024\\\/04\\\/Flora-Jacket-Blue1.jpg\",\"contentUrl\":\"https:\\\/\\\/authleticwear.com\\\/si\\\/wp-content\\\/uploads\\\/sites\\\/2\\\/2024\\\/04\\\/Flora-Jacket-Blue1.jpg\",\"width\":1400,\"height\":2000},{\"@type\":\"BreadcrumbList\",\"@id\":\"https:\\\/\\\/authleticwear.com\\\/si\\\/product\\\/flora-jacket-blue\\\/#breadcrumb\",\"itemListElement\":[{\"@type\":\"ListItem\",\"position\":1,\"name\":\"Home\",\"item\":\"https:\\\/\\\/authleticwear.com\\\/si\\\/\"},{\"@type\":\"ListItem\",\"position\":2,\"name\":\"Shop\",\"item\":\"https:\\\/\\\/authleticwear.com\\\/si\\\/shop\\\/\"},{\"@type\":\"ListItem\",\"position\":3,\"name\":\"Flora Majica z dolgimi rokavi &#8211; Svetlo modra\"}]},{\"@type\":\"WebSite\",\"@id\":\"https:\\\/\\\/authleticwear.com\\\/si\\\/#website\",\"url\":\"https:\\\/\\\/authleticwear.com\\\/si\\\/\",\"name\":\"Authletic SI\",\"description\":\"I am Authentic. I am Athletic. I am Authletic.\",\"publisher\":{\"@id\":\"https:\\\/\\\/authleticwear.com\\\/si\\\/#organization\"},\"potentialAction\":[{\"@type\":\"SearchAction\",\"target\":{\"@type\":\"EntryPoint\",\"urlTemplate\":\"https:\\\/\\\/authleticwear.com\\\/si\\\/?s={search_term_string}\"},\"query-input\":{\"@type\":\"PropertyValueSpecification\",\"valueRequired\":true,\"valueName\":\"search_term_string\"}}],\"inLanguage\":\"sl-SI\"},{\"@type\":\"Organization\",\"@id\":\"https:\\\/\\\/authleticwear.com\\\/si\\\/#organization\",\"name\":\"Authletic\",\"url\":\"https:\\\/\\\/authleticwear.com\\\/si\\\/\",\"logo\":{\"@type\":\"ImageObject\",\"inLanguage\":\"sl-SI\",\"@id\":\"https:\\\/\\\/authleticwear.com\\\/si\\\/#\\\/schema\\\/logo\\\/image\\\/\",\"url\":\"https:\\\/\\\/authleticwear.com\\\/si\\\/wp-content\\\/uploads\\\/sites\\\/2\\\/2023\\\/11\\\/logo-web-authletic.svg\",\"contentUrl\":\"https:\\\/\\\/authleticwear.com\\\/si\\\/wp-content\\\/uploads\\\/sites\\\/2\\\/2023\\\/11\\\/logo-web-authletic.svg\",\"caption\":\"Authletic\"},\"image\":{\"@id\":\"https:\\\/\\\/authleticwear.com\\\/si\\\/#\\\/schema\\\/logo\\\/image\\\/\"},\"sameAs\":[\"https:\\\/\\\/facebook.com\\\/authletic\\\/\",\"https:\\\/\\\/instagram.com\\\/authleticwear\\\/\",\"https:\\\/\\\/tiktok.com\\\/@authletic\"]}]}<\/script>\n<!-- \/ Yoast SEO plugin. -->","yoast_head_json":{"title":"Flora Majica z dolgimi rokavi - Svetlo modra - Authletic SI","robots":{"index":"index","follow":"follow","max-snippet":"max-snippet:-1","max-image-preview":"max-image-preview:large","max-video-preview":"max-video-preview:-1"},"canonical":"https:\/\/authleticwear.com\/si\/product\/flora-jacket-blue\/","og_locale":"sl_SI","og_type":"article","og_title":"Flora Majica z dolgimi rokavi - Svetlo modra - Authletic SI","og_description":"Spoznaj na\u0161o Flora Majico z dolgimi rokavi \u2013 perfektna majica z zadrgo za vse tvoje aktivnosti ne glede na to ali si na treningu ali pa se spro\u0161\u010da\u0161 doma. Odli\u010dno se prilega tvojemu \u017eivljenskemu slogu in je nujen kos tvoje garderobe.  Material: - 80% Najlon - 20% Elastan","og_url":"https:\/\/authleticwear.com\/si\/product\/flora-jacket-blue\/","og_site_name":"Authletic SI","article_publisher":"https:\/\/facebook.com\/authletic\/","article_modified_time":"2026-03-18T22:50:13+00:00","og_image":[{"width":1400,"height":2000,"url":"https:\/\/authleticwear.com\/si\/wp-content\/uploads\/sites\/2\/2024\/04\/Flora-Jacket-Blue1.jpg","type":"image\/jpeg"}],"twitter_card":"summary_large_image","twitter_misc":{"Est. reading time":"1 minuta"},"schema":{"@context":"https:\/\/schema.org","@graph":[{"@type":"WebPage","@id":"https:\/\/authleticwear.com\/si\/product\/flora-jacket-blue\/","url":"https:\/\/authleticwear.com\/si\/product\/flora-jacket-blue\/","name":"Flora Majica z dolgimi rokavi - Svetlo modra - Authletic SI","isPartOf":{"@id":"https:\/\/authleticwear.com\/si\/#website"},"primaryImageOfPage":{"@id":"https:\/\/authleticwear.com\/si\/product\/flora-jacket-blue\/#primaryimage"},"image":{"@id":"https:\/\/authleticwear.com\/si\/product\/flora-jacket-blue\/#primaryimage"},"thumbnailUrl":"https:\/\/authleticwear.com\/si\/wp-content\/uploads\/sites\/2\/2024\/04\/Flora-Jacket-Blue1.jpg","datePublished":"2024-02-28T14:44:20+00:00","dateModified":"2026-03-18T22:50:13+00:00","breadcrumb":{"@id":"https:\/\/authleticwear.com\/si\/product\/flora-jacket-blue\/#breadcrumb"},"inLanguage":"sl-SI","potentialAction":[{"@type":"ReadAction","target":["https:\/\/authleticwear.com\/si\/product\/flora-jacket-blue\/"]}]},{"@type":"ImageObject","inLanguage":"sl-SI","@id":"https:\/\/authleticwear.com\/si\/product\/flora-jacket-blue\/#primaryimage","url":"https:\/\/authleticwear.com\/si\/wp-content\/uploads\/sites\/2\/2024\/04\/Flora-Jacket-Blue1.jpg","contentUrl":"https:\/\/authleticwear.com\/si\/wp-content\/uploads\/sites\/2\/2024\/04\/Flora-Jacket-Blue1.jpg","width":1400,"height":2000},{"@type":"BreadcrumbList","@id":"https:\/\/authleticwear.com\/si\/product\/flora-jacket-blue\/#breadcrumb","itemListElement":[{"@type":"ListItem","position":1,"name":"Home","item":"https:\/\/authleticwear.com\/si\/"},{"@type":"ListItem","position":2,"name":"Shop","item":"https:\/\/authleticwear.com\/si\/shop\/"},{"@type":"ListItem","position":3,"name":"Flora Majica z dolgimi rokavi &#8211; Svetlo modra"}]},{"@type":"WebSite","@id":"https:\/\/authleticwear.com\/si\/#website","url":"https:\/\/authleticwear.com\/si\/","name":"Authletic SI","description":"I am Authentic. I am Athletic. I am Authletic.","publisher":{"@id":"https:\/\/authleticwear.com\/si\/#organization"},"potentialAction":[{"@type":"SearchAction","target":{"@type":"EntryPoint","urlTemplate":"https:\/\/authleticwear.com\/si\/?s={search_term_string}"},"query-input":{"@type":"PropertyValueSpecification","valueRequired":true,"valueName":"search_term_string"}}],"inLanguage":"sl-SI"},{"@type":"Organization","@id":"https:\/\/authleticwear.com\/si\/#organization","name":"Authletic","url":"https:\/\/authleticwear.com\/si\/","logo":{"@type":"ImageObject","inLanguage":"sl-SI","@id":"https:\/\/authleticwear.com\/si\/#\/schema\/logo\/image\/","url":"https:\/\/authleticwear.com\/si\/wp-content\/uploads\/sites\/2\/2023\/11\/logo-web-authletic.svg","contentUrl":"https:\/\/authleticwear.com\/si\/wp-content\/uploads\/sites\/2\/2023\/11\/logo-web-authletic.svg","caption":"Authletic"},"image":{"@id":"https:\/\/authleticwear.com\/si\/#\/schema\/logo\/image\/"},"sameAs":["https:\/\/facebook.com\/authletic\/","https:\/\/instagram.com\/authleticwear\/","https:\/\/tiktok.com\/@authletic"]}]}},"_links":{"self":[{"href":"https:\/\/authleticwear.com\/si\/wp-json\/wp\/v2\/product\/842","targetHints":{"allow":["GET"]}}],"collection":[{"href":"https:\/\/authleticwear.com\/si\/wp-json\/wp\/v2\/product"}],"about":[{"href":"https:\/\/authleticwear.com\/si\/wp-json\/wp\/v2\/types\/product"}],"replies":[{"embeddable":true,"href":"https:\/\/authleticwear.com\/si\/wp-json\/wp\/v2\/comments?post=842"}],"wp:featuredmedia":[{"embeddable":true,"href":"https:\/\/authleticwear.com\/si\/wp-json\/wp\/v2\/media\/1055"}],"wp:attachment":[{"href":"https:\/\/authleticwear.com\/si\/wp-json\/wp\/v2\/media?parent=842"}],"wp:term":[{"taxonomy":"product_brand","embeddable":true,"href":"https:\/\/authleticwear.com\/si\/wp-json\/wp\/v2\/product_brand?post=842"},{"taxonomy":"product_cat","embeddable":true,"href":"https:\/\/authleticwear.com\/si\/wp-json\/wp\/v2\/product_cat?post=842"},{"taxonomy":"product_tag","embeddable":true,"href":"https:\/\/authleticwear.com\/si\/wp-json\/wp\/v2\/product_tag?post=842"}],"curies":[{"name":"wp","href":"https:\/\/api.w.org\/{rel}","templated":true}]}}