{"id":789,"date":"2024-02-28T15:18:41","date_gmt":"2024-02-28T14:18:41","guid":{"rendered":"https:\/\/authleticwear.com\/si\/?post_type=product&#038;p=789"},"modified":"2026-03-18T23:50:26","modified_gmt":"2026-03-18T22:50:26","slug":"spirit-tracksuit-top-offwhite","status":"publish","type":"product","link":"https:\/\/authleticwear.com\/si\/product\/spirit-tracksuit-top-offwhite\/","title":{"rendered":"Spirit Trenirka zgornji del &#8211; Umazano bela"},"content":{"rendered":"","protected":false},"excerpt":{"rendered":"<p>Preizkusi na\u0161o Spirit trenirko, ki je narejena iz izjemno mehkega materiala in je perfektna za vsakodnevno aktivnost. Na spodnjem delu ima zatezno vrvico, ki ti omogo\u010do, da si trenirko prilagodi\u0161 in stisne\u0161 \u010disto po svojem ob\u010dutku. Idealna trenirka za lahkotnej\u0161o aktivnost ali relaksiranje doma.<\/p>\n<p><strong>Material:<br \/>\n<\/strong>&#8211; 50% bomba\u017e<br \/>\n&#8211; 50% poliester<\/p>\n","protected":false},"featured_media":904,"comment_status":"open","ping_status":"closed","template":"","meta":{"_acf_changed":false,"bwfblock_default_font":"","inline_featured_image":false},"product_brand":[],"product_cat":[46,31,48],"product_tag":[52],"class_list":{"0":"post-789","1":"product","2":"type-product","3":"status-publish","4":"has-post-thumbnail","6":"product_cat-collections","7":"product_cat-casual","8":"product_cat-spirit","9":"product_tag-mehek-material","11":"first","12":"outofstock","13":"sale","14":"shipping-taxable","15":"purchasable","16":"product-type-variable","17":"has-default-attributes","18":"wvs-archive-product-wrapper"},"acf":[],"yoast_head":"<!-- This site is optimized with the Yoast SEO plugin v27.4 - https:\/\/yoast.com\/product\/yoast-seo-wordpress\/ -->\n<title>Spirit Trenirka zgornji del - Umazano bela - Authletic SI<\/title>\n<meta name=\"robots\" content=\"index, follow, max-snippet:-1, max-image-preview:large, max-video-preview:-1\" \/>\n<link rel=\"canonical\" href=\"https:\/\/authleticwear.com\/si\/product\/spirit-tracksuit-top-offwhite\/\" \/>\n<meta property=\"og:locale\" content=\"sl_SI\" \/>\n<meta property=\"og:type\" content=\"article\" \/>\n<meta property=\"og:title\" content=\"Spirit Trenirka zgornji del - Umazano bela - Authletic SI\" \/>\n<meta property=\"og:description\" content=\"Preizkusi na\u0161o Spirit trenirko, ki je narejena iz izjemno mehkega materiala in je perfektna za vsakodnevno aktivnost. Na spodnjem delu ima zatezno vrvico, ki ti omogo\u010do, da si trenirko prilagodi\u0161 in stisne\u0161 \u010disto po svojem ob\u010dutku. Idealna trenirka za lahkotnej\u0161o aktivnost ali relaksiranje doma.  Material: - 50% bomba\u017e - 50% poliester\" \/>\n<meta property=\"og:url\" content=\"https:\/\/authleticwear.com\/si\/product\/spirit-tracksuit-top-offwhite\/\" \/>\n<meta property=\"og:site_name\" content=\"Authletic SI\" \/>\n<meta property=\"article:publisher\" content=\"https:\/\/facebook.com\/authletic\/\" \/>\n<meta property=\"article:modified_time\" content=\"2026-03-18T22:50:26+00:00\" \/>\n<meta property=\"og:image\" content=\"https:\/\/authleticwear.com\/si\/wp-content\/uploads\/sites\/2\/2024\/02\/Offwhite-top.jpg\" \/>\n\t<meta property=\"og:image:width\" content=\"1400\" \/>\n\t<meta property=\"og:image:height\" content=\"2000\" \/>\n\t<meta property=\"og:image:type\" content=\"image\/jpeg\" \/>\n<meta name=\"twitter:card\" content=\"summary_large_image\" \/>\n<meta name=\"twitter:label1\" content=\"Est. reading time\" \/>\n\t<meta name=\"twitter:data1\" content=\"1 minuta\" \/>\n<script type=\"application\/ld+json\" class=\"yoast-schema-graph\">{\"@context\":\"https:\\\/\\\/schema.org\",\"@graph\":[{\"@type\":\"WebPage\",\"@id\":\"https:\\\/\\\/authleticwear.com\\\/si\\\/product\\\/spirit-tracksuit-top-offwhite\\\/\",\"url\":\"https:\\\/\\\/authleticwear.com\\\/si\\\/product\\\/spirit-tracksuit-top-offwhite\\\/\",\"name\":\"Spirit Trenirka zgornji del - Umazano bela - Authletic SI\",\"isPartOf\":{\"@id\":\"https:\\\/\\\/authleticwear.com\\\/si\\\/#website\"},\"primaryImageOfPage\":{\"@id\":\"https:\\\/\\\/authleticwear.com\\\/si\\\/product\\\/spirit-tracksuit-top-offwhite\\\/#primaryimage\"},\"image\":{\"@id\":\"https:\\\/\\\/authleticwear.com\\\/si\\\/product\\\/spirit-tracksuit-top-offwhite\\\/#primaryimage\"},\"thumbnailUrl\":\"https:\\\/\\\/authleticwear.com\\\/si\\\/wp-content\\\/uploads\\\/sites\\\/2\\\/2024\\\/02\\\/Offwhite-top.jpg\",\"datePublished\":\"2024-02-28T14:18:41+00:00\",\"dateModified\":\"2026-03-18T22:50:26+00:00\",\"breadcrumb\":{\"@id\":\"https:\\\/\\\/authleticwear.com\\\/si\\\/product\\\/spirit-tracksuit-top-offwhite\\\/#breadcrumb\"},\"inLanguage\":\"sl-SI\",\"potentialAction\":[{\"@type\":\"ReadAction\",\"target\":[\"https:\\\/\\\/authleticwear.com\\\/si\\\/product\\\/spirit-tracksuit-top-offwhite\\\/\"]}]},{\"@type\":\"ImageObject\",\"inLanguage\":\"sl-SI\",\"@id\":\"https:\\\/\\\/authleticwear.com\\\/si\\\/product\\\/spirit-tracksuit-top-offwhite\\\/#primaryimage\",\"url\":\"https:\\\/\\\/authleticwear.com\\\/si\\\/wp-content\\\/uploads\\\/sites\\\/2\\\/2024\\\/02\\\/Offwhite-top.jpg\",\"contentUrl\":\"https:\\\/\\\/authleticwear.com\\\/si\\\/wp-content\\\/uploads\\\/sites\\\/2\\\/2024\\\/02\\\/Offwhite-top.jpg\",\"width\":1400,\"height\":2000},{\"@type\":\"BreadcrumbList\",\"@id\":\"https:\\\/\\\/authleticwear.com\\\/si\\\/product\\\/spirit-tracksuit-top-offwhite\\\/#breadcrumb\",\"itemListElement\":[{\"@type\":\"ListItem\",\"position\":1,\"name\":\"Home\",\"item\":\"https:\\\/\\\/authleticwear.com\\\/si\\\/\"},{\"@type\":\"ListItem\",\"position\":2,\"name\":\"Shop\",\"item\":\"https:\\\/\\\/authleticwear.com\\\/si\\\/shop\\\/\"},{\"@type\":\"ListItem\",\"position\":3,\"name\":\"Spirit Trenirka zgornji del &#8211; Umazano bela\"}]},{\"@type\":\"WebSite\",\"@id\":\"https:\\\/\\\/authleticwear.com\\\/si\\\/#website\",\"url\":\"https:\\\/\\\/authleticwear.com\\\/si\\\/\",\"name\":\"Authletic SI\",\"description\":\"I am Authentic. I am Athletic. I am Authletic.\",\"publisher\":{\"@id\":\"https:\\\/\\\/authleticwear.com\\\/si\\\/#organization\"},\"potentialAction\":[{\"@type\":\"SearchAction\",\"target\":{\"@type\":\"EntryPoint\",\"urlTemplate\":\"https:\\\/\\\/authleticwear.com\\\/si\\\/?s={search_term_string}\"},\"query-input\":{\"@type\":\"PropertyValueSpecification\",\"valueRequired\":true,\"valueName\":\"search_term_string\"}}],\"inLanguage\":\"sl-SI\"},{\"@type\":\"Organization\",\"@id\":\"https:\\\/\\\/authleticwear.com\\\/si\\\/#organization\",\"name\":\"Authletic\",\"url\":\"https:\\\/\\\/authleticwear.com\\\/si\\\/\",\"logo\":{\"@type\":\"ImageObject\",\"inLanguage\":\"sl-SI\",\"@id\":\"https:\\\/\\\/authleticwear.com\\\/si\\\/#\\\/schema\\\/logo\\\/image\\\/\",\"url\":\"https:\\\/\\\/authleticwear.com\\\/si\\\/wp-content\\\/uploads\\\/sites\\\/2\\\/2023\\\/11\\\/logo-web-authletic.svg\",\"contentUrl\":\"https:\\\/\\\/authleticwear.com\\\/si\\\/wp-content\\\/uploads\\\/sites\\\/2\\\/2023\\\/11\\\/logo-web-authletic.svg\",\"caption\":\"Authletic\"},\"image\":{\"@id\":\"https:\\\/\\\/authleticwear.com\\\/si\\\/#\\\/schema\\\/logo\\\/image\\\/\"},\"sameAs\":[\"https:\\\/\\\/facebook.com\\\/authletic\\\/\",\"https:\\\/\\\/instagram.com\\\/authleticwear\\\/\",\"https:\\\/\\\/tiktok.com\\\/@authletic\"]}]}<\/script>\n<!-- \/ Yoast SEO plugin. -->","yoast_head_json":{"title":"Spirit Trenirka zgornji del - Umazano bela - Authletic SI","robots":{"index":"index","follow":"follow","max-snippet":"max-snippet:-1","max-image-preview":"max-image-preview:large","max-video-preview":"max-video-preview:-1"},"canonical":"https:\/\/authleticwear.com\/si\/product\/spirit-tracksuit-top-offwhite\/","og_locale":"sl_SI","og_type":"article","og_title":"Spirit Trenirka zgornji del - Umazano bela - Authletic SI","og_description":"Preizkusi na\u0161o Spirit trenirko, ki je narejena iz izjemno mehkega materiala in je perfektna za vsakodnevno aktivnost. Na spodnjem delu ima zatezno vrvico, ki ti omogo\u010do, da si trenirko prilagodi\u0161 in stisne\u0161 \u010disto po svojem ob\u010dutku. Idealna trenirka za lahkotnej\u0161o aktivnost ali relaksiranje doma.  Material: - 50% bomba\u017e - 50% poliester","og_url":"https:\/\/authleticwear.com\/si\/product\/spirit-tracksuit-top-offwhite\/","og_site_name":"Authletic SI","article_publisher":"https:\/\/facebook.com\/authletic\/","article_modified_time":"2026-03-18T22:50:26+00:00","og_image":[{"width":1400,"height":2000,"url":"https:\/\/authleticwear.com\/si\/wp-content\/uploads\/sites\/2\/2024\/02\/Offwhite-top.jpg","type":"image\/jpeg"}],"twitter_card":"summary_large_image","twitter_misc":{"Est. reading time":"1 minuta"},"schema":{"@context":"https:\/\/schema.org","@graph":[{"@type":"WebPage","@id":"https:\/\/authleticwear.com\/si\/product\/spirit-tracksuit-top-offwhite\/","url":"https:\/\/authleticwear.com\/si\/product\/spirit-tracksuit-top-offwhite\/","name":"Spirit Trenirka zgornji del - Umazano bela - Authletic SI","isPartOf":{"@id":"https:\/\/authleticwear.com\/si\/#website"},"primaryImageOfPage":{"@id":"https:\/\/authleticwear.com\/si\/product\/spirit-tracksuit-top-offwhite\/#primaryimage"},"image":{"@id":"https:\/\/authleticwear.com\/si\/product\/spirit-tracksuit-top-offwhite\/#primaryimage"},"thumbnailUrl":"https:\/\/authleticwear.com\/si\/wp-content\/uploads\/sites\/2\/2024\/02\/Offwhite-top.jpg","datePublished":"2024-02-28T14:18:41+00:00","dateModified":"2026-03-18T22:50:26+00:00","breadcrumb":{"@id":"https:\/\/authleticwear.com\/si\/product\/spirit-tracksuit-top-offwhite\/#breadcrumb"},"inLanguage":"sl-SI","potentialAction":[{"@type":"ReadAction","target":["https:\/\/authleticwear.com\/si\/product\/spirit-tracksuit-top-offwhite\/"]}]},{"@type":"ImageObject","inLanguage":"sl-SI","@id":"https:\/\/authleticwear.com\/si\/product\/spirit-tracksuit-top-offwhite\/#primaryimage","url":"https:\/\/authleticwear.com\/si\/wp-content\/uploads\/sites\/2\/2024\/02\/Offwhite-top.jpg","contentUrl":"https:\/\/authleticwear.com\/si\/wp-content\/uploads\/sites\/2\/2024\/02\/Offwhite-top.jpg","width":1400,"height":2000},{"@type":"BreadcrumbList","@id":"https:\/\/authleticwear.com\/si\/product\/spirit-tracksuit-top-offwhite\/#breadcrumb","itemListElement":[{"@type":"ListItem","position":1,"name":"Home","item":"https:\/\/authleticwear.com\/si\/"},{"@type":"ListItem","position":2,"name":"Shop","item":"https:\/\/authleticwear.com\/si\/shop\/"},{"@type":"ListItem","position":3,"name":"Spirit Trenirka zgornji del &#8211; Umazano bela"}]},{"@type":"WebSite","@id":"https:\/\/authleticwear.com\/si\/#website","url":"https:\/\/authleticwear.com\/si\/","name":"Authletic SI","description":"I am Authentic. I am Athletic. I am Authletic.","publisher":{"@id":"https:\/\/authleticwear.com\/si\/#organization"},"potentialAction":[{"@type":"SearchAction","target":{"@type":"EntryPoint","urlTemplate":"https:\/\/authleticwear.com\/si\/?s={search_term_string}"},"query-input":{"@type":"PropertyValueSpecification","valueRequired":true,"valueName":"search_term_string"}}],"inLanguage":"sl-SI"},{"@type":"Organization","@id":"https:\/\/authleticwear.com\/si\/#organization","name":"Authletic","url":"https:\/\/authleticwear.com\/si\/","logo":{"@type":"ImageObject","inLanguage":"sl-SI","@id":"https:\/\/authleticwear.com\/si\/#\/schema\/logo\/image\/","url":"https:\/\/authleticwear.com\/si\/wp-content\/uploads\/sites\/2\/2023\/11\/logo-web-authletic.svg","contentUrl":"https:\/\/authleticwear.com\/si\/wp-content\/uploads\/sites\/2\/2023\/11\/logo-web-authletic.svg","caption":"Authletic"},"image":{"@id":"https:\/\/authleticwear.com\/si\/#\/schema\/logo\/image\/"},"sameAs":["https:\/\/facebook.com\/authletic\/","https:\/\/instagram.com\/authleticwear\/","https:\/\/tiktok.com\/@authletic"]}]}},"_links":{"self":[{"href":"https:\/\/authleticwear.com\/si\/wp-json\/wp\/v2\/product\/789","targetHints":{"allow":["GET"]}}],"collection":[{"href":"https:\/\/authleticwear.com\/si\/wp-json\/wp\/v2\/product"}],"about":[{"href":"https:\/\/authleticwear.com\/si\/wp-json\/wp\/v2\/types\/product"}],"replies":[{"embeddable":true,"href":"https:\/\/authleticwear.com\/si\/wp-json\/wp\/v2\/comments?post=789"}],"wp:featuredmedia":[{"embeddable":true,"href":"https:\/\/authleticwear.com\/si\/wp-json\/wp\/v2\/media\/904"}],"wp:attachment":[{"href":"https:\/\/authleticwear.com\/si\/wp-json\/wp\/v2\/media?parent=789"}],"wp:term":[{"taxonomy":"product_brand","embeddable":true,"href":"https:\/\/authleticwear.com\/si\/wp-json\/wp\/v2\/product_brand?post=789"},{"taxonomy":"product_cat","embeddable":true,"href":"https:\/\/authleticwear.com\/si\/wp-json\/wp\/v2\/product_cat?post=789"},{"taxonomy":"product_tag","embeddable":true,"href":"https:\/\/authleticwear.com\/si\/wp-json\/wp\/v2\/product_tag?post=789"}],"curies":[{"name":"wp","href":"https:\/\/api.w.org\/{rel}","templated":true}]}}