{"id":1460,"date":"2024-07-25T08:38:39","date_gmt":"2024-07-25T07:38:39","guid":{"rendered":"https:\/\/authleticwear.com\/si\/?post_type=product&#038;p=1460"},"modified":"2026-03-18T23:49:38","modified_gmt":"2026-03-18T22:49:38","slug":"aluna-7-8-pajkice-oranzna","status":"publish","type":"product","link":"https:\/\/authleticwear.com\/si\/product\/aluna-7-8-pajkice-oranzna\/","title":{"rendered":"Aluna 7\/8 pajkice &#8211; Oran\u017ena"},"content":{"rendered":"","protected":false},"excerpt":{"rendered":"<p>Preizkusi na\u0161e Aluna 7\/8 pajkice. Pajkice z ne\u017eno obliko V-\u0161iva subtilno poudarijo zadnjico. Material je primeren za vse aktivnosti. Elasti\u010den in mo\u010dan material oprime telo in pas, hkrati pa nudi oporo in udobje. Dodelani detajli so tudi surov \u0161iv pri gle\u017enjih brez roba in atraktiven dizajn 3d loga v isti barvi kot tkanina za subtilen in eleganten videz.<\/p>\n<p><strong>Material:<\/strong><br \/>\n\u2013 77% poliester<br \/>\n\u2013 23% elastan<\/p>\n","protected":false},"featured_media":1665,"comment_status":"open","ping_status":"closed","template":"","meta":{"_acf_changed":false,"bwfblock_default_font":"","inline_featured_image":false},"product_brand":[],"product_cat":[69,18],"product_tag":[70,72,25],"class_list":{"0":"post-1460","1":"product","2":"type-product","3":"status-publish","4":"has-post-thumbnail","6":"product_cat-aluna","7":"product_cat-leggings","8":"product_tag-7-8-dolzina","9":"product_tag-limited","10":"product_tag-new","12":"first","13":"outofstock","14":"sale","15":"shipping-taxable","16":"purchasable","17":"product-type-variable","18":"has-default-attributes","19":"wvs-archive-product-wrapper"},"acf":[],"yoast_head":"<!-- This site is optimized with the Yoast SEO plugin v27.4 - https:\/\/yoast.com\/product\/yoast-seo-wordpress\/ -->\n<title>Aluna 7\/8 pajkice - Oran\u017ena - Authletic SI<\/title>\n<meta name=\"robots\" content=\"index, follow, max-snippet:-1, max-image-preview:large, max-video-preview:-1\" \/>\n<link rel=\"canonical\" href=\"https:\/\/authleticwear.com\/si\/product\/aluna-7-8-pajkice-oranzna\/\" \/>\n<meta property=\"og:locale\" content=\"sl_SI\" \/>\n<meta property=\"og:type\" content=\"article\" \/>\n<meta property=\"og:title\" content=\"Aluna 7\/8 pajkice - Oran\u017ena - Authletic SI\" \/>\n<meta property=\"og:description\" content=\"Preizkusi na\u0161e Aluna 7\/8 pajkice. Pajkice z ne\u017eno obliko V-\u0161iva subtilno poudarijo zadnjico. Material je primeren za vse aktivnosti. Elasti\u010den in mo\u010dan material oprime telo in pas, hkrati pa nudi oporo in udobje. Dodelani detajli so tudi surov \u0161iv pri gle\u017enjih brez roba in atraktiven dizajn 3d loga v isti barvi kot tkanina za subtilen in eleganten videz.  Material: \u2013 77% poliester \u2013 23% elastan\" \/>\n<meta property=\"og:url\" content=\"https:\/\/authleticwear.com\/si\/product\/aluna-7-8-pajkice-oranzna\/\" \/>\n<meta property=\"og:site_name\" content=\"Authletic SI\" \/>\n<meta property=\"article:publisher\" content=\"https:\/\/facebook.com\/authletic\/\" \/>\n<meta property=\"article:modified_time\" content=\"2026-03-18T22:49:38+00:00\" \/>\n<meta property=\"og:image\" content=\"https:\/\/authleticwear.com\/si\/wp-content\/uploads\/sites\/2\/2024\/08\/leggings-orange1.jpg\" \/>\n\t<meta property=\"og:image:width\" content=\"1400\" \/>\n\t<meta property=\"og:image:height\" content=\"2000\" \/>\n\t<meta property=\"og:image:type\" content=\"image\/jpeg\" \/>\n<meta name=\"twitter:card\" content=\"summary_large_image\" \/>\n<meta name=\"twitter:label1\" content=\"Est. reading time\" \/>\n\t<meta name=\"twitter:data1\" content=\"1 minuta\" \/>\n<script type=\"application\/ld+json\" class=\"yoast-schema-graph\">{\"@context\":\"https:\\\/\\\/schema.org\",\"@graph\":[{\"@type\":\"WebPage\",\"@id\":\"https:\\\/\\\/authleticwear.com\\\/si\\\/product\\\/aluna-7-8-pajkice-oranzna\\\/\",\"url\":\"https:\\\/\\\/authleticwear.com\\\/si\\\/product\\\/aluna-7-8-pajkice-oranzna\\\/\",\"name\":\"Aluna 7\\\/8 pajkice - Oran\u017ena - Authletic SI\",\"isPartOf\":{\"@id\":\"https:\\\/\\\/authleticwear.com\\\/si\\\/#website\"},\"primaryImageOfPage\":{\"@id\":\"https:\\\/\\\/authleticwear.com\\\/si\\\/product\\\/aluna-7-8-pajkice-oranzna\\\/#primaryimage\"},\"image\":{\"@id\":\"https:\\\/\\\/authleticwear.com\\\/si\\\/product\\\/aluna-7-8-pajkice-oranzna\\\/#primaryimage\"},\"thumbnailUrl\":\"https:\\\/\\\/authleticwear.com\\\/si\\\/wp-content\\\/uploads\\\/sites\\\/2\\\/2024\\\/08\\\/leggings-orange1.jpg\",\"datePublished\":\"2024-07-25T07:38:39+00:00\",\"dateModified\":\"2026-03-18T22:49:38+00:00\",\"breadcrumb\":{\"@id\":\"https:\\\/\\\/authleticwear.com\\\/si\\\/product\\\/aluna-7-8-pajkice-oranzna\\\/#breadcrumb\"},\"inLanguage\":\"sl-SI\",\"potentialAction\":[{\"@type\":\"ReadAction\",\"target\":[\"https:\\\/\\\/authleticwear.com\\\/si\\\/product\\\/aluna-7-8-pajkice-oranzna\\\/\"]}]},{\"@type\":\"ImageObject\",\"inLanguage\":\"sl-SI\",\"@id\":\"https:\\\/\\\/authleticwear.com\\\/si\\\/product\\\/aluna-7-8-pajkice-oranzna\\\/#primaryimage\",\"url\":\"https:\\\/\\\/authleticwear.com\\\/si\\\/wp-content\\\/uploads\\\/sites\\\/2\\\/2024\\\/08\\\/leggings-orange1.jpg\",\"contentUrl\":\"https:\\\/\\\/authleticwear.com\\\/si\\\/wp-content\\\/uploads\\\/sites\\\/2\\\/2024\\\/08\\\/leggings-orange1.jpg\",\"width\":1400,\"height\":2000},{\"@type\":\"BreadcrumbList\",\"@id\":\"https:\\\/\\\/authleticwear.com\\\/si\\\/product\\\/aluna-7-8-pajkice-oranzna\\\/#breadcrumb\",\"itemListElement\":[{\"@type\":\"ListItem\",\"position\":1,\"name\":\"Home\",\"item\":\"https:\\\/\\\/authleticwear.com\\\/si\\\/\"},{\"@type\":\"ListItem\",\"position\":2,\"name\":\"Shop\",\"item\":\"https:\\\/\\\/authleticwear.com\\\/si\\\/shop\\\/\"},{\"@type\":\"ListItem\",\"position\":3,\"name\":\"Aluna 7\\\/8 pajkice &#8211; Oran\u017ena\"}]},{\"@type\":\"WebSite\",\"@id\":\"https:\\\/\\\/authleticwear.com\\\/si\\\/#website\",\"url\":\"https:\\\/\\\/authleticwear.com\\\/si\\\/\",\"name\":\"Authletic SI\",\"description\":\"I am Authentic. I am Athletic. I am Authletic.\",\"publisher\":{\"@id\":\"https:\\\/\\\/authleticwear.com\\\/si\\\/#organization\"},\"potentialAction\":[{\"@type\":\"SearchAction\",\"target\":{\"@type\":\"EntryPoint\",\"urlTemplate\":\"https:\\\/\\\/authleticwear.com\\\/si\\\/?s={search_term_string}\"},\"query-input\":{\"@type\":\"PropertyValueSpecification\",\"valueRequired\":true,\"valueName\":\"search_term_string\"}}],\"inLanguage\":\"sl-SI\"},{\"@type\":\"Organization\",\"@id\":\"https:\\\/\\\/authleticwear.com\\\/si\\\/#organization\",\"name\":\"Authletic\",\"url\":\"https:\\\/\\\/authleticwear.com\\\/si\\\/\",\"logo\":{\"@type\":\"ImageObject\",\"inLanguage\":\"sl-SI\",\"@id\":\"https:\\\/\\\/authleticwear.com\\\/si\\\/#\\\/schema\\\/logo\\\/image\\\/\",\"url\":\"https:\\\/\\\/authleticwear.com\\\/si\\\/wp-content\\\/uploads\\\/sites\\\/2\\\/2023\\\/11\\\/logo-web-authletic.svg\",\"contentUrl\":\"https:\\\/\\\/authleticwear.com\\\/si\\\/wp-content\\\/uploads\\\/sites\\\/2\\\/2023\\\/11\\\/logo-web-authletic.svg\",\"caption\":\"Authletic\"},\"image\":{\"@id\":\"https:\\\/\\\/authleticwear.com\\\/si\\\/#\\\/schema\\\/logo\\\/image\\\/\"},\"sameAs\":[\"https:\\\/\\\/facebook.com\\\/authletic\\\/\",\"https:\\\/\\\/instagram.com\\\/authleticwear\\\/\",\"https:\\\/\\\/tiktok.com\\\/@authletic\"]}]}<\/script>\n<!-- \/ Yoast SEO plugin. -->","yoast_head_json":{"title":"Aluna 7\/8 pajkice - Oran\u017ena - Authletic SI","robots":{"index":"index","follow":"follow","max-snippet":"max-snippet:-1","max-image-preview":"max-image-preview:large","max-video-preview":"max-video-preview:-1"},"canonical":"https:\/\/authleticwear.com\/si\/product\/aluna-7-8-pajkice-oranzna\/","og_locale":"sl_SI","og_type":"article","og_title":"Aluna 7\/8 pajkice - Oran\u017ena - Authletic SI","og_description":"Preizkusi na\u0161e Aluna 7\/8 pajkice. Pajkice z ne\u017eno obliko V-\u0161iva subtilno poudarijo zadnjico. Material je primeren za vse aktivnosti. Elasti\u010den in mo\u010dan material oprime telo in pas, hkrati pa nudi oporo in udobje. Dodelani detajli so tudi surov \u0161iv pri gle\u017enjih brez roba in atraktiven dizajn 3d loga v isti barvi kot tkanina za subtilen in eleganten videz.  Material: \u2013 77% poliester \u2013 23% elastan","og_url":"https:\/\/authleticwear.com\/si\/product\/aluna-7-8-pajkice-oranzna\/","og_site_name":"Authletic SI","article_publisher":"https:\/\/facebook.com\/authletic\/","article_modified_time":"2026-03-18T22:49:38+00:00","og_image":[{"width":1400,"height":2000,"url":"https:\/\/authleticwear.com\/si\/wp-content\/uploads\/sites\/2\/2024\/08\/leggings-orange1.jpg","type":"image\/jpeg"}],"twitter_card":"summary_large_image","twitter_misc":{"Est. reading time":"1 minuta"},"schema":{"@context":"https:\/\/schema.org","@graph":[{"@type":"WebPage","@id":"https:\/\/authleticwear.com\/si\/product\/aluna-7-8-pajkice-oranzna\/","url":"https:\/\/authleticwear.com\/si\/product\/aluna-7-8-pajkice-oranzna\/","name":"Aluna 7\/8 pajkice - Oran\u017ena - Authletic SI","isPartOf":{"@id":"https:\/\/authleticwear.com\/si\/#website"},"primaryImageOfPage":{"@id":"https:\/\/authleticwear.com\/si\/product\/aluna-7-8-pajkice-oranzna\/#primaryimage"},"image":{"@id":"https:\/\/authleticwear.com\/si\/product\/aluna-7-8-pajkice-oranzna\/#primaryimage"},"thumbnailUrl":"https:\/\/authleticwear.com\/si\/wp-content\/uploads\/sites\/2\/2024\/08\/leggings-orange1.jpg","datePublished":"2024-07-25T07:38:39+00:00","dateModified":"2026-03-18T22:49:38+00:00","breadcrumb":{"@id":"https:\/\/authleticwear.com\/si\/product\/aluna-7-8-pajkice-oranzna\/#breadcrumb"},"inLanguage":"sl-SI","potentialAction":[{"@type":"ReadAction","target":["https:\/\/authleticwear.com\/si\/product\/aluna-7-8-pajkice-oranzna\/"]}]},{"@type":"ImageObject","inLanguage":"sl-SI","@id":"https:\/\/authleticwear.com\/si\/product\/aluna-7-8-pajkice-oranzna\/#primaryimage","url":"https:\/\/authleticwear.com\/si\/wp-content\/uploads\/sites\/2\/2024\/08\/leggings-orange1.jpg","contentUrl":"https:\/\/authleticwear.com\/si\/wp-content\/uploads\/sites\/2\/2024\/08\/leggings-orange1.jpg","width":1400,"height":2000},{"@type":"BreadcrumbList","@id":"https:\/\/authleticwear.com\/si\/product\/aluna-7-8-pajkice-oranzna\/#breadcrumb","itemListElement":[{"@type":"ListItem","position":1,"name":"Home","item":"https:\/\/authleticwear.com\/si\/"},{"@type":"ListItem","position":2,"name":"Shop","item":"https:\/\/authleticwear.com\/si\/shop\/"},{"@type":"ListItem","position":3,"name":"Aluna 7\/8 pajkice &#8211; Oran\u017ena"}]},{"@type":"WebSite","@id":"https:\/\/authleticwear.com\/si\/#website","url":"https:\/\/authleticwear.com\/si\/","name":"Authletic SI","description":"I am Authentic. I am Athletic. I am Authletic.","publisher":{"@id":"https:\/\/authleticwear.com\/si\/#organization"},"potentialAction":[{"@type":"SearchAction","target":{"@type":"EntryPoint","urlTemplate":"https:\/\/authleticwear.com\/si\/?s={search_term_string}"},"query-input":{"@type":"PropertyValueSpecification","valueRequired":true,"valueName":"search_term_string"}}],"inLanguage":"sl-SI"},{"@type":"Organization","@id":"https:\/\/authleticwear.com\/si\/#organization","name":"Authletic","url":"https:\/\/authleticwear.com\/si\/","logo":{"@type":"ImageObject","inLanguage":"sl-SI","@id":"https:\/\/authleticwear.com\/si\/#\/schema\/logo\/image\/","url":"https:\/\/authleticwear.com\/si\/wp-content\/uploads\/sites\/2\/2023\/11\/logo-web-authletic.svg","contentUrl":"https:\/\/authleticwear.com\/si\/wp-content\/uploads\/sites\/2\/2023\/11\/logo-web-authletic.svg","caption":"Authletic"},"image":{"@id":"https:\/\/authleticwear.com\/si\/#\/schema\/logo\/image\/"},"sameAs":["https:\/\/facebook.com\/authletic\/","https:\/\/instagram.com\/authleticwear\/","https:\/\/tiktok.com\/@authletic"]}]}},"_links":{"self":[{"href":"https:\/\/authleticwear.com\/si\/wp-json\/wp\/v2\/product\/1460","targetHints":{"allow":["GET"]}}],"collection":[{"href":"https:\/\/authleticwear.com\/si\/wp-json\/wp\/v2\/product"}],"about":[{"href":"https:\/\/authleticwear.com\/si\/wp-json\/wp\/v2\/types\/product"}],"replies":[{"embeddable":true,"href":"https:\/\/authleticwear.com\/si\/wp-json\/wp\/v2\/comments?post=1460"}],"wp:featuredmedia":[{"embeddable":true,"href":"https:\/\/authleticwear.com\/si\/wp-json\/wp\/v2\/media\/1665"}],"wp:attachment":[{"href":"https:\/\/authleticwear.com\/si\/wp-json\/wp\/v2\/media?parent=1460"}],"wp:term":[{"taxonomy":"product_brand","embeddable":true,"href":"https:\/\/authleticwear.com\/si\/wp-json\/wp\/v2\/product_brand?post=1460"},{"taxonomy":"product_cat","embeddable":true,"href":"https:\/\/authleticwear.com\/si\/wp-json\/wp\/v2\/product_cat?post=1460"},{"taxonomy":"product_tag","embeddable":true,"href":"https:\/\/authleticwear.com\/si\/wp-json\/wp\/v2\/product_tag?post=1460"}],"curies":[{"name":"wp","href":"https:\/\/api.w.org\/{rel}","templated":true}]}}