{"id":366,"date":"2023-11-13T16:44:55","date_gmt":"2023-11-13T16:44:55","guid":{"rendered":"http:\/\/authleticwear\/?post_type=product&#038;p=366"},"modified":"2026-04-22T08:28:38","modified_gmt":"2026-04-22T08:28:38","slug":"side-drawstring-t-shirt-black","status":"publish","type":"product","link":"https:\/\/authleticwear.com\/pl\/product\/side-drawstring-t-shirt-black\/","title":{"rendered":"Koszulka ze \u015bci\u0105gaczem z boku &#8211; Czarny"},"content":{"rendered":"","protected":false},"excerpt":{"rendered":"<p>Wejd\u017a do \u015bwiata spersonalizowanego stylu dzi\u0119ki naszej koszulce &#8222;Side Drawstring T-Shirt&#8221;. Wykonana z wygodnej mieszanki 93% bawe\u0142ny, ta koszulka przenosi swobodny str\u00f3j na zupe\u0142nie nowy poziom, dzi\u0119ki specjalnym bocznym \u015bci\u0105gaczom. Pozwalaj\u0105 one na regulacj\u0119 dopasowania, aby wyeksponowa\u0107 nieco swoje kszta\u0142ty. Idealna na modne wyj\u015bcie lub lu\u017any, sportowy look, ta koszulka b\u0119dzie pasowa\u0107 do ka\u017cdego Twojego nastroju i wydarzenia.<\/p>\n<p><strong>Material:<br \/>\n<\/strong>&#8211; 93% Bawe\u0142na<br \/>\n&#8211; 7% Elastan<\/p>\n","protected":false},"featured_media":890,"comment_status":"open","ping_status":"closed","template":"","meta":{"_acf_changed":false,"bwfblock_default_font":"","inline_featured_image":false},"product_brand":[],"product_cat":[31],"product_tag":[52],"class_list":{"0":"post-366","1":"product","2":"type-product","3":"status-publish","4":"has-post-thumbnail","6":"product_cat-casual","7":"product_tag-boczne-sciagacze","9":"first","10":"outofstock","11":"sale","12":"shipping-taxable","13":"purchasable","14":"product-type-variable","15":"has-default-attributes","16":"wvs-archive-product-wrapper"},"acf":[],"yoast_head":"<!-- This site is optimized with the Yoast SEO plugin v27.4 - https:\/\/yoast.com\/product\/yoast-seo-wordpress\/ -->\n<title>Koszulka ze \u015bci\u0105gaczem z boku - Czarny - Authletic PL<\/title>\n<meta name=\"robots\" content=\"index, follow, max-snippet:-1, max-image-preview:large, max-video-preview:-1\" \/>\n<link rel=\"canonical\" href=\"https:\/\/authleticwear.com\/pl\/product\/side-drawstring-t-shirt-black\/\" \/>\n<meta property=\"og:locale\" content=\"pl_PL\" \/>\n<meta property=\"og:type\" content=\"article\" \/>\n<meta property=\"og:title\" content=\"Koszulka ze \u015bci\u0105gaczem z boku - Czarny - Authletic PL\" \/>\n<meta property=\"og:description\" content=\"Wejd\u017a do \u015bwiata spersonalizowanego stylu dzi\u0119ki naszej koszulce &quot;Side Drawstring T-Shirt&quot;. Wykonana z wygodnej mieszanki 93% bawe\u0142ny, ta koszulka przenosi swobodny str\u00f3j na zupe\u0142nie nowy poziom, dzi\u0119ki specjalnym bocznym \u015bci\u0105gaczom. Pozwalaj\u0105 one na regulacj\u0119 dopasowania, aby wyeksponowa\u0107 nieco swoje kszta\u0142ty. Idealna na modne wyj\u015bcie lub lu\u017any, sportowy look, ta koszulka b\u0119dzie pasowa\u0107 do ka\u017cdego Twojego nastroju i wydarzenia.  Material: - 93% Bawe\u0142na - 7% Elastan\" \/>\n<meta property=\"og:url\" content=\"https:\/\/authleticwear.com\/pl\/product\/side-drawstring-t-shirt-black\/\" \/>\n<meta property=\"og:site_name\" content=\"Authletic PL\" \/>\n<meta property=\"article:publisher\" content=\"https:\/\/facebook.com\/authletic\/\" \/>\n<meta property=\"article:modified_time\" content=\"2026-04-22T08:28:38+00:00\" \/>\n<meta property=\"og:image\" content=\"https:\/\/authleticwear.com\/pl\/wp-content\/uploads\/sites\/5\/2024\/02\/Drawstring-black.jpg\" \/>\n\t<meta property=\"og:image:width\" content=\"1400\" \/>\n\t<meta property=\"og:image:height\" content=\"2000\" \/>\n\t<meta property=\"og:image:type\" content=\"image\/jpeg\" \/>\n<meta name=\"twitter:card\" content=\"summary_large_image\" \/>\n<meta name=\"twitter:label1\" content=\"Szacowany czas czytania\" \/>\n\t<meta name=\"twitter:data1\" content=\"1 minuta\" \/>\n<script type=\"application\/ld+json\" class=\"yoast-schema-graph\">{\"@context\":\"https:\\\/\\\/schema.org\",\"@graph\":[{\"@type\":\"WebPage\",\"@id\":\"https:\\\/\\\/authleticwear.com\\\/pl\\\/product\\\/side-drawstring-t-shirt-black\\\/\",\"url\":\"https:\\\/\\\/authleticwear.com\\\/pl\\\/product\\\/side-drawstring-t-shirt-black\\\/\",\"name\":\"Koszulka ze \u015bci\u0105gaczem z boku - Czarny - Authletic PL\",\"isPartOf\":{\"@id\":\"https:\\\/\\\/authleticwear.com\\\/pl\\\/#website\"},\"primaryImageOfPage\":{\"@id\":\"https:\\\/\\\/authleticwear.com\\\/pl\\\/product\\\/side-drawstring-t-shirt-black\\\/#primaryimage\"},\"image\":{\"@id\":\"https:\\\/\\\/authleticwear.com\\\/pl\\\/product\\\/side-drawstring-t-shirt-black\\\/#primaryimage\"},\"thumbnailUrl\":\"https:\\\/\\\/authleticwear.com\\\/pl\\\/wp-content\\\/uploads\\\/sites\\\/5\\\/2024\\\/02\\\/Drawstring-black.jpg\",\"datePublished\":\"2023-11-13T16:44:55+00:00\",\"dateModified\":\"2026-04-22T08:28:38+00:00\",\"breadcrumb\":{\"@id\":\"https:\\\/\\\/authleticwear.com\\\/pl\\\/product\\\/side-drawstring-t-shirt-black\\\/#breadcrumb\"},\"inLanguage\":\"pl-PL\",\"potentialAction\":[{\"@type\":\"ReadAction\",\"target\":[\"https:\\\/\\\/authleticwear.com\\\/pl\\\/product\\\/side-drawstring-t-shirt-black\\\/\"]}]},{\"@type\":\"ImageObject\",\"inLanguage\":\"pl-PL\",\"@id\":\"https:\\\/\\\/authleticwear.com\\\/pl\\\/product\\\/side-drawstring-t-shirt-black\\\/#primaryimage\",\"url\":\"https:\\\/\\\/authleticwear.com\\\/pl\\\/wp-content\\\/uploads\\\/sites\\\/5\\\/2024\\\/02\\\/Drawstring-black.jpg\",\"contentUrl\":\"https:\\\/\\\/authleticwear.com\\\/pl\\\/wp-content\\\/uploads\\\/sites\\\/5\\\/2024\\\/02\\\/Drawstring-black.jpg\",\"width\":1400,\"height\":2000},{\"@type\":\"BreadcrumbList\",\"@id\":\"https:\\\/\\\/authleticwear.com\\\/pl\\\/product\\\/side-drawstring-t-shirt-black\\\/#breadcrumb\",\"itemListElement\":[{\"@type\":\"ListItem\",\"position\":1,\"name\":\"Home\",\"item\":\"https:\\\/\\\/authleticwear.com\\\/pl\\\/\"},{\"@type\":\"ListItem\",\"position\":2,\"name\":\"Shop\",\"item\":\"https:\\\/\\\/authleticwear.com\\\/pl\\\/shop\\\/\"},{\"@type\":\"ListItem\",\"position\":3,\"name\":\"Koszulka ze \u015bci\u0105gaczem z boku &#8211; Czarny\"}]},{\"@type\":\"WebSite\",\"@id\":\"https:\\\/\\\/authleticwear.com\\\/pl\\\/#website\",\"url\":\"https:\\\/\\\/authleticwear.com\\\/pl\\\/\",\"name\":\"Authletic PL\",\"description\":\"I am Authentic. I am Athletic. I am Authletic.\",\"publisher\":{\"@id\":\"https:\\\/\\\/authleticwear.com\\\/pl\\\/#organization\"},\"potentialAction\":[{\"@type\":\"SearchAction\",\"target\":{\"@type\":\"EntryPoint\",\"urlTemplate\":\"https:\\\/\\\/authleticwear.com\\\/pl\\\/?s={search_term_string}\"},\"query-input\":{\"@type\":\"PropertyValueSpecification\",\"valueRequired\":true,\"valueName\":\"search_term_string\"}}],\"inLanguage\":\"pl-PL\"},{\"@type\":\"Organization\",\"@id\":\"https:\\\/\\\/authleticwear.com\\\/pl\\\/#organization\",\"name\":\"Authletic PL\",\"url\":\"https:\\\/\\\/authleticwear.com\\\/pl\\\/\",\"logo\":{\"@type\":\"ImageObject\",\"inLanguage\":\"pl-PL\",\"@id\":\"https:\\\/\\\/authleticwear.com\\\/pl\\\/#\\\/schema\\\/logo\\\/image\\\/\",\"url\":\"https:\\\/\\\/authleticwear.com\\\/pl\\\/wp-content\\\/uploads\\\/sites\\\/5\\\/2023\\\/11\\\/logo-web-authletic.svg\",\"contentUrl\":\"https:\\\/\\\/authleticwear.com\\\/pl\\\/wp-content\\\/uploads\\\/sites\\\/5\\\/2023\\\/11\\\/logo-web-authletic.svg\",\"caption\":\"Authletic PL\"},\"image\":{\"@id\":\"https:\\\/\\\/authleticwear.com\\\/pl\\\/#\\\/schema\\\/logo\\\/image\\\/\"},\"sameAs\":[\"https:\\\/\\\/facebook.com\\\/authletic\\\/\",\"https:\\\/\\\/instagram.com\\\/authleticwear\\\/\",\"https:\\\/\\\/tiktok.com\\\/@authletic\"]}]}<\/script>\n<!-- \/ Yoast SEO plugin. -->","yoast_head_json":{"title":"Koszulka ze \u015bci\u0105gaczem z boku - Czarny - Authletic PL","robots":{"index":"index","follow":"follow","max-snippet":"max-snippet:-1","max-image-preview":"max-image-preview:large","max-video-preview":"max-video-preview:-1"},"canonical":"https:\/\/authleticwear.com\/pl\/product\/side-drawstring-t-shirt-black\/","og_locale":"pl_PL","og_type":"article","og_title":"Koszulka ze \u015bci\u0105gaczem z boku - Czarny - Authletic PL","og_description":"Wejd\u017a do \u015bwiata spersonalizowanego stylu dzi\u0119ki naszej koszulce \"Side Drawstring T-Shirt\". Wykonana z wygodnej mieszanki 93% bawe\u0142ny, ta koszulka przenosi swobodny str\u00f3j na zupe\u0142nie nowy poziom, dzi\u0119ki specjalnym bocznym \u015bci\u0105gaczom. Pozwalaj\u0105 one na regulacj\u0119 dopasowania, aby wyeksponowa\u0107 nieco swoje kszta\u0142ty. Idealna na modne wyj\u015bcie lub lu\u017any, sportowy look, ta koszulka b\u0119dzie pasowa\u0107 do ka\u017cdego Twojego nastroju i wydarzenia.  Material: - 93% Bawe\u0142na - 7% Elastan","og_url":"https:\/\/authleticwear.com\/pl\/product\/side-drawstring-t-shirt-black\/","og_site_name":"Authletic PL","article_publisher":"https:\/\/facebook.com\/authletic\/","article_modified_time":"2026-04-22T08:28:38+00:00","og_image":[{"width":1400,"height":2000,"url":"https:\/\/authleticwear.com\/pl\/wp-content\/uploads\/sites\/5\/2024\/02\/Drawstring-black.jpg","type":"image\/jpeg"}],"twitter_card":"summary_large_image","twitter_misc":{"Szacowany czas czytania":"1 minuta"},"schema":{"@context":"https:\/\/schema.org","@graph":[{"@type":"WebPage","@id":"https:\/\/authleticwear.com\/pl\/product\/side-drawstring-t-shirt-black\/","url":"https:\/\/authleticwear.com\/pl\/product\/side-drawstring-t-shirt-black\/","name":"Koszulka ze \u015bci\u0105gaczem z boku - Czarny - Authletic PL","isPartOf":{"@id":"https:\/\/authleticwear.com\/pl\/#website"},"primaryImageOfPage":{"@id":"https:\/\/authleticwear.com\/pl\/product\/side-drawstring-t-shirt-black\/#primaryimage"},"image":{"@id":"https:\/\/authleticwear.com\/pl\/product\/side-drawstring-t-shirt-black\/#primaryimage"},"thumbnailUrl":"https:\/\/authleticwear.com\/pl\/wp-content\/uploads\/sites\/5\/2024\/02\/Drawstring-black.jpg","datePublished":"2023-11-13T16:44:55+00:00","dateModified":"2026-04-22T08:28:38+00:00","breadcrumb":{"@id":"https:\/\/authleticwear.com\/pl\/product\/side-drawstring-t-shirt-black\/#breadcrumb"},"inLanguage":"pl-PL","potentialAction":[{"@type":"ReadAction","target":["https:\/\/authleticwear.com\/pl\/product\/side-drawstring-t-shirt-black\/"]}]},{"@type":"ImageObject","inLanguage":"pl-PL","@id":"https:\/\/authleticwear.com\/pl\/product\/side-drawstring-t-shirt-black\/#primaryimage","url":"https:\/\/authleticwear.com\/pl\/wp-content\/uploads\/sites\/5\/2024\/02\/Drawstring-black.jpg","contentUrl":"https:\/\/authleticwear.com\/pl\/wp-content\/uploads\/sites\/5\/2024\/02\/Drawstring-black.jpg","width":1400,"height":2000},{"@type":"BreadcrumbList","@id":"https:\/\/authleticwear.com\/pl\/product\/side-drawstring-t-shirt-black\/#breadcrumb","itemListElement":[{"@type":"ListItem","position":1,"name":"Home","item":"https:\/\/authleticwear.com\/pl\/"},{"@type":"ListItem","position":2,"name":"Shop","item":"https:\/\/authleticwear.com\/pl\/shop\/"},{"@type":"ListItem","position":3,"name":"Koszulka ze \u015bci\u0105gaczem z boku &#8211; Czarny"}]},{"@type":"WebSite","@id":"https:\/\/authleticwear.com\/pl\/#website","url":"https:\/\/authleticwear.com\/pl\/","name":"Authletic PL","description":"I am Authentic. I am Athletic. I am Authletic.","publisher":{"@id":"https:\/\/authleticwear.com\/pl\/#organization"},"potentialAction":[{"@type":"SearchAction","target":{"@type":"EntryPoint","urlTemplate":"https:\/\/authleticwear.com\/pl\/?s={search_term_string}"},"query-input":{"@type":"PropertyValueSpecification","valueRequired":true,"valueName":"search_term_string"}}],"inLanguage":"pl-PL"},{"@type":"Organization","@id":"https:\/\/authleticwear.com\/pl\/#organization","name":"Authletic PL","url":"https:\/\/authleticwear.com\/pl\/","logo":{"@type":"ImageObject","inLanguage":"pl-PL","@id":"https:\/\/authleticwear.com\/pl\/#\/schema\/logo\/image\/","url":"https:\/\/authleticwear.com\/pl\/wp-content\/uploads\/sites\/5\/2023\/11\/logo-web-authletic.svg","contentUrl":"https:\/\/authleticwear.com\/pl\/wp-content\/uploads\/sites\/5\/2023\/11\/logo-web-authletic.svg","caption":"Authletic PL"},"image":{"@id":"https:\/\/authleticwear.com\/pl\/#\/schema\/logo\/image\/"},"sameAs":["https:\/\/facebook.com\/authletic\/","https:\/\/instagram.com\/authleticwear\/","https:\/\/tiktok.com\/@authletic"]}]}},"_links":{"self":[{"href":"https:\/\/authleticwear.com\/pl\/wp-json\/wp\/v2\/product\/366","targetHints":{"allow":["GET"]}}],"collection":[{"href":"https:\/\/authleticwear.com\/pl\/wp-json\/wp\/v2\/product"}],"about":[{"href":"https:\/\/authleticwear.com\/pl\/wp-json\/wp\/v2\/types\/product"}],"replies":[{"embeddable":true,"href":"https:\/\/authleticwear.com\/pl\/wp-json\/wp\/v2\/comments?post=366"}],"wp:featuredmedia":[{"embeddable":true,"href":"https:\/\/authleticwear.com\/pl\/wp-json\/wp\/v2\/media\/890"}],"wp:attachment":[{"href":"https:\/\/authleticwear.com\/pl\/wp-json\/wp\/v2\/media?parent=366"}],"wp:term":[{"taxonomy":"product_brand","embeddable":true,"href":"https:\/\/authleticwear.com\/pl\/wp-json\/wp\/v2\/product_brand?post=366"},{"taxonomy":"product_cat","embeddable":true,"href":"https:\/\/authleticwear.com\/pl\/wp-json\/wp\/v2\/product_cat?post=366"},{"taxonomy":"product_tag","embeddable":true,"href":"https:\/\/authleticwear.com\/pl\/wp-json\/wp\/v2\/product_tag?post=366"}],"curies":[{"name":"wp","href":"https:\/\/api.w.org\/{rel}","templated":true}]}}