{"id":2913,"date":"2025-11-30T09:53:18","date_gmt":"2025-11-30T09:53:18","guid":{"rendered":"https:\/\/authleticwear.com\/pl\/?post_type=product&#038;p=2913"},"modified":"2026-04-26T15:27:42","modified_gmt":"2026-04-26T15:27:42","slug":"eve-comfort-legginsy-z-prosta-nogawka-czarny","status":"publish","type":"product","link":"https:\/\/authleticwear.com\/pl\/product\/eve-comfort-legginsy-z-prosta-nogawka-czarny\/","title":{"rendered":"Eve Comfort legginsy z prost\u0105 nogawk\u0105 &#8211; Czarny"},"content":{"rendered":"","protected":false},"excerpt":{"rendered":"<p>Nasze &#8222;Eve Comfort legginsy z prost\u0105 nogawk\u0105&#8221; zosta\u0142y stworzone na dni, kiedy chcesz czu\u0107 si\u0119 maksymalnie wygodnie, a jednocze\u015bnie wygl\u0105da\u0107 schludnie. Materia\u0142 jest mi\u0119kki, elastyczny i przyjemny dla sk\u00f3ry. Porusza si\u0119 razem z tob\u0105 i dopasowuje do ka\u017cdego ruchu. Prosty, lekko lu\u017any kr\u00f3j tworzy swobodny, niewymuszony look, \u0142\u0105cz\u0105cy praktyczno\u015b\u0107, komfort i styl. Sprawdz\u0105 si\u0119 zar\u00f3wno na trening, na miasto, jak i na spokojny dzie\u0144 w domu.<\/p>\n<p>Je\u015bli szukasz leggins\u00f3w, kt\u00f3re \u0142\u0105cz\u0105 maksymalny komfort, swobod\u0119 ruchu i nowoczesn\u0105 prost\u0105 sylwetk\u0119, &#8222;Eve Comfort legginsy z prost\u0105 nogawk\u0105&#8221; bardzo szybko stan\u0105 si\u0119 twoj\u0105 ulubion\u0105 par\u0105 na co dzie\u0144.<\/p>\n<p><strong>Material:<\/strong><br \/>\n\u2013 75% Nylon<br \/>\n\u2013 25% Elastan<\/p>\n","protected":false},"featured_media":2918,"comment_status":"open","ping_status":"closed","template":"","meta":{"_acf_changed":false,"bwfblock_default_font":"","inline_featured_image":false},"product_brand":[],"product_cat":[80,18,31],"product_tag":[81],"class_list":{"0":"post-2913","1":"product","2":"type-product","3":"status-publish","4":"has-post-thumbnail","6":"product_cat-eve","7":"product_cat-leggings","8":"product_cat-casual","9":"product_tag-komfort","11":"first","12":"instock","13":"featured","14":"shipping-taxable","15":"purchasable","16":"product-type-variable","17":"has-default-attributes","18":"wvs-archive-product-wrapper"},"acf":[],"yoast_head":"<!-- This site is optimized with the Yoast SEO plugin v27.4 - https:\/\/yoast.com\/product\/yoast-seo-wordpress\/ -->\n<title>Eve Comfort legginsy z prost\u0105 nogawk\u0105 - Czarny - Authletic PL<\/title>\n<meta name=\"robots\" content=\"index, follow, max-snippet:-1, max-image-preview:large, max-video-preview:-1\" \/>\n<link rel=\"canonical\" href=\"https:\/\/authleticwear.com\/pl\/product\/eve-comfort-legginsy-z-prosta-nogawka-czarny\/\" \/>\n<meta property=\"og:locale\" content=\"pl_PL\" \/>\n<meta property=\"og:type\" content=\"article\" \/>\n<meta property=\"og:title\" content=\"Eve Comfort legginsy z prost\u0105 nogawk\u0105 - Czarny - Authletic PL\" \/>\n<meta property=\"og:description\" content=\"Nasze &quot;Eve Comfort legginsy z prost\u0105 nogawk\u0105&quot; zosta\u0142y stworzone na dni, kiedy chcesz czu\u0107 si\u0119 maksymalnie wygodnie, a jednocze\u015bnie wygl\u0105da\u0107 schludnie. Materia\u0142 jest mi\u0119kki, elastyczny i przyjemny dla sk\u00f3ry. Porusza si\u0119 razem z tob\u0105 i dopasowuje do ka\u017cdego ruchu. Prosty, lekko lu\u017any kr\u00f3j tworzy swobodny, niewymuszony look, \u0142\u0105cz\u0105cy praktyczno\u015b\u0107, komfort i styl. Sprawdz\u0105 si\u0119 zar\u00f3wno na trening, na miasto, jak i na spokojny dzie\u0144 w domu.  Je\u015bli szukasz leggins\u00f3w, kt\u00f3re \u0142\u0105cz\u0105 maksymalny komfort, swobod\u0119 ruchu i nowoczesn\u0105 prost\u0105 sylwetk\u0119, &quot;Eve Comfort legginsy z prost\u0105 nogawk\u0105&quot; bardzo szybko stan\u0105 si\u0119 twoj\u0105 ulubion\u0105 par\u0105 na co dzie\u0144.  Material: \u2013 75% Nylon \u2013 25% Elastan\" \/>\n<meta property=\"og:url\" content=\"https:\/\/authleticwear.com\/pl\/product\/eve-comfort-legginsy-z-prosta-nogawka-czarny\/\" \/>\n<meta property=\"og:site_name\" content=\"Authletic PL\" \/>\n<meta property=\"article:publisher\" content=\"https:\/\/facebook.com\/authletic\/\" \/>\n<meta property=\"article:modified_time\" content=\"2026-04-26T15:27:42+00:00\" \/>\n<meta property=\"og:image\" content=\"https:\/\/authleticwear.com\/pl\/wp-content\/uploads\/sites\/5\/2025\/11\/PL-EVE-BLACK-LEGGINGS-DETAILS.jpg\" \/>\n\t<meta property=\"og:image:width\" content=\"1400\" \/>\n\t<meta property=\"og:image:height\" content=\"2000\" \/>\n\t<meta property=\"og:image:type\" content=\"image\/jpeg\" \/>\n<meta name=\"twitter:card\" content=\"summary_large_image\" \/>\n<meta name=\"twitter:label1\" content=\"Szacowany czas czytania\" \/>\n\t<meta name=\"twitter:data1\" content=\"1 minuta\" \/>\n<script type=\"application\/ld+json\" class=\"yoast-schema-graph\">{\"@context\":\"https:\\\/\\\/schema.org\",\"@graph\":[{\"@type\":\"WebPage\",\"@id\":\"https:\\\/\\\/authleticwear.com\\\/pl\\\/product\\\/eve-comfort-legginsy-z-prosta-nogawka-czarny\\\/\",\"url\":\"https:\\\/\\\/authleticwear.com\\\/pl\\\/product\\\/eve-comfort-legginsy-z-prosta-nogawka-czarny\\\/\",\"name\":\"Eve Comfort legginsy z prost\u0105 nogawk\u0105 - Czarny - Authletic PL\",\"isPartOf\":{\"@id\":\"https:\\\/\\\/authleticwear.com\\\/pl\\\/#website\"},\"primaryImageOfPage\":{\"@id\":\"https:\\\/\\\/authleticwear.com\\\/pl\\\/product\\\/eve-comfort-legginsy-z-prosta-nogawka-czarny\\\/#primaryimage\"},\"image\":{\"@id\":\"https:\\\/\\\/authleticwear.com\\\/pl\\\/product\\\/eve-comfort-legginsy-z-prosta-nogawka-czarny\\\/#primaryimage\"},\"thumbnailUrl\":\"https:\\\/\\\/authleticwear.com\\\/pl\\\/wp-content\\\/uploads\\\/sites\\\/5\\\/2025\\\/11\\\/PL-EVE-BLACK-LEGGINGS-DETAILS.jpg\",\"datePublished\":\"2025-11-30T09:53:18+00:00\",\"dateModified\":\"2026-04-26T15:27:42+00:00\",\"breadcrumb\":{\"@id\":\"https:\\\/\\\/authleticwear.com\\\/pl\\\/product\\\/eve-comfort-legginsy-z-prosta-nogawka-czarny\\\/#breadcrumb\"},\"inLanguage\":\"pl-PL\",\"potentialAction\":[{\"@type\":\"ReadAction\",\"target\":[\"https:\\\/\\\/authleticwear.com\\\/pl\\\/product\\\/eve-comfort-legginsy-z-prosta-nogawka-czarny\\\/\"]}]},{\"@type\":\"ImageObject\",\"inLanguage\":\"pl-PL\",\"@id\":\"https:\\\/\\\/authleticwear.com\\\/pl\\\/product\\\/eve-comfort-legginsy-z-prosta-nogawka-czarny\\\/#primaryimage\",\"url\":\"https:\\\/\\\/authleticwear.com\\\/pl\\\/wp-content\\\/uploads\\\/sites\\\/5\\\/2025\\\/11\\\/PL-EVE-BLACK-LEGGINGS-DETAILS.jpg\",\"contentUrl\":\"https:\\\/\\\/authleticwear.com\\\/pl\\\/wp-content\\\/uploads\\\/sites\\\/5\\\/2025\\\/11\\\/PL-EVE-BLACK-LEGGINGS-DETAILS.jpg\",\"width\":1400,\"height\":2000},{\"@type\":\"BreadcrumbList\",\"@id\":\"https:\\\/\\\/authleticwear.com\\\/pl\\\/product\\\/eve-comfort-legginsy-z-prosta-nogawka-czarny\\\/#breadcrumb\",\"itemListElement\":[{\"@type\":\"ListItem\",\"position\":1,\"name\":\"Home\",\"item\":\"https:\\\/\\\/authleticwear.com\\\/pl\\\/\"},{\"@type\":\"ListItem\",\"position\":2,\"name\":\"Shop\",\"item\":\"https:\\\/\\\/authleticwear.com\\\/pl\\\/shop\\\/\"},{\"@type\":\"ListItem\",\"position\":3,\"name\":\"Eve Comfort legginsy z prost\u0105 nogawk\u0105 &#8211; Czarny\"}]},{\"@type\":\"WebSite\",\"@id\":\"https:\\\/\\\/authleticwear.com\\\/pl\\\/#website\",\"url\":\"https:\\\/\\\/authleticwear.com\\\/pl\\\/\",\"name\":\"Authletic PL\",\"description\":\"I am Authentic. I am Athletic. I am Authletic.\",\"publisher\":{\"@id\":\"https:\\\/\\\/authleticwear.com\\\/pl\\\/#organization\"},\"potentialAction\":[{\"@type\":\"SearchAction\",\"target\":{\"@type\":\"EntryPoint\",\"urlTemplate\":\"https:\\\/\\\/authleticwear.com\\\/pl\\\/?s={search_term_string}\"},\"query-input\":{\"@type\":\"PropertyValueSpecification\",\"valueRequired\":true,\"valueName\":\"search_term_string\"}}],\"inLanguage\":\"pl-PL\"},{\"@type\":\"Organization\",\"@id\":\"https:\\\/\\\/authleticwear.com\\\/pl\\\/#organization\",\"name\":\"Authletic PL\",\"url\":\"https:\\\/\\\/authleticwear.com\\\/pl\\\/\",\"logo\":{\"@type\":\"ImageObject\",\"inLanguage\":\"pl-PL\",\"@id\":\"https:\\\/\\\/authleticwear.com\\\/pl\\\/#\\\/schema\\\/logo\\\/image\\\/\",\"url\":\"https:\\\/\\\/authleticwear.com\\\/pl\\\/wp-content\\\/uploads\\\/sites\\\/5\\\/2023\\\/11\\\/logo-web-authletic.svg\",\"contentUrl\":\"https:\\\/\\\/authleticwear.com\\\/pl\\\/wp-content\\\/uploads\\\/sites\\\/5\\\/2023\\\/11\\\/logo-web-authletic.svg\",\"caption\":\"Authletic PL\"},\"image\":{\"@id\":\"https:\\\/\\\/authleticwear.com\\\/pl\\\/#\\\/schema\\\/logo\\\/image\\\/\"},\"sameAs\":[\"https:\\\/\\\/facebook.com\\\/authletic\\\/\",\"https:\\\/\\\/instagram.com\\\/authleticwear\\\/\",\"https:\\\/\\\/tiktok.com\\\/@authletic\"]}]}<\/script>\n<!-- \/ Yoast SEO plugin. -->","yoast_head_json":{"title":"Eve Comfort legginsy z prost\u0105 nogawk\u0105 - Czarny - Authletic PL","robots":{"index":"index","follow":"follow","max-snippet":"max-snippet:-1","max-image-preview":"max-image-preview:large","max-video-preview":"max-video-preview:-1"},"canonical":"https:\/\/authleticwear.com\/pl\/product\/eve-comfort-legginsy-z-prosta-nogawka-czarny\/","og_locale":"pl_PL","og_type":"article","og_title":"Eve Comfort legginsy z prost\u0105 nogawk\u0105 - Czarny - Authletic PL","og_description":"Nasze \"Eve Comfort legginsy z prost\u0105 nogawk\u0105\" zosta\u0142y stworzone na dni, kiedy chcesz czu\u0107 si\u0119 maksymalnie wygodnie, a jednocze\u015bnie wygl\u0105da\u0107 schludnie. Materia\u0142 jest mi\u0119kki, elastyczny i przyjemny dla sk\u00f3ry. Porusza si\u0119 razem z tob\u0105 i dopasowuje do ka\u017cdego ruchu. Prosty, lekko lu\u017any kr\u00f3j tworzy swobodny, niewymuszony look, \u0142\u0105cz\u0105cy praktyczno\u015b\u0107, komfort i styl. Sprawdz\u0105 si\u0119 zar\u00f3wno na trening, na miasto, jak i na spokojny dzie\u0144 w domu.  Je\u015bli szukasz leggins\u00f3w, kt\u00f3re \u0142\u0105cz\u0105 maksymalny komfort, swobod\u0119 ruchu i nowoczesn\u0105 prost\u0105 sylwetk\u0119, \"Eve Comfort legginsy z prost\u0105 nogawk\u0105\" bardzo szybko stan\u0105 si\u0119 twoj\u0105 ulubion\u0105 par\u0105 na co dzie\u0144.  Material: \u2013 75% Nylon \u2013 25% Elastan","og_url":"https:\/\/authleticwear.com\/pl\/product\/eve-comfort-legginsy-z-prosta-nogawka-czarny\/","og_site_name":"Authletic PL","article_publisher":"https:\/\/facebook.com\/authletic\/","article_modified_time":"2026-04-26T15:27:42+00:00","og_image":[{"width":1400,"height":2000,"url":"https:\/\/authleticwear.com\/pl\/wp-content\/uploads\/sites\/5\/2025\/11\/PL-EVE-BLACK-LEGGINGS-DETAILS.jpg","type":"image\/jpeg"}],"twitter_card":"summary_large_image","twitter_misc":{"Szacowany czas czytania":"1 minuta"},"schema":{"@context":"https:\/\/schema.org","@graph":[{"@type":"WebPage","@id":"https:\/\/authleticwear.com\/pl\/product\/eve-comfort-legginsy-z-prosta-nogawka-czarny\/","url":"https:\/\/authleticwear.com\/pl\/product\/eve-comfort-legginsy-z-prosta-nogawka-czarny\/","name":"Eve Comfort legginsy z prost\u0105 nogawk\u0105 - Czarny - Authletic PL","isPartOf":{"@id":"https:\/\/authleticwear.com\/pl\/#website"},"primaryImageOfPage":{"@id":"https:\/\/authleticwear.com\/pl\/product\/eve-comfort-legginsy-z-prosta-nogawka-czarny\/#primaryimage"},"image":{"@id":"https:\/\/authleticwear.com\/pl\/product\/eve-comfort-legginsy-z-prosta-nogawka-czarny\/#primaryimage"},"thumbnailUrl":"https:\/\/authleticwear.com\/pl\/wp-content\/uploads\/sites\/5\/2025\/11\/PL-EVE-BLACK-LEGGINGS-DETAILS.jpg","datePublished":"2025-11-30T09:53:18+00:00","dateModified":"2026-04-26T15:27:42+00:00","breadcrumb":{"@id":"https:\/\/authleticwear.com\/pl\/product\/eve-comfort-legginsy-z-prosta-nogawka-czarny\/#breadcrumb"},"inLanguage":"pl-PL","potentialAction":[{"@type":"ReadAction","target":["https:\/\/authleticwear.com\/pl\/product\/eve-comfort-legginsy-z-prosta-nogawka-czarny\/"]}]},{"@type":"ImageObject","inLanguage":"pl-PL","@id":"https:\/\/authleticwear.com\/pl\/product\/eve-comfort-legginsy-z-prosta-nogawka-czarny\/#primaryimage","url":"https:\/\/authleticwear.com\/pl\/wp-content\/uploads\/sites\/5\/2025\/11\/PL-EVE-BLACK-LEGGINGS-DETAILS.jpg","contentUrl":"https:\/\/authleticwear.com\/pl\/wp-content\/uploads\/sites\/5\/2025\/11\/PL-EVE-BLACK-LEGGINGS-DETAILS.jpg","width":1400,"height":2000},{"@type":"BreadcrumbList","@id":"https:\/\/authleticwear.com\/pl\/product\/eve-comfort-legginsy-z-prosta-nogawka-czarny\/#breadcrumb","itemListElement":[{"@type":"ListItem","position":1,"name":"Home","item":"https:\/\/authleticwear.com\/pl\/"},{"@type":"ListItem","position":2,"name":"Shop","item":"https:\/\/authleticwear.com\/pl\/shop\/"},{"@type":"ListItem","position":3,"name":"Eve Comfort legginsy z prost\u0105 nogawk\u0105 &#8211; Czarny"}]},{"@type":"WebSite","@id":"https:\/\/authleticwear.com\/pl\/#website","url":"https:\/\/authleticwear.com\/pl\/","name":"Authletic PL","description":"I am Authentic. I am Athletic. I am Authletic.","publisher":{"@id":"https:\/\/authleticwear.com\/pl\/#organization"},"potentialAction":[{"@type":"SearchAction","target":{"@type":"EntryPoint","urlTemplate":"https:\/\/authleticwear.com\/pl\/?s={search_term_string}"},"query-input":{"@type":"PropertyValueSpecification","valueRequired":true,"valueName":"search_term_string"}}],"inLanguage":"pl-PL"},{"@type":"Organization","@id":"https:\/\/authleticwear.com\/pl\/#organization","name":"Authletic PL","url":"https:\/\/authleticwear.com\/pl\/","logo":{"@type":"ImageObject","inLanguage":"pl-PL","@id":"https:\/\/authleticwear.com\/pl\/#\/schema\/logo\/image\/","url":"https:\/\/authleticwear.com\/pl\/wp-content\/uploads\/sites\/5\/2023\/11\/logo-web-authletic.svg","contentUrl":"https:\/\/authleticwear.com\/pl\/wp-content\/uploads\/sites\/5\/2023\/11\/logo-web-authletic.svg","caption":"Authletic PL"},"image":{"@id":"https:\/\/authleticwear.com\/pl\/#\/schema\/logo\/image\/"},"sameAs":["https:\/\/facebook.com\/authletic\/","https:\/\/instagram.com\/authleticwear\/","https:\/\/tiktok.com\/@authletic"]}]}},"_links":{"self":[{"href":"https:\/\/authleticwear.com\/pl\/wp-json\/wp\/v2\/product\/2913","targetHints":{"allow":["GET"]}}],"collection":[{"href":"https:\/\/authleticwear.com\/pl\/wp-json\/wp\/v2\/product"}],"about":[{"href":"https:\/\/authleticwear.com\/pl\/wp-json\/wp\/v2\/types\/product"}],"replies":[{"embeddable":true,"href":"https:\/\/authleticwear.com\/pl\/wp-json\/wp\/v2\/comments?post=2913"}],"wp:featuredmedia":[{"embeddable":true,"href":"https:\/\/authleticwear.com\/pl\/wp-json\/wp\/v2\/media\/2918"}],"wp:attachment":[{"href":"https:\/\/authleticwear.com\/pl\/wp-json\/wp\/v2\/media?parent=2913"}],"wp:term":[{"taxonomy":"product_brand","embeddable":true,"href":"https:\/\/authleticwear.com\/pl\/wp-json\/wp\/v2\/product_brand?post=2913"},{"taxonomy":"product_cat","embeddable":true,"href":"https:\/\/authleticwear.com\/pl\/wp-json\/wp\/v2\/product_cat?post=2913"},{"taxonomy":"product_tag","embeddable":true,"href":"https:\/\/authleticwear.com\/pl\/wp-json\/wp\/v2\/product_tag?post=2913"}],"curies":[{"name":"wp","href":"https:\/\/api.w.org\/{rel}","templated":true}]}}