{"id":1608,"date":"2025-07-24T12:20:58","date_gmt":"2025-07-24T12:20:58","guid":{"rendered":"https:\/\/authleticwear.com\/pl\/?post_type=product&#038;p=1608"},"modified":"2026-04-26T16:19:38","modified_gmt":"2026-04-26T16:19:38","slug":"calla-butt-lift-krotkie-legginsy-czarny","status":"publish","type":"product","link":"https:\/\/authleticwear.com\/pl\/product\/calla-butt-lift-krotkie-legginsy-czarny\/","title":{"rendered":"Calla Butt Lift Kr\u00f3tkie Legginsy \u2013 Czarny"},"content":{"rendered":"","protected":false},"excerpt":{"rendered":"<p>Wypr\u00f3buj nasze &#8222;Calla Butt Lift Kr\u00f3tkie Legginsy&#8221;, aby uzyska\u0107 niesamowity wygl\u0105d. Zosta\u0142y zaprojektowane tak, aby podnie\u015b\u0107 pup\u0119 i pi\u0119knie wymodelowa\u0107 kr\u0105g\u0142o\u015bci. Najlepsza w swojej klasie funkcja marszczenia sprawia, \u017ce Twoje kszta\u0142ty s\u0105 bardziej widoczne, a wybrany przez nas materia\u0142 jest zar\u00f3wno mi\u0119kki, jak i wytrzyma\u0142y. Te legginsy s\u0105 idealne dla zapewnienia komfortu i stylu w Twojej odzie\u017cy treningowej.<\/p>\n<p><strong>Material:<br \/>\n<\/strong>\u2013 75% Nylon<br \/>\n\u2013 25% Elastan<\/p>\n","protected":false},"featured_media":1780,"comment_status":"open","ping_status":"closed","template":"","meta":{"_acf_changed":false,"bwfblock_default_font":"","inline_featured_image":false},"product_brand":[],"product_cat":[82,70,18],"product_tag":[71],"class_list":{"0":"post-1608","1":"product","2":"type-product","3":"status-publish","4":"has-post-thumbnail","6":"product_cat-butt-lift","7":"product_cat-calla","8":"product_cat-leggings","9":"product_tag-butt-lift","11":"first","12":"instock","13":"sale","14":"featured","15":"shipping-taxable","16":"purchasable","17":"product-type-variable","18":"has-default-attributes","19":"wvs-archive-product-wrapper"},"acf":[],"yoast_head":"<!-- This site is optimized with the Yoast SEO plugin v27.4 - https:\/\/yoast.com\/product\/yoast-seo-wordpress\/ -->\n<title>Calla Butt Lift Kr\u00f3tkie Legginsy \u2013 Czarny - Authletic PL<\/title>\n<meta name=\"robots\" content=\"index, follow, max-snippet:-1, max-image-preview:large, max-video-preview:-1\" \/>\n<link rel=\"canonical\" href=\"https:\/\/authleticwear.com\/pl\/product\/calla-butt-lift-krotkie-legginsy-czarny\/\" \/>\n<meta property=\"og:locale\" content=\"pl_PL\" \/>\n<meta property=\"og:type\" content=\"article\" \/>\n<meta property=\"og:title\" content=\"Calla Butt Lift Kr\u00f3tkie Legginsy \u2013 Czarny - Authletic PL\" \/>\n<meta property=\"og:description\" content=\"Wypr\u00f3buj nasze &quot;Calla Butt Lift Kr\u00f3tkie Legginsy&quot;, aby uzyska\u0107 niesamowity wygl\u0105d. Zosta\u0142y zaprojektowane tak, aby podnie\u015b\u0107 pup\u0119 i pi\u0119knie wymodelowa\u0107 kr\u0105g\u0142o\u015bci. Najlepsza w swojej klasie funkcja marszczenia sprawia, \u017ce Twoje kszta\u0142ty s\u0105 bardziej widoczne, a wybrany przez nas materia\u0142 jest zar\u00f3wno mi\u0119kki, jak i wytrzyma\u0142y. Te legginsy s\u0105 idealne dla zapewnienia komfortu i stylu w Twojej odzie\u017cy treningowej.  Material: \u2013 75% Nylon \u2013 25% Elastan\" \/>\n<meta property=\"og:url\" content=\"https:\/\/authleticwear.com\/pl\/product\/calla-butt-lift-krotkie-legginsy-czarny\/\" \/>\n<meta property=\"og:site_name\" content=\"Authletic PL\" \/>\n<meta property=\"article:publisher\" content=\"https:\/\/facebook.com\/authletic\/\" \/>\n<meta property=\"article:modified_time\" content=\"2026-04-26T16:19:38+00:00\" \/>\n<meta property=\"og:image\" content=\"https:\/\/authleticwear.com\/pl\/wp-content\/uploads\/sites\/5\/2025\/07\/PL.-features-black-Calla-short--scaled.jpg\" \/>\n\t<meta property=\"og:image:width\" content=\"1792\" \/>\n\t<meta property=\"og:image:height\" content=\"2560\" \/>\n\t<meta property=\"og:image:type\" content=\"image\/jpeg\" \/>\n<meta name=\"twitter:card\" content=\"summary_large_image\" \/>\n<meta name=\"twitter:label1\" content=\"Szacowany czas czytania\" \/>\n\t<meta name=\"twitter:data1\" content=\"1 minuta\" \/>\n<script type=\"application\/ld+json\" class=\"yoast-schema-graph\">{\"@context\":\"https:\\\/\\\/schema.org\",\"@graph\":[{\"@type\":\"WebPage\",\"@id\":\"https:\\\/\\\/authleticwear.com\\\/pl\\\/product\\\/calla-butt-lift-krotkie-legginsy-czarny\\\/\",\"url\":\"https:\\\/\\\/authleticwear.com\\\/pl\\\/product\\\/calla-butt-lift-krotkie-legginsy-czarny\\\/\",\"name\":\"Calla Butt Lift Kr\u00f3tkie Legginsy \u2013 Czarny - Authletic PL\",\"isPartOf\":{\"@id\":\"https:\\\/\\\/authleticwear.com\\\/pl\\\/#website\"},\"primaryImageOfPage\":{\"@id\":\"https:\\\/\\\/authleticwear.com\\\/pl\\\/product\\\/calla-butt-lift-krotkie-legginsy-czarny\\\/#primaryimage\"},\"image\":{\"@id\":\"https:\\\/\\\/authleticwear.com\\\/pl\\\/product\\\/calla-butt-lift-krotkie-legginsy-czarny\\\/#primaryimage\"},\"thumbnailUrl\":\"https:\\\/\\\/authleticwear.com\\\/pl\\\/wp-content\\\/uploads\\\/sites\\\/5\\\/2025\\\/07\\\/PL.-features-black-Calla-short--scaled.jpg\",\"datePublished\":\"2025-07-24T12:20:58+00:00\",\"dateModified\":\"2026-04-26T16:19:38+00:00\",\"breadcrumb\":{\"@id\":\"https:\\\/\\\/authleticwear.com\\\/pl\\\/product\\\/calla-butt-lift-krotkie-legginsy-czarny\\\/#breadcrumb\"},\"inLanguage\":\"pl-PL\",\"potentialAction\":[{\"@type\":\"ReadAction\",\"target\":[\"https:\\\/\\\/authleticwear.com\\\/pl\\\/product\\\/calla-butt-lift-krotkie-legginsy-czarny\\\/\"]}]},{\"@type\":\"ImageObject\",\"inLanguage\":\"pl-PL\",\"@id\":\"https:\\\/\\\/authleticwear.com\\\/pl\\\/product\\\/calla-butt-lift-krotkie-legginsy-czarny\\\/#primaryimage\",\"url\":\"https:\\\/\\\/authleticwear.com\\\/pl\\\/wp-content\\\/uploads\\\/sites\\\/5\\\/2025\\\/07\\\/PL.-features-black-Calla-short--scaled.jpg\",\"contentUrl\":\"https:\\\/\\\/authleticwear.com\\\/pl\\\/wp-content\\\/uploads\\\/sites\\\/5\\\/2025\\\/07\\\/PL.-features-black-Calla-short--scaled.jpg\",\"width\":1792,\"height\":2560},{\"@type\":\"BreadcrumbList\",\"@id\":\"https:\\\/\\\/authleticwear.com\\\/pl\\\/product\\\/calla-butt-lift-krotkie-legginsy-czarny\\\/#breadcrumb\",\"itemListElement\":[{\"@type\":\"ListItem\",\"position\":1,\"name\":\"Home\",\"item\":\"https:\\\/\\\/authleticwear.com\\\/pl\\\/\"},{\"@type\":\"ListItem\",\"position\":2,\"name\":\"Shop\",\"item\":\"https:\\\/\\\/authleticwear.com\\\/pl\\\/shop\\\/\"},{\"@type\":\"ListItem\",\"position\":3,\"name\":\"Calla Butt Lift Kr\u00f3tkie Legginsy \u2013 Czarny\"}]},{\"@type\":\"WebSite\",\"@id\":\"https:\\\/\\\/authleticwear.com\\\/pl\\\/#website\",\"url\":\"https:\\\/\\\/authleticwear.com\\\/pl\\\/\",\"name\":\"Authletic PL\",\"description\":\"I am Authentic. I am Athletic. I am Authletic.\",\"publisher\":{\"@id\":\"https:\\\/\\\/authleticwear.com\\\/pl\\\/#organization\"},\"potentialAction\":[{\"@type\":\"SearchAction\",\"target\":{\"@type\":\"EntryPoint\",\"urlTemplate\":\"https:\\\/\\\/authleticwear.com\\\/pl\\\/?s={search_term_string}\"},\"query-input\":{\"@type\":\"PropertyValueSpecification\",\"valueRequired\":true,\"valueName\":\"search_term_string\"}}],\"inLanguage\":\"pl-PL\"},{\"@type\":\"Organization\",\"@id\":\"https:\\\/\\\/authleticwear.com\\\/pl\\\/#organization\",\"name\":\"Authletic PL\",\"url\":\"https:\\\/\\\/authleticwear.com\\\/pl\\\/\",\"logo\":{\"@type\":\"ImageObject\",\"inLanguage\":\"pl-PL\",\"@id\":\"https:\\\/\\\/authleticwear.com\\\/pl\\\/#\\\/schema\\\/logo\\\/image\\\/\",\"url\":\"https:\\\/\\\/authleticwear.com\\\/pl\\\/wp-content\\\/uploads\\\/sites\\\/5\\\/2023\\\/11\\\/logo-web-authletic.svg\",\"contentUrl\":\"https:\\\/\\\/authleticwear.com\\\/pl\\\/wp-content\\\/uploads\\\/sites\\\/5\\\/2023\\\/11\\\/logo-web-authletic.svg\",\"caption\":\"Authletic PL\"},\"image\":{\"@id\":\"https:\\\/\\\/authleticwear.com\\\/pl\\\/#\\\/schema\\\/logo\\\/image\\\/\"},\"sameAs\":[\"https:\\\/\\\/facebook.com\\\/authletic\\\/\",\"https:\\\/\\\/instagram.com\\\/authleticwear\\\/\",\"https:\\\/\\\/tiktok.com\\\/@authletic\"]}]}<\/script>\n<!-- \/ Yoast SEO plugin. -->","yoast_head_json":{"title":"Calla Butt Lift Kr\u00f3tkie Legginsy \u2013 Czarny - Authletic PL","robots":{"index":"index","follow":"follow","max-snippet":"max-snippet:-1","max-image-preview":"max-image-preview:large","max-video-preview":"max-video-preview:-1"},"canonical":"https:\/\/authleticwear.com\/pl\/product\/calla-butt-lift-krotkie-legginsy-czarny\/","og_locale":"pl_PL","og_type":"article","og_title":"Calla Butt Lift Kr\u00f3tkie Legginsy \u2013 Czarny - Authletic PL","og_description":"Wypr\u00f3buj nasze \"Calla Butt Lift Kr\u00f3tkie Legginsy\", aby uzyska\u0107 niesamowity wygl\u0105d. Zosta\u0142y zaprojektowane tak, aby podnie\u015b\u0107 pup\u0119 i pi\u0119knie wymodelowa\u0107 kr\u0105g\u0142o\u015bci. Najlepsza w swojej klasie funkcja marszczenia sprawia, \u017ce Twoje kszta\u0142ty s\u0105 bardziej widoczne, a wybrany przez nas materia\u0142 jest zar\u00f3wno mi\u0119kki, jak i wytrzyma\u0142y. Te legginsy s\u0105 idealne dla zapewnienia komfortu i stylu w Twojej odzie\u017cy treningowej.  Material: \u2013 75% Nylon \u2013 25% Elastan","og_url":"https:\/\/authleticwear.com\/pl\/product\/calla-butt-lift-krotkie-legginsy-czarny\/","og_site_name":"Authletic PL","article_publisher":"https:\/\/facebook.com\/authletic\/","article_modified_time":"2026-04-26T16:19:38+00:00","og_image":[{"width":1792,"height":2560,"url":"https:\/\/authleticwear.com\/pl\/wp-content\/uploads\/sites\/5\/2025\/07\/PL.-features-black-Calla-short--scaled.jpg","type":"image\/jpeg"}],"twitter_card":"summary_large_image","twitter_misc":{"Szacowany czas czytania":"1 minuta"},"schema":{"@context":"https:\/\/schema.org","@graph":[{"@type":"WebPage","@id":"https:\/\/authleticwear.com\/pl\/product\/calla-butt-lift-krotkie-legginsy-czarny\/","url":"https:\/\/authleticwear.com\/pl\/product\/calla-butt-lift-krotkie-legginsy-czarny\/","name":"Calla Butt Lift Kr\u00f3tkie Legginsy \u2013 Czarny - Authletic PL","isPartOf":{"@id":"https:\/\/authleticwear.com\/pl\/#website"},"primaryImageOfPage":{"@id":"https:\/\/authleticwear.com\/pl\/product\/calla-butt-lift-krotkie-legginsy-czarny\/#primaryimage"},"image":{"@id":"https:\/\/authleticwear.com\/pl\/product\/calla-butt-lift-krotkie-legginsy-czarny\/#primaryimage"},"thumbnailUrl":"https:\/\/authleticwear.com\/pl\/wp-content\/uploads\/sites\/5\/2025\/07\/PL.-features-black-Calla-short--scaled.jpg","datePublished":"2025-07-24T12:20:58+00:00","dateModified":"2026-04-26T16:19:38+00:00","breadcrumb":{"@id":"https:\/\/authleticwear.com\/pl\/product\/calla-butt-lift-krotkie-legginsy-czarny\/#breadcrumb"},"inLanguage":"pl-PL","potentialAction":[{"@type":"ReadAction","target":["https:\/\/authleticwear.com\/pl\/product\/calla-butt-lift-krotkie-legginsy-czarny\/"]}]},{"@type":"ImageObject","inLanguage":"pl-PL","@id":"https:\/\/authleticwear.com\/pl\/product\/calla-butt-lift-krotkie-legginsy-czarny\/#primaryimage","url":"https:\/\/authleticwear.com\/pl\/wp-content\/uploads\/sites\/5\/2025\/07\/PL.-features-black-Calla-short--scaled.jpg","contentUrl":"https:\/\/authleticwear.com\/pl\/wp-content\/uploads\/sites\/5\/2025\/07\/PL.-features-black-Calla-short--scaled.jpg","width":1792,"height":2560},{"@type":"BreadcrumbList","@id":"https:\/\/authleticwear.com\/pl\/product\/calla-butt-lift-krotkie-legginsy-czarny\/#breadcrumb","itemListElement":[{"@type":"ListItem","position":1,"name":"Home","item":"https:\/\/authleticwear.com\/pl\/"},{"@type":"ListItem","position":2,"name":"Shop","item":"https:\/\/authleticwear.com\/pl\/shop\/"},{"@type":"ListItem","position":3,"name":"Calla Butt Lift Kr\u00f3tkie Legginsy \u2013 Czarny"}]},{"@type":"WebSite","@id":"https:\/\/authleticwear.com\/pl\/#website","url":"https:\/\/authleticwear.com\/pl\/","name":"Authletic PL","description":"I am Authentic. I am Athletic. I am Authletic.","publisher":{"@id":"https:\/\/authleticwear.com\/pl\/#organization"},"potentialAction":[{"@type":"SearchAction","target":{"@type":"EntryPoint","urlTemplate":"https:\/\/authleticwear.com\/pl\/?s={search_term_string}"},"query-input":{"@type":"PropertyValueSpecification","valueRequired":true,"valueName":"search_term_string"}}],"inLanguage":"pl-PL"},{"@type":"Organization","@id":"https:\/\/authleticwear.com\/pl\/#organization","name":"Authletic PL","url":"https:\/\/authleticwear.com\/pl\/","logo":{"@type":"ImageObject","inLanguage":"pl-PL","@id":"https:\/\/authleticwear.com\/pl\/#\/schema\/logo\/image\/","url":"https:\/\/authleticwear.com\/pl\/wp-content\/uploads\/sites\/5\/2023\/11\/logo-web-authletic.svg","contentUrl":"https:\/\/authleticwear.com\/pl\/wp-content\/uploads\/sites\/5\/2023\/11\/logo-web-authletic.svg","caption":"Authletic PL"},"image":{"@id":"https:\/\/authleticwear.com\/pl\/#\/schema\/logo\/image\/"},"sameAs":["https:\/\/facebook.com\/authletic\/","https:\/\/instagram.com\/authleticwear\/","https:\/\/tiktok.com\/@authletic"]}]}},"_links":{"self":[{"href":"https:\/\/authleticwear.com\/pl\/wp-json\/wp\/v2\/product\/1608","targetHints":{"allow":["GET"]}}],"collection":[{"href":"https:\/\/authleticwear.com\/pl\/wp-json\/wp\/v2\/product"}],"about":[{"href":"https:\/\/authleticwear.com\/pl\/wp-json\/wp\/v2\/types\/product"}],"replies":[{"embeddable":true,"href":"https:\/\/authleticwear.com\/pl\/wp-json\/wp\/v2\/comments?post=1608"}],"wp:featuredmedia":[{"embeddable":true,"href":"https:\/\/authleticwear.com\/pl\/wp-json\/wp\/v2\/media\/1780"}],"wp:attachment":[{"href":"https:\/\/authleticwear.com\/pl\/wp-json\/wp\/v2\/media?parent=1608"}],"wp:term":[{"taxonomy":"product_brand","embeddable":true,"href":"https:\/\/authleticwear.com\/pl\/wp-json\/wp\/v2\/product_brand?post=1608"},{"taxonomy":"product_cat","embeddable":true,"href":"https:\/\/authleticwear.com\/pl\/wp-json\/wp\/v2\/product_cat?post=1608"},{"taxonomy":"product_tag","embeddable":true,"href":"https:\/\/authleticwear.com\/pl\/wp-json\/wp\/v2\/product_tag?post=1608"}],"curies":[{"name":"wp","href":"https:\/\/api.w.org\/{rel}","templated":true}]}}