{"id":1236,"date":"2024-07-25T13:26:14","date_gmt":"2024-07-25T13:26:14","guid":{"rendered":"https:\/\/authleticwear.com\/pl\/?post_type=product&#038;p=1236"},"modified":"2026-04-26T19:54:23","modified_gmt":"2026-04-26T19:54:23","slug":"aluna-top-bandeau-pomaranczowa","status":"publish","type":"product","link":"https:\/\/authleticwear.com\/pl\/product\/aluna-top-bandeau-pomaranczowa\/","title":{"rendered":"Aluna top bandeau &#8211; Pomara\u0144czowa"},"content":{"rendered":"","protected":false},"excerpt":{"rendered":"<p>Odkryj perfekcyjny styl z naszym bandeau topem Aluna, idealnym na ka\u017cd\u0105 okazj\u0119. Ten top posiada wyj\u0105tkowo wysokiej jako\u015bci wyjmowane wk\u0142adki. Umieszczony wewn\u0105trz silikonowy pasek sprawia, \u017ce top zawsze pozostaje na swoim miejscu i nie zsuwa si\u0119. Oferuje \u015bredniej intensywno\u015bci podtrzymanie i jest wykonany z dopasowuj\u0105cego si\u0119 do cia\u0142a materia\u0142u.<\/p>\n<p><strong>Materia\u0142:<\/strong><br \/>\n\u2013 77% Poliester<br \/>\n\u2013 23% Elastan<\/p>\n","protected":false},"featured_media":1791,"comment_status":"open","ping_status":"closed","template":"","meta":{"_acf_changed":false,"bwfblock_default_font":"","inline_featured_image":false},"product_brand":[],"product_cat":[58,30],"product_tag":[69,25,67],"class_list":{"0":"post-1236","1":"product","2":"type-product","3":"status-publish","4":"has-post-thumbnail","6":"product_cat-aluna","7":"product_cat-tops","8":"product_tag-limited","9":"product_tag-new","10":"product_tag-wbudowany-stanik","12":"first","13":"instock","14":"sale","15":"shipping-taxable","16":"purchasable","17":"product-type-variable","18":"has-default-attributes","19":"wvs-archive-product-wrapper"},"acf":[],"yoast_head":"<!-- This site is optimized with the Yoast SEO plugin v27.4 - https:\/\/yoast.com\/product\/yoast-seo-wordpress\/ -->\n<title>Aluna top bandeau - Pomara\u0144czowa - Authletic PL<\/title>\n<meta name=\"robots\" content=\"index, follow, max-snippet:-1, max-image-preview:large, max-video-preview:-1\" \/>\n<link rel=\"canonical\" href=\"https:\/\/authleticwear.com\/pl\/product\/aluna-top-bandeau-pomaranczowa\/\" \/>\n<meta property=\"og:locale\" content=\"pl_PL\" \/>\n<meta property=\"og:type\" content=\"article\" \/>\n<meta property=\"og:title\" content=\"Aluna top bandeau - Pomara\u0144czowa - Authletic PL\" \/>\n<meta property=\"og:description\" content=\"Odkryj perfekcyjny styl z naszym bandeau topem Aluna, idealnym na ka\u017cd\u0105 okazj\u0119. Ten top posiada wyj\u0105tkowo wysokiej jako\u015bci wyjmowane wk\u0142adki. Umieszczony wewn\u0105trz silikonowy pasek sprawia, \u017ce top zawsze pozostaje na swoim miejscu i nie zsuwa si\u0119. Oferuje \u015bredniej intensywno\u015bci podtrzymanie i jest wykonany z dopasowuj\u0105cego si\u0119 do cia\u0142a materia\u0142u.  Materia\u0142: \u2013 77% Poliester \u2013 23% Elastan\" \/>\n<meta property=\"og:url\" content=\"https:\/\/authleticwear.com\/pl\/product\/aluna-top-bandeau-pomaranczowa\/\" \/>\n<meta property=\"og:site_name\" content=\"Authletic PL\" \/>\n<meta property=\"article:publisher\" content=\"https:\/\/facebook.com\/authletic\/\" \/>\n<meta property=\"article:modified_time\" content=\"2026-04-26T19:54:23+00:00\" \/>\n<meta property=\"og:image\" content=\"https:\/\/authleticwear.com\/pl\/wp-content\/uploads\/sites\/5\/2025\/07\/PL-aluna-bandeau-top-orange--scaled.jpg\" \/>\n\t<meta property=\"og:image:width\" content=\"1792\" \/>\n\t<meta property=\"og:image:height\" content=\"2560\" \/>\n\t<meta property=\"og:image:type\" content=\"image\/jpeg\" \/>\n<meta name=\"twitter:card\" content=\"summary_large_image\" \/>\n<meta name=\"twitter:label1\" content=\"Szacowany czas czytania\" \/>\n\t<meta name=\"twitter:data1\" content=\"1 minuta\" \/>\n<script type=\"application\/ld+json\" class=\"yoast-schema-graph\">{\"@context\":\"https:\\\/\\\/schema.org\",\"@graph\":[{\"@type\":\"WebPage\",\"@id\":\"https:\\\/\\\/authleticwear.com\\\/pl\\\/product\\\/aluna-top-bandeau-pomaranczowa\\\/\",\"url\":\"https:\\\/\\\/authleticwear.com\\\/pl\\\/product\\\/aluna-top-bandeau-pomaranczowa\\\/\",\"name\":\"Aluna top bandeau - Pomara\u0144czowa - Authletic PL\",\"isPartOf\":{\"@id\":\"https:\\\/\\\/authleticwear.com\\\/pl\\\/#website\"},\"primaryImageOfPage\":{\"@id\":\"https:\\\/\\\/authleticwear.com\\\/pl\\\/product\\\/aluna-top-bandeau-pomaranczowa\\\/#primaryimage\"},\"image\":{\"@id\":\"https:\\\/\\\/authleticwear.com\\\/pl\\\/product\\\/aluna-top-bandeau-pomaranczowa\\\/#primaryimage\"},\"thumbnailUrl\":\"https:\\\/\\\/authleticwear.com\\\/pl\\\/wp-content\\\/uploads\\\/sites\\\/5\\\/2025\\\/07\\\/PL-aluna-bandeau-top-orange--scaled.jpg\",\"datePublished\":\"2024-07-25T13:26:14+00:00\",\"dateModified\":\"2026-04-26T19:54:23+00:00\",\"breadcrumb\":{\"@id\":\"https:\\\/\\\/authleticwear.com\\\/pl\\\/product\\\/aluna-top-bandeau-pomaranczowa\\\/#breadcrumb\"},\"inLanguage\":\"pl-PL\",\"potentialAction\":[{\"@type\":\"ReadAction\",\"target\":[\"https:\\\/\\\/authleticwear.com\\\/pl\\\/product\\\/aluna-top-bandeau-pomaranczowa\\\/\"]}]},{\"@type\":\"ImageObject\",\"inLanguage\":\"pl-PL\",\"@id\":\"https:\\\/\\\/authleticwear.com\\\/pl\\\/product\\\/aluna-top-bandeau-pomaranczowa\\\/#primaryimage\",\"url\":\"https:\\\/\\\/authleticwear.com\\\/pl\\\/wp-content\\\/uploads\\\/sites\\\/5\\\/2025\\\/07\\\/PL-aluna-bandeau-top-orange--scaled.jpg\",\"contentUrl\":\"https:\\\/\\\/authleticwear.com\\\/pl\\\/wp-content\\\/uploads\\\/sites\\\/5\\\/2025\\\/07\\\/PL-aluna-bandeau-top-orange--scaled.jpg\",\"width\":1792,\"height\":2560},{\"@type\":\"BreadcrumbList\",\"@id\":\"https:\\\/\\\/authleticwear.com\\\/pl\\\/product\\\/aluna-top-bandeau-pomaranczowa\\\/#breadcrumb\",\"itemListElement\":[{\"@type\":\"ListItem\",\"position\":1,\"name\":\"Home\",\"item\":\"https:\\\/\\\/authleticwear.com\\\/pl\\\/\"},{\"@type\":\"ListItem\",\"position\":2,\"name\":\"Shop\",\"item\":\"https:\\\/\\\/authleticwear.com\\\/pl\\\/shop\\\/\"},{\"@type\":\"ListItem\",\"position\":3,\"name\":\"Aluna top bandeau &#8211; Pomara\u0144czowa\"}]},{\"@type\":\"WebSite\",\"@id\":\"https:\\\/\\\/authleticwear.com\\\/pl\\\/#website\",\"url\":\"https:\\\/\\\/authleticwear.com\\\/pl\\\/\",\"name\":\"Authletic PL\",\"description\":\"I am Authentic. I am Athletic. I am Authletic.\",\"publisher\":{\"@id\":\"https:\\\/\\\/authleticwear.com\\\/pl\\\/#organization\"},\"potentialAction\":[{\"@type\":\"SearchAction\",\"target\":{\"@type\":\"EntryPoint\",\"urlTemplate\":\"https:\\\/\\\/authleticwear.com\\\/pl\\\/?s={search_term_string}\"},\"query-input\":{\"@type\":\"PropertyValueSpecification\",\"valueRequired\":true,\"valueName\":\"search_term_string\"}}],\"inLanguage\":\"pl-PL\"},{\"@type\":\"Organization\",\"@id\":\"https:\\\/\\\/authleticwear.com\\\/pl\\\/#organization\",\"name\":\"Authletic PL\",\"url\":\"https:\\\/\\\/authleticwear.com\\\/pl\\\/\",\"logo\":{\"@type\":\"ImageObject\",\"inLanguage\":\"pl-PL\",\"@id\":\"https:\\\/\\\/authleticwear.com\\\/pl\\\/#\\\/schema\\\/logo\\\/image\\\/\",\"url\":\"https:\\\/\\\/authleticwear.com\\\/pl\\\/wp-content\\\/uploads\\\/sites\\\/5\\\/2023\\\/11\\\/logo-web-authletic.svg\",\"contentUrl\":\"https:\\\/\\\/authleticwear.com\\\/pl\\\/wp-content\\\/uploads\\\/sites\\\/5\\\/2023\\\/11\\\/logo-web-authletic.svg\",\"caption\":\"Authletic PL\"},\"image\":{\"@id\":\"https:\\\/\\\/authleticwear.com\\\/pl\\\/#\\\/schema\\\/logo\\\/image\\\/\"},\"sameAs\":[\"https:\\\/\\\/facebook.com\\\/authletic\\\/\",\"https:\\\/\\\/instagram.com\\\/authleticwear\\\/\",\"https:\\\/\\\/tiktok.com\\\/@authletic\"]}]}<\/script>\n<!-- \/ Yoast SEO plugin. -->","yoast_head_json":{"title":"Aluna top bandeau - Pomara\u0144czowa - Authletic PL","robots":{"index":"index","follow":"follow","max-snippet":"max-snippet:-1","max-image-preview":"max-image-preview:large","max-video-preview":"max-video-preview:-1"},"canonical":"https:\/\/authleticwear.com\/pl\/product\/aluna-top-bandeau-pomaranczowa\/","og_locale":"pl_PL","og_type":"article","og_title":"Aluna top bandeau - Pomara\u0144czowa - Authletic PL","og_description":"Odkryj perfekcyjny styl z naszym bandeau topem Aluna, idealnym na ka\u017cd\u0105 okazj\u0119. Ten top posiada wyj\u0105tkowo wysokiej jako\u015bci wyjmowane wk\u0142adki. Umieszczony wewn\u0105trz silikonowy pasek sprawia, \u017ce top zawsze pozostaje na swoim miejscu i nie zsuwa si\u0119. Oferuje \u015bredniej intensywno\u015bci podtrzymanie i jest wykonany z dopasowuj\u0105cego si\u0119 do cia\u0142a materia\u0142u.  Materia\u0142: \u2013 77% Poliester \u2013 23% Elastan","og_url":"https:\/\/authleticwear.com\/pl\/product\/aluna-top-bandeau-pomaranczowa\/","og_site_name":"Authletic PL","article_publisher":"https:\/\/facebook.com\/authletic\/","article_modified_time":"2026-04-26T19:54:23+00:00","og_image":[{"width":1792,"height":2560,"url":"https:\/\/authleticwear.com\/pl\/wp-content\/uploads\/sites\/5\/2025\/07\/PL-aluna-bandeau-top-orange--scaled.jpg","type":"image\/jpeg"}],"twitter_card":"summary_large_image","twitter_misc":{"Szacowany czas czytania":"1 minuta"},"schema":{"@context":"https:\/\/schema.org","@graph":[{"@type":"WebPage","@id":"https:\/\/authleticwear.com\/pl\/product\/aluna-top-bandeau-pomaranczowa\/","url":"https:\/\/authleticwear.com\/pl\/product\/aluna-top-bandeau-pomaranczowa\/","name":"Aluna top bandeau - Pomara\u0144czowa - Authletic PL","isPartOf":{"@id":"https:\/\/authleticwear.com\/pl\/#website"},"primaryImageOfPage":{"@id":"https:\/\/authleticwear.com\/pl\/product\/aluna-top-bandeau-pomaranczowa\/#primaryimage"},"image":{"@id":"https:\/\/authleticwear.com\/pl\/product\/aluna-top-bandeau-pomaranczowa\/#primaryimage"},"thumbnailUrl":"https:\/\/authleticwear.com\/pl\/wp-content\/uploads\/sites\/5\/2025\/07\/PL-aluna-bandeau-top-orange--scaled.jpg","datePublished":"2024-07-25T13:26:14+00:00","dateModified":"2026-04-26T19:54:23+00:00","breadcrumb":{"@id":"https:\/\/authleticwear.com\/pl\/product\/aluna-top-bandeau-pomaranczowa\/#breadcrumb"},"inLanguage":"pl-PL","potentialAction":[{"@type":"ReadAction","target":["https:\/\/authleticwear.com\/pl\/product\/aluna-top-bandeau-pomaranczowa\/"]}]},{"@type":"ImageObject","inLanguage":"pl-PL","@id":"https:\/\/authleticwear.com\/pl\/product\/aluna-top-bandeau-pomaranczowa\/#primaryimage","url":"https:\/\/authleticwear.com\/pl\/wp-content\/uploads\/sites\/5\/2025\/07\/PL-aluna-bandeau-top-orange--scaled.jpg","contentUrl":"https:\/\/authleticwear.com\/pl\/wp-content\/uploads\/sites\/5\/2025\/07\/PL-aluna-bandeau-top-orange--scaled.jpg","width":1792,"height":2560},{"@type":"BreadcrumbList","@id":"https:\/\/authleticwear.com\/pl\/product\/aluna-top-bandeau-pomaranczowa\/#breadcrumb","itemListElement":[{"@type":"ListItem","position":1,"name":"Home","item":"https:\/\/authleticwear.com\/pl\/"},{"@type":"ListItem","position":2,"name":"Shop","item":"https:\/\/authleticwear.com\/pl\/shop\/"},{"@type":"ListItem","position":3,"name":"Aluna top bandeau &#8211; Pomara\u0144czowa"}]},{"@type":"WebSite","@id":"https:\/\/authleticwear.com\/pl\/#website","url":"https:\/\/authleticwear.com\/pl\/","name":"Authletic PL","description":"I am Authentic. I am Athletic. I am Authletic.","publisher":{"@id":"https:\/\/authleticwear.com\/pl\/#organization"},"potentialAction":[{"@type":"SearchAction","target":{"@type":"EntryPoint","urlTemplate":"https:\/\/authleticwear.com\/pl\/?s={search_term_string}"},"query-input":{"@type":"PropertyValueSpecification","valueRequired":true,"valueName":"search_term_string"}}],"inLanguage":"pl-PL"},{"@type":"Organization","@id":"https:\/\/authleticwear.com\/pl\/#organization","name":"Authletic PL","url":"https:\/\/authleticwear.com\/pl\/","logo":{"@type":"ImageObject","inLanguage":"pl-PL","@id":"https:\/\/authleticwear.com\/pl\/#\/schema\/logo\/image\/","url":"https:\/\/authleticwear.com\/pl\/wp-content\/uploads\/sites\/5\/2023\/11\/logo-web-authletic.svg","contentUrl":"https:\/\/authleticwear.com\/pl\/wp-content\/uploads\/sites\/5\/2023\/11\/logo-web-authletic.svg","caption":"Authletic PL"},"image":{"@id":"https:\/\/authleticwear.com\/pl\/#\/schema\/logo\/image\/"},"sameAs":["https:\/\/facebook.com\/authletic\/","https:\/\/instagram.com\/authleticwear\/","https:\/\/tiktok.com\/@authletic"]}]}},"_links":{"self":[{"href":"https:\/\/authleticwear.com\/pl\/wp-json\/wp\/v2\/product\/1236","targetHints":{"allow":["GET"]}}],"collection":[{"href":"https:\/\/authleticwear.com\/pl\/wp-json\/wp\/v2\/product"}],"about":[{"href":"https:\/\/authleticwear.com\/pl\/wp-json\/wp\/v2\/types\/product"}],"replies":[{"embeddable":true,"href":"https:\/\/authleticwear.com\/pl\/wp-json\/wp\/v2\/comments?post=1236"}],"wp:featuredmedia":[{"embeddable":true,"href":"https:\/\/authleticwear.com\/pl\/wp-json\/wp\/v2\/media\/1791"}],"wp:attachment":[{"href":"https:\/\/authleticwear.com\/pl\/wp-json\/wp\/v2\/media?parent=1236"}],"wp:term":[{"taxonomy":"product_brand","embeddable":true,"href":"https:\/\/authleticwear.com\/pl\/wp-json\/wp\/v2\/product_brand?post=1236"},{"taxonomy":"product_cat","embeddable":true,"href":"https:\/\/authleticwear.com\/pl\/wp-json\/wp\/v2\/product_cat?post=1236"},{"taxonomy":"product_tag","embeddable":true,"href":"https:\/\/authleticwear.com\/pl\/wp-json\/wp\/v2\/product_tag?post=1236"}],"curies":[{"name":"wp","href":"https:\/\/api.w.org\/{rel}","templated":true}]}}