{"id":403,"date":"2023-11-15T15:31:28","date_gmt":"2023-11-15T15:31:28","guid":{"rendered":"http:\/\/authleticwear\/?page_id=403"},"modified":"2026-03-26T11:15:03","modified_gmt":"2026-03-26T11:15:03","slug":"delivery-and-returns","status":"publish","type":"page","link":"https:\/\/authleticwear.com\/pl\/delivery-and-returns\/","title":{"rendered":"Dostawa i zwroty"},"content":{"rendered":"<h3>Dostawa<\/h3>\n<p>Dostawa jest realizowana przez firm\u0119 kuriersk\u0105 GLS. Szacowany czas dostawy produkt\u00f3w znajduj\u0105cych si\u0119 w magazynie wynosi 2-5 dni roboczych dla wszystkich zam\u00f3wie\u0144 na terenie Europy. Dostawa odbywa si\u0119 na adres podany podczas sk\u0142adania zam\u00f3wienia. Je\u015bli w momencie dostawy pod wskazanym adresem nie b\u0119dzie nikogo, zam\u00f3wione produkty b\u0119dzie mo\u017cna odebra\u0107 zgodnie z instrukcjami firmy kurierskiej.<\/p>\n<h3>Zwrot produktu<\/h3>\n<p>Zakupiony towar mo\u017cna zwr\u00f3ci\u0107 w ci\u0105gu 30 dni od daty jego otrzymania.<\/p>\n<h5><strong>Je\u015bli kupi\u0142e\u015b swoje produkty w ci\u0105gu ostatnich 30 dni, mo\u017cesz je zwr\u00f3ci\u0107 i poprosi\u0107 o zwrot pieni\u0119dzy lub wymieni\u0107 je na inny produkt, bez podawania przyczyny. Aby rozpocz\u0105\u0107 zwrot, wype\u0142nij poni\u017cszy formularz:<\/strong><\/h5>\n<p><span style=\"color: #ff0000;\"><strong>W pierwszym polu wpisz numer zam\u00f3wienia w tym formacie:<\/strong><\/span><br \/>\n<span style=\"color: #ff0000;\"><strong>[AUTHPL]1234 (bez #)<\/strong><\/span><\/p>\n<p><span style=\"color: #ff0000;\"><strong>W drugim polu wpisz sw\u00f3j adres e mail.<\/strong><\/span><\/p>\n<iframe id=\"orderManagementFormPl\" src-data=\"https:\/\/mainpublic.metakocka.si\/v1\/changeOrderForm?formId=7afc7f77-f1e8-4a98-a494-57ec3ddcb30a&lang=pl_PL\" title=\"Change order form\" width=\"100%\" height=\"600\" style=\"border:0; max-height:600px;\">\r\n<\/iframe>\r\n\r\n<script>\r\n(function() {\r\n   const urlSearchParams = new URLSearchParams(window.location.search);\r\n   const params = Object.fromEntries(urlSearchParams.entries());\r\n\r\n   var iframe = document.getElementById(\"orderManagementFormPl\");\r\n   var iframeSrc = iframe.getAttribute(\"src-data\");\r\n\r\n   if (params.omf_user_session) {\r\n      iframeSrc += \"&omf_user_session=\" + params.omf_user_session;\r\n   }\r\n\r\n   iframe.setAttribute(\"src\", iframeSrc);\r\n})();\r\n<\/script>\r\n\n<p>Aby zachowa\u0107 30-dniowy termin zwrotu, wystarczy wys\u0142a\u0107 towar w terminie oraz wype\u0142ni\u0107 i wys\u0142a\u0107 formularz zwrotu. Prawo do zwrotu ma zastosowanie tylko wtedy, gdy towary s\u0105 zwracane w oryginalnym stanie, nieuszkodzone i w oryginalnym opakowaniu. <strong>Towary musz\u0105 by\u0107 nowe: nieumyte, z nienaruszonymi metkami i w oryginalnym opakowaniu.<\/strong><\/p>\n<p><strong>Zwracane lub wymieniane produkty nale\u017cy wysy\u0142a\u0107 na adres:<\/strong><br \/>\nAUTHLETIC d.o.o.<br \/>\nZapotok 123b,<br \/>\n1292 Ig<br \/>\nSI-S\u0142owenia<\/p>\n<p><strong>Prosimy o do\u0142\u0105czenie do paczki faktury lub formularza zwrotu &#8211; pomo\u017ce nam to zidentyfikowa\u0107 i sprawnie przetworzy\u0107 Twoj\u0105 pro\u015bb\u0119! Je\u015bli wymieniasz przedmiot, daj nam zna\u0107, kt\u00f3ry produkt chcesz wymieni\u0107. Jeste\u015bmy tutaj, aby pom\u00f3c!<\/strong><\/p>\n<p><strong>Koszt zwrotu:<\/strong><br \/>\n1. Je\u015bli wymieniasz produkty, p\u0142acisz tylko za ich wysy\u0142k\u0119 do nas. Nowe produkty wy\u015blemy z powrotem za darmo!<br \/>\n2. Je\u015bli zwracasz produkty, koszty wysy\u0142ki b\u0119d\u0105 ponoszone przez Ciebie. Nie jeste\u015bmy w stanie przyj\u0105\u0107 paczek, kt\u00f3re wymagaj\u0105 p\u0142atno\u015bci przy odbiorze. Dzi\u0119kujemy za zrozumienie!<br \/>\n3. Je\u015bli ode\u015blesz produkty, a nie spe\u0142niaj\u0105 one naszych warunk\u00f3w zwrotu, b\u0119dziemy musieli odes\u0142a\u0107 je do Ciebie na Tw\u00f3j koszt.<\/p>\n<h3>Polityka Dotycz\u0105ca Zwrot\u00f3w Koszt\u00f3w<\/h3>\n<p>Zwr\u00f3cimy koszt zakupionego produktu w ci\u0105gu 14 dni od otrzymania reklamacji lub otrzymania zwr\u00f3conego produktu.<\/p>\n<p>Zap\u0142acona kwota zostanie zwr\u00f3cona za po\u015brednictwem przelewu bankowego na konto bankowe kupuj\u0105cego. W przypadku przedp\u0142aty, kwota zostanie zwr\u00f3cona na metod\u0119 p\u0142atno\u015bci u\u017cyt\u0105 do zakupu.<\/p>\n<h3>Op\u00f3\u017anione lub nieotrzymane zwroty<\/h3>\n<p>Je\u015bli nie otrzyma\u0142e\u015b jeszcze swojego zwrotu pieni\u0119dzy, sprawd\u017a najpierw swoje konto bankowe. Nast\u0119pnie skontaktuj si\u0119 z operatorem karty kredytowej, poniewa\u017c oficjalne przetworzenie zwrotu mo\u017ce zaj\u0105\u0107 troch\u0119 czasu.<\/p>\n<p>Zazwyczaj bank potrzebuje troch\u0119 czasu na przetworzenie p\u0142atno\u015bci przed dokonaniem zwrotu.<\/p>\n<p>Je\u015bli wykona\u0142e\u015b wszystkie powy\u017csze kroki i nadal nie otrzyma\u0142e\u015b zwrotu koszt\u00f3w, skontaktuj si\u0119 z nami za po\u015brednictwem adresu e-mail support@authleticwear.com.<\/p>\n<h3>Wymiana<\/h3>\n<p>Mo\u017cemy wymieni\u0107 zakupione przez Ciebie produkty, je\u015bli by\u0142y one uszkodzone lub wadliwe w momencie ich dostawy. Je\u015bli chcesz wymieni\u0107 produkt na identyczny, wy\u015blij do nas wiadomo\u015b\u0107 e-mail ze wszystkimi szczeg\u00f3\u0142ami zakupu (imi\u0119, nazwisko, adres, adres e-mail u\u017cyty do zakupu i numer zam\u00f3wienia).<\/p>\n<h3>Koszt zwrotu<\/h3>\n<p>1. Je\u015bli wymieniasz produkty, p\u0142acisz tylko za ich wysy\u0142k\u0119 do nas. Nowe produkty wy\u015blemy z powrotem za darmo!<br \/>\n2. Je\u015bli zwracasz produkty, koszty wysy\u0142ki b\u0119d\u0105 ponoszone przez Ciebie. Nie jeste\u015bmy w stanie przyj\u0105\u0107 paczek, kt\u00f3re wymagaj\u0105 p\u0142atno\u015bci przy odbiorze. Dzi\u0119kujemy za zrozumienie!<br \/>\n3. Je\u015bli ode\u015blesz produkty, a nie spe\u0142niaj\u0105 one naszych warunk\u00f3w zwrotu, b\u0119dziemy musieli odes\u0142a\u0107 je do Ciebie na Tw\u00f3j koszt.<\/p>\n","protected":false},"excerpt":{"rendered":"<p>Dostawa Dostawa jest realizowana przez firm\u0119 kuriersk\u0105 GLS. Szacowany czas dostawy produkt\u00f3w znajduj\u0105cych si\u0119 w magazynie wynosi 2-5 dni roboczych dla wszystkich zam\u00f3wie\u0144 na terenie Europy. Dostawa odbywa si\u0119 na adres podany podczas sk\u0142adania zam\u00f3wienia. Je\u015bli w momencie dostawy pod wskazanym adresem nie b\u0119dzie nikogo, zam\u00f3wione produkty b\u0119dzie mo\u017cna odebra\u0107 zgodnie z instrukcjami firmy kurierskiej. &#8230; <a title=\"Dostawa i zwroty\" class=\"read-more\" href=\"https:\/\/authleticwear.com\/pl\/delivery-and-returns\/\" aria-label=\"Read more about Dostawa i zwroty\">Dowiedz si\u0119 wi\u0119cej<\/a><\/p>\n","protected":false},"author":1,"featured_media":0,"parent":0,"menu_order":0,"comment_status":"closed","ping_status":"closed","template":"template-content-page.php","meta":{"_acf_changed":false,"bwfblock_default_font":"","inline_featured_image":false,"footnotes":""},"class_list":["post-403","page","type-page","status-publish"],"acf":[],"yoast_head":"<!-- This site is optimized with the Yoast SEO plugin v27.4 - https:\/\/yoast.com\/product\/yoast-seo-wordpress\/ -->\n<title>Dostawa i zwroty - Authletic PL<\/title>\n<meta name=\"robots\" content=\"index, follow, max-snippet:-1, max-image-preview:large, max-video-preview:-1\" \/>\n<link rel=\"canonical\" href=\"https:\/\/authleticwear.com\/pl\/delivery-and-returns\/\" \/>\n<meta property=\"og:locale\" content=\"pl_PL\" \/>\n<meta property=\"og:type\" content=\"article\" \/>\n<meta property=\"og:title\" content=\"Dostawa i zwroty - Authletic PL\" \/>\n<meta property=\"og:description\" content=\"Dostawa Dostawa jest realizowana przez firm\u0119 kuriersk\u0105 GLS. Szacowany czas dostawy produkt\u00f3w znajduj\u0105cych si\u0119 w magazynie wynosi 2-5 dni roboczych dla wszystkich zam\u00f3wie\u0144 na terenie Europy. Dostawa odbywa si\u0119 na adres podany podczas sk\u0142adania zam\u00f3wienia. Je\u015bli w momencie dostawy pod wskazanym adresem nie b\u0119dzie nikogo, zam\u00f3wione produkty b\u0119dzie mo\u017cna odebra\u0107 zgodnie z instrukcjami firmy kurierskiej. ... Dowiedz si\u0119 wi\u0119cej\" \/>\n<meta property=\"og:url\" content=\"https:\/\/authleticwear.com\/pl\/delivery-and-returns\/\" \/>\n<meta property=\"og:site_name\" content=\"Authletic PL\" \/>\n<meta property=\"article:publisher\" content=\"https:\/\/facebook.com\/authletic\/\" \/>\n<meta property=\"article:modified_time\" content=\"2026-03-26T11:15:03+00:00\" \/>\n<meta property=\"og:image\" content=\"https:\/\/authleticwear.com\/pl\/wp-content\/uploads\/sites\/5\/2024\/08\/Home_page_desktop-scaled.jpg\" \/>\n\t<meta property=\"og:image:width\" content=\"2560\" \/>\n\t<meta property=\"og:image:height\" content=\"1765\" \/>\n\t<meta property=\"og:image:type\" content=\"image\/jpeg\" \/>\n<meta name=\"twitter:card\" content=\"summary_large_image\" \/>\n<meta name=\"twitter:label1\" content=\"Szacowany czas czytania\" \/>\n\t<meta name=\"twitter:data1\" content=\"3 minuty\" \/>\n<script type=\"application\/ld+json\" class=\"yoast-schema-graph\">{\"@context\":\"https:\\\/\\\/schema.org\",\"@graph\":[{\"@type\":\"WebPage\",\"@id\":\"https:\\\/\\\/authleticwear.com\\\/pl\\\/delivery-and-returns\\\/\",\"url\":\"https:\\\/\\\/authleticwear.com\\\/pl\\\/delivery-and-returns\\\/\",\"name\":\"Dostawa i zwroty - Authletic PL\",\"isPartOf\":{\"@id\":\"https:\\\/\\\/authleticwear.com\\\/pl\\\/#website\"},\"datePublished\":\"2023-11-15T15:31:28+00:00\",\"dateModified\":\"2026-03-26T11:15:03+00:00\",\"breadcrumb\":{\"@id\":\"https:\\\/\\\/authleticwear.com\\\/pl\\\/delivery-and-returns\\\/#breadcrumb\"},\"inLanguage\":\"pl-PL\",\"potentialAction\":[{\"@type\":\"ReadAction\",\"target\":[\"https:\\\/\\\/authleticwear.com\\\/pl\\\/delivery-and-returns\\\/\"]}]},{\"@type\":\"BreadcrumbList\",\"@id\":\"https:\\\/\\\/authleticwear.com\\\/pl\\\/delivery-and-returns\\\/#breadcrumb\",\"itemListElement\":[{\"@type\":\"ListItem\",\"position\":1,\"name\":\"Home\",\"item\":\"https:\\\/\\\/authleticwear.com\\\/pl\\\/\"},{\"@type\":\"ListItem\",\"position\":2,\"name\":\"Dostawa i zwroty\"}]},{\"@type\":\"WebSite\",\"@id\":\"https:\\\/\\\/authleticwear.com\\\/pl\\\/#website\",\"url\":\"https:\\\/\\\/authleticwear.com\\\/pl\\\/\",\"name\":\"Authletic PL\",\"description\":\"I am Authentic. I am Athletic. I am Authletic.\",\"publisher\":{\"@id\":\"https:\\\/\\\/authleticwear.com\\\/pl\\\/#organization\"},\"potentialAction\":[{\"@type\":\"SearchAction\",\"target\":{\"@type\":\"EntryPoint\",\"urlTemplate\":\"https:\\\/\\\/authleticwear.com\\\/pl\\\/?s={search_term_string}\"},\"query-input\":{\"@type\":\"PropertyValueSpecification\",\"valueRequired\":true,\"valueName\":\"search_term_string\"}}],\"inLanguage\":\"pl-PL\"},{\"@type\":\"Organization\",\"@id\":\"https:\\\/\\\/authleticwear.com\\\/pl\\\/#organization\",\"name\":\"Authletic PL\",\"url\":\"https:\\\/\\\/authleticwear.com\\\/pl\\\/\",\"logo\":{\"@type\":\"ImageObject\",\"inLanguage\":\"pl-PL\",\"@id\":\"https:\\\/\\\/authleticwear.com\\\/pl\\\/#\\\/schema\\\/logo\\\/image\\\/\",\"url\":\"https:\\\/\\\/authleticwear.com\\\/pl\\\/wp-content\\\/uploads\\\/sites\\\/5\\\/2023\\\/11\\\/logo-web-authletic.svg\",\"contentUrl\":\"https:\\\/\\\/authleticwear.com\\\/pl\\\/wp-content\\\/uploads\\\/sites\\\/5\\\/2023\\\/11\\\/logo-web-authletic.svg\",\"caption\":\"Authletic PL\"},\"image\":{\"@id\":\"https:\\\/\\\/authleticwear.com\\\/pl\\\/#\\\/schema\\\/logo\\\/image\\\/\"},\"sameAs\":[\"https:\\\/\\\/facebook.com\\\/authletic\\\/\",\"https:\\\/\\\/instagram.com\\\/authleticwear\\\/\",\"https:\\\/\\\/tiktok.com\\\/@authletic\"]}]}<\/script>\n<!-- \/ Yoast SEO plugin. -->","yoast_head_json":{"title":"Dostawa i zwroty - Authletic PL","robots":{"index":"index","follow":"follow","max-snippet":"max-snippet:-1","max-image-preview":"max-image-preview:large","max-video-preview":"max-video-preview:-1"},"canonical":"https:\/\/authleticwear.com\/pl\/delivery-and-returns\/","og_locale":"pl_PL","og_type":"article","og_title":"Dostawa i zwroty - Authletic PL","og_description":"Dostawa Dostawa jest realizowana przez firm\u0119 kuriersk\u0105 GLS. Szacowany czas dostawy produkt\u00f3w znajduj\u0105cych si\u0119 w magazynie wynosi 2-5 dni roboczych dla wszystkich zam\u00f3wie\u0144 na terenie Europy. Dostawa odbywa si\u0119 na adres podany podczas sk\u0142adania zam\u00f3wienia. Je\u015bli w momencie dostawy pod wskazanym adresem nie b\u0119dzie nikogo, zam\u00f3wione produkty b\u0119dzie mo\u017cna odebra\u0107 zgodnie z instrukcjami firmy kurierskiej. ... Dowiedz si\u0119 wi\u0119cej","og_url":"https:\/\/authleticwear.com\/pl\/delivery-and-returns\/","og_site_name":"Authletic PL","article_publisher":"https:\/\/facebook.com\/authletic\/","article_modified_time":"2026-03-26T11:15:03+00:00","og_image":[{"width":2560,"height":1765,"url":"https:\/\/authleticwear.com\/pl\/wp-content\/uploads\/sites\/5\/2024\/08\/Home_page_desktop-scaled.jpg","type":"image\/jpeg"}],"twitter_card":"summary_large_image","twitter_misc":{"Szacowany czas czytania":"3 minuty"},"schema":{"@context":"https:\/\/schema.org","@graph":[{"@type":"WebPage","@id":"https:\/\/authleticwear.com\/pl\/delivery-and-returns\/","url":"https:\/\/authleticwear.com\/pl\/delivery-and-returns\/","name":"Dostawa i zwroty - Authletic PL","isPartOf":{"@id":"https:\/\/authleticwear.com\/pl\/#website"},"datePublished":"2023-11-15T15:31:28+00:00","dateModified":"2026-03-26T11:15:03+00:00","breadcrumb":{"@id":"https:\/\/authleticwear.com\/pl\/delivery-and-returns\/#breadcrumb"},"inLanguage":"pl-PL","potentialAction":[{"@type":"ReadAction","target":["https:\/\/authleticwear.com\/pl\/delivery-and-returns\/"]}]},{"@type":"BreadcrumbList","@id":"https:\/\/authleticwear.com\/pl\/delivery-and-returns\/#breadcrumb","itemListElement":[{"@type":"ListItem","position":1,"name":"Home","item":"https:\/\/authleticwear.com\/pl\/"},{"@type":"ListItem","position":2,"name":"Dostawa i zwroty"}]},{"@type":"WebSite","@id":"https:\/\/authleticwear.com\/pl\/#website","url":"https:\/\/authleticwear.com\/pl\/","name":"Authletic PL","description":"I am Authentic. I am Athletic. I am Authletic.","publisher":{"@id":"https:\/\/authleticwear.com\/pl\/#organization"},"potentialAction":[{"@type":"SearchAction","target":{"@type":"EntryPoint","urlTemplate":"https:\/\/authleticwear.com\/pl\/?s={search_term_string}"},"query-input":{"@type":"PropertyValueSpecification","valueRequired":true,"valueName":"search_term_string"}}],"inLanguage":"pl-PL"},{"@type":"Organization","@id":"https:\/\/authleticwear.com\/pl\/#organization","name":"Authletic PL","url":"https:\/\/authleticwear.com\/pl\/","logo":{"@type":"ImageObject","inLanguage":"pl-PL","@id":"https:\/\/authleticwear.com\/pl\/#\/schema\/logo\/image\/","url":"https:\/\/authleticwear.com\/pl\/wp-content\/uploads\/sites\/5\/2023\/11\/logo-web-authletic.svg","contentUrl":"https:\/\/authleticwear.com\/pl\/wp-content\/uploads\/sites\/5\/2023\/11\/logo-web-authletic.svg","caption":"Authletic PL"},"image":{"@id":"https:\/\/authleticwear.com\/pl\/#\/schema\/logo\/image\/"},"sameAs":["https:\/\/facebook.com\/authletic\/","https:\/\/instagram.com\/authleticwear\/","https:\/\/tiktok.com\/@authletic"]}]}},"_links":{"self":[{"href":"https:\/\/authleticwear.com\/pl\/wp-json\/wp\/v2\/pages\/403","targetHints":{"allow":["GET"]}}],"collection":[{"href":"https:\/\/authleticwear.com\/pl\/wp-json\/wp\/v2\/pages"}],"about":[{"href":"https:\/\/authleticwear.com\/pl\/wp-json\/wp\/v2\/types\/page"}],"author":[{"embeddable":true,"href":"https:\/\/authleticwear.com\/pl\/wp-json\/wp\/v2\/users\/1"}],"replies":[{"embeddable":true,"href":"https:\/\/authleticwear.com\/pl\/wp-json\/wp\/v2\/comments?post=403"}],"version-history":[{"count":4,"href":"https:\/\/authleticwear.com\/pl\/wp-json\/wp\/v2\/pages\/403\/revisions"}],"predecessor-version":[{"id":4430,"href":"https:\/\/authleticwear.com\/pl\/wp-json\/wp\/v2\/pages\/403\/revisions\/4430"}],"wp:attachment":[{"href":"https:\/\/authleticwear.com\/pl\/wp-json\/wp\/v2\/media?parent=403"}],"curies":[{"name":"wp","href":"https:\/\/api.w.org\/{rel}","templated":true}]}}