{"id":396,"date":"2023-11-15T15:27:50","date_gmt":"2023-11-15T15:27:50","guid":{"rendered":"http:\/\/authleticwear\/?page_id=396"},"modified":"2024-02-19T16:30:29","modified_gmt":"2024-02-19T16:30:29","slug":"privacy-policy","status":"publish","type":"page","link":"https:\/\/authleticwear.com\/pl\/privacy-policy\/","title":{"rendered":"Polityka prywatno\u015bci"},"content":{"rendered":"<h3>Jak wykorzystujemy Twoje dane? <\/h3>\n<p>Podczas dokonywania zakup\u00f3w w naszym sklepie, jako integralna cz\u0119\u015b\u0107 procesu sprzeda\u017cy i zakupu, gromadzimy dane osobowe, kt\u00f3re nam przekazujesz, takie jak imi\u0119 i nazwisko, adres i adres e-mail.<\/p>\n<p>Podczas przegl\u0105dania naszego sklepu automatycznie otrzymujemy r\u00f3wnie\u017c adres protoko\u0142u internetowego (IP) komputera, poniewa\u017c zapewnia nam on niezb\u0119dne informacje o przegl\u0105darce i systemie operacyjnym.<\/p>\n<p>Reklama e-mailowa (je\u015bli dotyczy): Je\u015bli u\u017cytkownik wyrazi\u0142 na to wyra\u017an\u0105 zgod\u0119, mo\u017cemy wysy\u0142a\u0107 mu wiadomo\u015bci e-mail dotycz\u0105ce naszego sklepu, nowych produkt\u00f3w i innych wiadomo\u015bci.<\/p>\n<h3>W jaki spos\u00f3b uzyskujemy zgod\u0119 u\u017cytkownika?<\/h3>\n<p>Przekazanie nam danych osobowych w celu sfinalizowania transakcji, potwierdzenia karty kredytowej, z\u0142o\u017cenia zam\u00f3wienia, zam\u00f3wienia dostawy lub zwrotu zakupionych towar\u00f3w oznacza r\u00f3wnie\u017c wyra\u017cenie zgody na gromadzenie przez nas informacji i wykorzystywanie ich wy\u0142\u0105cznie w okre\u015blonym celu, dla kt\u00f3rego zosta\u0142y przekazane.<\/p>\n<p>Je\u015bli poprosimy u\u017cytkownika o podanie danych osobowych z innego powodu, na przyk\u0142ad w celach reklamowych, poprosimy go bezpo\u015brednio o wyra\u017an\u0105 zgod\u0119 lub zaoferujemy mo\u017cliwo\u015b\u0107 odmowy wyra\u017cenia zgody.<\/p>\n<h3>Jak mo\u017cna wycofa\u0107 swoj\u0105 zgod\u0119? <\/h3>\n<p>Je\u015bli u\u017cytkownik zmieni zdanie po pocz\u0105tkowym wyra\u017ceniu zgody, mo\u017ce wycofa\u0107 swoj\u0105 zgod\u0119 na kontaktowanie si\u0119 z nim i dalsze gromadzenie, przetwarzanie lub przekazywanie jego danych. Mo\u017cna to zrobi\u0107 w dowolnym momencie, wysy\u0142aj\u0105c wiadomo\u015b\u0107 e-mail na adres support@authleticwear.com lub poczt\u0105 na adres AUTHLETIC d.o.o., Zapotok 123b, 1292 Ig, S\u0142owenia.<\/p>\n<h3>Przekazywanie dalej<\/h3>\n<p>Ujawnimy Twoje dane tylko wtedy, gdy b\u0119dzie to wymagane przez prawo lub w przypadku naruszenia naszych warunk\u00f3w.<\/p>\n<h3>System p\u0142atno\u015bci<\/h3>\n<p>Nasz sklep jest hostowany na bezpiecznych serwerach, kt\u00f3re przechowuj\u0105 dane bezpiecznie i prywatnie.<\/p>\n<h5><strong>P\u0142atno\u015b\u0107<\/strong><\/h5>\n<p>Je\u015bli dokonujesz zakupu przez bezpo\u015bredni\u0105 bramk\u0119 p\u0142atno\u015bci, Authletic przechowuje dane Twojej karty kredytowej. S\u0105 one szyfrowane zgodnie ze standardem PCI-DSS (Payment Card Industry Data Security Standard). Informacje o zakupie i transakcji s\u0105 przechowywane tylko tak d\u0142ugo, jak d\u0142ugo system potrzebuje do zako\u0144czenia transakcji i zakupu. Po zako\u0144czeniu informacje o zakupie i transakcji s\u0105 usuwane.<\/p>\n<p>Wszystkie bramki p\u0142atno\u015bci bezpo\u015brednich dzia\u0142aj\u0105 zgodnie ze standardami okre\u015blonymi przez PCI-DSS, kt\u00f3re s\u0105 zarz\u0105dzane przez PCI Security Standards Council, wsp\u00f3lny wysi\u0142ek firm takich jak Visa, MasterCard, American Express i Discover.<\/p>\n<p>Wymagania PCI-DSS pomagaj\u0105 zapewni\u0107 bezpieczne zarz\u0105dzanie danymi kart kredytowych w naszych sklepach i u dostawc\u00f3w us\u0142ug.<\/p>\n<h3>Us\u0142ugodawcy zewn\u0119trzni<\/h3>\n<p>Og\u00f3lnie rzecz bior\u0105c, strony trzecie b\u0119d\u0105 gromadzi\u0107, przetwarza\u0107 i przesy\u0142a\u0107 dane tylko w zakresie niezb\u0119dnym do umo\u017cliwienia im \u015bwiadczenia us\u0142ug, kt\u00f3re dla nas zam\u00f3wi\u0142y.<\/p>\n<p>Jednak niekt\u00f3rzy zewn\u0119trzni dostawcy us\u0142ug, tacy jak bramki p\u0142atnicze i inne podmioty przetwarzaj\u0105ce transakcje p\u0142atnicze, posiadaj\u0105 polityki prywatno\u015bci, kt\u00f3re odnosz\u0105 si\u0119 do informacji, kt\u00f3re musimy im przekaza\u0107 w celu przeprowadzenia transakcji zwi\u0105zanych z zakupem u\u017cytkownika.<\/p>\n<p>Zalecamy zapoznanie si\u0119 z polityk\u0105 prywatno\u015bci takich dostawc\u00f3w, aby zrozumie\u0107, w jaki spos\u00f3b post\u0119puj\u0105 oni z danymi u\u017cytkownika.<\/p>\n<p>Nale\u017cy pami\u0119ta\u0107, \u017ce niekt\u00f3rzy dostawcy zewn\u0119trzni lub ich jednostki biznesowe znajduj\u0105 si\u0119 w jurysdykcjach, w kt\u00f3rych obowi\u0105zuj\u0105 inne przepisy ni\u017c nasze lub Twoje. W zwi\u0105zku z tym, je\u015bli u\u017cytkownik autoryzuje transakcj\u0119 obejmuj\u0105c\u0105 us\u0142ugi strony trzeciej, jego dane przekazane w ramach transakcji mog\u0105 podlega\u0107 przepisom prawa obowi\u0105zuj\u0105cym w miejscu, w kt\u00f3rym znajduje si\u0119 us\u0142ugodawca lub w kt\u00f3rym znajduje si\u0119 jego siedziba.<\/p>\n<p>Na przyk\u0142ad, je\u015bli klient znajduje si\u0119 w Niemczech i dokonuje transakcji za po\u015brednictwem bramki p\u0142atniczej znajduj\u0105cej si\u0119 w Stanach Zjednoczonych, dane osobowe klienta niezb\u0119dne do sfinalizowania transakcji b\u0119d\u0105 podlega\u0107 ewentualnemu ujawnieniu, je\u015bli b\u0119dzie to wymagane przez prawo Stan\u00f3w Zjednoczonych.<\/p>\n<p>Po opuszczeniu strony internetowej naszego sklepu lub przekierowaniu na stron\u0119 internetow\u0105 lub aplikacj\u0119 strony trzeciej, postanowienia niniejszej Polityki Prywatno\u015bci i naszego Regulaminu przestaj\u0105 obowi\u0105zywa\u0107.<\/p>\n<h5><strong>\u0141\u0105cza<\/strong><\/h5>\n<p>Klikni\u0119cie linku w naszej Witrynie mo\u017ce spowodowa\u0107 przekierowanie do witryn spoza naszej domeny. W takim przypadku nie ponosimy odpowiedzialno\u015bci za polityk\u0119 prywatno\u015bci tych stron i zalecamy zapoznanie si\u0119 z o\u015bwiadczeniami o ochronie prywatno\u015bci na tych stronach.<\/p>\n<h3>Bezpiecze\u0144stwo<\/h3>\n<p>Aby chroni\u0107 dane osobowe u\u017cytkownika, podejmujemy uzasadnione \u015brodki ostro\u017cno\u015bci i stosujemy najlepsze praktyki bran\u017cowe, aby zapobiec utracie, niew\u0142a\u015bciwemu wykorzystaniu, dost\u0119powi, ujawnieniu, zmianie lub zniszczeniu informacji u\u017cytkownika.<\/p>\n<p>Informacje o karcie kredytowej, kt\u00f3re nam przekazujesz, s\u0105 szyfrowane przy u\u017cyciu technologii Secure Socket Layer (SSL) i przechowywane przy u\u017cyciu szyfrowania AES-256. Chocia\u017c \u017cadna metoda przesy\u0142ania danych przez Internet lub elektronicznego przechowywania danych nie jest w 100% bezpieczna, przestrzegamy wszystkich surowych wymaga\u0144 PCI-DSS, a tak\u017ce wdra\u017camy inne og\u00f3lnie przyj\u0119te standardy bran\u017cowe.<\/p>\n<h3>Pliki cookie<\/h3>\n<p>Authletic (&#8222;my&#8221;, &#8222;nas&#8221;, &#8222;nasz&#8221; i inne odpowiednie zaimki) wykorzystuje pliki cookie na stronie internetowej https:\/\/authleticwear.com\/pl\/ (&#8222;Us\u0142uga&#8221;). Korzystaj\u0105c z naszej Us\u0142ugi, u\u017cytkownik wyra\u017ca zgod\u0119 na korzystanie z plik\u00f3w cookie.<\/p>\n<p>Sekcja dotycz\u0105ca plik\u00f3w cookie wyja\u015bnia, czym s\u0105 pliki cookie, w jaki spos\u00f3b je wykorzystujemy, w jaki spos\u00f3b s\u0105 one wykorzystywane przez osoby trzecie, z kt\u00f3rymi mo\u017cemy wsp\u00f3\u0142pracowa\u0107, co oznaczaj\u0105 Twoje wybory dotycz\u0105ce plik\u00f3w cookie i zapewnia dodatkowe informacje na temat plik\u00f3w cookie.<\/p>\n<h5><strong>Co to s\u0105 pliki cookie? <\/strong><\/h5>\n<p>Pliki cookie to ma\u0142e pliki zapisywane przez przegl\u0105dark\u0119 internetow\u0105 podczas odwiedzania strony internetowej. Plik cookie jest przechowywany w przegl\u0105darce i umo\u017cliwia serwisowi lub stronie trzeciej rozpoznanie u\u017cytkownika i u\u0142atwienie kolejnej wizyty oraz uproszczenie us\u0142ugi.<\/p>\n<p>Istniej\u0105 dwa rodzaje plik\u00f3w cookie: sta\u0142e i tymczasowe (specyficzne dla sesji).<\/p>\n<h5><strong>Jak witryna Authletic wykorzystuje pliki cookie<\/strong><\/h5>\n<p>Kiedy uzyskujesz dost\u0119p do naszej us\u0142ugi i korzystasz z niej, przechowujemy kilka plik\u00f3w cookie w Twojej przegl\u0105darce internetowej.<\/p>\n<p>U\u017cywamy plik\u00f3w cookie do nast\u0119puj\u0105cych cel\u00f3w: do obs\u0142ugi niekt\u00f3rych funkcji naszej us\u0142ugi i analiz, do przechowywania poprzednich wybor\u00f3w, do wy\u015bwietlania reklam i do ukierunkowanych reklam.<\/p>\n<p>Nasz serwis wykorzystuje zar\u00f3wno sta\u0142e, jak i tymczasowe pliki cookie. U\u017cywamy r\u00f3wnie\u017c innych rodzaj\u00f3w plik\u00f3w cookie, kt\u00f3re s\u0105 niezb\u0119dne do dzia\u0142ania Us\u0142ugi.<\/p>\n<h5><strong>Niezb\u0119dne pliki cookie<\/strong><\/h5>\n<p>Mo\u017cemy u\u017cywa\u0107 niezb\u0119dnych plik\u00f3w cookie do uwierzytelniania u\u017cytkownik\u00f3w i zapobiegania niew\u0142a\u015bciwemu u\u017cyciu kont u\u017cytkownik\u00f3w.<\/p>\n<h5><strong>Pliki cookie stron trzecich<\/strong><\/h5>\n<p>Opr\u00f3cz naszych plik\u00f3w cookie mo\u017cemy r\u00f3wnie\u017c wykorzystywa\u0107 pliki cookie r\u00f3\u017cnych stron trzecich do raportowania statystyk dotycz\u0105cych korzystania z naszej Us\u0142ugi, dostarczania i wy\u015bwietlania reklam w Us\u0142udze itp.<\/p>\n<h5><strong>Co oznaczaj\u0105 Twoje wybory dotycz\u0105ce plik\u00f3w cookie? <\/strong><\/h5>\n<p>Je\u015bli chcesz usun\u0105\u0107 pliki cookie lub poinstruowa\u0107 przegl\u0105dark\u0119 internetow\u0105, aby usuwa\u0142a i odrzuca\u0142a pliki cookie, odwied\u017a strony pomocy przegl\u0105darki.<\/p>\n<p>Pami\u0119taj: je\u015bli usuniesz lub wy\u0142\u0105czysz pliki cookie, mo\u017cesz nie mie\u0107 dost\u0119pu do wszystkich oferowanych przez nas us\u0142ug, mo\u017cesz nie by\u0107 w stanie zapisa\u0107 swoich preferencji, a niekt\u00f3re z naszych stron mog\u0105 nie wy\u015bwietla\u0107 si\u0119 poprawnie.<\/p>\n<h5><strong>Gdzie mo\u017cna znale\u017a\u0107 wi\u0119cej informacji na temat plik\u00f3w cookie? <\/strong><\/h5>\n<p>Informacje na temat plik\u00f3w cookie mo\u017cna znale\u017a\u0107 na nast\u0119puj\u0105cych stronach internetowych poza nasz\u0105 domen\u0105:<\/p>\n<p>AllAboutCookies: https:\/\/www.allaboutcookies.org\/<br \/>\nNetwork Advertising Initiative: https:\/\/www.networkadvertising.org\/<\/p>\n<h3>Wiek wyra\u017cenia zgody<\/h3>\n<p>Korzystaj\u0105c z tej witryny, u\u017cytkownik potwierdza, \u017ce jest pe\u0142noletni w swoim kraju lub regionie zamieszkania i wyra\u017ca zgod\u0119 na korzystanie z naszej witryny przez osoby niepe\u0142noletnie pozostaj\u0105ce na jego utrzymaniu.<\/p>\n<h3>Zmiany w Polityce prywatno\u015bci<\/h3>\n<p>Zastrzegamy sobie prawo do wprowadzania zmian w niniejszej polityce, dlatego nale\u017cy j\u0105 regularnie odwiedza\u0107 i przegl\u0105da\u0107. Zmiany i wyja\u015bnienia wchodz\u0105 w \u017cycie z chwil\u0105 ich opublikowania na stronie internetowej. W przypadku istotnych zmian w Polityce, powiadomimy u\u017cytkownika tutaj, \u017ce Polityka Prywatno\u015bci zosta\u0142a zaktualizowana, aby u\u017cytkownik by\u0142 \u015bwiadomy, jakie informacje zbieramy, w jaki spos\u00f3b je wykorzystujemy i na jakich warunkach, je\u015bli w og\u00f3le, je wykorzystujemy i\/lub ujawniamy.<\/p>\n<p>Je\u015bli nasz sklep zostanie przej\u0119ty lub po\u0142\u0105czony z inn\u0105 firm\u0105, informacje o u\u017cytkowniku mog\u0105 zosta\u0107 przekazane innemu w\u0142a\u015bcicielowi, aby m\u00f3g\u0142 on nadal oferowa\u0107 i sprzedawa\u0107 \u017c\u0105dane produkty.<\/p>\n<h5><strong>Pytania i dane kontaktowe<\/strong><\/h5>\n<p>Je\u015bli chcesz uzyska\u0107 dost\u0119p, poprawi\u0107, zmieni\u0107 lub usun\u0105\u0107 jakiekolwiek dane osobowe, kt\u00f3re przechowujemy na Tw\u00f3j temat, je\u015bli chcesz z\u0142o\u017cy\u0107 skarg\u0119 lub po prostu chcesz uzyska\u0107 wi\u0119cej informacji, skontaktuj si\u0119 z naszym inspektorem ochrony danych pod adresem support@authleticwear.com lub napisz do nas na adres AUTHLETIC d.o.o., Zapotok 123b, 1292 Ig, S\u0142owenia.<\/p>\n","protected":false},"excerpt":{"rendered":"<p>Jak wykorzystujemy Twoje dane? Podczas dokonywania zakup\u00f3w w naszym sklepie, jako integralna cz\u0119\u015b\u0107 procesu sprzeda\u017cy i zakupu, gromadzimy dane osobowe, kt\u00f3re nam przekazujesz, takie jak imi\u0119 i nazwisko, adres i adres e-mail. Podczas przegl\u0105dania naszego sklepu automatycznie otrzymujemy r\u00f3wnie\u017c adres protoko\u0142u internetowego (IP) komputera, poniewa\u017c zapewnia nam on niezb\u0119dne informacje o przegl\u0105darce i systemie operacyjnym. &#8230; <a title=\"Polityka prywatno\u015bci\" class=\"read-more\" href=\"https:\/\/authleticwear.com\/pl\/privacy-policy\/\" aria-label=\"Read more about Polityka prywatno\u015bci\">Dowiedz si\u0119 wi\u0119cej<\/a><\/p>\n","protected":false},"author":1,"featured_media":0,"parent":0,"menu_order":0,"comment_status":"closed","ping_status":"closed","template":"template-content-page.php","meta":{"_acf_changed":false,"bwfblock_default_font":"","inline_featured_image":false,"footnotes":""},"class_list":["post-396","page","type-page","status-publish"],"acf":[],"yoast_head":"<!-- This site is optimized with the Yoast SEO plugin v27.4 - https:\/\/yoast.com\/product\/yoast-seo-wordpress\/ -->\n<title>Polityka prywatno\u015bci - Authletic PL<\/title>\n<meta name=\"robots\" content=\"index, follow, max-snippet:-1, max-image-preview:large, max-video-preview:-1\" \/>\n<link rel=\"canonical\" href=\"https:\/\/authleticwear.com\/pl\/privacy-policy\/\" \/>\n<meta property=\"og:locale\" content=\"pl_PL\" \/>\n<meta property=\"og:type\" content=\"article\" \/>\n<meta property=\"og:title\" content=\"Polityka prywatno\u015bci - Authletic PL\" \/>\n<meta property=\"og:description\" content=\"Jak wykorzystujemy Twoje dane? Podczas dokonywania zakup\u00f3w w naszym sklepie, jako integralna cz\u0119\u015b\u0107 procesu sprzeda\u017cy i zakupu, gromadzimy dane osobowe, kt\u00f3re nam przekazujesz, takie jak imi\u0119 i nazwisko, adres i adres e-mail. Podczas przegl\u0105dania naszego sklepu automatycznie otrzymujemy r\u00f3wnie\u017c adres protoko\u0142u internetowego (IP) komputera, poniewa\u017c zapewnia nam on niezb\u0119dne informacje o przegl\u0105darce i systemie operacyjnym. ... Dowiedz si\u0119 wi\u0119cej\" \/>\n<meta property=\"og:url\" content=\"https:\/\/authleticwear.com\/pl\/privacy-policy\/\" \/>\n<meta property=\"og:site_name\" content=\"Authletic PL\" \/>\n<meta property=\"article:publisher\" content=\"https:\/\/facebook.com\/authletic\/\" \/>\n<meta property=\"article:modified_time\" content=\"2024-02-19T16:30:29+00:00\" \/>\n<meta property=\"og:image\" content=\"https:\/\/authleticwear.com\/pl\/wp-content\/uploads\/sites\/5\/2024\/08\/Home_page_desktop-scaled.jpg\" \/>\n\t<meta property=\"og:image:width\" content=\"2560\" \/>\n\t<meta property=\"og:image:height\" content=\"1765\" \/>\n\t<meta property=\"og:image:type\" content=\"image\/jpeg\" \/>\n<meta name=\"twitter:card\" content=\"summary_large_image\" \/>\n<meta name=\"twitter:label1\" content=\"Szacowany czas czytania\" \/>\n\t<meta name=\"twitter:data1\" content=\"7 minut\" \/>\n<script type=\"application\/ld+json\" class=\"yoast-schema-graph\">{\"@context\":\"https:\\\/\\\/schema.org\",\"@graph\":[{\"@type\":\"WebPage\",\"@id\":\"https:\\\/\\\/authleticwear.com\\\/pl\\\/privacy-policy\\\/\",\"url\":\"https:\\\/\\\/authleticwear.com\\\/pl\\\/privacy-policy\\\/\",\"name\":\"Polityka prywatno\u015bci - Authletic PL\",\"isPartOf\":{\"@id\":\"https:\\\/\\\/authleticwear.com\\\/pl\\\/#website\"},\"datePublished\":\"2023-11-15T15:27:50+00:00\",\"dateModified\":\"2024-02-19T16:30:29+00:00\",\"breadcrumb\":{\"@id\":\"https:\\\/\\\/authleticwear.com\\\/pl\\\/privacy-policy\\\/#breadcrumb\"},\"inLanguage\":\"pl-PL\",\"potentialAction\":[{\"@type\":\"ReadAction\",\"target\":[\"https:\\\/\\\/authleticwear.com\\\/pl\\\/privacy-policy\\\/\"]}]},{\"@type\":\"BreadcrumbList\",\"@id\":\"https:\\\/\\\/authleticwear.com\\\/pl\\\/privacy-policy\\\/#breadcrumb\",\"itemListElement\":[{\"@type\":\"ListItem\",\"position\":1,\"name\":\"Home\",\"item\":\"https:\\\/\\\/authleticwear.com\\\/pl\\\/\"},{\"@type\":\"ListItem\",\"position\":2,\"name\":\"Polityka prywatno\u015bci\"}]},{\"@type\":\"WebSite\",\"@id\":\"https:\\\/\\\/authleticwear.com\\\/pl\\\/#website\",\"url\":\"https:\\\/\\\/authleticwear.com\\\/pl\\\/\",\"name\":\"Authletic PL\",\"description\":\"I am Authentic. I am Athletic. I am Authletic.\",\"publisher\":{\"@id\":\"https:\\\/\\\/authleticwear.com\\\/pl\\\/#organization\"},\"potentialAction\":[{\"@type\":\"SearchAction\",\"target\":{\"@type\":\"EntryPoint\",\"urlTemplate\":\"https:\\\/\\\/authleticwear.com\\\/pl\\\/?s={search_term_string}\"},\"query-input\":{\"@type\":\"PropertyValueSpecification\",\"valueRequired\":true,\"valueName\":\"search_term_string\"}}],\"inLanguage\":\"pl-PL\"},{\"@type\":\"Organization\",\"@id\":\"https:\\\/\\\/authleticwear.com\\\/pl\\\/#organization\",\"name\":\"Authletic PL\",\"url\":\"https:\\\/\\\/authleticwear.com\\\/pl\\\/\",\"logo\":{\"@type\":\"ImageObject\",\"inLanguage\":\"pl-PL\",\"@id\":\"https:\\\/\\\/authleticwear.com\\\/pl\\\/#\\\/schema\\\/logo\\\/image\\\/\",\"url\":\"https:\\\/\\\/authleticwear.com\\\/pl\\\/wp-content\\\/uploads\\\/sites\\\/5\\\/2023\\\/11\\\/logo-web-authletic.svg\",\"contentUrl\":\"https:\\\/\\\/authleticwear.com\\\/pl\\\/wp-content\\\/uploads\\\/sites\\\/5\\\/2023\\\/11\\\/logo-web-authletic.svg\",\"caption\":\"Authletic PL\"},\"image\":{\"@id\":\"https:\\\/\\\/authleticwear.com\\\/pl\\\/#\\\/schema\\\/logo\\\/image\\\/\"},\"sameAs\":[\"https:\\\/\\\/facebook.com\\\/authletic\\\/\",\"https:\\\/\\\/instagram.com\\\/authleticwear\\\/\",\"https:\\\/\\\/tiktok.com\\\/@authletic\"]}]}<\/script>\n<!-- \/ Yoast SEO plugin. -->","yoast_head_json":{"title":"Polityka prywatno\u015bci - Authletic PL","robots":{"index":"index","follow":"follow","max-snippet":"max-snippet:-1","max-image-preview":"max-image-preview:large","max-video-preview":"max-video-preview:-1"},"canonical":"https:\/\/authleticwear.com\/pl\/privacy-policy\/","og_locale":"pl_PL","og_type":"article","og_title":"Polityka prywatno\u015bci - Authletic PL","og_description":"Jak wykorzystujemy Twoje dane? Podczas dokonywania zakup\u00f3w w naszym sklepie, jako integralna cz\u0119\u015b\u0107 procesu sprzeda\u017cy i zakupu, gromadzimy dane osobowe, kt\u00f3re nam przekazujesz, takie jak imi\u0119 i nazwisko, adres i adres e-mail. Podczas przegl\u0105dania naszego sklepu automatycznie otrzymujemy r\u00f3wnie\u017c adres protoko\u0142u internetowego (IP) komputera, poniewa\u017c zapewnia nam on niezb\u0119dne informacje o przegl\u0105darce i systemie operacyjnym. ... Dowiedz si\u0119 wi\u0119cej","og_url":"https:\/\/authleticwear.com\/pl\/privacy-policy\/","og_site_name":"Authletic PL","article_publisher":"https:\/\/facebook.com\/authletic\/","article_modified_time":"2024-02-19T16:30:29+00:00","og_image":[{"width":2560,"height":1765,"url":"https:\/\/authleticwear.com\/pl\/wp-content\/uploads\/sites\/5\/2024\/08\/Home_page_desktop-scaled.jpg","type":"image\/jpeg"}],"twitter_card":"summary_large_image","twitter_misc":{"Szacowany czas czytania":"7 minut"},"schema":{"@context":"https:\/\/schema.org","@graph":[{"@type":"WebPage","@id":"https:\/\/authleticwear.com\/pl\/privacy-policy\/","url":"https:\/\/authleticwear.com\/pl\/privacy-policy\/","name":"Polityka prywatno\u015bci - Authletic PL","isPartOf":{"@id":"https:\/\/authleticwear.com\/pl\/#website"},"datePublished":"2023-11-15T15:27:50+00:00","dateModified":"2024-02-19T16:30:29+00:00","breadcrumb":{"@id":"https:\/\/authleticwear.com\/pl\/privacy-policy\/#breadcrumb"},"inLanguage":"pl-PL","potentialAction":[{"@type":"ReadAction","target":["https:\/\/authleticwear.com\/pl\/privacy-policy\/"]}]},{"@type":"BreadcrumbList","@id":"https:\/\/authleticwear.com\/pl\/privacy-policy\/#breadcrumb","itemListElement":[{"@type":"ListItem","position":1,"name":"Home","item":"https:\/\/authleticwear.com\/pl\/"},{"@type":"ListItem","position":2,"name":"Polityka prywatno\u015bci"}]},{"@type":"WebSite","@id":"https:\/\/authleticwear.com\/pl\/#website","url":"https:\/\/authleticwear.com\/pl\/","name":"Authletic PL","description":"I am Authentic. I am Athletic. I am Authletic.","publisher":{"@id":"https:\/\/authleticwear.com\/pl\/#organization"},"potentialAction":[{"@type":"SearchAction","target":{"@type":"EntryPoint","urlTemplate":"https:\/\/authleticwear.com\/pl\/?s={search_term_string}"},"query-input":{"@type":"PropertyValueSpecification","valueRequired":true,"valueName":"search_term_string"}}],"inLanguage":"pl-PL"},{"@type":"Organization","@id":"https:\/\/authleticwear.com\/pl\/#organization","name":"Authletic PL","url":"https:\/\/authleticwear.com\/pl\/","logo":{"@type":"ImageObject","inLanguage":"pl-PL","@id":"https:\/\/authleticwear.com\/pl\/#\/schema\/logo\/image\/","url":"https:\/\/authleticwear.com\/pl\/wp-content\/uploads\/sites\/5\/2023\/11\/logo-web-authletic.svg","contentUrl":"https:\/\/authleticwear.com\/pl\/wp-content\/uploads\/sites\/5\/2023\/11\/logo-web-authletic.svg","caption":"Authletic PL"},"image":{"@id":"https:\/\/authleticwear.com\/pl\/#\/schema\/logo\/image\/"},"sameAs":["https:\/\/facebook.com\/authletic\/","https:\/\/instagram.com\/authleticwear\/","https:\/\/tiktok.com\/@authletic"]}]}},"_links":{"self":[{"href":"https:\/\/authleticwear.com\/pl\/wp-json\/wp\/v2\/pages\/396","targetHints":{"allow":["GET"]}}],"collection":[{"href":"https:\/\/authleticwear.com\/pl\/wp-json\/wp\/v2\/pages"}],"about":[{"href":"https:\/\/authleticwear.com\/pl\/wp-json\/wp\/v2\/types\/page"}],"author":[{"embeddable":true,"href":"https:\/\/authleticwear.com\/pl\/wp-json\/wp\/v2\/users\/1"}],"replies":[{"embeddable":true,"href":"https:\/\/authleticwear.com\/pl\/wp-json\/wp\/v2\/comments?post=396"}],"version-history":[{"count":4,"href":"https:\/\/authleticwear.com\/pl\/wp-json\/wp\/v2\/pages\/396\/revisions"}],"predecessor-version":[{"id":780,"href":"https:\/\/authleticwear.com\/pl\/wp-json\/wp\/v2\/pages\/396\/revisions\/780"}],"wp:attachment":[{"href":"https:\/\/authleticwear.com\/pl\/wp-json\/wp\/v2\/media?parent=396"}],"curies":[{"name":"wp","href":"https:\/\/api.w.org\/{rel}","templated":true}]}}