{"id":875,"date":"2024-02-29T09:46:27","date_gmt":"2024-02-29T09:46:27","guid":{"rendered":"https:\/\/authleticwear.com\/it\/?post_type=product&#038;p=875"},"modified":"2026-04-24T20:52:53","modified_gmt":"2026-04-24T20:52:53","slug":"flora-cross-back-bra-grey","status":"publish","type":"product","link":"https:\/\/authleticwear.com\/it\/product\/flora-cross-back-bra-grey\/","title":{"rendered":"Reggiseno incrociato Flora &#8211; Grigio"},"content":{"rendered":"","protected":false},"excerpt":{"rendered":"<p>Ti presentiamo il nostro reggiseno incrociato Flora, la scelta ideale per passare dalle attivit\u00e0 quotidiane all&#8217;esercizio fisico. Il materiale morbidissimo lo rende estremamente comodo in ogni situazione. Questo reggiseno \u00e8 infatti progettato per offrirti il massimo sostegno, cos\u00ec sarai sempre pronta per allenarti. Inoltre \u00e8 dotato di eleganti spalline incrociate sulla schiena che uniscono la praticit\u00e0 ad un look alla moda.<\/p>\n<p><strong>Material:<br \/>\n<\/strong>&#8211; 80% Nylon<br \/>\n&#8211; 20% Elastan<\/p>\n","protected":false},"featured_media":1035,"comment_status":"open","ping_status":"closed","template":"","meta":{"_acf_changed":false,"bwfblock_default_font":"","inline_featured_image":false},"product_brand":[],"product_cat":[47,30],"product_tag":[58],"class_list":{"0":"post-875","1":"product","2":"type-product","3":"status-publish","4":"has-post-thumbnail","6":"product_cat-flora","7":"product_cat-tops","8":"product_tag-buon-supporto","10":"first","11":"outofstock","12":"sale","13":"shipping-taxable","14":"purchasable","15":"product-type-variable","16":"has-default-attributes","17":"wvs-archive-product-wrapper"},"acf":[],"yoast_head":"<!-- This site is optimized with the Yoast SEO plugin v27.4 - https:\/\/yoast.com\/product\/yoast-seo-wordpress\/ -->\n<title>Reggiseno incrociato Flora - Grigio - Authletic IT<\/title>\n<meta name=\"robots\" content=\"index, follow, max-snippet:-1, max-image-preview:large, max-video-preview:-1\" \/>\n<link rel=\"canonical\" href=\"https:\/\/authleticwear.com\/it\/product\/flora-cross-back-bra-grey\/\" \/>\n<meta property=\"og:locale\" content=\"it_IT\" \/>\n<meta property=\"og:type\" content=\"article\" \/>\n<meta property=\"og:title\" content=\"Reggiseno incrociato Flora - Grigio - Authletic IT\" \/>\n<meta property=\"og:description\" content=\"Ti presentiamo il nostro reggiseno incrociato Flora, la scelta ideale per passare dalle attivit\u00e0 quotidiane all&#039;esercizio fisico. Il materiale morbidissimo lo rende estremamente comodo in ogni situazione. Questo reggiseno \u00e8 infatti progettato per offrirti il massimo sostegno, cos\u00ec sarai sempre pronta per allenarti. Inoltre \u00e8 dotato di eleganti spalline incrociate sulla schiena che uniscono la praticit\u00e0 ad un look alla moda.  Material: - 80% Nylon - 20% Elastan\" \/>\n<meta property=\"og:url\" content=\"https:\/\/authleticwear.com\/it\/product\/flora-cross-back-bra-grey\/\" \/>\n<meta property=\"og:site_name\" content=\"Authletic IT\" \/>\n<meta property=\"article:publisher\" content=\"https:\/\/facebook.com\/authletic\/\" \/>\n<meta property=\"article:modified_time\" content=\"2026-04-24T20:52:53+00:00\" \/>\n<meta property=\"og:image\" content=\"https:\/\/authleticwear.com\/it\/wp-content\/uploads\/sites\/7\/2024\/04\/Flora-Top-Grey1.jpg\" \/>\n\t<meta property=\"og:image:width\" content=\"1400\" \/>\n\t<meta property=\"og:image:height\" content=\"2000\" \/>\n\t<meta property=\"og:image:type\" content=\"image\/jpeg\" \/>\n<meta name=\"twitter:card\" content=\"summary_large_image\" \/>\n<meta name=\"twitter:label1\" content=\"Tempo di lettura stimato\" \/>\n\t<meta name=\"twitter:data1\" content=\"1 minuto\" \/>\n<script type=\"application\/ld+json\" class=\"yoast-schema-graph\">{\"@context\":\"https:\\\/\\\/schema.org\",\"@graph\":[{\"@type\":\"WebPage\",\"@id\":\"https:\\\/\\\/authleticwear.com\\\/it\\\/product\\\/flora-cross-back-bra-grey\\\/\",\"url\":\"https:\\\/\\\/authleticwear.com\\\/it\\\/product\\\/flora-cross-back-bra-grey\\\/\",\"name\":\"Reggiseno incrociato Flora - Grigio - Authletic IT\",\"isPartOf\":{\"@id\":\"https:\\\/\\\/authleticwear.com\\\/it\\\/#website\"},\"primaryImageOfPage\":{\"@id\":\"https:\\\/\\\/authleticwear.com\\\/it\\\/product\\\/flora-cross-back-bra-grey\\\/#primaryimage\"},\"image\":{\"@id\":\"https:\\\/\\\/authleticwear.com\\\/it\\\/product\\\/flora-cross-back-bra-grey\\\/#primaryimage\"},\"thumbnailUrl\":\"https:\\\/\\\/authleticwear.com\\\/it\\\/wp-content\\\/uploads\\\/sites\\\/7\\\/2024\\\/04\\\/Flora-Top-Grey1.jpg\",\"datePublished\":\"2024-02-29T09:46:27+00:00\",\"dateModified\":\"2026-04-24T20:52:53+00:00\",\"breadcrumb\":{\"@id\":\"https:\\\/\\\/authleticwear.com\\\/it\\\/product\\\/flora-cross-back-bra-grey\\\/#breadcrumb\"},\"inLanguage\":\"it-IT\",\"potentialAction\":[{\"@type\":\"ReadAction\",\"target\":[\"https:\\\/\\\/authleticwear.com\\\/it\\\/product\\\/flora-cross-back-bra-grey\\\/\"]}]},{\"@type\":\"ImageObject\",\"inLanguage\":\"it-IT\",\"@id\":\"https:\\\/\\\/authleticwear.com\\\/it\\\/product\\\/flora-cross-back-bra-grey\\\/#primaryimage\",\"url\":\"https:\\\/\\\/authleticwear.com\\\/it\\\/wp-content\\\/uploads\\\/sites\\\/7\\\/2024\\\/04\\\/Flora-Top-Grey1.jpg\",\"contentUrl\":\"https:\\\/\\\/authleticwear.com\\\/it\\\/wp-content\\\/uploads\\\/sites\\\/7\\\/2024\\\/04\\\/Flora-Top-Grey1.jpg\",\"width\":1400,\"height\":2000},{\"@type\":\"BreadcrumbList\",\"@id\":\"https:\\\/\\\/authleticwear.com\\\/it\\\/product\\\/flora-cross-back-bra-grey\\\/#breadcrumb\",\"itemListElement\":[{\"@type\":\"ListItem\",\"position\":1,\"name\":\"Home\",\"item\":\"https:\\\/\\\/authleticwear.com\\\/it\\\/\"},{\"@type\":\"ListItem\",\"position\":2,\"name\":\"Shop\",\"item\":\"https:\\\/\\\/authleticwear.com\\\/it\\\/shop\\\/\"},{\"@type\":\"ListItem\",\"position\":3,\"name\":\"Reggiseno incrociato Flora &#8211; Grigio\"}]},{\"@type\":\"WebSite\",\"@id\":\"https:\\\/\\\/authleticwear.com\\\/it\\\/#website\",\"url\":\"https:\\\/\\\/authleticwear.com\\\/it\\\/\",\"name\":\"Authletic IT\",\"description\":\"I am Authentic. I am Athletic. I am Authletic.\",\"publisher\":{\"@id\":\"https:\\\/\\\/authleticwear.com\\\/it\\\/#organization\"},\"potentialAction\":[{\"@type\":\"SearchAction\",\"target\":{\"@type\":\"EntryPoint\",\"urlTemplate\":\"https:\\\/\\\/authleticwear.com\\\/it\\\/?s={search_term_string}\"},\"query-input\":{\"@type\":\"PropertyValueSpecification\",\"valueRequired\":true,\"valueName\":\"search_term_string\"}}],\"inLanguage\":\"it-IT\"},{\"@type\":\"Organization\",\"@id\":\"https:\\\/\\\/authleticwear.com\\\/it\\\/#organization\",\"name\":\"Authletic IT\",\"url\":\"https:\\\/\\\/authleticwear.com\\\/it\\\/\",\"logo\":{\"@type\":\"ImageObject\",\"inLanguage\":\"it-IT\",\"@id\":\"https:\\\/\\\/authleticwear.com\\\/it\\\/#\\\/schema\\\/logo\\\/image\\\/\",\"url\":\"https:\\\/\\\/authleticwear.com\\\/it\\\/wp-content\\\/uploads\\\/sites\\\/7\\\/2023\\\/11\\\/logo-web-authletic.svg\",\"contentUrl\":\"https:\\\/\\\/authleticwear.com\\\/it\\\/wp-content\\\/uploads\\\/sites\\\/7\\\/2023\\\/11\\\/logo-web-authletic.svg\",\"caption\":\"Authletic IT\"},\"image\":{\"@id\":\"https:\\\/\\\/authleticwear.com\\\/it\\\/#\\\/schema\\\/logo\\\/image\\\/\"},\"sameAs\":[\"https:\\\/\\\/facebook.com\\\/authletic\\\/\",\"https:\\\/\\\/instagram.com\\\/authleticwear\\\/\",\"https:\\\/\\\/tiktok.com\\\/@authletic\"]}]}<\/script>\n<!-- \/ Yoast SEO plugin. -->","yoast_head_json":{"title":"Reggiseno incrociato Flora - Grigio - Authletic IT","robots":{"index":"index","follow":"follow","max-snippet":"max-snippet:-1","max-image-preview":"max-image-preview:large","max-video-preview":"max-video-preview:-1"},"canonical":"https:\/\/authleticwear.com\/it\/product\/flora-cross-back-bra-grey\/","og_locale":"it_IT","og_type":"article","og_title":"Reggiseno incrociato Flora - Grigio - Authletic IT","og_description":"Ti presentiamo il nostro reggiseno incrociato Flora, la scelta ideale per passare dalle attivit\u00e0 quotidiane all'esercizio fisico. Il materiale morbidissimo lo rende estremamente comodo in ogni situazione. Questo reggiseno \u00e8 infatti progettato per offrirti il massimo sostegno, cos\u00ec sarai sempre pronta per allenarti. Inoltre \u00e8 dotato di eleganti spalline incrociate sulla schiena che uniscono la praticit\u00e0 ad un look alla moda.  Material: - 80% Nylon - 20% Elastan","og_url":"https:\/\/authleticwear.com\/it\/product\/flora-cross-back-bra-grey\/","og_site_name":"Authletic IT","article_publisher":"https:\/\/facebook.com\/authletic\/","article_modified_time":"2026-04-24T20:52:53+00:00","og_image":[{"width":1400,"height":2000,"url":"https:\/\/authleticwear.com\/it\/wp-content\/uploads\/sites\/7\/2024\/04\/Flora-Top-Grey1.jpg","type":"image\/jpeg"}],"twitter_card":"summary_large_image","twitter_misc":{"Tempo di lettura stimato":"1 minuto"},"schema":{"@context":"https:\/\/schema.org","@graph":[{"@type":"WebPage","@id":"https:\/\/authleticwear.com\/it\/product\/flora-cross-back-bra-grey\/","url":"https:\/\/authleticwear.com\/it\/product\/flora-cross-back-bra-grey\/","name":"Reggiseno incrociato Flora - Grigio - Authletic IT","isPartOf":{"@id":"https:\/\/authleticwear.com\/it\/#website"},"primaryImageOfPage":{"@id":"https:\/\/authleticwear.com\/it\/product\/flora-cross-back-bra-grey\/#primaryimage"},"image":{"@id":"https:\/\/authleticwear.com\/it\/product\/flora-cross-back-bra-grey\/#primaryimage"},"thumbnailUrl":"https:\/\/authleticwear.com\/it\/wp-content\/uploads\/sites\/7\/2024\/04\/Flora-Top-Grey1.jpg","datePublished":"2024-02-29T09:46:27+00:00","dateModified":"2026-04-24T20:52:53+00:00","breadcrumb":{"@id":"https:\/\/authleticwear.com\/it\/product\/flora-cross-back-bra-grey\/#breadcrumb"},"inLanguage":"it-IT","potentialAction":[{"@type":"ReadAction","target":["https:\/\/authleticwear.com\/it\/product\/flora-cross-back-bra-grey\/"]}]},{"@type":"ImageObject","inLanguage":"it-IT","@id":"https:\/\/authleticwear.com\/it\/product\/flora-cross-back-bra-grey\/#primaryimage","url":"https:\/\/authleticwear.com\/it\/wp-content\/uploads\/sites\/7\/2024\/04\/Flora-Top-Grey1.jpg","contentUrl":"https:\/\/authleticwear.com\/it\/wp-content\/uploads\/sites\/7\/2024\/04\/Flora-Top-Grey1.jpg","width":1400,"height":2000},{"@type":"BreadcrumbList","@id":"https:\/\/authleticwear.com\/it\/product\/flora-cross-back-bra-grey\/#breadcrumb","itemListElement":[{"@type":"ListItem","position":1,"name":"Home","item":"https:\/\/authleticwear.com\/it\/"},{"@type":"ListItem","position":2,"name":"Shop","item":"https:\/\/authleticwear.com\/it\/shop\/"},{"@type":"ListItem","position":3,"name":"Reggiseno incrociato Flora &#8211; Grigio"}]},{"@type":"WebSite","@id":"https:\/\/authleticwear.com\/it\/#website","url":"https:\/\/authleticwear.com\/it\/","name":"Authletic IT","description":"I am Authentic. I am Athletic. I am Authletic.","publisher":{"@id":"https:\/\/authleticwear.com\/it\/#organization"},"potentialAction":[{"@type":"SearchAction","target":{"@type":"EntryPoint","urlTemplate":"https:\/\/authleticwear.com\/it\/?s={search_term_string}"},"query-input":{"@type":"PropertyValueSpecification","valueRequired":true,"valueName":"search_term_string"}}],"inLanguage":"it-IT"},{"@type":"Organization","@id":"https:\/\/authleticwear.com\/it\/#organization","name":"Authletic IT","url":"https:\/\/authleticwear.com\/it\/","logo":{"@type":"ImageObject","inLanguage":"it-IT","@id":"https:\/\/authleticwear.com\/it\/#\/schema\/logo\/image\/","url":"https:\/\/authleticwear.com\/it\/wp-content\/uploads\/sites\/7\/2023\/11\/logo-web-authletic.svg","contentUrl":"https:\/\/authleticwear.com\/it\/wp-content\/uploads\/sites\/7\/2023\/11\/logo-web-authletic.svg","caption":"Authletic IT"},"image":{"@id":"https:\/\/authleticwear.com\/it\/#\/schema\/logo\/image\/"},"sameAs":["https:\/\/facebook.com\/authletic\/","https:\/\/instagram.com\/authleticwear\/","https:\/\/tiktok.com\/@authletic"]}]}},"_links":{"self":[{"href":"https:\/\/authleticwear.com\/it\/wp-json\/wp\/v2\/product\/875","targetHints":{"allow":["GET"]}}],"collection":[{"href":"https:\/\/authleticwear.com\/it\/wp-json\/wp\/v2\/product"}],"about":[{"href":"https:\/\/authleticwear.com\/it\/wp-json\/wp\/v2\/types\/product"}],"replies":[{"embeddable":true,"href":"https:\/\/authleticwear.com\/it\/wp-json\/wp\/v2\/comments?post=875"}],"wp:featuredmedia":[{"embeddable":true,"href":"https:\/\/authleticwear.com\/it\/wp-json\/wp\/v2\/media\/1035"}],"wp:attachment":[{"href":"https:\/\/authleticwear.com\/it\/wp-json\/wp\/v2\/media?parent=875"}],"wp:term":[{"taxonomy":"product_brand","embeddable":true,"href":"https:\/\/authleticwear.com\/it\/wp-json\/wp\/v2\/product_brand?post=875"},{"taxonomy":"product_cat","embeddable":true,"href":"https:\/\/authleticwear.com\/it\/wp-json\/wp\/v2\/product_cat?post=875"},{"taxonomy":"product_tag","embeddable":true,"href":"https:\/\/authleticwear.com\/it\/wp-json\/wp\/v2\/product_tag?post=875"}],"curies":[{"name":"wp","href":"https:\/\/api.w.org\/{rel}","templated":true}]}}