{"id":5273,"date":"2026-04-15T13:35:24","date_gmt":"2026-04-15T13:35:24","guid":{"rendered":"https:\/\/authleticwear.com\/hu\/?post_type=product&#038;p=5273"},"modified":"2026-04-26T10:34:00","modified_gmt":"2026-04-26T10:34:00","slug":"naya-butt-lift-rovid-leggings-ejfelkek","status":"publish","type":"product","link":"https:\/\/authleticwear.com\/hu\/product\/naya-butt-lift-rovid-leggings-ejfelkek\/","title":{"rendered":"Naya Butt Lift R\u00f6vid Leggings &#8211; \u00c9jf\u00e9lk\u00e9k"},"content":{"rendered":"","protected":false},"excerpt":{"rendered":"<p>A \u201eNaya Butt Lift R\u00f6vid Leggings\u201d \u00fagy lett tervezve, hogy soha nem l\u00e1tott m\u00f3don emelje ki az alakodat. A rejtett scrunch hat\u00e1s term\u00e9szetesen megemeli a popsit, \u00e9s kerekebb form\u00e1t ad neki. B\u00e1rsonyos tapint\u00e1s\u00fa, rugalmas anyaga minden mozdulatn\u00e1l k\u00e9nyelmes viseletet biztos\u00edt.<\/p>\n<p><strong>Anyag:<br \/>\n<\/strong>\u2013 78% Poliamid<br \/>\n&#8211; 22% Elaszt\u00e1n<\/p>\n","protected":false},"featured_media":5259,"comment_status":"open","ping_status":"closed","template":"","meta":{"_acf_changed":false,"bwfblock_default_font":"","inline_featured_image":false},"product_brand":[],"product_cat":[74,18,66],"product_tag":[67,65,25],"class_list":{"0":"post-5273","1":"product","2":"type-product","3":"status-publish","4":"has-post-thumbnail","6":"product_cat-butt-lift","7":"product_cat-leggings","8":"product_cat-naya","9":"product_tag-bestseller2","10":"product_tag-butt-lift","11":"product_tag-new","13":"first","14":"instock","15":"shipping-taxable","16":"purchasable","17":"product-type-variable","18":"has-default-attributes","19":"wvs-archive-product-wrapper"},"acf":[],"yoast_head":"<!-- This site is optimized with the Yoast SEO plugin v27.4 - https:\/\/yoast.com\/product\/yoast-seo-wordpress\/ -->\n<title>Naya Butt Lift R\u00f6vid Leggings - \u00c9jf\u00e9lk\u00e9k - Authletic HU<\/title>\n<meta name=\"robots\" content=\"index, follow, max-snippet:-1, max-image-preview:large, max-video-preview:-1\" \/>\n<link rel=\"canonical\" href=\"https:\/\/authleticwear.com\/hu\/product\/naya-butt-lift-rovid-leggings-ejfelkek\/\" \/>\n<meta property=\"og:locale\" content=\"hu_HU\" \/>\n<meta property=\"og:type\" content=\"article\" \/>\n<meta property=\"og:title\" content=\"Naya Butt Lift R\u00f6vid Leggings - \u00c9jf\u00e9lk\u00e9k - Authletic HU\" \/>\n<meta property=\"og:description\" content=\"A \u201eNaya Butt Lift R\u00f6vid Leggings\u201d \u00fagy lett tervezve, hogy soha nem l\u00e1tott m\u00f3don emelje ki az alakodat. A rejtett scrunch hat\u00e1s term\u00e9szetesen megemeli a popsit, \u00e9s kerekebb form\u00e1t ad neki. B\u00e1rsonyos tapint\u00e1s\u00fa, rugalmas anyaga minden mozdulatn\u00e1l k\u00e9nyelmes viseletet biztos\u00edt.  Anyag: \u2013 78% Poliamid - 22% Elaszt\u00e1n\" \/>\n<meta property=\"og:url\" content=\"https:\/\/authleticwear.com\/hu\/product\/naya-butt-lift-rovid-leggings-ejfelkek\/\" \/>\n<meta property=\"og:site_name\" content=\"Authletic HU\" \/>\n<meta property=\"article:publisher\" content=\"https:\/\/facebook.com\/authletic\/\" \/>\n<meta property=\"article:modified_time\" content=\"2026-04-26T10:34:00+00:00\" \/>\n<meta property=\"og:image\" content=\"https:\/\/authleticwear.com\/hu\/wp-content\/uploads\/sites\/8\/2026\/04\/HU-USP-1-NAYA-SHORT-BLUE.jpg\" \/>\n\t<meta property=\"og:image:width\" content=\"1400\" \/>\n\t<meta property=\"og:image:height\" content=\"2000\" \/>\n\t<meta property=\"og:image:type\" content=\"image\/jpeg\" \/>\n<meta name=\"twitter:card\" content=\"summary_large_image\" \/>\n<meta name=\"twitter:label1\" content=\"Becs\u00fclt olvas\u00e1si id\u0151\" \/>\n\t<meta name=\"twitter:data1\" content=\"1 perc\" \/>\n<script type=\"application\/ld+json\" class=\"yoast-schema-graph\">{\"@context\":\"https:\\\/\\\/schema.org\",\"@graph\":[{\"@type\":\"WebPage\",\"@id\":\"https:\\\/\\\/authleticwear.com\\\/hu\\\/product\\\/naya-butt-lift-rovid-leggings-ejfelkek\\\/\",\"url\":\"https:\\\/\\\/authleticwear.com\\\/hu\\\/product\\\/naya-butt-lift-rovid-leggings-ejfelkek\\\/\",\"name\":\"Naya Butt Lift R\u00f6vid Leggings - \u00c9jf\u00e9lk\u00e9k - Authletic HU\",\"isPartOf\":{\"@id\":\"https:\\\/\\\/authleticwear.com\\\/hu\\\/#website\"},\"primaryImageOfPage\":{\"@id\":\"https:\\\/\\\/authleticwear.com\\\/hu\\\/product\\\/naya-butt-lift-rovid-leggings-ejfelkek\\\/#primaryimage\"},\"image\":{\"@id\":\"https:\\\/\\\/authleticwear.com\\\/hu\\\/product\\\/naya-butt-lift-rovid-leggings-ejfelkek\\\/#primaryimage\"},\"thumbnailUrl\":\"https:\\\/\\\/authleticwear.com\\\/hu\\\/wp-content\\\/uploads\\\/sites\\\/8\\\/2026\\\/04\\\/HU-USP-1-NAYA-SHORT-BLUE.jpg\",\"datePublished\":\"2026-04-15T13:35:24+00:00\",\"dateModified\":\"2026-04-26T10:34:00+00:00\",\"breadcrumb\":{\"@id\":\"https:\\\/\\\/authleticwear.com\\\/hu\\\/product\\\/naya-butt-lift-rovid-leggings-ejfelkek\\\/#breadcrumb\"},\"inLanguage\":\"hu\",\"potentialAction\":[{\"@type\":\"ReadAction\",\"target\":[\"https:\\\/\\\/authleticwear.com\\\/hu\\\/product\\\/naya-butt-lift-rovid-leggings-ejfelkek\\\/\"]}]},{\"@type\":\"ImageObject\",\"inLanguage\":\"hu\",\"@id\":\"https:\\\/\\\/authleticwear.com\\\/hu\\\/product\\\/naya-butt-lift-rovid-leggings-ejfelkek\\\/#primaryimage\",\"url\":\"https:\\\/\\\/authleticwear.com\\\/hu\\\/wp-content\\\/uploads\\\/sites\\\/8\\\/2026\\\/04\\\/HU-USP-1-NAYA-SHORT-BLUE.jpg\",\"contentUrl\":\"https:\\\/\\\/authleticwear.com\\\/hu\\\/wp-content\\\/uploads\\\/sites\\\/8\\\/2026\\\/04\\\/HU-USP-1-NAYA-SHORT-BLUE.jpg\",\"width\":1400,\"height\":2000},{\"@type\":\"BreadcrumbList\",\"@id\":\"https:\\\/\\\/authleticwear.com\\\/hu\\\/product\\\/naya-butt-lift-rovid-leggings-ejfelkek\\\/#breadcrumb\",\"itemListElement\":[{\"@type\":\"ListItem\",\"position\":1,\"name\":\"Home\",\"item\":\"https:\\\/\\\/authleticwear.com\\\/hu\\\/\"},{\"@type\":\"ListItem\",\"position\":2,\"name\":\"Shop\",\"item\":\"https:\\\/\\\/authleticwear.com\\\/hu\\\/shop\\\/\"},{\"@type\":\"ListItem\",\"position\":3,\"name\":\"Naya Butt Lift R\u00f6vid Leggings &#8211; \u00c9jf\u00e9lk\u00e9k\"}]},{\"@type\":\"WebSite\",\"@id\":\"https:\\\/\\\/authleticwear.com\\\/hu\\\/#website\",\"url\":\"https:\\\/\\\/authleticwear.com\\\/hu\\\/\",\"name\":\"Authletic HU\",\"description\":\"I am Authentic. I am Athletic. I am Authletic.\",\"publisher\":{\"@id\":\"https:\\\/\\\/authleticwear.com\\\/hu\\\/#organization\"},\"potentialAction\":[{\"@type\":\"SearchAction\",\"target\":{\"@type\":\"EntryPoint\",\"urlTemplate\":\"https:\\\/\\\/authleticwear.com\\\/hu\\\/?s={search_term_string}\"},\"query-input\":{\"@type\":\"PropertyValueSpecification\",\"valueRequired\":true,\"valueName\":\"search_term_string\"}}],\"inLanguage\":\"hu\"},{\"@type\":\"Organization\",\"@id\":\"https:\\\/\\\/authleticwear.com\\\/hu\\\/#organization\",\"name\":\"Authletic HU\",\"url\":\"https:\\\/\\\/authleticwear.com\\\/hu\\\/\",\"logo\":{\"@type\":\"ImageObject\",\"inLanguage\":\"hu\",\"@id\":\"https:\\\/\\\/authleticwear.com\\\/hu\\\/#\\\/schema\\\/logo\\\/image\\\/\",\"url\":\"https:\\\/\\\/authleticwear.com\\\/hu\\\/wp-content\\\/uploads\\\/sites\\\/8\\\/2023\\\/11\\\/logo-web-authletic.svg\",\"contentUrl\":\"https:\\\/\\\/authleticwear.com\\\/hu\\\/wp-content\\\/uploads\\\/sites\\\/8\\\/2023\\\/11\\\/logo-web-authletic.svg\",\"caption\":\"Authletic HU\"},\"image\":{\"@id\":\"https:\\\/\\\/authleticwear.com\\\/hu\\\/#\\\/schema\\\/logo\\\/image\\\/\"},\"sameAs\":[\"https:\\\/\\\/facebook.com\\\/authletic\\\/\",\"https:\\\/\\\/instagram.com\\\/authleticwear\\\/\",\"https:\\\/\\\/tiktok.com\\\/@authletic\"]}]}<\/script>\n<!-- \/ Yoast SEO plugin. -->","yoast_head_json":{"title":"Naya Butt Lift R\u00f6vid Leggings - \u00c9jf\u00e9lk\u00e9k - Authletic HU","robots":{"index":"index","follow":"follow","max-snippet":"max-snippet:-1","max-image-preview":"max-image-preview:large","max-video-preview":"max-video-preview:-1"},"canonical":"https:\/\/authleticwear.com\/hu\/product\/naya-butt-lift-rovid-leggings-ejfelkek\/","og_locale":"hu_HU","og_type":"article","og_title":"Naya Butt Lift R\u00f6vid Leggings - \u00c9jf\u00e9lk\u00e9k - Authletic HU","og_description":"A \u201eNaya Butt Lift R\u00f6vid Leggings\u201d \u00fagy lett tervezve, hogy soha nem l\u00e1tott m\u00f3don emelje ki az alakodat. A rejtett scrunch hat\u00e1s term\u00e9szetesen megemeli a popsit, \u00e9s kerekebb form\u00e1t ad neki. B\u00e1rsonyos tapint\u00e1s\u00fa, rugalmas anyaga minden mozdulatn\u00e1l k\u00e9nyelmes viseletet biztos\u00edt.  Anyag: \u2013 78% Poliamid - 22% Elaszt\u00e1n","og_url":"https:\/\/authleticwear.com\/hu\/product\/naya-butt-lift-rovid-leggings-ejfelkek\/","og_site_name":"Authletic HU","article_publisher":"https:\/\/facebook.com\/authletic\/","article_modified_time":"2026-04-26T10:34:00+00:00","og_image":[{"width":1400,"height":2000,"url":"https:\/\/authleticwear.com\/hu\/wp-content\/uploads\/sites\/8\/2026\/04\/HU-USP-1-NAYA-SHORT-BLUE.jpg","type":"image\/jpeg"}],"twitter_card":"summary_large_image","twitter_misc":{"Becs\u00fclt olvas\u00e1si id\u0151":"1 perc"},"schema":{"@context":"https:\/\/schema.org","@graph":[{"@type":"WebPage","@id":"https:\/\/authleticwear.com\/hu\/product\/naya-butt-lift-rovid-leggings-ejfelkek\/","url":"https:\/\/authleticwear.com\/hu\/product\/naya-butt-lift-rovid-leggings-ejfelkek\/","name":"Naya Butt Lift R\u00f6vid Leggings - \u00c9jf\u00e9lk\u00e9k - Authletic HU","isPartOf":{"@id":"https:\/\/authleticwear.com\/hu\/#website"},"primaryImageOfPage":{"@id":"https:\/\/authleticwear.com\/hu\/product\/naya-butt-lift-rovid-leggings-ejfelkek\/#primaryimage"},"image":{"@id":"https:\/\/authleticwear.com\/hu\/product\/naya-butt-lift-rovid-leggings-ejfelkek\/#primaryimage"},"thumbnailUrl":"https:\/\/authleticwear.com\/hu\/wp-content\/uploads\/sites\/8\/2026\/04\/HU-USP-1-NAYA-SHORT-BLUE.jpg","datePublished":"2026-04-15T13:35:24+00:00","dateModified":"2026-04-26T10:34:00+00:00","breadcrumb":{"@id":"https:\/\/authleticwear.com\/hu\/product\/naya-butt-lift-rovid-leggings-ejfelkek\/#breadcrumb"},"inLanguage":"hu","potentialAction":[{"@type":"ReadAction","target":["https:\/\/authleticwear.com\/hu\/product\/naya-butt-lift-rovid-leggings-ejfelkek\/"]}]},{"@type":"ImageObject","inLanguage":"hu","@id":"https:\/\/authleticwear.com\/hu\/product\/naya-butt-lift-rovid-leggings-ejfelkek\/#primaryimage","url":"https:\/\/authleticwear.com\/hu\/wp-content\/uploads\/sites\/8\/2026\/04\/HU-USP-1-NAYA-SHORT-BLUE.jpg","contentUrl":"https:\/\/authleticwear.com\/hu\/wp-content\/uploads\/sites\/8\/2026\/04\/HU-USP-1-NAYA-SHORT-BLUE.jpg","width":1400,"height":2000},{"@type":"BreadcrumbList","@id":"https:\/\/authleticwear.com\/hu\/product\/naya-butt-lift-rovid-leggings-ejfelkek\/#breadcrumb","itemListElement":[{"@type":"ListItem","position":1,"name":"Home","item":"https:\/\/authleticwear.com\/hu\/"},{"@type":"ListItem","position":2,"name":"Shop","item":"https:\/\/authleticwear.com\/hu\/shop\/"},{"@type":"ListItem","position":3,"name":"Naya Butt Lift R\u00f6vid Leggings &#8211; \u00c9jf\u00e9lk\u00e9k"}]},{"@type":"WebSite","@id":"https:\/\/authleticwear.com\/hu\/#website","url":"https:\/\/authleticwear.com\/hu\/","name":"Authletic HU","description":"I am Authentic. I am Athletic. I am Authletic.","publisher":{"@id":"https:\/\/authleticwear.com\/hu\/#organization"},"potentialAction":[{"@type":"SearchAction","target":{"@type":"EntryPoint","urlTemplate":"https:\/\/authleticwear.com\/hu\/?s={search_term_string}"},"query-input":{"@type":"PropertyValueSpecification","valueRequired":true,"valueName":"search_term_string"}}],"inLanguage":"hu"},{"@type":"Organization","@id":"https:\/\/authleticwear.com\/hu\/#organization","name":"Authletic HU","url":"https:\/\/authleticwear.com\/hu\/","logo":{"@type":"ImageObject","inLanguage":"hu","@id":"https:\/\/authleticwear.com\/hu\/#\/schema\/logo\/image\/","url":"https:\/\/authleticwear.com\/hu\/wp-content\/uploads\/sites\/8\/2023\/11\/logo-web-authletic.svg","contentUrl":"https:\/\/authleticwear.com\/hu\/wp-content\/uploads\/sites\/8\/2023\/11\/logo-web-authletic.svg","caption":"Authletic HU"},"image":{"@id":"https:\/\/authleticwear.com\/hu\/#\/schema\/logo\/image\/"},"sameAs":["https:\/\/facebook.com\/authletic\/","https:\/\/instagram.com\/authleticwear\/","https:\/\/tiktok.com\/@authletic"]}]}},"_links":{"self":[{"href":"https:\/\/authleticwear.com\/hu\/wp-json\/wp\/v2\/product\/5273","targetHints":{"allow":["GET"]}}],"collection":[{"href":"https:\/\/authleticwear.com\/hu\/wp-json\/wp\/v2\/product"}],"about":[{"href":"https:\/\/authleticwear.com\/hu\/wp-json\/wp\/v2\/types\/product"}],"replies":[{"embeddable":true,"href":"https:\/\/authleticwear.com\/hu\/wp-json\/wp\/v2\/comments?post=5273"}],"wp:featuredmedia":[{"embeddable":true,"href":"https:\/\/authleticwear.com\/hu\/wp-json\/wp\/v2\/media\/5259"}],"wp:attachment":[{"href":"https:\/\/authleticwear.com\/hu\/wp-json\/wp\/v2\/media?parent=5273"}],"wp:term":[{"taxonomy":"product_brand","embeddable":true,"href":"https:\/\/authleticwear.com\/hu\/wp-json\/wp\/v2\/product_brand?post=5273"},{"taxonomy":"product_cat","embeddable":true,"href":"https:\/\/authleticwear.com\/hu\/wp-json\/wp\/v2\/product_cat?post=5273"},{"taxonomy":"product_tag","embeddable":true,"href":"https:\/\/authleticwear.com\/hu\/wp-json\/wp\/v2\/product_tag?post=5273"}],"curies":[{"name":"wp","href":"https:\/\/api.w.org\/{rel}","templated":true}]}}