{"id":2056,"date":"2025-11-30T10:33:49","date_gmt":"2025-11-30T10:33:49","guid":{"rendered":"https:\/\/authleticwear.com\/hu\/?post_type=product&#038;p=2056"},"modified":"2026-04-26T19:41:59","modified_gmt":"2026-04-26T19:41:59","slug":"eve-comfort-egyenes-szaru-leggings-piros","status":"publish","type":"product","link":"https:\/\/authleticwear.com\/hu\/product\/eve-comfort-egyenes-szaru-leggings-piros\/","title":{"rendered":"Eve Comfort egyenes sz\u00e1r\u00fa leggings &#8211; Piros"},"content":{"rendered":"","protected":false},"excerpt":{"rendered":"<p>Az &#8222;Eve Comfort egyenes sz\u00e1r\u00fa leggings&#8221; azokhoz a napokhoz k\u00e9sz\u00fclt, amikor teljes k\u00e9nyelmet szeretn\u00e9l, de m\u00e9gis \u00e1polt hat\u00e1st akarsz kelteni. Az anyag puha, rugalmas \u00e9s k\u00edm\u00e9letes a b\u0151rh\u00f6z. Veled egy\u00fctt mozog, \u00e9s alkalmazkodik minden l\u00e9p\u00e9sedhez. A laza, egyenes szab\u00e1s egyszer\u0171, k\u00f6nnyed megjelen\u00e9st ad, amely \u00f6tv\u00f6zi a praktikuss\u00e1got, a k\u00e9nyelmet \u00e9s a st\u00edlust. Kiv\u00e1l\u00f3 edz\u00e9shez, v\u00e1rosi rohang\u00e1l\u00e1shoz vagy egy nyugodt otthoni naphoz is.<\/p>\n<p>Ha olyan leggingset keresel, amely maxim\u00e1lis k\u00e9nyelmet, szabad mozg\u00e1st \u00e9s modern, egyenes vonal\u00fa sziluettet ad, az &#8222;Eve Comfort egyenes sz\u00e1r\u00fa leggings&#8221; nagyon hamar a mindennapi kedvencedd\u00e9 v\u00e1lik.<\/p>\n<p><strong>Anyag:<\/strong><br \/>\n\u2013 75% Nejlon<br \/>\n&#8211; 25% Elaszt\u00e1n<\/p>\n","protected":false},"featured_media":2054,"comment_status":"open","ping_status":"closed","template":"","meta":{"_acf_changed":false,"bwfblock_default_font":"","inline_featured_image":false},"product_brand":[],"product_cat":[72,31,18],"product_tag":[73],"class_list":{"0":"post-2056","1":"product","2":"type-product","3":"status-publish","4":"has-post-thumbnail","6":"product_cat-eve","7":"product_cat-casual","8":"product_cat-leggings","9":"product_tag-kenyelem","11":"first","12":"instock","13":"shipping-taxable","14":"purchasable","15":"product-type-variable","16":"has-default-attributes","17":"wvs-archive-product-wrapper"},"acf":[],"yoast_head":"<!-- This site is optimized with the Yoast SEO plugin v27.4 - https:\/\/yoast.com\/product\/yoast-seo-wordpress\/ -->\n<title>Eve Comfort egyenes sz\u00e1r\u00fa leggings - Piros - Authletic HU<\/title>\n<meta name=\"robots\" content=\"index, follow, max-snippet:-1, max-image-preview:large, max-video-preview:-1\" \/>\n<link rel=\"canonical\" href=\"https:\/\/authleticwear.com\/hu\/product\/eve-comfort-egyenes-szaru-leggings-piros\/\" \/>\n<meta property=\"og:locale\" content=\"hu_HU\" \/>\n<meta property=\"og:type\" content=\"article\" \/>\n<meta property=\"og:title\" content=\"Eve Comfort egyenes sz\u00e1r\u00fa leggings - Piros - Authletic HU\" \/>\n<meta property=\"og:description\" content=\"Az &quot;Eve Comfort egyenes sz\u00e1r\u00fa leggings&quot; azokhoz a napokhoz k\u00e9sz\u00fclt, amikor teljes k\u00e9nyelmet szeretn\u00e9l, de m\u00e9gis \u00e1polt hat\u00e1st akarsz kelteni. Az anyag puha, rugalmas \u00e9s k\u00edm\u00e9letes a b\u0151rh\u00f6z. Veled egy\u00fctt mozog, \u00e9s alkalmazkodik minden l\u00e9p\u00e9sedhez. A laza, egyenes szab\u00e1s egyszer\u0171, k\u00f6nnyed megjelen\u00e9st ad, amely \u00f6tv\u00f6zi a praktikuss\u00e1got, a k\u00e9nyelmet \u00e9s a st\u00edlust. Kiv\u00e1l\u00f3 edz\u00e9shez, v\u00e1rosi rohang\u00e1l\u00e1shoz vagy egy nyugodt otthoni naphoz is.  Ha olyan leggingset keresel, amely maxim\u00e1lis k\u00e9nyelmet, szabad mozg\u00e1st \u00e9s modern, egyenes vonal\u00fa sziluettet ad, az &quot;Eve Comfort egyenes sz\u00e1r\u00fa leggings&quot; nagyon hamar a mindennapi kedvencedd\u00e9 v\u00e1lik.  Anyag: \u2013 75% Nejlon - 25% Elaszt\u00e1n\" \/>\n<meta property=\"og:url\" content=\"https:\/\/authleticwear.com\/hu\/product\/eve-comfort-egyenes-szaru-leggings-piros\/\" \/>\n<meta property=\"og:site_name\" content=\"Authletic HU\" \/>\n<meta property=\"article:publisher\" content=\"https:\/\/facebook.com\/authletic\/\" \/>\n<meta property=\"article:modified_time\" content=\"2026-04-26T19:41:59+00:00\" \/>\n<meta property=\"og:image\" content=\"https:\/\/authleticwear.com\/hu\/wp-content\/uploads\/sites\/8\/2025\/11\/HU-EVE-RED-LEGGINGS-DETAILS.jpg\" \/>\n\t<meta property=\"og:image:width\" content=\"1400\" \/>\n\t<meta property=\"og:image:height\" content=\"2000\" \/>\n\t<meta property=\"og:image:type\" content=\"image\/jpeg\" \/>\n<meta name=\"twitter:card\" content=\"summary_large_image\" \/>\n<meta name=\"twitter:label1\" content=\"Becs\u00fclt olvas\u00e1si id\u0151\" \/>\n\t<meta name=\"twitter:data1\" content=\"1 perc\" \/>\n<script type=\"application\/ld+json\" class=\"yoast-schema-graph\">{\"@context\":\"https:\\\/\\\/schema.org\",\"@graph\":[{\"@type\":\"WebPage\",\"@id\":\"https:\\\/\\\/authleticwear.com\\\/hu\\\/product\\\/eve-comfort-egyenes-szaru-leggings-piros\\\/\",\"url\":\"https:\\\/\\\/authleticwear.com\\\/hu\\\/product\\\/eve-comfort-egyenes-szaru-leggings-piros\\\/\",\"name\":\"Eve Comfort egyenes sz\u00e1r\u00fa leggings - Piros - Authletic HU\",\"isPartOf\":{\"@id\":\"https:\\\/\\\/authleticwear.com\\\/hu\\\/#website\"},\"primaryImageOfPage\":{\"@id\":\"https:\\\/\\\/authleticwear.com\\\/hu\\\/product\\\/eve-comfort-egyenes-szaru-leggings-piros\\\/#primaryimage\"},\"image\":{\"@id\":\"https:\\\/\\\/authleticwear.com\\\/hu\\\/product\\\/eve-comfort-egyenes-szaru-leggings-piros\\\/#primaryimage\"},\"thumbnailUrl\":\"https:\\\/\\\/authleticwear.com\\\/hu\\\/wp-content\\\/uploads\\\/sites\\\/8\\\/2025\\\/11\\\/HU-EVE-RED-LEGGINGS-DETAILS.jpg\",\"datePublished\":\"2025-11-30T10:33:49+00:00\",\"dateModified\":\"2026-04-26T19:41:59+00:00\",\"breadcrumb\":{\"@id\":\"https:\\\/\\\/authleticwear.com\\\/hu\\\/product\\\/eve-comfort-egyenes-szaru-leggings-piros\\\/#breadcrumb\"},\"inLanguage\":\"hu\",\"potentialAction\":[{\"@type\":\"ReadAction\",\"target\":[\"https:\\\/\\\/authleticwear.com\\\/hu\\\/product\\\/eve-comfort-egyenes-szaru-leggings-piros\\\/\"]}]},{\"@type\":\"ImageObject\",\"inLanguage\":\"hu\",\"@id\":\"https:\\\/\\\/authleticwear.com\\\/hu\\\/product\\\/eve-comfort-egyenes-szaru-leggings-piros\\\/#primaryimage\",\"url\":\"https:\\\/\\\/authleticwear.com\\\/hu\\\/wp-content\\\/uploads\\\/sites\\\/8\\\/2025\\\/11\\\/HU-EVE-RED-LEGGINGS-DETAILS.jpg\",\"contentUrl\":\"https:\\\/\\\/authleticwear.com\\\/hu\\\/wp-content\\\/uploads\\\/sites\\\/8\\\/2025\\\/11\\\/HU-EVE-RED-LEGGINGS-DETAILS.jpg\",\"width\":1400,\"height\":2000},{\"@type\":\"BreadcrumbList\",\"@id\":\"https:\\\/\\\/authleticwear.com\\\/hu\\\/product\\\/eve-comfort-egyenes-szaru-leggings-piros\\\/#breadcrumb\",\"itemListElement\":[{\"@type\":\"ListItem\",\"position\":1,\"name\":\"Home\",\"item\":\"https:\\\/\\\/authleticwear.com\\\/hu\\\/\"},{\"@type\":\"ListItem\",\"position\":2,\"name\":\"Shop\",\"item\":\"https:\\\/\\\/authleticwear.com\\\/hu\\\/shop\\\/\"},{\"@type\":\"ListItem\",\"position\":3,\"name\":\"Eve Comfort egyenes sz\u00e1r\u00fa leggings &#8211; Piros\"}]},{\"@type\":\"WebSite\",\"@id\":\"https:\\\/\\\/authleticwear.com\\\/hu\\\/#website\",\"url\":\"https:\\\/\\\/authleticwear.com\\\/hu\\\/\",\"name\":\"Authletic HU\",\"description\":\"I am Authentic. I am Athletic. I am Authletic.\",\"publisher\":{\"@id\":\"https:\\\/\\\/authleticwear.com\\\/hu\\\/#organization\"},\"potentialAction\":[{\"@type\":\"SearchAction\",\"target\":{\"@type\":\"EntryPoint\",\"urlTemplate\":\"https:\\\/\\\/authleticwear.com\\\/hu\\\/?s={search_term_string}\"},\"query-input\":{\"@type\":\"PropertyValueSpecification\",\"valueRequired\":true,\"valueName\":\"search_term_string\"}}],\"inLanguage\":\"hu\"},{\"@type\":\"Organization\",\"@id\":\"https:\\\/\\\/authleticwear.com\\\/hu\\\/#organization\",\"name\":\"Authletic HU\",\"url\":\"https:\\\/\\\/authleticwear.com\\\/hu\\\/\",\"logo\":{\"@type\":\"ImageObject\",\"inLanguage\":\"hu\",\"@id\":\"https:\\\/\\\/authleticwear.com\\\/hu\\\/#\\\/schema\\\/logo\\\/image\\\/\",\"url\":\"https:\\\/\\\/authleticwear.com\\\/hu\\\/wp-content\\\/uploads\\\/sites\\\/8\\\/2023\\\/11\\\/logo-web-authletic.svg\",\"contentUrl\":\"https:\\\/\\\/authleticwear.com\\\/hu\\\/wp-content\\\/uploads\\\/sites\\\/8\\\/2023\\\/11\\\/logo-web-authletic.svg\",\"caption\":\"Authletic HU\"},\"image\":{\"@id\":\"https:\\\/\\\/authleticwear.com\\\/hu\\\/#\\\/schema\\\/logo\\\/image\\\/\"},\"sameAs\":[\"https:\\\/\\\/facebook.com\\\/authletic\\\/\",\"https:\\\/\\\/instagram.com\\\/authleticwear\\\/\",\"https:\\\/\\\/tiktok.com\\\/@authletic\"]}]}<\/script>\n<!-- \/ Yoast SEO plugin. -->","yoast_head_json":{"title":"Eve Comfort egyenes sz\u00e1r\u00fa leggings - Piros - Authletic HU","robots":{"index":"index","follow":"follow","max-snippet":"max-snippet:-1","max-image-preview":"max-image-preview:large","max-video-preview":"max-video-preview:-1"},"canonical":"https:\/\/authleticwear.com\/hu\/product\/eve-comfort-egyenes-szaru-leggings-piros\/","og_locale":"hu_HU","og_type":"article","og_title":"Eve Comfort egyenes sz\u00e1r\u00fa leggings - Piros - Authletic HU","og_description":"Az \"Eve Comfort egyenes sz\u00e1r\u00fa leggings\" azokhoz a napokhoz k\u00e9sz\u00fclt, amikor teljes k\u00e9nyelmet szeretn\u00e9l, de m\u00e9gis \u00e1polt hat\u00e1st akarsz kelteni. Az anyag puha, rugalmas \u00e9s k\u00edm\u00e9letes a b\u0151rh\u00f6z. Veled egy\u00fctt mozog, \u00e9s alkalmazkodik minden l\u00e9p\u00e9sedhez. A laza, egyenes szab\u00e1s egyszer\u0171, k\u00f6nnyed megjelen\u00e9st ad, amely \u00f6tv\u00f6zi a praktikuss\u00e1got, a k\u00e9nyelmet \u00e9s a st\u00edlust. Kiv\u00e1l\u00f3 edz\u00e9shez, v\u00e1rosi rohang\u00e1l\u00e1shoz vagy egy nyugodt otthoni naphoz is.  Ha olyan leggingset keresel, amely maxim\u00e1lis k\u00e9nyelmet, szabad mozg\u00e1st \u00e9s modern, egyenes vonal\u00fa sziluettet ad, az \"Eve Comfort egyenes sz\u00e1r\u00fa leggings\" nagyon hamar a mindennapi kedvencedd\u00e9 v\u00e1lik.  Anyag: \u2013 75% Nejlon - 25% Elaszt\u00e1n","og_url":"https:\/\/authleticwear.com\/hu\/product\/eve-comfort-egyenes-szaru-leggings-piros\/","og_site_name":"Authletic HU","article_publisher":"https:\/\/facebook.com\/authletic\/","article_modified_time":"2026-04-26T19:41:59+00:00","og_image":[{"width":1400,"height":2000,"url":"https:\/\/authleticwear.com\/hu\/wp-content\/uploads\/sites\/8\/2025\/11\/HU-EVE-RED-LEGGINGS-DETAILS.jpg","type":"image\/jpeg"}],"twitter_card":"summary_large_image","twitter_misc":{"Becs\u00fclt olvas\u00e1si id\u0151":"1 perc"},"schema":{"@context":"https:\/\/schema.org","@graph":[{"@type":"WebPage","@id":"https:\/\/authleticwear.com\/hu\/product\/eve-comfort-egyenes-szaru-leggings-piros\/","url":"https:\/\/authleticwear.com\/hu\/product\/eve-comfort-egyenes-szaru-leggings-piros\/","name":"Eve Comfort egyenes sz\u00e1r\u00fa leggings - Piros - Authletic HU","isPartOf":{"@id":"https:\/\/authleticwear.com\/hu\/#website"},"primaryImageOfPage":{"@id":"https:\/\/authleticwear.com\/hu\/product\/eve-comfort-egyenes-szaru-leggings-piros\/#primaryimage"},"image":{"@id":"https:\/\/authleticwear.com\/hu\/product\/eve-comfort-egyenes-szaru-leggings-piros\/#primaryimage"},"thumbnailUrl":"https:\/\/authleticwear.com\/hu\/wp-content\/uploads\/sites\/8\/2025\/11\/HU-EVE-RED-LEGGINGS-DETAILS.jpg","datePublished":"2025-11-30T10:33:49+00:00","dateModified":"2026-04-26T19:41:59+00:00","breadcrumb":{"@id":"https:\/\/authleticwear.com\/hu\/product\/eve-comfort-egyenes-szaru-leggings-piros\/#breadcrumb"},"inLanguage":"hu","potentialAction":[{"@type":"ReadAction","target":["https:\/\/authleticwear.com\/hu\/product\/eve-comfort-egyenes-szaru-leggings-piros\/"]}]},{"@type":"ImageObject","inLanguage":"hu","@id":"https:\/\/authleticwear.com\/hu\/product\/eve-comfort-egyenes-szaru-leggings-piros\/#primaryimage","url":"https:\/\/authleticwear.com\/hu\/wp-content\/uploads\/sites\/8\/2025\/11\/HU-EVE-RED-LEGGINGS-DETAILS.jpg","contentUrl":"https:\/\/authleticwear.com\/hu\/wp-content\/uploads\/sites\/8\/2025\/11\/HU-EVE-RED-LEGGINGS-DETAILS.jpg","width":1400,"height":2000},{"@type":"BreadcrumbList","@id":"https:\/\/authleticwear.com\/hu\/product\/eve-comfort-egyenes-szaru-leggings-piros\/#breadcrumb","itemListElement":[{"@type":"ListItem","position":1,"name":"Home","item":"https:\/\/authleticwear.com\/hu\/"},{"@type":"ListItem","position":2,"name":"Shop","item":"https:\/\/authleticwear.com\/hu\/shop\/"},{"@type":"ListItem","position":3,"name":"Eve Comfort egyenes sz\u00e1r\u00fa leggings &#8211; Piros"}]},{"@type":"WebSite","@id":"https:\/\/authleticwear.com\/hu\/#website","url":"https:\/\/authleticwear.com\/hu\/","name":"Authletic HU","description":"I am Authentic. I am Athletic. I am Authletic.","publisher":{"@id":"https:\/\/authleticwear.com\/hu\/#organization"},"potentialAction":[{"@type":"SearchAction","target":{"@type":"EntryPoint","urlTemplate":"https:\/\/authleticwear.com\/hu\/?s={search_term_string}"},"query-input":{"@type":"PropertyValueSpecification","valueRequired":true,"valueName":"search_term_string"}}],"inLanguage":"hu"},{"@type":"Organization","@id":"https:\/\/authleticwear.com\/hu\/#organization","name":"Authletic HU","url":"https:\/\/authleticwear.com\/hu\/","logo":{"@type":"ImageObject","inLanguage":"hu","@id":"https:\/\/authleticwear.com\/hu\/#\/schema\/logo\/image\/","url":"https:\/\/authleticwear.com\/hu\/wp-content\/uploads\/sites\/8\/2023\/11\/logo-web-authletic.svg","contentUrl":"https:\/\/authleticwear.com\/hu\/wp-content\/uploads\/sites\/8\/2023\/11\/logo-web-authletic.svg","caption":"Authletic HU"},"image":{"@id":"https:\/\/authleticwear.com\/hu\/#\/schema\/logo\/image\/"},"sameAs":["https:\/\/facebook.com\/authletic\/","https:\/\/instagram.com\/authleticwear\/","https:\/\/tiktok.com\/@authletic"]}]}},"_links":{"self":[{"href":"https:\/\/authleticwear.com\/hu\/wp-json\/wp\/v2\/product\/2056","targetHints":{"allow":["GET"]}}],"collection":[{"href":"https:\/\/authleticwear.com\/hu\/wp-json\/wp\/v2\/product"}],"about":[{"href":"https:\/\/authleticwear.com\/hu\/wp-json\/wp\/v2\/types\/product"}],"replies":[{"embeddable":true,"href":"https:\/\/authleticwear.com\/hu\/wp-json\/wp\/v2\/comments?post=2056"}],"wp:featuredmedia":[{"embeddable":true,"href":"https:\/\/authleticwear.com\/hu\/wp-json\/wp\/v2\/media\/2054"}],"wp:attachment":[{"href":"https:\/\/authleticwear.com\/hu\/wp-json\/wp\/v2\/media?parent=2056"}],"wp:term":[{"taxonomy":"product_brand","embeddable":true,"href":"https:\/\/authleticwear.com\/hu\/wp-json\/wp\/v2\/product_brand?post=2056"},{"taxonomy":"product_cat","embeddable":true,"href":"https:\/\/authleticwear.com\/hu\/wp-json\/wp\/v2\/product_cat?post=2056"},{"taxonomy":"product_tag","embeddable":true,"href":"https:\/\/authleticwear.com\/hu\/wp-json\/wp\/v2\/product_tag?post=2056"}],"curies":[{"name":"wp","href":"https:\/\/api.w.org\/{rel}","templated":true}]}}