{"id":1187,"date":"2024-08-02T07:29:29","date_gmt":"2024-08-02T07:29:29","guid":{"rendered":"https:\/\/authleticwear.com\/hu\/?post_type=product&#038;p=1187"},"modified":"2026-04-15T13:39:06","modified_gmt":"2026-04-15T13:39:06","slug":"aluna-rovid-leggings-narancssarga","status":"publish","type":"product","link":"https:\/\/authleticwear.com\/hu\/product\/aluna-rovid-leggings-narancssarga\/","title":{"rendered":"Aluna r\u00f6vid leggings &#8211; Narancss\u00e1rga"},"content":{"rendered":"","protected":false},"excerpt":{"rendered":"<p>Pr\u00f3b\u00e1ld ki az Aluna r\u00f6vid leggings\u00fcnket! A leggings finom V-varrattal rendelkezik, amely enyh\u00e9n kiemeli a feneket. Anyaga minden tev\u00e9kenys\u00e9ghez alkalmas. Az elasztikus anyag \u00e1t\u00f6leli a testet \u00e9s a derekat, ez\u00e1ltal egyszerre t\u00e1mogat \u00e9s k\u00e9nyelmes. A r\u00e9szletgazdag kivitelez\u00e9s r\u00e9sze a varrat n\u00e9lk\u00fcli \u2013 sz\u00e9lekt\u0151l mentes \u2013 megjelen\u00e9s a combokn\u00e1l, \u00e9s a 3D log\u00f3 vonz\u00f3 diz\u00e1jnja, amely az anyaggal azonos sz\u00ednben pomp\u00e1zik a finom \u00e9s eleg\u00e1ns megjelen\u00e9s \u00e9rdek\u00e9ben.<\/p>\n<p><strong>Anyag:<br \/>\n<\/strong>\u2013 80% poli\u00e9szter<br \/>\n\u2013 20% elaszt\u00e1n<\/p>\n","protected":false},"featured_media":1675,"comment_status":"open","ping_status":"closed","template":"","meta":{"_acf_changed":false,"bwfblock_default_font":"","inline_featured_image":false},"product_brand":[],"product_cat":[53,18],"product_tag":[63,25,58],"class_list":{"0":"post-1187","1":"product","2":"type-product","3":"status-publish","4":"has-post-thumbnail","6":"product_cat-aluna","7":"product_cat-leggings","8":"product_tag-limited","9":"product_tag-new","10":"product_tag-nyers-vagasu","12":"first","13":"outofstock","14":"sale","15":"shipping-taxable","16":"purchasable","17":"product-type-variable","18":"has-default-attributes","19":"wvs-archive-product-wrapper"},"acf":[],"yoast_head":"<!-- This site is optimized with the Yoast SEO plugin v27.4 - https:\/\/yoast.com\/product\/yoast-seo-wordpress\/ -->\n<title>Aluna r\u00f6vid leggings - Narancss\u00e1rga - Authletic HU<\/title>\n<meta name=\"robots\" content=\"index, follow, max-snippet:-1, max-image-preview:large, max-video-preview:-1\" \/>\n<link rel=\"canonical\" href=\"https:\/\/authleticwear.com\/hu\/product\/aluna-rovid-leggings-narancssarga\/\" \/>\n<meta property=\"og:locale\" content=\"hu_HU\" \/>\n<meta property=\"og:type\" content=\"article\" \/>\n<meta property=\"og:title\" content=\"Aluna r\u00f6vid leggings - Narancss\u00e1rga - Authletic HU\" \/>\n<meta property=\"og:description\" content=\"Pr\u00f3b\u00e1ld ki az Aluna r\u00f6vid leggings\u00fcnket! A leggings finom V-varrattal rendelkezik, amely enyh\u00e9n kiemeli a feneket. Anyaga minden tev\u00e9kenys\u00e9ghez alkalmas. Az elasztikus anyag \u00e1t\u00f6leli a testet \u00e9s a derekat, ez\u00e1ltal egyszerre t\u00e1mogat \u00e9s k\u00e9nyelmes. A r\u00e9szletgazdag kivitelez\u00e9s r\u00e9sze a varrat n\u00e9lk\u00fcli \u2013 sz\u00e9lekt\u0151l mentes \u2013 megjelen\u00e9s a combokn\u00e1l, \u00e9s a 3D log\u00f3 vonz\u00f3 diz\u00e1jnja, amely az anyaggal azonos sz\u00ednben pomp\u00e1zik a finom \u00e9s eleg\u00e1ns megjelen\u00e9s \u00e9rdek\u00e9ben.  Anyag: \u2013 80% poli\u00e9szter \u2013 20% elaszt\u00e1n\" \/>\n<meta property=\"og:url\" content=\"https:\/\/authleticwear.com\/hu\/product\/aluna-rovid-leggings-narancssarga\/\" \/>\n<meta property=\"og:site_name\" content=\"Authletic HU\" \/>\n<meta property=\"article:publisher\" content=\"https:\/\/facebook.com\/authletic\/\" \/>\n<meta property=\"article:modified_time\" content=\"2026-04-15T13:39:06+00:00\" \/>\n<meta property=\"og:image\" content=\"https:\/\/authleticwear.com\/hu\/wp-content\/uploads\/sites\/8\/2024\/10\/HU-aluna-short-LEGGINGS-orange-DETAILS.jpg\" \/>\n\t<meta property=\"og:image:width\" content=\"1400\" \/>\n\t<meta property=\"og:image:height\" content=\"2000\" \/>\n\t<meta property=\"og:image:type\" content=\"image\/jpeg\" \/>\n<meta name=\"twitter:card\" content=\"summary_large_image\" \/>\n<meta name=\"twitter:label1\" content=\"Becs\u00fclt olvas\u00e1si id\u0151\" \/>\n\t<meta name=\"twitter:data1\" content=\"1 perc\" \/>\n<script type=\"application\/ld+json\" class=\"yoast-schema-graph\">{\"@context\":\"https:\\\/\\\/schema.org\",\"@graph\":[{\"@type\":\"WebPage\",\"@id\":\"https:\\\/\\\/authleticwear.com\\\/hu\\\/product\\\/aluna-rovid-leggings-narancssarga\\\/\",\"url\":\"https:\\\/\\\/authleticwear.com\\\/hu\\\/product\\\/aluna-rovid-leggings-narancssarga\\\/\",\"name\":\"Aluna r\u00f6vid leggings - Narancss\u00e1rga - Authletic HU\",\"isPartOf\":{\"@id\":\"https:\\\/\\\/authleticwear.com\\\/hu\\\/#website\"},\"primaryImageOfPage\":{\"@id\":\"https:\\\/\\\/authleticwear.com\\\/hu\\\/product\\\/aluna-rovid-leggings-narancssarga\\\/#primaryimage\"},\"image\":{\"@id\":\"https:\\\/\\\/authleticwear.com\\\/hu\\\/product\\\/aluna-rovid-leggings-narancssarga\\\/#primaryimage\"},\"thumbnailUrl\":\"https:\\\/\\\/authleticwear.com\\\/hu\\\/wp-content\\\/uploads\\\/sites\\\/8\\\/2024\\\/10\\\/HU-aluna-short-LEGGINGS-orange-DETAILS.jpg\",\"datePublished\":\"2024-08-02T07:29:29+00:00\",\"dateModified\":\"2026-04-15T13:39:06+00:00\",\"breadcrumb\":{\"@id\":\"https:\\\/\\\/authleticwear.com\\\/hu\\\/product\\\/aluna-rovid-leggings-narancssarga\\\/#breadcrumb\"},\"inLanguage\":\"hu\",\"potentialAction\":[{\"@type\":\"ReadAction\",\"target\":[\"https:\\\/\\\/authleticwear.com\\\/hu\\\/product\\\/aluna-rovid-leggings-narancssarga\\\/\"]}]},{\"@type\":\"ImageObject\",\"inLanguage\":\"hu\",\"@id\":\"https:\\\/\\\/authleticwear.com\\\/hu\\\/product\\\/aluna-rovid-leggings-narancssarga\\\/#primaryimage\",\"url\":\"https:\\\/\\\/authleticwear.com\\\/hu\\\/wp-content\\\/uploads\\\/sites\\\/8\\\/2024\\\/10\\\/HU-aluna-short-LEGGINGS-orange-DETAILS.jpg\",\"contentUrl\":\"https:\\\/\\\/authleticwear.com\\\/hu\\\/wp-content\\\/uploads\\\/sites\\\/8\\\/2024\\\/10\\\/HU-aluna-short-LEGGINGS-orange-DETAILS.jpg\",\"width\":1400,\"height\":2000},{\"@type\":\"BreadcrumbList\",\"@id\":\"https:\\\/\\\/authleticwear.com\\\/hu\\\/product\\\/aluna-rovid-leggings-narancssarga\\\/#breadcrumb\",\"itemListElement\":[{\"@type\":\"ListItem\",\"position\":1,\"name\":\"Home\",\"item\":\"https:\\\/\\\/authleticwear.com\\\/hu\\\/\"},{\"@type\":\"ListItem\",\"position\":2,\"name\":\"Shop\",\"item\":\"https:\\\/\\\/authleticwear.com\\\/hu\\\/shop\\\/\"},{\"@type\":\"ListItem\",\"position\":3,\"name\":\"Aluna r\u00f6vid leggings &#8211; Narancss\u00e1rga\"}]},{\"@type\":\"WebSite\",\"@id\":\"https:\\\/\\\/authleticwear.com\\\/hu\\\/#website\",\"url\":\"https:\\\/\\\/authleticwear.com\\\/hu\\\/\",\"name\":\"Authletic HU\",\"description\":\"I am Authentic. I am Athletic. I am Authletic.\",\"publisher\":{\"@id\":\"https:\\\/\\\/authleticwear.com\\\/hu\\\/#organization\"},\"potentialAction\":[{\"@type\":\"SearchAction\",\"target\":{\"@type\":\"EntryPoint\",\"urlTemplate\":\"https:\\\/\\\/authleticwear.com\\\/hu\\\/?s={search_term_string}\"},\"query-input\":{\"@type\":\"PropertyValueSpecification\",\"valueRequired\":true,\"valueName\":\"search_term_string\"}}],\"inLanguage\":\"hu\"},{\"@type\":\"Organization\",\"@id\":\"https:\\\/\\\/authleticwear.com\\\/hu\\\/#organization\",\"name\":\"Authletic HU\",\"url\":\"https:\\\/\\\/authleticwear.com\\\/hu\\\/\",\"logo\":{\"@type\":\"ImageObject\",\"inLanguage\":\"hu\",\"@id\":\"https:\\\/\\\/authleticwear.com\\\/hu\\\/#\\\/schema\\\/logo\\\/image\\\/\",\"url\":\"https:\\\/\\\/authleticwear.com\\\/hu\\\/wp-content\\\/uploads\\\/sites\\\/8\\\/2023\\\/11\\\/logo-web-authletic.svg\",\"contentUrl\":\"https:\\\/\\\/authleticwear.com\\\/hu\\\/wp-content\\\/uploads\\\/sites\\\/8\\\/2023\\\/11\\\/logo-web-authletic.svg\",\"caption\":\"Authletic HU\"},\"image\":{\"@id\":\"https:\\\/\\\/authleticwear.com\\\/hu\\\/#\\\/schema\\\/logo\\\/image\\\/\"},\"sameAs\":[\"https:\\\/\\\/facebook.com\\\/authletic\\\/\",\"https:\\\/\\\/instagram.com\\\/authleticwear\\\/\",\"https:\\\/\\\/tiktok.com\\\/@authletic\"]}]}<\/script>\n<!-- \/ Yoast SEO plugin. -->","yoast_head_json":{"title":"Aluna r\u00f6vid leggings - Narancss\u00e1rga - Authletic HU","robots":{"index":"index","follow":"follow","max-snippet":"max-snippet:-1","max-image-preview":"max-image-preview:large","max-video-preview":"max-video-preview:-1"},"canonical":"https:\/\/authleticwear.com\/hu\/product\/aluna-rovid-leggings-narancssarga\/","og_locale":"hu_HU","og_type":"article","og_title":"Aluna r\u00f6vid leggings - Narancss\u00e1rga - Authletic HU","og_description":"Pr\u00f3b\u00e1ld ki az Aluna r\u00f6vid leggings\u00fcnket! A leggings finom V-varrattal rendelkezik, amely enyh\u00e9n kiemeli a feneket. Anyaga minden tev\u00e9kenys\u00e9ghez alkalmas. Az elasztikus anyag \u00e1t\u00f6leli a testet \u00e9s a derekat, ez\u00e1ltal egyszerre t\u00e1mogat \u00e9s k\u00e9nyelmes. A r\u00e9szletgazdag kivitelez\u00e9s r\u00e9sze a varrat n\u00e9lk\u00fcli \u2013 sz\u00e9lekt\u0151l mentes \u2013 megjelen\u00e9s a combokn\u00e1l, \u00e9s a 3D log\u00f3 vonz\u00f3 diz\u00e1jnja, amely az anyaggal azonos sz\u00ednben pomp\u00e1zik a finom \u00e9s eleg\u00e1ns megjelen\u00e9s \u00e9rdek\u00e9ben.  Anyag: \u2013 80% poli\u00e9szter \u2013 20% elaszt\u00e1n","og_url":"https:\/\/authleticwear.com\/hu\/product\/aluna-rovid-leggings-narancssarga\/","og_site_name":"Authletic HU","article_publisher":"https:\/\/facebook.com\/authletic\/","article_modified_time":"2026-04-15T13:39:06+00:00","og_image":[{"width":1400,"height":2000,"url":"https:\/\/authleticwear.com\/hu\/wp-content\/uploads\/sites\/8\/2024\/10\/HU-aluna-short-LEGGINGS-orange-DETAILS.jpg","type":"image\/jpeg"}],"twitter_card":"summary_large_image","twitter_misc":{"Becs\u00fclt olvas\u00e1si id\u0151":"1 perc"},"schema":{"@context":"https:\/\/schema.org","@graph":[{"@type":"WebPage","@id":"https:\/\/authleticwear.com\/hu\/product\/aluna-rovid-leggings-narancssarga\/","url":"https:\/\/authleticwear.com\/hu\/product\/aluna-rovid-leggings-narancssarga\/","name":"Aluna r\u00f6vid leggings - Narancss\u00e1rga - Authletic HU","isPartOf":{"@id":"https:\/\/authleticwear.com\/hu\/#website"},"primaryImageOfPage":{"@id":"https:\/\/authleticwear.com\/hu\/product\/aluna-rovid-leggings-narancssarga\/#primaryimage"},"image":{"@id":"https:\/\/authleticwear.com\/hu\/product\/aluna-rovid-leggings-narancssarga\/#primaryimage"},"thumbnailUrl":"https:\/\/authleticwear.com\/hu\/wp-content\/uploads\/sites\/8\/2024\/10\/HU-aluna-short-LEGGINGS-orange-DETAILS.jpg","datePublished":"2024-08-02T07:29:29+00:00","dateModified":"2026-04-15T13:39:06+00:00","breadcrumb":{"@id":"https:\/\/authleticwear.com\/hu\/product\/aluna-rovid-leggings-narancssarga\/#breadcrumb"},"inLanguage":"hu","potentialAction":[{"@type":"ReadAction","target":["https:\/\/authleticwear.com\/hu\/product\/aluna-rovid-leggings-narancssarga\/"]}]},{"@type":"ImageObject","inLanguage":"hu","@id":"https:\/\/authleticwear.com\/hu\/product\/aluna-rovid-leggings-narancssarga\/#primaryimage","url":"https:\/\/authleticwear.com\/hu\/wp-content\/uploads\/sites\/8\/2024\/10\/HU-aluna-short-LEGGINGS-orange-DETAILS.jpg","contentUrl":"https:\/\/authleticwear.com\/hu\/wp-content\/uploads\/sites\/8\/2024\/10\/HU-aluna-short-LEGGINGS-orange-DETAILS.jpg","width":1400,"height":2000},{"@type":"BreadcrumbList","@id":"https:\/\/authleticwear.com\/hu\/product\/aluna-rovid-leggings-narancssarga\/#breadcrumb","itemListElement":[{"@type":"ListItem","position":1,"name":"Home","item":"https:\/\/authleticwear.com\/hu\/"},{"@type":"ListItem","position":2,"name":"Shop","item":"https:\/\/authleticwear.com\/hu\/shop\/"},{"@type":"ListItem","position":3,"name":"Aluna r\u00f6vid leggings &#8211; Narancss\u00e1rga"}]},{"@type":"WebSite","@id":"https:\/\/authleticwear.com\/hu\/#website","url":"https:\/\/authleticwear.com\/hu\/","name":"Authletic HU","description":"I am Authentic. I am Athletic. I am Authletic.","publisher":{"@id":"https:\/\/authleticwear.com\/hu\/#organization"},"potentialAction":[{"@type":"SearchAction","target":{"@type":"EntryPoint","urlTemplate":"https:\/\/authleticwear.com\/hu\/?s={search_term_string}"},"query-input":{"@type":"PropertyValueSpecification","valueRequired":true,"valueName":"search_term_string"}}],"inLanguage":"hu"},{"@type":"Organization","@id":"https:\/\/authleticwear.com\/hu\/#organization","name":"Authletic HU","url":"https:\/\/authleticwear.com\/hu\/","logo":{"@type":"ImageObject","inLanguage":"hu","@id":"https:\/\/authleticwear.com\/hu\/#\/schema\/logo\/image\/","url":"https:\/\/authleticwear.com\/hu\/wp-content\/uploads\/sites\/8\/2023\/11\/logo-web-authletic.svg","contentUrl":"https:\/\/authleticwear.com\/hu\/wp-content\/uploads\/sites\/8\/2023\/11\/logo-web-authletic.svg","caption":"Authletic HU"},"image":{"@id":"https:\/\/authleticwear.com\/hu\/#\/schema\/logo\/image\/"},"sameAs":["https:\/\/facebook.com\/authletic\/","https:\/\/instagram.com\/authleticwear\/","https:\/\/tiktok.com\/@authletic"]}]}},"_links":{"self":[{"href":"https:\/\/authleticwear.com\/hu\/wp-json\/wp\/v2\/product\/1187","targetHints":{"allow":["GET"]}}],"collection":[{"href":"https:\/\/authleticwear.com\/hu\/wp-json\/wp\/v2\/product"}],"about":[{"href":"https:\/\/authleticwear.com\/hu\/wp-json\/wp\/v2\/types\/product"}],"replies":[{"embeddable":true,"href":"https:\/\/authleticwear.com\/hu\/wp-json\/wp\/v2\/comments?post=1187"}],"wp:featuredmedia":[{"embeddable":true,"href":"https:\/\/authleticwear.com\/hu\/wp-json\/wp\/v2\/media\/1675"}],"wp:attachment":[{"href":"https:\/\/authleticwear.com\/hu\/wp-json\/wp\/v2\/media?parent=1187"}],"wp:term":[{"taxonomy":"product_brand","embeddable":true,"href":"https:\/\/authleticwear.com\/hu\/wp-json\/wp\/v2\/product_brand?post=1187"},{"taxonomy":"product_cat","embeddable":true,"href":"https:\/\/authleticwear.com\/hu\/wp-json\/wp\/v2\/product_cat?post=1187"},{"taxonomy":"product_tag","embeddable":true,"href":"https:\/\/authleticwear.com\/hu\/wp-json\/wp\/v2\/product_tag?post=1187"}],"curies":[{"name":"wp","href":"https:\/\/api.w.org\/{rel}","templated":true}]}}