{"id":865,"date":"2024-02-29T08:44:41","date_gmt":"2024-02-29T08:44:41","guid":{"rendered":"https:\/\/authleticwear.com\/hr\/?post_type=product&#038;p=865"},"modified":"2026-04-24T20:53:00","modified_gmt":"2026-04-24T20:53:00","slug":"flora-cross-back-bra-grey","status":"publish","type":"product","link":"https:\/\/authleticwear.com\/hr\/product\/flora-cross-back-bra-grey\/","title":{"rendered":"Flora Grudnjak prekri\u017een na le\u0111ima &#8211; Siva"},"content":{"rendered":"","protected":false},"excerpt":{"rendered":"<p>Predstavljamo \u201eFlora grudnjak koji se kri\u017ea na le\u0111ima\u201c \u2013 savr\u0161en izbor za prebacivanje iz svakodnevnih aktivnosti na vje\u017ebanje. Njegov super mek materijal \u010dini ga zaista udobnim u svakoj situaciji. Ovaj je grudnjak dizajniran kako bi vam pru\u017eio puno potpore pa ste uvijek spremni za vje\u017ebanje. Uz to, ima moderne prekri\u017eene trake na le\u0111ima koje se prakti\u010dno mije\u0161aju s modernim izgledom.<\/p>\n<p><strong>Materijal:<br \/>\n<\/strong>&#8211; 80% Najlona<br \/>\n&#8211; 20% Elastana<\/p>\n","protected":false},"featured_media":1920,"comment_status":"open","ping_status":"closed","template":"","meta":{"_acf_changed":false,"bwfblock_default_font":"","inline_featured_image":false},"product_brand":[],"product_cat":[47,30],"product_tag":[57],"class_list":{"0":"post-865","1":"product","2":"type-product","3":"status-publish","4":"has-post-thumbnail","6":"product_cat-flora","7":"product_cat-tops","8":"product_tag-dobra-potpora","10":"first","11":"outofstock","12":"sale","13":"shipping-taxable","14":"purchasable","15":"product-type-variable","16":"has-default-attributes","17":"wvs-archive-product-wrapper"},"acf":[],"yoast_head":"<!-- This site is optimized with the Yoast SEO plugin v27.4 - https:\/\/yoast.com\/product\/yoast-seo-wordpress\/ -->\n<title>Flora Grudnjak prekri\u017een na le\u0111ima - Siva - Authletic HR<\/title>\n<meta name=\"robots\" content=\"index, follow, max-snippet:-1, max-image-preview:large, max-video-preview:-1\" \/>\n<link rel=\"canonical\" href=\"https:\/\/authleticwear.com\/hr\/product\/flora-cross-back-bra-grey\/\" \/>\n<meta property=\"og:locale\" content=\"hr_HR\" \/>\n<meta property=\"og:type\" content=\"article\" \/>\n<meta property=\"og:title\" content=\"Flora Grudnjak prekri\u017een na le\u0111ima - Siva - Authletic HR\" \/>\n<meta property=\"og:description\" content=\"Predstavljamo \u201eFlora grudnjak koji se kri\u017ea na le\u0111ima\u201c \u2013 savr\u0161en izbor za prebacivanje iz svakodnevnih aktivnosti na vje\u017ebanje. Njegov super mek materijal \u010dini ga zaista udobnim u svakoj situaciji. Ovaj je grudnjak dizajniran kako bi vam pru\u017eio puno potpore pa ste uvijek spremni za vje\u017ebanje. Uz to, ima moderne prekri\u017eene trake na le\u0111ima koje se prakti\u010dno mije\u0161aju s modernim izgledom.  Materijal: - 80% Najlona - 20% Elastana\" \/>\n<meta property=\"og:url\" content=\"https:\/\/authleticwear.com\/hr\/product\/flora-cross-back-bra-grey\/\" \/>\n<meta property=\"og:site_name\" content=\"Authletic HR\" \/>\n<meta property=\"article:publisher\" content=\"https:\/\/facebook.com\/authletic\/\" \/>\n<meta property=\"article:modified_time\" content=\"2026-04-24T20:53:00+00:00\" \/>\n<meta property=\"og:image\" content=\"https:\/\/authleticwear.com\/hr\/wp-content\/uploads\/sites\/6\/2025\/01\/HR-grey-top-blue.jpg\" \/>\n\t<meta property=\"og:image:width\" content=\"1400\" \/>\n\t<meta property=\"og:image:height\" content=\"2000\" \/>\n\t<meta property=\"og:image:type\" content=\"image\/jpeg\" \/>\n<meta name=\"twitter:card\" content=\"summary_large_image\" \/>\n<script type=\"application\/ld+json\" class=\"yoast-schema-graph\">{\"@context\":\"https:\\\/\\\/schema.org\",\"@graph\":[{\"@type\":\"WebPage\",\"@id\":\"https:\\\/\\\/authleticwear.com\\\/hr\\\/product\\\/flora-cross-back-bra-grey\\\/\",\"url\":\"https:\\\/\\\/authleticwear.com\\\/hr\\\/product\\\/flora-cross-back-bra-grey\\\/\",\"name\":\"Flora Grudnjak prekri\u017een na le\u0111ima - Siva - Authletic HR\",\"isPartOf\":{\"@id\":\"https:\\\/\\\/authleticwear.com\\\/hr\\\/#website\"},\"primaryImageOfPage\":{\"@id\":\"https:\\\/\\\/authleticwear.com\\\/hr\\\/product\\\/flora-cross-back-bra-grey\\\/#primaryimage\"},\"image\":{\"@id\":\"https:\\\/\\\/authleticwear.com\\\/hr\\\/product\\\/flora-cross-back-bra-grey\\\/#primaryimage\"},\"thumbnailUrl\":\"https:\\\/\\\/authleticwear.com\\\/hr\\\/wp-content\\\/uploads\\\/sites\\\/6\\\/2025\\\/01\\\/HR-grey-top-blue.jpg\",\"datePublished\":\"2024-02-29T08:44:41+00:00\",\"dateModified\":\"2026-04-24T20:53:00+00:00\",\"breadcrumb\":{\"@id\":\"https:\\\/\\\/authleticwear.com\\\/hr\\\/product\\\/flora-cross-back-bra-grey\\\/#breadcrumb\"},\"inLanguage\":\"hr\",\"potentialAction\":[{\"@type\":\"ReadAction\",\"target\":[\"https:\\\/\\\/authleticwear.com\\\/hr\\\/product\\\/flora-cross-back-bra-grey\\\/\"]}]},{\"@type\":\"ImageObject\",\"inLanguage\":\"hr\",\"@id\":\"https:\\\/\\\/authleticwear.com\\\/hr\\\/product\\\/flora-cross-back-bra-grey\\\/#primaryimage\",\"url\":\"https:\\\/\\\/authleticwear.com\\\/hr\\\/wp-content\\\/uploads\\\/sites\\\/6\\\/2025\\\/01\\\/HR-grey-top-blue.jpg\",\"contentUrl\":\"https:\\\/\\\/authleticwear.com\\\/hr\\\/wp-content\\\/uploads\\\/sites\\\/6\\\/2025\\\/01\\\/HR-grey-top-blue.jpg\",\"width\":1400,\"height\":2000},{\"@type\":\"BreadcrumbList\",\"@id\":\"https:\\\/\\\/authleticwear.com\\\/hr\\\/product\\\/flora-cross-back-bra-grey\\\/#breadcrumb\",\"itemListElement\":[{\"@type\":\"ListItem\",\"position\":1,\"name\":\"Home\",\"item\":\"https:\\\/\\\/authleticwear.com\\\/hr\\\/\"},{\"@type\":\"ListItem\",\"position\":2,\"name\":\"Shop\",\"item\":\"https:\\\/\\\/authleticwear.com\\\/hr\\\/shop\\\/\"},{\"@type\":\"ListItem\",\"position\":3,\"name\":\"Flora Grudnjak prekri\u017een na le\u0111ima &#8211; Siva\"}]},{\"@type\":\"WebSite\",\"@id\":\"https:\\\/\\\/authleticwear.com\\\/hr\\\/#website\",\"url\":\"https:\\\/\\\/authleticwear.com\\\/hr\\\/\",\"name\":\"Authletic HR\",\"description\":\"I am Authentic. I am Athletic. I am Authletic.\",\"publisher\":{\"@id\":\"https:\\\/\\\/authleticwear.com\\\/hr\\\/#organization\"},\"potentialAction\":[{\"@type\":\"SearchAction\",\"target\":{\"@type\":\"EntryPoint\",\"urlTemplate\":\"https:\\\/\\\/authleticwear.com\\\/hr\\\/?s={search_term_string}\"},\"query-input\":{\"@type\":\"PropertyValueSpecification\",\"valueRequired\":true,\"valueName\":\"search_term_string\"}}],\"inLanguage\":\"hr\"},{\"@type\":\"Organization\",\"@id\":\"https:\\\/\\\/authleticwear.com\\\/hr\\\/#organization\",\"name\":\"Authletic HR\",\"url\":\"https:\\\/\\\/authleticwear.com\\\/hr\\\/\",\"logo\":{\"@type\":\"ImageObject\",\"inLanguage\":\"hr\",\"@id\":\"https:\\\/\\\/authleticwear.com\\\/hr\\\/#\\\/schema\\\/logo\\\/image\\\/\",\"url\":\"https:\\\/\\\/authleticwear.com\\\/hr\\\/wp-content\\\/uploads\\\/sites\\\/6\\\/2023\\\/11\\\/logo-web-authletic.svg\",\"contentUrl\":\"https:\\\/\\\/authleticwear.com\\\/hr\\\/wp-content\\\/uploads\\\/sites\\\/6\\\/2023\\\/11\\\/logo-web-authletic.svg\",\"caption\":\"Authletic HR\"},\"image\":{\"@id\":\"https:\\\/\\\/authleticwear.com\\\/hr\\\/#\\\/schema\\\/logo\\\/image\\\/\"},\"sameAs\":[\"https:\\\/\\\/facebook.com\\\/authletic\\\/\",\"https:\\\/\\\/instagram.com\\\/authleticwear\\\/\",\"https:\\\/\\\/tiktok.com\\\/@authletic\"]}]}<\/script>\n<!-- \/ Yoast SEO plugin. -->","yoast_head_json":{"title":"Flora Grudnjak prekri\u017een na le\u0111ima - Siva - Authletic HR","robots":{"index":"index","follow":"follow","max-snippet":"max-snippet:-1","max-image-preview":"max-image-preview:large","max-video-preview":"max-video-preview:-1"},"canonical":"https:\/\/authleticwear.com\/hr\/product\/flora-cross-back-bra-grey\/","og_locale":"hr_HR","og_type":"article","og_title":"Flora Grudnjak prekri\u017een na le\u0111ima - Siva - Authletic HR","og_description":"Predstavljamo \u201eFlora grudnjak koji se kri\u017ea na le\u0111ima\u201c \u2013 savr\u0161en izbor za prebacivanje iz svakodnevnih aktivnosti na vje\u017ebanje. Njegov super mek materijal \u010dini ga zaista udobnim u svakoj situaciji. Ovaj je grudnjak dizajniran kako bi vam pru\u017eio puno potpore pa ste uvijek spremni za vje\u017ebanje. Uz to, ima moderne prekri\u017eene trake na le\u0111ima koje se prakti\u010dno mije\u0161aju s modernim izgledom.  Materijal: - 80% Najlona - 20% Elastana","og_url":"https:\/\/authleticwear.com\/hr\/product\/flora-cross-back-bra-grey\/","og_site_name":"Authletic HR","article_publisher":"https:\/\/facebook.com\/authletic\/","article_modified_time":"2026-04-24T20:53:00+00:00","og_image":[{"width":1400,"height":2000,"url":"https:\/\/authleticwear.com\/hr\/wp-content\/uploads\/sites\/6\/2025\/01\/HR-grey-top-blue.jpg","type":"image\/jpeg"}],"twitter_card":"summary_large_image","schema":{"@context":"https:\/\/schema.org","@graph":[{"@type":"WebPage","@id":"https:\/\/authleticwear.com\/hr\/product\/flora-cross-back-bra-grey\/","url":"https:\/\/authleticwear.com\/hr\/product\/flora-cross-back-bra-grey\/","name":"Flora Grudnjak prekri\u017een na le\u0111ima - Siva - Authletic HR","isPartOf":{"@id":"https:\/\/authleticwear.com\/hr\/#website"},"primaryImageOfPage":{"@id":"https:\/\/authleticwear.com\/hr\/product\/flora-cross-back-bra-grey\/#primaryimage"},"image":{"@id":"https:\/\/authleticwear.com\/hr\/product\/flora-cross-back-bra-grey\/#primaryimage"},"thumbnailUrl":"https:\/\/authleticwear.com\/hr\/wp-content\/uploads\/sites\/6\/2025\/01\/HR-grey-top-blue.jpg","datePublished":"2024-02-29T08:44:41+00:00","dateModified":"2026-04-24T20:53:00+00:00","breadcrumb":{"@id":"https:\/\/authleticwear.com\/hr\/product\/flora-cross-back-bra-grey\/#breadcrumb"},"inLanguage":"hr","potentialAction":[{"@type":"ReadAction","target":["https:\/\/authleticwear.com\/hr\/product\/flora-cross-back-bra-grey\/"]}]},{"@type":"ImageObject","inLanguage":"hr","@id":"https:\/\/authleticwear.com\/hr\/product\/flora-cross-back-bra-grey\/#primaryimage","url":"https:\/\/authleticwear.com\/hr\/wp-content\/uploads\/sites\/6\/2025\/01\/HR-grey-top-blue.jpg","contentUrl":"https:\/\/authleticwear.com\/hr\/wp-content\/uploads\/sites\/6\/2025\/01\/HR-grey-top-blue.jpg","width":1400,"height":2000},{"@type":"BreadcrumbList","@id":"https:\/\/authleticwear.com\/hr\/product\/flora-cross-back-bra-grey\/#breadcrumb","itemListElement":[{"@type":"ListItem","position":1,"name":"Home","item":"https:\/\/authleticwear.com\/hr\/"},{"@type":"ListItem","position":2,"name":"Shop","item":"https:\/\/authleticwear.com\/hr\/shop\/"},{"@type":"ListItem","position":3,"name":"Flora Grudnjak prekri\u017een na le\u0111ima &#8211; Siva"}]},{"@type":"WebSite","@id":"https:\/\/authleticwear.com\/hr\/#website","url":"https:\/\/authleticwear.com\/hr\/","name":"Authletic HR","description":"I am Authentic. I am Athletic. I am Authletic.","publisher":{"@id":"https:\/\/authleticwear.com\/hr\/#organization"},"potentialAction":[{"@type":"SearchAction","target":{"@type":"EntryPoint","urlTemplate":"https:\/\/authleticwear.com\/hr\/?s={search_term_string}"},"query-input":{"@type":"PropertyValueSpecification","valueRequired":true,"valueName":"search_term_string"}}],"inLanguage":"hr"},{"@type":"Organization","@id":"https:\/\/authleticwear.com\/hr\/#organization","name":"Authletic HR","url":"https:\/\/authleticwear.com\/hr\/","logo":{"@type":"ImageObject","inLanguage":"hr","@id":"https:\/\/authleticwear.com\/hr\/#\/schema\/logo\/image\/","url":"https:\/\/authleticwear.com\/hr\/wp-content\/uploads\/sites\/6\/2023\/11\/logo-web-authletic.svg","contentUrl":"https:\/\/authleticwear.com\/hr\/wp-content\/uploads\/sites\/6\/2023\/11\/logo-web-authletic.svg","caption":"Authletic HR"},"image":{"@id":"https:\/\/authleticwear.com\/hr\/#\/schema\/logo\/image\/"},"sameAs":["https:\/\/facebook.com\/authletic\/","https:\/\/instagram.com\/authleticwear\/","https:\/\/tiktok.com\/@authletic"]}]}},"_links":{"self":[{"href":"https:\/\/authleticwear.com\/hr\/wp-json\/wp\/v2\/product\/865","targetHints":{"allow":["GET"]}}],"collection":[{"href":"https:\/\/authleticwear.com\/hr\/wp-json\/wp\/v2\/product"}],"about":[{"href":"https:\/\/authleticwear.com\/hr\/wp-json\/wp\/v2\/types\/product"}],"replies":[{"embeddable":true,"href":"https:\/\/authleticwear.com\/hr\/wp-json\/wp\/v2\/comments?post=865"}],"wp:featuredmedia":[{"embeddable":true,"href":"https:\/\/authleticwear.com\/hr\/wp-json\/wp\/v2\/media\/1920"}],"wp:attachment":[{"href":"https:\/\/authleticwear.com\/hr\/wp-json\/wp\/v2\/media?parent=865"}],"wp:term":[{"taxonomy":"product_brand","embeddable":true,"href":"https:\/\/authleticwear.com\/hr\/wp-json\/wp\/v2\/product_brand?post=865"},{"taxonomy":"product_cat","embeddable":true,"href":"https:\/\/authleticwear.com\/hr\/wp-json\/wp\/v2\/product_cat?post=865"},{"taxonomy":"product_tag","embeddable":true,"href":"https:\/\/authleticwear.com\/hr\/wp-json\/wp\/v2\/product_tag?post=865"}],"curies":[{"name":"wp","href":"https:\/\/api.w.org\/{rel}","templated":true}]}}