{"id":805,"date":"2024-02-29T07:09:31","date_gmt":"2024-02-29T07:09:31","guid":{"rendered":"https:\/\/authleticwear.com\/hr\/?post_type=product&#038;p=805"},"modified":"2026-04-22T08:31:45","modified_gmt":"2026-04-22T08:31:45","slug":"side-drawstring-t-shirt-white","status":"publish","type":"product","link":"https:\/\/authleticwear.com\/hr\/product\/side-drawstring-t-shirt-white\/","title":{"rendered":"Majica s vezicom za povla\u010denje &#8211; Bijela"},"content":{"rendered":"","protected":false},"excerpt":{"rendered":"<p>Zakora\u010dite u svijet personaliziranog stila uz na\u0161u \u201eMajicu s vezicom za povla\u010denje\u201c. Na\u010dinjena od udobne mje\u0161avine s 93 % pamuka, ova majica premje\u0161ta udobno odijevanje na novu razinu pomo\u0107u svojih posebnih vezica za povla\u010denje sa strane. One vam omogu\u0107uju prilago\u0111avanje kako biste pokazali malo svojih oblina. Savr\u0161ena za moderan dan izlaska ili opu\u0161ten, sportski izgled, ova majica odgovara svim va\u0161im raspolo\u017eenjima i doga\u0111ajima.<\/p>\n<p><strong>Materijal:<br \/>\n<\/strong><span style=\"font-size: inherit;\">&#8211; 93% Pamuka<br \/>\n<\/span>&#8211; 7% Elastana<\/p>\n","protected":false},"featured_media":890,"comment_status":"open","ping_status":"closed","template":"","meta":{"_acf_changed":false,"bwfblock_default_font":"","inline_featured_image":false},"product_brand":[],"product_cat":[31],"product_tag":[52],"class_list":{"0":"post-805","1":"product","2":"type-product","3":"status-publish","4":"has-post-thumbnail","6":"product_cat-casual","7":"product_tag-93-pamuk","9":"first","10":"instock","11":"sale","12":"shipping-taxable","13":"purchasable","14":"product-type-variable","15":"has-default-attributes","16":"wvs-archive-product-wrapper"},"acf":[],"yoast_head":"<!-- This site is optimized with the Yoast SEO plugin v27.4 - https:\/\/yoast.com\/product\/yoast-seo-wordpress\/ -->\n<title>Majica s vezicom za povla\u010denje - Bijela - Authletic HR<\/title>\n<meta name=\"robots\" content=\"index, follow, max-snippet:-1, max-image-preview:large, max-video-preview:-1\" \/>\n<link rel=\"canonical\" href=\"https:\/\/authleticwear.com\/hr\/product\/side-drawstring-t-shirt-white\/\" \/>\n<meta property=\"og:locale\" content=\"hr_HR\" \/>\n<meta property=\"og:type\" content=\"article\" \/>\n<meta property=\"og:title\" content=\"Majica s vezicom za povla\u010denje - Bijela - Authletic HR\" \/>\n<meta property=\"og:description\" content=\"Zakora\u010dite u svijet personaliziranog stila uz na\u0161u \u201eMajicu s vezicom za povla\u010denje\u201c. Na\u010dinjena od udobne mje\u0161avine s 93 % pamuka, ova majica premje\u0161ta udobno odijevanje na novu razinu pomo\u0107u svojih posebnih vezica za povla\u010denje sa strane. One vam omogu\u0107uju prilago\u0111avanje kako biste pokazali malo svojih oblina. Savr\u0161ena za moderan dan izlaska ili opu\u0161ten, sportski izgled, ova majica odgovara svim va\u0161im raspolo\u017eenjima i doga\u0111ajima.  Materijal: - 93% Pamuka - 7% Elastana\" \/>\n<meta property=\"og:url\" content=\"https:\/\/authleticwear.com\/hr\/product\/side-drawstring-t-shirt-white\/\" \/>\n<meta property=\"og:site_name\" content=\"Authletic HR\" \/>\n<meta property=\"article:publisher\" content=\"https:\/\/facebook.com\/authletic\/\" \/>\n<meta property=\"article:modified_time\" content=\"2026-04-22T08:31:45+00:00\" \/>\n<meta property=\"og:image\" content=\"https:\/\/authleticwear.com\/hr\/wp-content\/uploads\/sites\/6\/2024\/02\/Drawstring-white.jpg\" \/>\n\t<meta property=\"og:image:width\" content=\"1400\" \/>\n\t<meta property=\"og:image:height\" content=\"2000\" \/>\n\t<meta property=\"og:image:type\" content=\"image\/jpeg\" \/>\n<meta name=\"twitter:card\" content=\"summary_large_image\" \/>\n<meta name=\"twitter:label1\" content=\"Procijenjeno vrijeme \u010ditanja\" \/>\n\t<meta name=\"twitter:data1\" content=\"1 minuta\" \/>\n<script type=\"application\/ld+json\" class=\"yoast-schema-graph\">{\"@context\":\"https:\\\/\\\/schema.org\",\"@graph\":[{\"@type\":\"WebPage\",\"@id\":\"https:\\\/\\\/authleticwear.com\\\/hr\\\/product\\\/side-drawstring-t-shirt-white\\\/\",\"url\":\"https:\\\/\\\/authleticwear.com\\\/hr\\\/product\\\/side-drawstring-t-shirt-white\\\/\",\"name\":\"Majica s vezicom za povla\u010denje - Bijela - Authletic HR\",\"isPartOf\":{\"@id\":\"https:\\\/\\\/authleticwear.com\\\/hr\\\/#website\"},\"primaryImageOfPage\":{\"@id\":\"https:\\\/\\\/authleticwear.com\\\/hr\\\/product\\\/side-drawstring-t-shirt-white\\\/#primaryimage\"},\"image\":{\"@id\":\"https:\\\/\\\/authleticwear.com\\\/hr\\\/product\\\/side-drawstring-t-shirt-white\\\/#primaryimage\"},\"thumbnailUrl\":\"https:\\\/\\\/authleticwear.com\\\/hr\\\/wp-content\\\/uploads\\\/sites\\\/6\\\/2024\\\/02\\\/Drawstring-white.jpg\",\"datePublished\":\"2024-02-29T07:09:31+00:00\",\"dateModified\":\"2026-04-22T08:31:45+00:00\",\"breadcrumb\":{\"@id\":\"https:\\\/\\\/authleticwear.com\\\/hr\\\/product\\\/side-drawstring-t-shirt-white\\\/#breadcrumb\"},\"inLanguage\":\"hr\",\"potentialAction\":[{\"@type\":\"ReadAction\",\"target\":[\"https:\\\/\\\/authleticwear.com\\\/hr\\\/product\\\/side-drawstring-t-shirt-white\\\/\"]}]},{\"@type\":\"ImageObject\",\"inLanguage\":\"hr\",\"@id\":\"https:\\\/\\\/authleticwear.com\\\/hr\\\/product\\\/side-drawstring-t-shirt-white\\\/#primaryimage\",\"url\":\"https:\\\/\\\/authleticwear.com\\\/hr\\\/wp-content\\\/uploads\\\/sites\\\/6\\\/2024\\\/02\\\/Drawstring-white.jpg\",\"contentUrl\":\"https:\\\/\\\/authleticwear.com\\\/hr\\\/wp-content\\\/uploads\\\/sites\\\/6\\\/2024\\\/02\\\/Drawstring-white.jpg\",\"width\":1400,\"height\":2000},{\"@type\":\"BreadcrumbList\",\"@id\":\"https:\\\/\\\/authleticwear.com\\\/hr\\\/product\\\/side-drawstring-t-shirt-white\\\/#breadcrumb\",\"itemListElement\":[{\"@type\":\"ListItem\",\"position\":1,\"name\":\"Home\",\"item\":\"https:\\\/\\\/authleticwear.com\\\/hr\\\/\"},{\"@type\":\"ListItem\",\"position\":2,\"name\":\"Shop\",\"item\":\"https:\\\/\\\/authleticwear.com\\\/hr\\\/shop\\\/\"},{\"@type\":\"ListItem\",\"position\":3,\"name\":\"Majica s vezicom za povla\u010denje &#8211; Bijela\"}]},{\"@type\":\"WebSite\",\"@id\":\"https:\\\/\\\/authleticwear.com\\\/hr\\\/#website\",\"url\":\"https:\\\/\\\/authleticwear.com\\\/hr\\\/\",\"name\":\"Authletic HR\",\"description\":\"I am Authentic. I am Athletic. I am Authletic.\",\"publisher\":{\"@id\":\"https:\\\/\\\/authleticwear.com\\\/hr\\\/#organization\"},\"potentialAction\":[{\"@type\":\"SearchAction\",\"target\":{\"@type\":\"EntryPoint\",\"urlTemplate\":\"https:\\\/\\\/authleticwear.com\\\/hr\\\/?s={search_term_string}\"},\"query-input\":{\"@type\":\"PropertyValueSpecification\",\"valueRequired\":true,\"valueName\":\"search_term_string\"}}],\"inLanguage\":\"hr\"},{\"@type\":\"Organization\",\"@id\":\"https:\\\/\\\/authleticwear.com\\\/hr\\\/#organization\",\"name\":\"Authletic HR\",\"url\":\"https:\\\/\\\/authleticwear.com\\\/hr\\\/\",\"logo\":{\"@type\":\"ImageObject\",\"inLanguage\":\"hr\",\"@id\":\"https:\\\/\\\/authleticwear.com\\\/hr\\\/#\\\/schema\\\/logo\\\/image\\\/\",\"url\":\"https:\\\/\\\/authleticwear.com\\\/hr\\\/wp-content\\\/uploads\\\/sites\\\/6\\\/2023\\\/11\\\/logo-web-authletic.svg\",\"contentUrl\":\"https:\\\/\\\/authleticwear.com\\\/hr\\\/wp-content\\\/uploads\\\/sites\\\/6\\\/2023\\\/11\\\/logo-web-authletic.svg\",\"caption\":\"Authletic HR\"},\"image\":{\"@id\":\"https:\\\/\\\/authleticwear.com\\\/hr\\\/#\\\/schema\\\/logo\\\/image\\\/\"},\"sameAs\":[\"https:\\\/\\\/facebook.com\\\/authletic\\\/\",\"https:\\\/\\\/instagram.com\\\/authleticwear\\\/\",\"https:\\\/\\\/tiktok.com\\\/@authletic\"]}]}<\/script>\n<!-- \/ Yoast SEO plugin. -->","yoast_head_json":{"title":"Majica s vezicom za povla\u010denje - Bijela - Authletic HR","robots":{"index":"index","follow":"follow","max-snippet":"max-snippet:-1","max-image-preview":"max-image-preview:large","max-video-preview":"max-video-preview:-1"},"canonical":"https:\/\/authleticwear.com\/hr\/product\/side-drawstring-t-shirt-white\/","og_locale":"hr_HR","og_type":"article","og_title":"Majica s vezicom za povla\u010denje - Bijela - Authletic HR","og_description":"Zakora\u010dite u svijet personaliziranog stila uz na\u0161u \u201eMajicu s vezicom za povla\u010denje\u201c. Na\u010dinjena od udobne mje\u0161avine s 93 % pamuka, ova majica premje\u0161ta udobno odijevanje na novu razinu pomo\u0107u svojih posebnih vezica za povla\u010denje sa strane. One vam omogu\u0107uju prilago\u0111avanje kako biste pokazali malo svojih oblina. Savr\u0161ena za moderan dan izlaska ili opu\u0161ten, sportski izgled, ova majica odgovara svim va\u0161im raspolo\u017eenjima i doga\u0111ajima.  Materijal: - 93% Pamuka - 7% Elastana","og_url":"https:\/\/authleticwear.com\/hr\/product\/side-drawstring-t-shirt-white\/","og_site_name":"Authletic HR","article_publisher":"https:\/\/facebook.com\/authletic\/","article_modified_time":"2026-04-22T08:31:45+00:00","og_image":[{"width":1400,"height":2000,"url":"https:\/\/authleticwear.com\/hr\/wp-content\/uploads\/sites\/6\/2024\/02\/Drawstring-white.jpg","type":"image\/jpeg"}],"twitter_card":"summary_large_image","twitter_misc":{"Procijenjeno vrijeme \u010ditanja":"1 minuta"},"schema":{"@context":"https:\/\/schema.org","@graph":[{"@type":"WebPage","@id":"https:\/\/authleticwear.com\/hr\/product\/side-drawstring-t-shirt-white\/","url":"https:\/\/authleticwear.com\/hr\/product\/side-drawstring-t-shirt-white\/","name":"Majica s vezicom za povla\u010denje - Bijela - Authletic HR","isPartOf":{"@id":"https:\/\/authleticwear.com\/hr\/#website"},"primaryImageOfPage":{"@id":"https:\/\/authleticwear.com\/hr\/product\/side-drawstring-t-shirt-white\/#primaryimage"},"image":{"@id":"https:\/\/authleticwear.com\/hr\/product\/side-drawstring-t-shirt-white\/#primaryimage"},"thumbnailUrl":"https:\/\/authleticwear.com\/hr\/wp-content\/uploads\/sites\/6\/2024\/02\/Drawstring-white.jpg","datePublished":"2024-02-29T07:09:31+00:00","dateModified":"2026-04-22T08:31:45+00:00","breadcrumb":{"@id":"https:\/\/authleticwear.com\/hr\/product\/side-drawstring-t-shirt-white\/#breadcrumb"},"inLanguage":"hr","potentialAction":[{"@type":"ReadAction","target":["https:\/\/authleticwear.com\/hr\/product\/side-drawstring-t-shirt-white\/"]}]},{"@type":"ImageObject","inLanguage":"hr","@id":"https:\/\/authleticwear.com\/hr\/product\/side-drawstring-t-shirt-white\/#primaryimage","url":"https:\/\/authleticwear.com\/hr\/wp-content\/uploads\/sites\/6\/2024\/02\/Drawstring-white.jpg","contentUrl":"https:\/\/authleticwear.com\/hr\/wp-content\/uploads\/sites\/6\/2024\/02\/Drawstring-white.jpg","width":1400,"height":2000},{"@type":"BreadcrumbList","@id":"https:\/\/authleticwear.com\/hr\/product\/side-drawstring-t-shirt-white\/#breadcrumb","itemListElement":[{"@type":"ListItem","position":1,"name":"Home","item":"https:\/\/authleticwear.com\/hr\/"},{"@type":"ListItem","position":2,"name":"Shop","item":"https:\/\/authleticwear.com\/hr\/shop\/"},{"@type":"ListItem","position":3,"name":"Majica s vezicom za povla\u010denje &#8211; Bijela"}]},{"@type":"WebSite","@id":"https:\/\/authleticwear.com\/hr\/#website","url":"https:\/\/authleticwear.com\/hr\/","name":"Authletic HR","description":"I am Authentic. I am Athletic. I am Authletic.","publisher":{"@id":"https:\/\/authleticwear.com\/hr\/#organization"},"potentialAction":[{"@type":"SearchAction","target":{"@type":"EntryPoint","urlTemplate":"https:\/\/authleticwear.com\/hr\/?s={search_term_string}"},"query-input":{"@type":"PropertyValueSpecification","valueRequired":true,"valueName":"search_term_string"}}],"inLanguage":"hr"},{"@type":"Organization","@id":"https:\/\/authleticwear.com\/hr\/#organization","name":"Authletic HR","url":"https:\/\/authleticwear.com\/hr\/","logo":{"@type":"ImageObject","inLanguage":"hr","@id":"https:\/\/authleticwear.com\/hr\/#\/schema\/logo\/image\/","url":"https:\/\/authleticwear.com\/hr\/wp-content\/uploads\/sites\/6\/2023\/11\/logo-web-authletic.svg","contentUrl":"https:\/\/authleticwear.com\/hr\/wp-content\/uploads\/sites\/6\/2023\/11\/logo-web-authletic.svg","caption":"Authletic HR"},"image":{"@id":"https:\/\/authleticwear.com\/hr\/#\/schema\/logo\/image\/"},"sameAs":["https:\/\/facebook.com\/authletic\/","https:\/\/instagram.com\/authleticwear\/","https:\/\/tiktok.com\/@authletic"]}]}},"_links":{"self":[{"href":"https:\/\/authleticwear.com\/hr\/wp-json\/wp\/v2\/product\/805","targetHints":{"allow":["GET"]}}],"collection":[{"href":"https:\/\/authleticwear.com\/hr\/wp-json\/wp\/v2\/product"}],"about":[{"href":"https:\/\/authleticwear.com\/hr\/wp-json\/wp\/v2\/types\/product"}],"replies":[{"embeddable":true,"href":"https:\/\/authleticwear.com\/hr\/wp-json\/wp\/v2\/comments?post=805"}],"wp:featuredmedia":[{"embeddable":true,"href":"https:\/\/authleticwear.com\/hr\/wp-json\/wp\/v2\/media\/890"}],"wp:attachment":[{"href":"https:\/\/authleticwear.com\/hr\/wp-json\/wp\/v2\/media?parent=805"}],"wp:term":[{"taxonomy":"product_brand","embeddable":true,"href":"https:\/\/authleticwear.com\/hr\/wp-json\/wp\/v2\/product_brand?post=805"},{"taxonomy":"product_cat","embeddable":true,"href":"https:\/\/authleticwear.com\/hr\/wp-json\/wp\/v2\/product_cat?post=805"},{"taxonomy":"product_tag","embeddable":true,"href":"https:\/\/authleticwear.com\/hr\/wp-json\/wp\/v2\/product_tag?post=805"}],"curies":[{"name":"wp","href":"https:\/\/api.w.org\/{rel}","templated":true}]}}