{"id":2805,"date":"2025-12-01T14:43:51","date_gmt":"2025-12-01T14:43:51","guid":{"rendered":"https:\/\/authleticwear.com\/hr\/?post_type=product&#038;p=2805"},"modified":"2026-04-23T10:48:26","modified_gmt":"2026-04-23T10:48:26","slug":"eve-comfort-set-tajice-top-crna","status":"publish","type":"product","link":"https:\/\/authleticwear.com\/hr\/product\/eve-comfort-set-tajice-top-crna\/","title":{"rendered":"Eve Comfort set (Tajice + Top) &#8211; Crna"},"content":{"rendered":"","protected":false},"excerpt":{"rendered":"<p>Na\u0161e &#8220;Eve Comfort ravne tajice&#8221; stvorene su za dane kada \u017eeli\u0161 osje\u0107ati potpunu udobnost, ali i dalje izgledati sre\u0111eno. Materijal je mekan, rastezljiv i ugodan za ko\u017eu. Prati tvoje pokrete i prilago\u0111ava se svakom koraku. Opu\u0161ten, ravan kroj stvara jednostavan, le\u017eeran izgled koji spaja prakti\u010dnost, udobnost i stil. U njima \u0107e\u0161 se osje\u0107ati ugodno na treningu, u gradu ili kod ku\u0107e.<\/p>\n<p>Ako tra\u017ei\u0161 tajice koje spajaju maksimalnu udobnost, slobodu pokreta i modernu ravnu siluetu, &#8220;Eve Comfort ravne tajice&#8221; \u0107e vrlo brzo postati tvoj novi omiljeni komad za svaki dan.<\/p>\n<p>Na\u0161 \u201cEve Comfort top\u201d donosi ti maksimalnu udobnost, nje\u017enu potporu i mekan, \u017eenstven izgled. Materijal je mekan, rastezljiv i ugodan na ko\u017ei. Prati tvoje pokrete i prilago\u0111ava se svakom koraku. Dubok, elegantan izrez daje topu moderan, profinjen izgled, savr\u0161en i za trening i za svaki dan.<\/p>\n<p>Ugra\u0111eni grudnjak s uklonjivim ko\u0161aricama pru\u017ea prirodnu potporu, dok minimalan broj \u0161avova stvara osje\u0107aj kao da gotovo ni\u0161ta ne nosi\u0161. Ako \u017eeli\u0161 meko\u0107u, udobnost i top koji lijepo pristaje bez puno truda, \u201cEve Comfort top\u201d je savr\u0161en izbor.<\/p>\n<p><strong>Materijal:<\/strong><br \/>\n\u2013 75% Najlon<br \/>\n\u2013 25% Elastan<\/p>\n","protected":false},"featured_media":2740,"comment_status":"open","ping_status":"closed","template":"","meta":{"_acf_changed":false,"bwfblock_default_font":"","inline_featured_image":false},"product_brand":[],"product_cat":[77,78,31,18,30],"product_tag":[79],"class_list":{"0":"post-2805","1":"product","2":"type-product","3":"status-publish","4":"has-post-thumbnail","6":"product_cat-bundle","7":"product_cat-eve","8":"product_cat-casual","9":"product_cat-leggings","10":"product_cat-tops","11":"product_tag-udobnost","13":"first","14":"instock","15":"sale","16":"shipping-taxable","17":"purchasable","18":"product-type-woosb"},"acf":[],"yoast_head":"<!-- This site is optimized with the Yoast SEO plugin v27.4 - https:\/\/yoast.com\/product\/yoast-seo-wordpress\/ -->\n<title>Eve Comfort set (Tajice + Top) - Crna - Authletic HR<\/title>\n<meta name=\"robots\" content=\"index, follow, max-snippet:-1, max-image-preview:large, max-video-preview:-1\" \/>\n<link rel=\"canonical\" href=\"https:\/\/authleticwear.com\/hr\/product\/eve-comfort-set-tajice-top-crna\/\" \/>\n<meta property=\"og:locale\" content=\"hr_HR\" \/>\n<meta property=\"og:type\" content=\"article\" \/>\n<meta property=\"og:title\" content=\"Eve Comfort set (Tajice + Top) - Crna - Authletic HR\" \/>\n<meta property=\"og:description\" content=\"Na\u0161e &quot;Eve Comfort ravne tajice&quot; stvorene su za dane kada \u017eeli\u0161 osje\u0107ati potpunu udobnost, ali i dalje izgledati sre\u0111eno. Materijal je mekan, rastezljiv i ugodan za ko\u017eu. Prati tvoje pokrete i prilago\u0111ava se svakom koraku. Opu\u0161ten, ravan kroj stvara jednostavan, le\u017eeran izgled koji spaja prakti\u010dnost, udobnost i stil. U njima \u0107e\u0161 se osje\u0107ati ugodno na treningu, u gradu ili kod ku\u0107e.  Ako tra\u017ei\u0161 tajice koje spajaju maksimalnu udobnost, slobodu pokreta i modernu ravnu siluetu, &quot;Eve Comfort ravne tajice&quot; \u0107e vrlo brzo postati tvoj novi omiljeni komad za svaki dan.  Na\u0161 \u201cEve Comfort top\u201d donosi ti maksimalnu udobnost, nje\u017enu potporu i mekan, \u017eenstven izgled. Materijal je mekan, rastezljiv i ugodan na ko\u017ei. Prati tvoje pokrete i prilago\u0111ava se svakom koraku. Dubok, elegantan izrez daje topu moderan, profinjen izgled, savr\u0161en i za trening i za svaki dan.  Ugra\u0111eni grudnjak s uklonjivim ko\u0161aricama pru\u017ea prirodnu potporu, dok minimalan broj \u0161avova stvara osje\u0107aj kao da gotovo ni\u0161ta ne nosi\u0161. Ako \u017eeli\u0161 meko\u0107u, udobnost i top koji lijepo pristaje bez puno truda, \u201cEve Comfort top\u201d je savr\u0161en izbor.  Materijal: \u2013 75% Najlon \u2013 25% Elastan\" \/>\n<meta property=\"og:url\" content=\"https:\/\/authleticwear.com\/hr\/product\/eve-comfort-set-tajice-top-crna\/\" \/>\n<meta property=\"og:site_name\" content=\"Authletic HR\" \/>\n<meta property=\"article:publisher\" content=\"https:\/\/facebook.com\/authletic\/\" \/>\n<meta property=\"article:modified_time\" content=\"2026-04-23T10:48:26+00:00\" \/>\n<meta property=\"og:image\" content=\"https:\/\/authleticwear.com\/hr\/wp-content\/uploads\/sites\/6\/2025\/11\/Black-EVE-bottom-5-scaled.jpg\" \/>\n\t<meta property=\"og:image:width\" content=\"1792\" \/>\n\t<meta property=\"og:image:height\" content=\"2560\" \/>\n\t<meta property=\"og:image:type\" content=\"image\/jpeg\" \/>\n<meta name=\"twitter:card\" content=\"summary_large_image\" \/>\n<meta name=\"twitter:label1\" content=\"Procijenjeno vrijeme \u010ditanja\" \/>\n\t<meta name=\"twitter:data1\" content=\"1 minuta\" \/>\n<script type=\"application\/ld+json\" class=\"yoast-schema-graph\">{\"@context\":\"https:\\\/\\\/schema.org\",\"@graph\":[{\"@type\":\"WebPage\",\"@id\":\"https:\\\/\\\/authleticwear.com\\\/hr\\\/product\\\/eve-comfort-set-tajice-top-crna\\\/\",\"url\":\"https:\\\/\\\/authleticwear.com\\\/hr\\\/product\\\/eve-comfort-set-tajice-top-crna\\\/\",\"name\":\"Eve Comfort set (Tajice + Top) - Crna - Authletic HR\",\"isPartOf\":{\"@id\":\"https:\\\/\\\/authleticwear.com\\\/hr\\\/#website\"},\"primaryImageOfPage\":{\"@id\":\"https:\\\/\\\/authleticwear.com\\\/hr\\\/product\\\/eve-comfort-set-tajice-top-crna\\\/#primaryimage\"},\"image\":{\"@id\":\"https:\\\/\\\/authleticwear.com\\\/hr\\\/product\\\/eve-comfort-set-tajice-top-crna\\\/#primaryimage\"},\"thumbnailUrl\":\"https:\\\/\\\/authleticwear.com\\\/hr\\\/wp-content\\\/uploads\\\/sites\\\/6\\\/2025\\\/11\\\/Black-EVE-bottom-5-scaled.jpg\",\"datePublished\":\"2025-12-01T14:43:51+00:00\",\"dateModified\":\"2026-04-23T10:48:26+00:00\",\"breadcrumb\":{\"@id\":\"https:\\\/\\\/authleticwear.com\\\/hr\\\/product\\\/eve-comfort-set-tajice-top-crna\\\/#breadcrumb\"},\"inLanguage\":\"hr\",\"potentialAction\":[{\"@type\":\"ReadAction\",\"target\":[\"https:\\\/\\\/authleticwear.com\\\/hr\\\/product\\\/eve-comfort-set-tajice-top-crna\\\/\"]}]},{\"@type\":\"ImageObject\",\"inLanguage\":\"hr\",\"@id\":\"https:\\\/\\\/authleticwear.com\\\/hr\\\/product\\\/eve-comfort-set-tajice-top-crna\\\/#primaryimage\",\"url\":\"https:\\\/\\\/authleticwear.com\\\/hr\\\/wp-content\\\/uploads\\\/sites\\\/6\\\/2025\\\/11\\\/Black-EVE-bottom-5-scaled.jpg\",\"contentUrl\":\"https:\\\/\\\/authleticwear.com\\\/hr\\\/wp-content\\\/uploads\\\/sites\\\/6\\\/2025\\\/11\\\/Black-EVE-bottom-5-scaled.jpg\",\"width\":1792,\"height\":2560},{\"@type\":\"BreadcrumbList\",\"@id\":\"https:\\\/\\\/authleticwear.com\\\/hr\\\/product\\\/eve-comfort-set-tajice-top-crna\\\/#breadcrumb\",\"itemListElement\":[{\"@type\":\"ListItem\",\"position\":1,\"name\":\"Home\",\"item\":\"https:\\\/\\\/authleticwear.com\\\/hr\\\/\"},{\"@type\":\"ListItem\",\"position\":2,\"name\":\"Shop\",\"item\":\"https:\\\/\\\/authleticwear.com\\\/hr\\\/shop\\\/\"},{\"@type\":\"ListItem\",\"position\":3,\"name\":\"Eve Comfort set (Tajice + Top) &#8211; Crna\"}]},{\"@type\":\"WebSite\",\"@id\":\"https:\\\/\\\/authleticwear.com\\\/hr\\\/#website\",\"url\":\"https:\\\/\\\/authleticwear.com\\\/hr\\\/\",\"name\":\"Authletic HR\",\"description\":\"I am Authentic. I am Athletic. I am Authletic.\",\"publisher\":{\"@id\":\"https:\\\/\\\/authleticwear.com\\\/hr\\\/#organization\"},\"potentialAction\":[{\"@type\":\"SearchAction\",\"target\":{\"@type\":\"EntryPoint\",\"urlTemplate\":\"https:\\\/\\\/authleticwear.com\\\/hr\\\/?s={search_term_string}\"},\"query-input\":{\"@type\":\"PropertyValueSpecification\",\"valueRequired\":true,\"valueName\":\"search_term_string\"}}],\"inLanguage\":\"hr\"},{\"@type\":\"Organization\",\"@id\":\"https:\\\/\\\/authleticwear.com\\\/hr\\\/#organization\",\"name\":\"Authletic HR\",\"url\":\"https:\\\/\\\/authleticwear.com\\\/hr\\\/\",\"logo\":{\"@type\":\"ImageObject\",\"inLanguage\":\"hr\",\"@id\":\"https:\\\/\\\/authleticwear.com\\\/hr\\\/#\\\/schema\\\/logo\\\/image\\\/\",\"url\":\"https:\\\/\\\/authleticwear.com\\\/hr\\\/wp-content\\\/uploads\\\/sites\\\/6\\\/2023\\\/11\\\/logo-web-authletic.svg\",\"contentUrl\":\"https:\\\/\\\/authleticwear.com\\\/hr\\\/wp-content\\\/uploads\\\/sites\\\/6\\\/2023\\\/11\\\/logo-web-authletic.svg\",\"caption\":\"Authletic HR\"},\"image\":{\"@id\":\"https:\\\/\\\/authleticwear.com\\\/hr\\\/#\\\/schema\\\/logo\\\/image\\\/\"},\"sameAs\":[\"https:\\\/\\\/facebook.com\\\/authletic\\\/\",\"https:\\\/\\\/instagram.com\\\/authleticwear\\\/\",\"https:\\\/\\\/tiktok.com\\\/@authletic\"]}]}<\/script>\n<!-- \/ Yoast SEO plugin. -->","yoast_head_json":{"title":"Eve Comfort set (Tajice + Top) - Crna - Authletic HR","robots":{"index":"index","follow":"follow","max-snippet":"max-snippet:-1","max-image-preview":"max-image-preview:large","max-video-preview":"max-video-preview:-1"},"canonical":"https:\/\/authleticwear.com\/hr\/product\/eve-comfort-set-tajice-top-crna\/","og_locale":"hr_HR","og_type":"article","og_title":"Eve Comfort set (Tajice + Top) - Crna - Authletic HR","og_description":"Na\u0161e \"Eve Comfort ravne tajice\" stvorene su za dane kada \u017eeli\u0161 osje\u0107ati potpunu udobnost, ali i dalje izgledati sre\u0111eno. Materijal je mekan, rastezljiv i ugodan za ko\u017eu. Prati tvoje pokrete i prilago\u0111ava se svakom koraku. Opu\u0161ten, ravan kroj stvara jednostavan, le\u017eeran izgled koji spaja prakti\u010dnost, udobnost i stil. U njima \u0107e\u0161 se osje\u0107ati ugodno na treningu, u gradu ili kod ku\u0107e.  Ako tra\u017ei\u0161 tajice koje spajaju maksimalnu udobnost, slobodu pokreta i modernu ravnu siluetu, \"Eve Comfort ravne tajice\" \u0107e vrlo brzo postati tvoj novi omiljeni komad za svaki dan.  Na\u0161 \u201cEve Comfort top\u201d donosi ti maksimalnu udobnost, nje\u017enu potporu i mekan, \u017eenstven izgled. Materijal je mekan, rastezljiv i ugodan na ko\u017ei. Prati tvoje pokrete i prilago\u0111ava se svakom koraku. Dubok, elegantan izrez daje topu moderan, profinjen izgled, savr\u0161en i za trening i za svaki dan.  Ugra\u0111eni grudnjak s uklonjivim ko\u0161aricama pru\u017ea prirodnu potporu, dok minimalan broj \u0161avova stvara osje\u0107aj kao da gotovo ni\u0161ta ne nosi\u0161. Ako \u017eeli\u0161 meko\u0107u, udobnost i top koji lijepo pristaje bez puno truda, \u201cEve Comfort top\u201d je savr\u0161en izbor.  Materijal: \u2013 75% Najlon \u2013 25% Elastan","og_url":"https:\/\/authleticwear.com\/hr\/product\/eve-comfort-set-tajice-top-crna\/","og_site_name":"Authletic HR","article_publisher":"https:\/\/facebook.com\/authletic\/","article_modified_time":"2026-04-23T10:48:26+00:00","og_image":[{"width":1792,"height":2560,"url":"https:\/\/authleticwear.com\/hr\/wp-content\/uploads\/sites\/6\/2025\/11\/Black-EVE-bottom-5-scaled.jpg","type":"image\/jpeg"}],"twitter_card":"summary_large_image","twitter_misc":{"Procijenjeno vrijeme \u010ditanja":"1 minuta"},"schema":{"@context":"https:\/\/schema.org","@graph":[{"@type":"WebPage","@id":"https:\/\/authleticwear.com\/hr\/product\/eve-comfort-set-tajice-top-crna\/","url":"https:\/\/authleticwear.com\/hr\/product\/eve-comfort-set-tajice-top-crna\/","name":"Eve Comfort set (Tajice + Top) - Crna - Authletic HR","isPartOf":{"@id":"https:\/\/authleticwear.com\/hr\/#website"},"primaryImageOfPage":{"@id":"https:\/\/authleticwear.com\/hr\/product\/eve-comfort-set-tajice-top-crna\/#primaryimage"},"image":{"@id":"https:\/\/authleticwear.com\/hr\/product\/eve-comfort-set-tajice-top-crna\/#primaryimage"},"thumbnailUrl":"https:\/\/authleticwear.com\/hr\/wp-content\/uploads\/sites\/6\/2025\/11\/Black-EVE-bottom-5-scaled.jpg","datePublished":"2025-12-01T14:43:51+00:00","dateModified":"2026-04-23T10:48:26+00:00","breadcrumb":{"@id":"https:\/\/authleticwear.com\/hr\/product\/eve-comfort-set-tajice-top-crna\/#breadcrumb"},"inLanguage":"hr","potentialAction":[{"@type":"ReadAction","target":["https:\/\/authleticwear.com\/hr\/product\/eve-comfort-set-tajice-top-crna\/"]}]},{"@type":"ImageObject","inLanguage":"hr","@id":"https:\/\/authleticwear.com\/hr\/product\/eve-comfort-set-tajice-top-crna\/#primaryimage","url":"https:\/\/authleticwear.com\/hr\/wp-content\/uploads\/sites\/6\/2025\/11\/Black-EVE-bottom-5-scaled.jpg","contentUrl":"https:\/\/authleticwear.com\/hr\/wp-content\/uploads\/sites\/6\/2025\/11\/Black-EVE-bottom-5-scaled.jpg","width":1792,"height":2560},{"@type":"BreadcrumbList","@id":"https:\/\/authleticwear.com\/hr\/product\/eve-comfort-set-tajice-top-crna\/#breadcrumb","itemListElement":[{"@type":"ListItem","position":1,"name":"Home","item":"https:\/\/authleticwear.com\/hr\/"},{"@type":"ListItem","position":2,"name":"Shop","item":"https:\/\/authleticwear.com\/hr\/shop\/"},{"@type":"ListItem","position":3,"name":"Eve Comfort set (Tajice + Top) &#8211; Crna"}]},{"@type":"WebSite","@id":"https:\/\/authleticwear.com\/hr\/#website","url":"https:\/\/authleticwear.com\/hr\/","name":"Authletic HR","description":"I am Authentic. I am Athletic. I am Authletic.","publisher":{"@id":"https:\/\/authleticwear.com\/hr\/#organization"},"potentialAction":[{"@type":"SearchAction","target":{"@type":"EntryPoint","urlTemplate":"https:\/\/authleticwear.com\/hr\/?s={search_term_string}"},"query-input":{"@type":"PropertyValueSpecification","valueRequired":true,"valueName":"search_term_string"}}],"inLanguage":"hr"},{"@type":"Organization","@id":"https:\/\/authleticwear.com\/hr\/#organization","name":"Authletic HR","url":"https:\/\/authleticwear.com\/hr\/","logo":{"@type":"ImageObject","inLanguage":"hr","@id":"https:\/\/authleticwear.com\/hr\/#\/schema\/logo\/image\/","url":"https:\/\/authleticwear.com\/hr\/wp-content\/uploads\/sites\/6\/2023\/11\/logo-web-authletic.svg","contentUrl":"https:\/\/authleticwear.com\/hr\/wp-content\/uploads\/sites\/6\/2023\/11\/logo-web-authletic.svg","caption":"Authletic HR"},"image":{"@id":"https:\/\/authleticwear.com\/hr\/#\/schema\/logo\/image\/"},"sameAs":["https:\/\/facebook.com\/authletic\/","https:\/\/instagram.com\/authleticwear\/","https:\/\/tiktok.com\/@authletic"]}]}},"_links":{"self":[{"href":"https:\/\/authleticwear.com\/hr\/wp-json\/wp\/v2\/product\/2805","targetHints":{"allow":["GET"]}}],"collection":[{"href":"https:\/\/authleticwear.com\/hr\/wp-json\/wp\/v2\/product"}],"about":[{"href":"https:\/\/authleticwear.com\/hr\/wp-json\/wp\/v2\/types\/product"}],"replies":[{"embeddable":true,"href":"https:\/\/authleticwear.com\/hr\/wp-json\/wp\/v2\/comments?post=2805"}],"wp:featuredmedia":[{"embeddable":true,"href":"https:\/\/authleticwear.com\/hr\/wp-json\/wp\/v2\/media\/2740"}],"wp:attachment":[{"href":"https:\/\/authleticwear.com\/hr\/wp-json\/wp\/v2\/media?parent=2805"}],"wp:term":[{"taxonomy":"product_brand","embeddable":true,"href":"https:\/\/authleticwear.com\/hr\/wp-json\/wp\/v2\/product_brand?post=2805"},{"taxonomy":"product_cat","embeddable":true,"href":"https:\/\/authleticwear.com\/hr\/wp-json\/wp\/v2\/product_cat?post=2805"},{"taxonomy":"product_tag","embeddable":true,"href":"https:\/\/authleticwear.com\/hr\/wp-json\/wp\/v2\/product_tag?post=2805"}],"curies":[{"name":"wp","href":"https:\/\/api.w.org\/{rel}","templated":true}]}}