{"id":1793,"date":"2025-11-01T08:26:53","date_gmt":"2025-11-01T08:26:53","guid":{"rendered":"https:\/\/authleticwear.com\/hr\/?post_type=product&#038;p=1793"},"modified":"2026-04-26T11:44:16","modified_gmt":"2026-04-26T11:44:16","slug":"naya-butt-lift-tajice-siva","status":"publish","type":"product","link":"https:\/\/authleticwear.com\/hr\/product\/naya-butt-lift-tajice-siva\/","title":{"rendered":"Naya Butt Lift tajice &#8211; Siva"},"content":{"rendered":"","protected":false},"excerpt":{"rendered":"<p>\u201eNaya Butt Lift Tajice\u201c dizajnirane su da istaknu tvoje obline kao nikada prije. Zahvaljuju\u0107i skrivenom scrunch efektu, prirodno podi\u017eu stra\u017enjicu i daju joj zaobljeniji izgled. Bar\u0161unasto mekan i elasti\u010dan materijal pru\u017ea udobnost pri svakom pokretu.<\/p>\n<p><strong>Materijal:<br \/>\n<\/strong>\u2013 78% Poliamid<br \/>\n\u2013 22% Elastan<\/p>\n","protected":false},"featured_media":1893,"comment_status":"open","ping_status":"closed","template":"","meta":{"_acf_changed":false,"bwfblock_default_font":"","inline_featured_image":false},"product_brand":[],"product_cat":[81,73,18],"product_tag":[72],"class_list":{"0":"post-1793","1":"product","2":"type-product","3":"status-publish","4":"has-post-thumbnail","6":"product_cat-butt-lift","7":"product_cat-naya","8":"product_cat-leggings","9":"product_tag-butt-lift","11":"first","12":"outofstock","13":"shipping-taxable","14":"purchasable","15":"product-type-variable","16":"has-default-attributes","17":"wvs-archive-product-wrapper"},"acf":[],"yoast_head":"<!-- This site is optimized with the Yoast SEO plugin v27.4 - https:\/\/yoast.com\/product\/yoast-seo-wordpress\/ -->\n<title>Naya Butt Lift tajice - Siva - Authletic HR<\/title>\n<meta name=\"robots\" content=\"index, follow, max-snippet:-1, max-image-preview:large, max-video-preview:-1\" \/>\n<link rel=\"canonical\" href=\"https:\/\/authleticwear.com\/hr\/product\/naya-butt-lift-tajice-siva\/\" \/>\n<meta property=\"og:locale\" content=\"hr_HR\" \/>\n<meta property=\"og:type\" content=\"article\" \/>\n<meta property=\"og:title\" content=\"Naya Butt Lift tajice - Siva - Authletic HR\" \/>\n<meta property=\"og:description\" content=\"\u201eNaya Butt Lift Tajice\u201c dizajnirane su da istaknu tvoje obline kao nikada prije. Zahvaljuju\u0107i skrivenom scrunch efektu, prirodno podi\u017eu stra\u017enjicu i daju joj zaobljeniji izgled. Bar\u0161unasto mekan i elasti\u010dan materijal pru\u017ea udobnost pri svakom pokretu.  Materijal: \u2013 78% Poliamid \u2013 22% Elastan\" \/>\n<meta property=\"og:url\" content=\"https:\/\/authleticwear.com\/hr\/product\/naya-butt-lift-tajice-siva\/\" \/>\n<meta property=\"og:site_name\" content=\"Authletic HR\" \/>\n<meta property=\"article:publisher\" content=\"https:\/\/facebook.com\/authletic\/\" \/>\n<meta property=\"article:modified_time\" content=\"2026-04-26T11:44:16+00:00\" \/>\n<meta property=\"og:image\" content=\"https:\/\/authleticwear.com\/hr\/wp-content\/uploads\/sites\/6\/2025\/01\/HR-NAYA-LEGGINGS-grey.jpg\" \/>\n\t<meta property=\"og:image:width\" content=\"1400\" \/>\n\t<meta property=\"og:image:height\" content=\"2000\" \/>\n\t<meta property=\"og:image:type\" content=\"image\/jpeg\" \/>\n<meta name=\"twitter:card\" content=\"summary_large_image\" \/>\n<meta name=\"twitter:label1\" content=\"Procijenjeno vrijeme \u010ditanja\" \/>\n\t<meta name=\"twitter:data1\" content=\"1 minuta\" \/>\n<script type=\"application\/ld+json\" class=\"yoast-schema-graph\">{\"@context\":\"https:\\\/\\\/schema.org\",\"@graph\":[{\"@type\":\"WebPage\",\"@id\":\"https:\\\/\\\/authleticwear.com\\\/hr\\\/product\\\/naya-butt-lift-tajice-siva\\\/\",\"url\":\"https:\\\/\\\/authleticwear.com\\\/hr\\\/product\\\/naya-butt-lift-tajice-siva\\\/\",\"name\":\"Naya Butt Lift tajice - Siva - Authletic HR\",\"isPartOf\":{\"@id\":\"https:\\\/\\\/authleticwear.com\\\/hr\\\/#website\"},\"primaryImageOfPage\":{\"@id\":\"https:\\\/\\\/authleticwear.com\\\/hr\\\/product\\\/naya-butt-lift-tajice-siva\\\/#primaryimage\"},\"image\":{\"@id\":\"https:\\\/\\\/authleticwear.com\\\/hr\\\/product\\\/naya-butt-lift-tajice-siva\\\/#primaryimage\"},\"thumbnailUrl\":\"https:\\\/\\\/authleticwear.com\\\/hr\\\/wp-content\\\/uploads\\\/sites\\\/6\\\/2025\\\/01\\\/HR-NAYA-LEGGINGS-grey.jpg\",\"datePublished\":\"2025-11-01T08:26:53+00:00\",\"dateModified\":\"2026-04-26T11:44:16+00:00\",\"breadcrumb\":{\"@id\":\"https:\\\/\\\/authleticwear.com\\\/hr\\\/product\\\/naya-butt-lift-tajice-siva\\\/#breadcrumb\"},\"inLanguage\":\"hr\",\"potentialAction\":[{\"@type\":\"ReadAction\",\"target\":[\"https:\\\/\\\/authleticwear.com\\\/hr\\\/product\\\/naya-butt-lift-tajice-siva\\\/\"]}]},{\"@type\":\"ImageObject\",\"inLanguage\":\"hr\",\"@id\":\"https:\\\/\\\/authleticwear.com\\\/hr\\\/product\\\/naya-butt-lift-tajice-siva\\\/#primaryimage\",\"url\":\"https:\\\/\\\/authleticwear.com\\\/hr\\\/wp-content\\\/uploads\\\/sites\\\/6\\\/2025\\\/01\\\/HR-NAYA-LEGGINGS-grey.jpg\",\"contentUrl\":\"https:\\\/\\\/authleticwear.com\\\/hr\\\/wp-content\\\/uploads\\\/sites\\\/6\\\/2025\\\/01\\\/HR-NAYA-LEGGINGS-grey.jpg\",\"width\":1400,\"height\":2000},{\"@type\":\"BreadcrumbList\",\"@id\":\"https:\\\/\\\/authleticwear.com\\\/hr\\\/product\\\/naya-butt-lift-tajice-siva\\\/#breadcrumb\",\"itemListElement\":[{\"@type\":\"ListItem\",\"position\":1,\"name\":\"Home\",\"item\":\"https:\\\/\\\/authleticwear.com\\\/hr\\\/\"},{\"@type\":\"ListItem\",\"position\":2,\"name\":\"Shop\",\"item\":\"https:\\\/\\\/authleticwear.com\\\/hr\\\/shop\\\/\"},{\"@type\":\"ListItem\",\"position\":3,\"name\":\"Naya Butt Lift tajice &#8211; Siva\"}]},{\"@type\":\"WebSite\",\"@id\":\"https:\\\/\\\/authleticwear.com\\\/hr\\\/#website\",\"url\":\"https:\\\/\\\/authleticwear.com\\\/hr\\\/\",\"name\":\"Authletic HR\",\"description\":\"I am Authentic. I am Athletic. I am Authletic.\",\"publisher\":{\"@id\":\"https:\\\/\\\/authleticwear.com\\\/hr\\\/#organization\"},\"potentialAction\":[{\"@type\":\"SearchAction\",\"target\":{\"@type\":\"EntryPoint\",\"urlTemplate\":\"https:\\\/\\\/authleticwear.com\\\/hr\\\/?s={search_term_string}\"},\"query-input\":{\"@type\":\"PropertyValueSpecification\",\"valueRequired\":true,\"valueName\":\"search_term_string\"}}],\"inLanguage\":\"hr\"},{\"@type\":\"Organization\",\"@id\":\"https:\\\/\\\/authleticwear.com\\\/hr\\\/#organization\",\"name\":\"Authletic HR\",\"url\":\"https:\\\/\\\/authleticwear.com\\\/hr\\\/\",\"logo\":{\"@type\":\"ImageObject\",\"inLanguage\":\"hr\",\"@id\":\"https:\\\/\\\/authleticwear.com\\\/hr\\\/#\\\/schema\\\/logo\\\/image\\\/\",\"url\":\"https:\\\/\\\/authleticwear.com\\\/hr\\\/wp-content\\\/uploads\\\/sites\\\/6\\\/2023\\\/11\\\/logo-web-authletic.svg\",\"contentUrl\":\"https:\\\/\\\/authleticwear.com\\\/hr\\\/wp-content\\\/uploads\\\/sites\\\/6\\\/2023\\\/11\\\/logo-web-authletic.svg\",\"caption\":\"Authletic HR\"},\"image\":{\"@id\":\"https:\\\/\\\/authleticwear.com\\\/hr\\\/#\\\/schema\\\/logo\\\/image\\\/\"},\"sameAs\":[\"https:\\\/\\\/facebook.com\\\/authletic\\\/\",\"https:\\\/\\\/instagram.com\\\/authleticwear\\\/\",\"https:\\\/\\\/tiktok.com\\\/@authletic\"]}]}<\/script>\n<!-- \/ Yoast SEO plugin. -->","yoast_head_json":{"title":"Naya Butt Lift tajice - Siva - Authletic HR","robots":{"index":"index","follow":"follow","max-snippet":"max-snippet:-1","max-image-preview":"max-image-preview:large","max-video-preview":"max-video-preview:-1"},"canonical":"https:\/\/authleticwear.com\/hr\/product\/naya-butt-lift-tajice-siva\/","og_locale":"hr_HR","og_type":"article","og_title":"Naya Butt Lift tajice - Siva - Authletic HR","og_description":"\u201eNaya Butt Lift Tajice\u201c dizajnirane su da istaknu tvoje obline kao nikada prije. Zahvaljuju\u0107i skrivenom scrunch efektu, prirodno podi\u017eu stra\u017enjicu i daju joj zaobljeniji izgled. Bar\u0161unasto mekan i elasti\u010dan materijal pru\u017ea udobnost pri svakom pokretu.  Materijal: \u2013 78% Poliamid \u2013 22% Elastan","og_url":"https:\/\/authleticwear.com\/hr\/product\/naya-butt-lift-tajice-siva\/","og_site_name":"Authletic HR","article_publisher":"https:\/\/facebook.com\/authletic\/","article_modified_time":"2026-04-26T11:44:16+00:00","og_image":[{"width":1400,"height":2000,"url":"https:\/\/authleticwear.com\/hr\/wp-content\/uploads\/sites\/6\/2025\/01\/HR-NAYA-LEGGINGS-grey.jpg","type":"image\/jpeg"}],"twitter_card":"summary_large_image","twitter_misc":{"Procijenjeno vrijeme \u010ditanja":"1 minuta"},"schema":{"@context":"https:\/\/schema.org","@graph":[{"@type":"WebPage","@id":"https:\/\/authleticwear.com\/hr\/product\/naya-butt-lift-tajice-siva\/","url":"https:\/\/authleticwear.com\/hr\/product\/naya-butt-lift-tajice-siva\/","name":"Naya Butt Lift tajice - Siva - Authletic HR","isPartOf":{"@id":"https:\/\/authleticwear.com\/hr\/#website"},"primaryImageOfPage":{"@id":"https:\/\/authleticwear.com\/hr\/product\/naya-butt-lift-tajice-siva\/#primaryimage"},"image":{"@id":"https:\/\/authleticwear.com\/hr\/product\/naya-butt-lift-tajice-siva\/#primaryimage"},"thumbnailUrl":"https:\/\/authleticwear.com\/hr\/wp-content\/uploads\/sites\/6\/2025\/01\/HR-NAYA-LEGGINGS-grey.jpg","datePublished":"2025-11-01T08:26:53+00:00","dateModified":"2026-04-26T11:44:16+00:00","breadcrumb":{"@id":"https:\/\/authleticwear.com\/hr\/product\/naya-butt-lift-tajice-siva\/#breadcrumb"},"inLanguage":"hr","potentialAction":[{"@type":"ReadAction","target":["https:\/\/authleticwear.com\/hr\/product\/naya-butt-lift-tajice-siva\/"]}]},{"@type":"ImageObject","inLanguage":"hr","@id":"https:\/\/authleticwear.com\/hr\/product\/naya-butt-lift-tajice-siva\/#primaryimage","url":"https:\/\/authleticwear.com\/hr\/wp-content\/uploads\/sites\/6\/2025\/01\/HR-NAYA-LEGGINGS-grey.jpg","contentUrl":"https:\/\/authleticwear.com\/hr\/wp-content\/uploads\/sites\/6\/2025\/01\/HR-NAYA-LEGGINGS-grey.jpg","width":1400,"height":2000},{"@type":"BreadcrumbList","@id":"https:\/\/authleticwear.com\/hr\/product\/naya-butt-lift-tajice-siva\/#breadcrumb","itemListElement":[{"@type":"ListItem","position":1,"name":"Home","item":"https:\/\/authleticwear.com\/hr\/"},{"@type":"ListItem","position":2,"name":"Shop","item":"https:\/\/authleticwear.com\/hr\/shop\/"},{"@type":"ListItem","position":3,"name":"Naya Butt Lift tajice &#8211; Siva"}]},{"@type":"WebSite","@id":"https:\/\/authleticwear.com\/hr\/#website","url":"https:\/\/authleticwear.com\/hr\/","name":"Authletic HR","description":"I am Authentic. I am Athletic. I am Authletic.","publisher":{"@id":"https:\/\/authleticwear.com\/hr\/#organization"},"potentialAction":[{"@type":"SearchAction","target":{"@type":"EntryPoint","urlTemplate":"https:\/\/authleticwear.com\/hr\/?s={search_term_string}"},"query-input":{"@type":"PropertyValueSpecification","valueRequired":true,"valueName":"search_term_string"}}],"inLanguage":"hr"},{"@type":"Organization","@id":"https:\/\/authleticwear.com\/hr\/#organization","name":"Authletic HR","url":"https:\/\/authleticwear.com\/hr\/","logo":{"@type":"ImageObject","inLanguage":"hr","@id":"https:\/\/authleticwear.com\/hr\/#\/schema\/logo\/image\/","url":"https:\/\/authleticwear.com\/hr\/wp-content\/uploads\/sites\/6\/2023\/11\/logo-web-authletic.svg","contentUrl":"https:\/\/authleticwear.com\/hr\/wp-content\/uploads\/sites\/6\/2023\/11\/logo-web-authletic.svg","caption":"Authletic HR"},"image":{"@id":"https:\/\/authleticwear.com\/hr\/#\/schema\/logo\/image\/"},"sameAs":["https:\/\/facebook.com\/authletic\/","https:\/\/instagram.com\/authleticwear\/","https:\/\/tiktok.com\/@authletic"]}]}},"_links":{"self":[{"href":"https:\/\/authleticwear.com\/hr\/wp-json\/wp\/v2\/product\/1793","targetHints":{"allow":["GET"]}}],"collection":[{"href":"https:\/\/authleticwear.com\/hr\/wp-json\/wp\/v2\/product"}],"about":[{"href":"https:\/\/authleticwear.com\/hr\/wp-json\/wp\/v2\/types\/product"}],"replies":[{"embeddable":true,"href":"https:\/\/authleticwear.com\/hr\/wp-json\/wp\/v2\/comments?post=1793"}],"wp:featuredmedia":[{"embeddable":true,"href":"https:\/\/authleticwear.com\/hr\/wp-json\/wp\/v2\/media\/1893"}],"wp:attachment":[{"href":"https:\/\/authleticwear.com\/hr\/wp-json\/wp\/v2\/media?parent=1793"}],"wp:term":[{"taxonomy":"product_brand","embeddable":true,"href":"https:\/\/authleticwear.com\/hr\/wp-json\/wp\/v2\/product_brand?post=1793"},{"taxonomy":"product_cat","embeddable":true,"href":"https:\/\/authleticwear.com\/hr\/wp-json\/wp\/v2\/product_cat?post=1793"},{"taxonomy":"product_tag","embeddable":true,"href":"https:\/\/authleticwear.com\/hr\/wp-json\/wp\/v2\/product_tag?post=1793"}],"curies":[{"name":"wp","href":"https:\/\/api.w.org\/{rel}","templated":true}]}}