{"id":1293,"date":"2024-07-26T08:01:03","date_gmt":"2024-07-26T08:01:03","guid":{"rendered":"https:\/\/authleticwear.com\/hr\/?post_type=product&#038;p=1293"},"modified":"2026-04-22T08:31:18","modified_gmt":"2026-04-22T08:31:18","slug":"aluna-kratke-tajice-narancasta","status":"publish","type":"product","link":"https:\/\/authleticwear.com\/hr\/product\/aluna-kratke-tajice-narancasta\/","title":{"rendered":"Aluna kratke tajice &#8211; Naran\u010dasta"},"content":{"rendered":"","protected":false},"excerpt":{"rendered":"<p>Isprobajte na\u0161e Aluna kratke tajice. Ove tajice imaju nje\u017ean V \u0161av koji lagano nagla\u0161ava stra\u017enjicu. Materijal je pogodan za sve aktivnosti. Elasti\u010dni materijal obavija tijelo i struk, osiguravaju\u0107i potporu i udobnost. Detaljni zavr\u0161eci uklju\u010duju neu\u0161ivene rubove na bedrima, bez rubova i privla\u010dan dizajn 3D logotipa u istoj boji kao i tkanina, za diskretan i elegantan izgled.<\/p>\n<p><strong>Materijal:<\/strong><br \/>\n\u2013 77% poliester<br \/>\n\u2013 23% elastan<\/p>\n","protected":false},"featured_media":1903,"comment_status":"open","ping_status":"closed","template":"","meta":{"_acf_changed":false,"bwfblock_default_font":"","inline_featured_image":false},"product_brand":[],"product_cat":[59,18],"product_tag":[70,64,25],"class_list":{"0":"post-1293","1":"product","2":"type-product","3":"status-publish","4":"has-post-thumbnail","6":"product_cat-aluna","7":"product_cat-leggings","8":"product_tag-limited","9":"product_tag-neusiveni-rubovi","10":"product_tag-new","12":"first","13":"outofstock","14":"sale","15":"shipping-taxable","16":"purchasable","17":"product-type-variable","18":"has-default-attributes","19":"wvs-archive-product-wrapper"},"acf":[],"yoast_head":"<!-- This site is optimized with the Yoast SEO plugin v27.4 - https:\/\/yoast.com\/product\/yoast-seo-wordpress\/ -->\n<title>Aluna kratke tajice - Naran\u010dasta - Authletic HR<\/title>\n<meta name=\"robots\" content=\"index, follow, max-snippet:-1, max-image-preview:large, max-video-preview:-1\" \/>\n<link rel=\"canonical\" href=\"https:\/\/authleticwear.com\/hr\/product\/aluna-kratke-tajice-narancasta\/\" \/>\n<meta property=\"og:locale\" content=\"hr_HR\" \/>\n<meta property=\"og:type\" content=\"article\" \/>\n<meta property=\"og:title\" content=\"Aluna kratke tajice - Naran\u010dasta - Authletic HR\" \/>\n<meta property=\"og:description\" content=\"Isprobajte na\u0161e Aluna kratke tajice. Ove tajice imaju nje\u017ean V \u0161av koji lagano nagla\u0161ava stra\u017enjicu. Materijal je pogodan za sve aktivnosti. Elasti\u010dni materijal obavija tijelo i struk, osiguravaju\u0107i potporu i udobnost. Detaljni zavr\u0161eci uklju\u010duju neu\u0161ivene rubove na bedrima, bez rubova i privla\u010dan dizajn 3D logotipa u istoj boji kao i tkanina, za diskretan i elegantan izgled.  Materijal: \u2013 77% poliester \u2013 23% elastan\" \/>\n<meta property=\"og:url\" content=\"https:\/\/authleticwear.com\/hr\/product\/aluna-kratke-tajice-narancasta\/\" \/>\n<meta property=\"og:site_name\" content=\"Authletic HR\" \/>\n<meta property=\"article:publisher\" content=\"https:\/\/facebook.com\/authletic\/\" \/>\n<meta property=\"article:modified_time\" content=\"2026-04-22T08:31:18+00:00\" \/>\n<meta property=\"og:image\" content=\"https:\/\/authleticwear.com\/hr\/wp-content\/uploads\/sites\/6\/2025\/01\/HR-ALUNA-LEGGINGS-orange-short.jpg\" \/>\n\t<meta property=\"og:image:width\" content=\"1400\" \/>\n\t<meta property=\"og:image:height\" content=\"2000\" \/>\n\t<meta property=\"og:image:type\" content=\"image\/jpeg\" \/>\n<meta name=\"twitter:card\" content=\"summary_large_image\" \/>\n<meta name=\"twitter:label1\" content=\"Procijenjeno vrijeme \u010ditanja\" \/>\n\t<meta name=\"twitter:data1\" content=\"1 minuta\" \/>\n<script type=\"application\/ld+json\" class=\"yoast-schema-graph\">{\"@context\":\"https:\\\/\\\/schema.org\",\"@graph\":[{\"@type\":\"WebPage\",\"@id\":\"https:\\\/\\\/authleticwear.com\\\/hr\\\/product\\\/aluna-kratke-tajice-narancasta\\\/\",\"url\":\"https:\\\/\\\/authleticwear.com\\\/hr\\\/product\\\/aluna-kratke-tajice-narancasta\\\/\",\"name\":\"Aluna kratke tajice - Naran\u010dasta - Authletic HR\",\"isPartOf\":{\"@id\":\"https:\\\/\\\/authleticwear.com\\\/hr\\\/#website\"},\"primaryImageOfPage\":{\"@id\":\"https:\\\/\\\/authleticwear.com\\\/hr\\\/product\\\/aluna-kratke-tajice-narancasta\\\/#primaryimage\"},\"image\":{\"@id\":\"https:\\\/\\\/authleticwear.com\\\/hr\\\/product\\\/aluna-kratke-tajice-narancasta\\\/#primaryimage\"},\"thumbnailUrl\":\"https:\\\/\\\/authleticwear.com\\\/hr\\\/wp-content\\\/uploads\\\/sites\\\/6\\\/2025\\\/01\\\/HR-ALUNA-LEGGINGS-orange-short.jpg\",\"datePublished\":\"2024-07-26T08:01:03+00:00\",\"dateModified\":\"2026-04-22T08:31:18+00:00\",\"breadcrumb\":{\"@id\":\"https:\\\/\\\/authleticwear.com\\\/hr\\\/product\\\/aluna-kratke-tajice-narancasta\\\/#breadcrumb\"},\"inLanguage\":\"hr\",\"potentialAction\":[{\"@type\":\"ReadAction\",\"target\":[\"https:\\\/\\\/authleticwear.com\\\/hr\\\/product\\\/aluna-kratke-tajice-narancasta\\\/\"]}]},{\"@type\":\"ImageObject\",\"inLanguage\":\"hr\",\"@id\":\"https:\\\/\\\/authleticwear.com\\\/hr\\\/product\\\/aluna-kratke-tajice-narancasta\\\/#primaryimage\",\"url\":\"https:\\\/\\\/authleticwear.com\\\/hr\\\/wp-content\\\/uploads\\\/sites\\\/6\\\/2025\\\/01\\\/HR-ALUNA-LEGGINGS-orange-short.jpg\",\"contentUrl\":\"https:\\\/\\\/authleticwear.com\\\/hr\\\/wp-content\\\/uploads\\\/sites\\\/6\\\/2025\\\/01\\\/HR-ALUNA-LEGGINGS-orange-short.jpg\",\"width\":1400,\"height\":2000},{\"@type\":\"BreadcrumbList\",\"@id\":\"https:\\\/\\\/authleticwear.com\\\/hr\\\/product\\\/aluna-kratke-tajice-narancasta\\\/#breadcrumb\",\"itemListElement\":[{\"@type\":\"ListItem\",\"position\":1,\"name\":\"Home\",\"item\":\"https:\\\/\\\/authleticwear.com\\\/hr\\\/\"},{\"@type\":\"ListItem\",\"position\":2,\"name\":\"Shop\",\"item\":\"https:\\\/\\\/authleticwear.com\\\/hr\\\/shop\\\/\"},{\"@type\":\"ListItem\",\"position\":3,\"name\":\"Aluna kratke tajice &#8211; Naran\u010dasta\"}]},{\"@type\":\"WebSite\",\"@id\":\"https:\\\/\\\/authleticwear.com\\\/hr\\\/#website\",\"url\":\"https:\\\/\\\/authleticwear.com\\\/hr\\\/\",\"name\":\"Authletic HR\",\"description\":\"I am Authentic. I am Athletic. I am Authletic.\",\"publisher\":{\"@id\":\"https:\\\/\\\/authleticwear.com\\\/hr\\\/#organization\"},\"potentialAction\":[{\"@type\":\"SearchAction\",\"target\":{\"@type\":\"EntryPoint\",\"urlTemplate\":\"https:\\\/\\\/authleticwear.com\\\/hr\\\/?s={search_term_string}\"},\"query-input\":{\"@type\":\"PropertyValueSpecification\",\"valueRequired\":true,\"valueName\":\"search_term_string\"}}],\"inLanguage\":\"hr\"},{\"@type\":\"Organization\",\"@id\":\"https:\\\/\\\/authleticwear.com\\\/hr\\\/#organization\",\"name\":\"Authletic HR\",\"url\":\"https:\\\/\\\/authleticwear.com\\\/hr\\\/\",\"logo\":{\"@type\":\"ImageObject\",\"inLanguage\":\"hr\",\"@id\":\"https:\\\/\\\/authleticwear.com\\\/hr\\\/#\\\/schema\\\/logo\\\/image\\\/\",\"url\":\"https:\\\/\\\/authleticwear.com\\\/hr\\\/wp-content\\\/uploads\\\/sites\\\/6\\\/2023\\\/11\\\/logo-web-authletic.svg\",\"contentUrl\":\"https:\\\/\\\/authleticwear.com\\\/hr\\\/wp-content\\\/uploads\\\/sites\\\/6\\\/2023\\\/11\\\/logo-web-authletic.svg\",\"caption\":\"Authletic HR\"},\"image\":{\"@id\":\"https:\\\/\\\/authleticwear.com\\\/hr\\\/#\\\/schema\\\/logo\\\/image\\\/\"},\"sameAs\":[\"https:\\\/\\\/facebook.com\\\/authletic\\\/\",\"https:\\\/\\\/instagram.com\\\/authleticwear\\\/\",\"https:\\\/\\\/tiktok.com\\\/@authletic\"]}]}<\/script>\n<!-- \/ Yoast SEO plugin. -->","yoast_head_json":{"title":"Aluna kratke tajice - Naran\u010dasta - Authletic HR","robots":{"index":"index","follow":"follow","max-snippet":"max-snippet:-1","max-image-preview":"max-image-preview:large","max-video-preview":"max-video-preview:-1"},"canonical":"https:\/\/authleticwear.com\/hr\/product\/aluna-kratke-tajice-narancasta\/","og_locale":"hr_HR","og_type":"article","og_title":"Aluna kratke tajice - Naran\u010dasta - Authletic HR","og_description":"Isprobajte na\u0161e Aluna kratke tajice. Ove tajice imaju nje\u017ean V \u0161av koji lagano nagla\u0161ava stra\u017enjicu. Materijal je pogodan za sve aktivnosti. Elasti\u010dni materijal obavija tijelo i struk, osiguravaju\u0107i potporu i udobnost. Detaljni zavr\u0161eci uklju\u010duju neu\u0161ivene rubove na bedrima, bez rubova i privla\u010dan dizajn 3D logotipa u istoj boji kao i tkanina, za diskretan i elegantan izgled.  Materijal: \u2013 77% poliester \u2013 23% elastan","og_url":"https:\/\/authleticwear.com\/hr\/product\/aluna-kratke-tajice-narancasta\/","og_site_name":"Authletic HR","article_publisher":"https:\/\/facebook.com\/authletic\/","article_modified_time":"2026-04-22T08:31:18+00:00","og_image":[{"width":1400,"height":2000,"url":"https:\/\/authleticwear.com\/hr\/wp-content\/uploads\/sites\/6\/2025\/01\/HR-ALUNA-LEGGINGS-orange-short.jpg","type":"image\/jpeg"}],"twitter_card":"summary_large_image","twitter_misc":{"Procijenjeno vrijeme \u010ditanja":"1 minuta"},"schema":{"@context":"https:\/\/schema.org","@graph":[{"@type":"WebPage","@id":"https:\/\/authleticwear.com\/hr\/product\/aluna-kratke-tajice-narancasta\/","url":"https:\/\/authleticwear.com\/hr\/product\/aluna-kratke-tajice-narancasta\/","name":"Aluna kratke tajice - Naran\u010dasta - Authletic HR","isPartOf":{"@id":"https:\/\/authleticwear.com\/hr\/#website"},"primaryImageOfPage":{"@id":"https:\/\/authleticwear.com\/hr\/product\/aluna-kratke-tajice-narancasta\/#primaryimage"},"image":{"@id":"https:\/\/authleticwear.com\/hr\/product\/aluna-kratke-tajice-narancasta\/#primaryimage"},"thumbnailUrl":"https:\/\/authleticwear.com\/hr\/wp-content\/uploads\/sites\/6\/2025\/01\/HR-ALUNA-LEGGINGS-orange-short.jpg","datePublished":"2024-07-26T08:01:03+00:00","dateModified":"2026-04-22T08:31:18+00:00","breadcrumb":{"@id":"https:\/\/authleticwear.com\/hr\/product\/aluna-kratke-tajice-narancasta\/#breadcrumb"},"inLanguage":"hr","potentialAction":[{"@type":"ReadAction","target":["https:\/\/authleticwear.com\/hr\/product\/aluna-kratke-tajice-narancasta\/"]}]},{"@type":"ImageObject","inLanguage":"hr","@id":"https:\/\/authleticwear.com\/hr\/product\/aluna-kratke-tajice-narancasta\/#primaryimage","url":"https:\/\/authleticwear.com\/hr\/wp-content\/uploads\/sites\/6\/2025\/01\/HR-ALUNA-LEGGINGS-orange-short.jpg","contentUrl":"https:\/\/authleticwear.com\/hr\/wp-content\/uploads\/sites\/6\/2025\/01\/HR-ALUNA-LEGGINGS-orange-short.jpg","width":1400,"height":2000},{"@type":"BreadcrumbList","@id":"https:\/\/authleticwear.com\/hr\/product\/aluna-kratke-tajice-narancasta\/#breadcrumb","itemListElement":[{"@type":"ListItem","position":1,"name":"Home","item":"https:\/\/authleticwear.com\/hr\/"},{"@type":"ListItem","position":2,"name":"Shop","item":"https:\/\/authleticwear.com\/hr\/shop\/"},{"@type":"ListItem","position":3,"name":"Aluna kratke tajice &#8211; Naran\u010dasta"}]},{"@type":"WebSite","@id":"https:\/\/authleticwear.com\/hr\/#website","url":"https:\/\/authleticwear.com\/hr\/","name":"Authletic HR","description":"I am Authentic. I am Athletic. I am Authletic.","publisher":{"@id":"https:\/\/authleticwear.com\/hr\/#organization"},"potentialAction":[{"@type":"SearchAction","target":{"@type":"EntryPoint","urlTemplate":"https:\/\/authleticwear.com\/hr\/?s={search_term_string}"},"query-input":{"@type":"PropertyValueSpecification","valueRequired":true,"valueName":"search_term_string"}}],"inLanguage":"hr"},{"@type":"Organization","@id":"https:\/\/authleticwear.com\/hr\/#organization","name":"Authletic HR","url":"https:\/\/authleticwear.com\/hr\/","logo":{"@type":"ImageObject","inLanguage":"hr","@id":"https:\/\/authleticwear.com\/hr\/#\/schema\/logo\/image\/","url":"https:\/\/authleticwear.com\/hr\/wp-content\/uploads\/sites\/6\/2023\/11\/logo-web-authletic.svg","contentUrl":"https:\/\/authleticwear.com\/hr\/wp-content\/uploads\/sites\/6\/2023\/11\/logo-web-authletic.svg","caption":"Authletic HR"},"image":{"@id":"https:\/\/authleticwear.com\/hr\/#\/schema\/logo\/image\/"},"sameAs":["https:\/\/facebook.com\/authletic\/","https:\/\/instagram.com\/authleticwear\/","https:\/\/tiktok.com\/@authletic"]}]}},"_links":{"self":[{"href":"https:\/\/authleticwear.com\/hr\/wp-json\/wp\/v2\/product\/1293","targetHints":{"allow":["GET"]}}],"collection":[{"href":"https:\/\/authleticwear.com\/hr\/wp-json\/wp\/v2\/product"}],"about":[{"href":"https:\/\/authleticwear.com\/hr\/wp-json\/wp\/v2\/types\/product"}],"replies":[{"embeddable":true,"href":"https:\/\/authleticwear.com\/hr\/wp-json\/wp\/v2\/comments?post=1293"}],"wp:featuredmedia":[{"embeddable":true,"href":"https:\/\/authleticwear.com\/hr\/wp-json\/wp\/v2\/media\/1903"}],"wp:attachment":[{"href":"https:\/\/authleticwear.com\/hr\/wp-json\/wp\/v2\/media?parent=1293"}],"wp:term":[{"taxonomy":"product_brand","embeddable":true,"href":"https:\/\/authleticwear.com\/hr\/wp-json\/wp\/v2\/product_brand?post=1293"},{"taxonomy":"product_cat","embeddable":true,"href":"https:\/\/authleticwear.com\/hr\/wp-json\/wp\/v2\/product_cat?post=1293"},{"taxonomy":"product_tag","embeddable":true,"href":"https:\/\/authleticwear.com\/hr\/wp-json\/wp\/v2\/product_tag?post=1293"}],"curies":[{"name":"wp","href":"https:\/\/api.w.org\/{rel}","templated":true}]}}