{"id":8980,"date":"2025-12-01T14:13:03","date_gmt":"2025-12-01T13:13:03","guid":{"rendered":"https:\/\/authleticwear.com\/cz\/?post_type=product&#038;p=8980"},"modified":"2026-04-26T09:17:38","modified_gmt":"2026-04-26T07:17:38","slug":"eve-comfort-balicek-leginy-tilko-cerna","status":"publish","type":"product","link":"https:\/\/authleticwear.com\/cz\/product\/eve-comfort-balicek-leginy-tilko-cerna\/","title":{"rendered":"Eve Comfort Bal\u00ed\u010dek (Leg\u00edny + T\u00edlko) &#8211; \u010cern\u00e1"},"content":{"rendered":"","protected":false},"excerpt":{"rendered":"<p>Na\u0161e &#8222;Eve Comfort rovn\u00e9 leg\u00edny&#8220; jsou vytvo\u0159en\u00e9 pro dny, kdy se chce\u0161 c\u00edtit maxim\u00e1ln\u011b pohodln\u011b, ale z\u00e1rove\u0148 upraven\u011b. Materi\u00e1l je m\u011bkk\u00fd, pru\u017en\u00fd a p\u0159\u00edjemn\u00fd na k\u016f\u017ei. Pohybuje se spolu s tebou a p\u0159izp\u016fsob\u00ed se ka\u017ed\u00e9mu tv\u00e9mu kroku. Uvoln\u011bn\u00fd rovn\u00fd st\u0159ih vytv\u00e1\u0159\u00ed jednoduch\u00fd, nenucen\u00fd look, kter\u00fd spojuje prakti\u010dnost, pohodl\u00ed a styl. Leg\u00edny ti zajist\u00ed komfort p\u0159i cvi\u010den\u00ed, za\u0159izov\u00e1n\u00ed v\u011bc\u00ed ve m\u011bst\u011b i p\u0159i klidn\u00e9m dni doma.<\/p>\n<p>Pokud hled\u00e1\u0161 leg\u00edny, kter\u00e9 spojuj\u00ed maxim\u00e1ln\u00ed pohodl\u00ed, volnost pohybu a modern\u00ed rovnou siluetu, &#8222;Eve Comfort rovn\u00e9 leg\u00edny&#8220; se velmi rychle stanou tv\u00fdm nov\u00fdm obl\u00edben\u00fdm kouskem na ka\u017ed\u00fd den.<\/p>\n<p>N\u00e1\u0161 \u201cEve Comfort t\u00edlko\u201d ti p\u0159in\u00e1\u0161\u00ed maxim\u00e1ln\u00ed pohodl\u00ed, jemnou oporu a m\u011bkk\u00fd, \u017eensk\u00fd vzhled. Materi\u00e1l je m\u011bkk\u00fd, pru\u017en\u00fd a p\u0159\u00edjemn\u00fd na poko\u017ece. Pohybuje se s tebou a p\u0159izp\u016fsob\u00ed se ka\u017ed\u00e9mu tv\u00e9mu pohybu. Hlubok\u00fd, elegantn\u00ed v\u00fdst\u0159ih dod\u00e1v\u00e1 topu styl a hod\u00ed se jak na tr\u00e9nink, tak na b\u011b\u017en\u00e9 no\u0161en\u00ed.<\/p>\n<p>V\u0161it\u00e1 podprsenka s vyj\u00edmateln\u00fdmi vycp\u00e1vkami poskytuje p\u0159irozenou oporu a minimum \u0161v\u016f vytv\u00e1\u0159\u00ed pocit, jako bys na sob\u011b skoro nic nem\u011bla. Pokud hled\u00e1\u0161 jemnost, pohodl\u00ed a top, kter\u00fd lichot\u00ed postav\u011b bez n\u00e1mahy, \u201cEve Comfort t\u00edlko\u201d je ide\u00e1ln\u00ed volba.<\/p>\n<p><strong>Materi\u00e1l:<br \/>\n<\/strong>\u2013 75% Nylon<br \/>\n\u2013 25% Elastan<\/p>\n","protected":false},"featured_media":8922,"comment_status":"open","ping_status":"closed","template":"","meta":{"_acf_changed":false,"bwfblock_default_font":"","inline_featured_image":false},"product_brand":[],"product_cat":[85,86,18,30,31],"product_tag":[79,87],"class_list":{"0":"post-8980","1":"product","2":"type-product","3":"status-publish","4":"has-post-thumbnail","6":"product_cat-bundle","7":"product_cat-eve","8":"product_cat-leggings","9":"product_cat-tops","10":"product_cat-casual","11":"product_tag-atest","12":"product_tag-komfort","14":"first","15":"instock","16":"sale","17":"featured","18":"shipping-taxable","19":"purchasable","20":"product-type-woosb"},"acf":[],"yoast_head":"<!-- This site is optimized with the Yoast SEO plugin v27.4 - https:\/\/yoast.com\/product\/yoast-seo-wordpress\/ -->\n<title>Eve Comfort Bal\u00ed\u010dek (Leg\u00edny + T\u00edlko) - \u010cern\u00e1 - Authletic CZ<\/title>\n<meta name=\"robots\" content=\"index, follow, max-snippet:-1, max-image-preview:large, max-video-preview:-1\" \/>\n<link rel=\"canonical\" href=\"https:\/\/authleticwear.com\/cz\/product\/eve-comfort-balicek-leginy-tilko-cerna\/\" \/>\n<meta property=\"og:locale\" content=\"cs_CZ\" \/>\n<meta property=\"og:type\" content=\"article\" \/>\n<meta property=\"og:title\" content=\"Eve Comfort Bal\u00ed\u010dek (Leg\u00edny + T\u00edlko) - \u010cern\u00e1 - Authletic CZ\" \/>\n<meta property=\"og:description\" content=\"Na\u0161e &quot;Eve Comfort rovn\u00e9 leg\u00edny&quot; jsou vytvo\u0159en\u00e9 pro dny, kdy se chce\u0161 c\u00edtit maxim\u00e1ln\u011b pohodln\u011b, ale z\u00e1rove\u0148 upraven\u011b. Materi\u00e1l je m\u011bkk\u00fd, pru\u017en\u00fd a p\u0159\u00edjemn\u00fd na k\u016f\u017ei. Pohybuje se spolu s tebou a p\u0159izp\u016fsob\u00ed se ka\u017ed\u00e9mu tv\u00e9mu kroku. Uvoln\u011bn\u00fd rovn\u00fd st\u0159ih vytv\u00e1\u0159\u00ed jednoduch\u00fd, nenucen\u00fd look, kter\u00fd spojuje prakti\u010dnost, pohodl\u00ed a styl. Leg\u00edny ti zajist\u00ed komfort p\u0159i cvi\u010den\u00ed, za\u0159izov\u00e1n\u00ed v\u011bc\u00ed ve m\u011bst\u011b i p\u0159i klidn\u00e9m dni doma.  Pokud hled\u00e1\u0161 leg\u00edny, kter\u00e9 spojuj\u00ed maxim\u00e1ln\u00ed pohodl\u00ed, volnost pohybu a modern\u00ed rovnou siluetu, &quot;Eve Comfort rovn\u00e9 leg\u00edny&quot; se velmi rychle stanou tv\u00fdm nov\u00fdm obl\u00edben\u00fdm kouskem na ka\u017ed\u00fd den.  N\u00e1\u0161 \u201cEve Comfort t\u00edlko\u201d ti p\u0159in\u00e1\u0161\u00ed maxim\u00e1ln\u00ed pohodl\u00ed, jemnou oporu a m\u011bkk\u00fd, \u017eensk\u00fd vzhled. Materi\u00e1l je m\u011bkk\u00fd, pru\u017en\u00fd a p\u0159\u00edjemn\u00fd na poko\u017ece. Pohybuje se s tebou a p\u0159izp\u016fsob\u00ed se ka\u017ed\u00e9mu tv\u00e9mu pohybu. Hlubok\u00fd, elegantn\u00ed v\u00fdst\u0159ih dod\u00e1v\u00e1 topu styl a hod\u00ed se jak na tr\u00e9nink, tak na b\u011b\u017en\u00e9 no\u0161en\u00ed.  V\u0161it\u00e1 podprsenka s vyj\u00edmateln\u00fdmi vycp\u00e1vkami poskytuje p\u0159irozenou oporu a minimum \u0161v\u016f vytv\u00e1\u0159\u00ed pocit, jako bys na sob\u011b skoro nic nem\u011bla. Pokud hled\u00e1\u0161 jemnost, pohodl\u00ed a top, kter\u00fd lichot\u00ed postav\u011b bez n\u00e1mahy, \u201cEve Comfort t\u00edlko\u201d je ide\u00e1ln\u00ed volba.   Materi\u00e1l: \u2013 75% Nylon \u2013 25% Elastan\" \/>\n<meta property=\"og:url\" content=\"https:\/\/authleticwear.com\/cz\/product\/eve-comfort-balicek-leginy-tilko-cerna\/\" \/>\n<meta property=\"og:site_name\" content=\"Authletic CZ\" \/>\n<meta property=\"article:publisher\" content=\"https:\/\/facebook.com\/authletic\/\" \/>\n<meta property=\"article:modified_time\" content=\"2026-04-26T07:17:38+00:00\" \/>\n<meta property=\"og:image\" content=\"https:\/\/authleticwear.com\/cz\/wp-content\/uploads\/sites\/3\/2025\/11\/Black-EVE-bottom-5-scaled.jpg\" \/>\n\t<meta property=\"og:image:width\" content=\"1792\" \/>\n\t<meta property=\"og:image:height\" content=\"2560\" \/>\n\t<meta property=\"og:image:type\" content=\"image\/jpeg\" \/>\n<meta name=\"twitter:card\" content=\"summary_large_image\" \/>\n<meta name=\"twitter:label1\" content=\"Odhadovan\u00e1 doba \u010dten\u00ed\" \/>\n\t<meta name=\"twitter:data1\" content=\"1 minuta\" \/>\n<script type=\"application\/ld+json\" class=\"yoast-schema-graph\">{\"@context\":\"https:\\\/\\\/schema.org\",\"@graph\":[{\"@type\":\"WebPage\",\"@id\":\"https:\\\/\\\/authleticwear.com\\\/cz\\\/product\\\/eve-comfort-balicek-leginy-tilko-cerna\\\/\",\"url\":\"https:\\\/\\\/authleticwear.com\\\/cz\\\/product\\\/eve-comfort-balicek-leginy-tilko-cerna\\\/\",\"name\":\"Eve Comfort Bal\u00ed\u010dek (Leg\u00edny + T\u00edlko) - \u010cern\u00e1 - Authletic CZ\",\"isPartOf\":{\"@id\":\"https:\\\/\\\/authleticwear.com\\\/cz\\\/#website\"},\"primaryImageOfPage\":{\"@id\":\"https:\\\/\\\/authleticwear.com\\\/cz\\\/product\\\/eve-comfort-balicek-leginy-tilko-cerna\\\/#primaryimage\"},\"image\":{\"@id\":\"https:\\\/\\\/authleticwear.com\\\/cz\\\/product\\\/eve-comfort-balicek-leginy-tilko-cerna\\\/#primaryimage\"},\"thumbnailUrl\":\"https:\\\/\\\/authleticwear.com\\\/cz\\\/wp-content\\\/uploads\\\/sites\\\/3\\\/2025\\\/11\\\/Black-EVE-bottom-5-scaled.jpg\",\"datePublished\":\"2025-12-01T13:13:03+00:00\",\"dateModified\":\"2026-04-26T07:17:38+00:00\",\"breadcrumb\":{\"@id\":\"https:\\\/\\\/authleticwear.com\\\/cz\\\/product\\\/eve-comfort-balicek-leginy-tilko-cerna\\\/#breadcrumb\"},\"inLanguage\":\"cs\",\"potentialAction\":[{\"@type\":\"ReadAction\",\"target\":[\"https:\\\/\\\/authleticwear.com\\\/cz\\\/product\\\/eve-comfort-balicek-leginy-tilko-cerna\\\/\"]}]},{\"@type\":\"ImageObject\",\"inLanguage\":\"cs\",\"@id\":\"https:\\\/\\\/authleticwear.com\\\/cz\\\/product\\\/eve-comfort-balicek-leginy-tilko-cerna\\\/#primaryimage\",\"url\":\"https:\\\/\\\/authleticwear.com\\\/cz\\\/wp-content\\\/uploads\\\/sites\\\/3\\\/2025\\\/11\\\/Black-EVE-bottom-5-scaled.jpg\",\"contentUrl\":\"https:\\\/\\\/authleticwear.com\\\/cz\\\/wp-content\\\/uploads\\\/sites\\\/3\\\/2025\\\/11\\\/Black-EVE-bottom-5-scaled.jpg\",\"width\":1792,\"height\":2560},{\"@type\":\"BreadcrumbList\",\"@id\":\"https:\\\/\\\/authleticwear.com\\\/cz\\\/product\\\/eve-comfort-balicek-leginy-tilko-cerna\\\/#breadcrumb\",\"itemListElement\":[{\"@type\":\"ListItem\",\"position\":1,\"name\":\"Home\",\"item\":\"https:\\\/\\\/authleticwear.com\\\/cz\\\/\"},{\"@type\":\"ListItem\",\"position\":2,\"name\":\"Shop\",\"item\":\"https:\\\/\\\/authleticwear.com\\\/cz\\\/shop\\\/\"},{\"@type\":\"ListItem\",\"position\":3,\"name\":\"Eve Comfort Bal\u00ed\u010dek (Leg\u00edny + T\u00edlko) &#8211; \u010cern\u00e1\"}]},{\"@type\":\"WebSite\",\"@id\":\"https:\\\/\\\/authleticwear.com\\\/cz\\\/#website\",\"url\":\"https:\\\/\\\/authleticwear.com\\\/cz\\\/\",\"name\":\"Authletic CZ\",\"description\":\"I am Authentic. I am Athletic. I am Authletic.\",\"publisher\":{\"@id\":\"https:\\\/\\\/authleticwear.com\\\/cz\\\/#organization\"},\"potentialAction\":[{\"@type\":\"SearchAction\",\"target\":{\"@type\":\"EntryPoint\",\"urlTemplate\":\"https:\\\/\\\/authleticwear.com\\\/cz\\\/?s={search_term_string}\"},\"query-input\":{\"@type\":\"PropertyValueSpecification\",\"valueRequired\":true,\"valueName\":\"search_term_string\"}}],\"inLanguage\":\"cs\"},{\"@type\":\"Organization\",\"@id\":\"https:\\\/\\\/authleticwear.com\\\/cz\\\/#organization\",\"name\":\"Authletic CZ\",\"url\":\"https:\\\/\\\/authleticwear.com\\\/cz\\\/\",\"logo\":{\"@type\":\"ImageObject\",\"inLanguage\":\"cs\",\"@id\":\"https:\\\/\\\/authleticwear.com\\\/cz\\\/#\\\/schema\\\/logo\\\/image\\\/\",\"url\":\"https:\\\/\\\/authleticwear.com\\\/cz\\\/wp-content\\\/uploads\\\/sites\\\/3\\\/2023\\\/11\\\/logo-web-authletic.svg\",\"contentUrl\":\"https:\\\/\\\/authleticwear.com\\\/cz\\\/wp-content\\\/uploads\\\/sites\\\/3\\\/2023\\\/11\\\/logo-web-authletic.svg\",\"caption\":\"Authletic CZ\"},\"image\":{\"@id\":\"https:\\\/\\\/authleticwear.com\\\/cz\\\/#\\\/schema\\\/logo\\\/image\\\/\"},\"sameAs\":[\"https:\\\/\\\/facebook.com\\\/authletic\\\/\",\"https:\\\/\\\/instagram.com\\\/authleticwear\\\/\",\"https:\\\/\\\/tiktok.com\\\/@authletic\"]}]}<\/script>\n<!-- \/ Yoast SEO plugin. -->","yoast_head_json":{"title":"Eve Comfort Bal\u00ed\u010dek (Leg\u00edny + T\u00edlko) - \u010cern\u00e1 - Authletic CZ","robots":{"index":"index","follow":"follow","max-snippet":"max-snippet:-1","max-image-preview":"max-image-preview:large","max-video-preview":"max-video-preview:-1"},"canonical":"https:\/\/authleticwear.com\/cz\/product\/eve-comfort-balicek-leginy-tilko-cerna\/","og_locale":"cs_CZ","og_type":"article","og_title":"Eve Comfort Bal\u00ed\u010dek (Leg\u00edny + T\u00edlko) - \u010cern\u00e1 - Authletic CZ","og_description":"Na\u0161e \"Eve Comfort rovn\u00e9 leg\u00edny\" jsou vytvo\u0159en\u00e9 pro dny, kdy se chce\u0161 c\u00edtit maxim\u00e1ln\u011b pohodln\u011b, ale z\u00e1rove\u0148 upraven\u011b. Materi\u00e1l je m\u011bkk\u00fd, pru\u017en\u00fd a p\u0159\u00edjemn\u00fd na k\u016f\u017ei. Pohybuje se spolu s tebou a p\u0159izp\u016fsob\u00ed se ka\u017ed\u00e9mu tv\u00e9mu kroku. Uvoln\u011bn\u00fd rovn\u00fd st\u0159ih vytv\u00e1\u0159\u00ed jednoduch\u00fd, nenucen\u00fd look, kter\u00fd spojuje prakti\u010dnost, pohodl\u00ed a styl. Leg\u00edny ti zajist\u00ed komfort p\u0159i cvi\u010den\u00ed, za\u0159izov\u00e1n\u00ed v\u011bc\u00ed ve m\u011bst\u011b i p\u0159i klidn\u00e9m dni doma.  Pokud hled\u00e1\u0161 leg\u00edny, kter\u00e9 spojuj\u00ed maxim\u00e1ln\u00ed pohodl\u00ed, volnost pohybu a modern\u00ed rovnou siluetu, \"Eve Comfort rovn\u00e9 leg\u00edny\" se velmi rychle stanou tv\u00fdm nov\u00fdm obl\u00edben\u00fdm kouskem na ka\u017ed\u00fd den.  N\u00e1\u0161 \u201cEve Comfort t\u00edlko\u201d ti p\u0159in\u00e1\u0161\u00ed maxim\u00e1ln\u00ed pohodl\u00ed, jemnou oporu a m\u011bkk\u00fd, \u017eensk\u00fd vzhled. Materi\u00e1l je m\u011bkk\u00fd, pru\u017en\u00fd a p\u0159\u00edjemn\u00fd na poko\u017ece. Pohybuje se s tebou a p\u0159izp\u016fsob\u00ed se ka\u017ed\u00e9mu tv\u00e9mu pohybu. Hlubok\u00fd, elegantn\u00ed v\u00fdst\u0159ih dod\u00e1v\u00e1 topu styl a hod\u00ed se jak na tr\u00e9nink, tak na b\u011b\u017en\u00e9 no\u0161en\u00ed.  V\u0161it\u00e1 podprsenka s vyj\u00edmateln\u00fdmi vycp\u00e1vkami poskytuje p\u0159irozenou oporu a minimum \u0161v\u016f vytv\u00e1\u0159\u00ed pocit, jako bys na sob\u011b skoro nic nem\u011bla. Pokud hled\u00e1\u0161 jemnost, pohodl\u00ed a top, kter\u00fd lichot\u00ed postav\u011b bez n\u00e1mahy, \u201cEve Comfort t\u00edlko\u201d je ide\u00e1ln\u00ed volba.   Materi\u00e1l: \u2013 75% Nylon \u2013 25% Elastan","og_url":"https:\/\/authleticwear.com\/cz\/product\/eve-comfort-balicek-leginy-tilko-cerna\/","og_site_name":"Authletic CZ","article_publisher":"https:\/\/facebook.com\/authletic\/","article_modified_time":"2026-04-26T07:17:38+00:00","og_image":[{"width":1792,"height":2560,"url":"https:\/\/authleticwear.com\/cz\/wp-content\/uploads\/sites\/3\/2025\/11\/Black-EVE-bottom-5-scaled.jpg","type":"image\/jpeg"}],"twitter_card":"summary_large_image","twitter_misc":{"Odhadovan\u00e1 doba \u010dten\u00ed":"1 minuta"},"schema":{"@context":"https:\/\/schema.org","@graph":[{"@type":"WebPage","@id":"https:\/\/authleticwear.com\/cz\/product\/eve-comfort-balicek-leginy-tilko-cerna\/","url":"https:\/\/authleticwear.com\/cz\/product\/eve-comfort-balicek-leginy-tilko-cerna\/","name":"Eve Comfort Bal\u00ed\u010dek (Leg\u00edny + T\u00edlko) - \u010cern\u00e1 - Authletic CZ","isPartOf":{"@id":"https:\/\/authleticwear.com\/cz\/#website"},"primaryImageOfPage":{"@id":"https:\/\/authleticwear.com\/cz\/product\/eve-comfort-balicek-leginy-tilko-cerna\/#primaryimage"},"image":{"@id":"https:\/\/authleticwear.com\/cz\/product\/eve-comfort-balicek-leginy-tilko-cerna\/#primaryimage"},"thumbnailUrl":"https:\/\/authleticwear.com\/cz\/wp-content\/uploads\/sites\/3\/2025\/11\/Black-EVE-bottom-5-scaled.jpg","datePublished":"2025-12-01T13:13:03+00:00","dateModified":"2026-04-26T07:17:38+00:00","breadcrumb":{"@id":"https:\/\/authleticwear.com\/cz\/product\/eve-comfort-balicek-leginy-tilko-cerna\/#breadcrumb"},"inLanguage":"cs","potentialAction":[{"@type":"ReadAction","target":["https:\/\/authleticwear.com\/cz\/product\/eve-comfort-balicek-leginy-tilko-cerna\/"]}]},{"@type":"ImageObject","inLanguage":"cs","@id":"https:\/\/authleticwear.com\/cz\/product\/eve-comfort-balicek-leginy-tilko-cerna\/#primaryimage","url":"https:\/\/authleticwear.com\/cz\/wp-content\/uploads\/sites\/3\/2025\/11\/Black-EVE-bottom-5-scaled.jpg","contentUrl":"https:\/\/authleticwear.com\/cz\/wp-content\/uploads\/sites\/3\/2025\/11\/Black-EVE-bottom-5-scaled.jpg","width":1792,"height":2560},{"@type":"BreadcrumbList","@id":"https:\/\/authleticwear.com\/cz\/product\/eve-comfort-balicek-leginy-tilko-cerna\/#breadcrumb","itemListElement":[{"@type":"ListItem","position":1,"name":"Home","item":"https:\/\/authleticwear.com\/cz\/"},{"@type":"ListItem","position":2,"name":"Shop","item":"https:\/\/authleticwear.com\/cz\/shop\/"},{"@type":"ListItem","position":3,"name":"Eve Comfort Bal\u00ed\u010dek (Leg\u00edny + T\u00edlko) &#8211; \u010cern\u00e1"}]},{"@type":"WebSite","@id":"https:\/\/authleticwear.com\/cz\/#website","url":"https:\/\/authleticwear.com\/cz\/","name":"Authletic CZ","description":"I am Authentic. I am Athletic. I am Authletic.","publisher":{"@id":"https:\/\/authleticwear.com\/cz\/#organization"},"potentialAction":[{"@type":"SearchAction","target":{"@type":"EntryPoint","urlTemplate":"https:\/\/authleticwear.com\/cz\/?s={search_term_string}"},"query-input":{"@type":"PropertyValueSpecification","valueRequired":true,"valueName":"search_term_string"}}],"inLanguage":"cs"},{"@type":"Organization","@id":"https:\/\/authleticwear.com\/cz\/#organization","name":"Authletic CZ","url":"https:\/\/authleticwear.com\/cz\/","logo":{"@type":"ImageObject","inLanguage":"cs","@id":"https:\/\/authleticwear.com\/cz\/#\/schema\/logo\/image\/","url":"https:\/\/authleticwear.com\/cz\/wp-content\/uploads\/sites\/3\/2023\/11\/logo-web-authletic.svg","contentUrl":"https:\/\/authleticwear.com\/cz\/wp-content\/uploads\/sites\/3\/2023\/11\/logo-web-authletic.svg","caption":"Authletic CZ"},"image":{"@id":"https:\/\/authleticwear.com\/cz\/#\/schema\/logo\/image\/"},"sameAs":["https:\/\/facebook.com\/authletic\/","https:\/\/instagram.com\/authleticwear\/","https:\/\/tiktok.com\/@authletic"]}]}},"_links":{"self":[{"href":"https:\/\/authleticwear.com\/cz\/wp-json\/wp\/v2\/product\/8980","targetHints":{"allow":["GET"]}}],"collection":[{"href":"https:\/\/authleticwear.com\/cz\/wp-json\/wp\/v2\/product"}],"about":[{"href":"https:\/\/authleticwear.com\/cz\/wp-json\/wp\/v2\/types\/product"}],"replies":[{"embeddable":true,"href":"https:\/\/authleticwear.com\/cz\/wp-json\/wp\/v2\/comments?post=8980"}],"wp:featuredmedia":[{"embeddable":true,"href":"https:\/\/authleticwear.com\/cz\/wp-json\/wp\/v2\/media\/8922"}],"wp:attachment":[{"href":"https:\/\/authleticwear.com\/cz\/wp-json\/wp\/v2\/media?parent=8980"}],"wp:term":[{"taxonomy":"product_brand","embeddable":true,"href":"https:\/\/authleticwear.com\/cz\/wp-json\/wp\/v2\/product_brand?post=8980"},{"taxonomy":"product_cat","embeddable":true,"href":"https:\/\/authleticwear.com\/cz\/wp-json\/wp\/v2\/product_cat?post=8980"},{"taxonomy":"product_tag","embeddable":true,"href":"https:\/\/authleticwear.com\/cz\/wp-json\/wp\/v2\/product_tag?post=8980"}],"curies":[{"name":"wp","href":"https:\/\/api.w.org\/{rel}","templated":true}]}}