{"id":8868,"date":"2025-11-30T10:23:11","date_gmt":"2025-11-30T09:23:11","guid":{"rendered":"https:\/\/authleticwear.com\/cz\/?post_type=product&#038;p=8868"},"modified":"2026-04-26T15:04:01","modified_gmt":"2026-04-26T13:04:01","slug":"eve-comfort-tilko-cerna","status":"publish","type":"product","link":"https:\/\/authleticwear.com\/cz\/product\/eve-comfort-tilko-cerna\/","title":{"rendered":"Eve Comfort t\u00edlko &#8211; \u010cern\u00e1"},"content":{"rendered":"","protected":false},"excerpt":{"rendered":"<p>N\u00e1\u0161 \u201cEve Comfort t\u00edlko\u201d ti p\u0159in\u00e1\u0161\u00ed maxim\u00e1ln\u00ed pohodl\u00ed, jemnou oporu a m\u011bkk\u00fd, \u017eensk\u00fd vzhled. Materi\u00e1l je m\u011bkk\u00fd, pru\u017en\u00fd a p\u0159\u00edjemn\u00fd na poko\u017ece. Pohybuje se s tebou a p\u0159izp\u016fsob\u00ed se ka\u017ed\u00e9mu tv\u00e9mu pohybu. Hlubok\u00fd, elegantn\u00ed v\u00fdst\u0159ih dod\u00e1v\u00e1 topu styl a hod\u00ed se jak na tr\u00e9nink, tak na b\u011b\u017en\u00e9 no\u0161en\u00ed.<\/p>\n<p>V\u0161it\u00e1 podprsenka s vyj\u00edmateln\u00fdmi vycp\u00e1vkami poskytuje p\u0159irozenou oporu a minimum \u0161v\u016f vytv\u00e1\u0159\u00ed pocit, jako bys na sob\u011b skoro nic nem\u011bla. Pokud hled\u00e1\u0161 jemnost, pohodl\u00ed a top, kter\u00fd lichot\u00ed postav\u011b bez n\u00e1mahy, \u201cEve Comfort t\u00edlko\u201d je ide\u00e1ln\u00ed volba.<\/p>\n<p><strong>Materi\u00e1l:<br \/>\n<\/strong>\u2013 75% Nylon<br \/>\n\u2013 25% Elastan<\/p>\n","protected":false},"featured_media":8860,"comment_status":"open","ping_status":"closed","template":"","meta":{"_acf_changed":false,"bwfblock_default_font":"","inline_featured_image":false},"product_brand":[],"product_cat":[86,30,31],"product_tag":[87],"class_list":{"0":"post-8868","1":"product","2":"type-product","3":"status-publish","4":"has-post-thumbnail","6":"product_cat-eve","7":"product_cat-tops","8":"product_cat-casual","9":"product_tag-komfort","11":"first","12":"instock","13":"featured","14":"shipping-taxable","15":"purchasable","16":"product-type-variable","17":"has-default-attributes","18":"wvs-archive-product-wrapper"},"acf":[],"yoast_head":"<!-- This site is optimized with the Yoast SEO plugin v27.4 - https:\/\/yoast.com\/product\/yoast-seo-wordpress\/ -->\n<title>Eve Comfort t\u00edlko - \u010cern\u00e1 - Authletic CZ<\/title>\n<meta name=\"robots\" content=\"index, follow, max-snippet:-1, max-image-preview:large, max-video-preview:-1\" \/>\n<link rel=\"canonical\" href=\"https:\/\/authleticwear.com\/cz\/product\/eve-comfort-tilko-cerna\/\" \/>\n<meta property=\"og:locale\" content=\"cs_CZ\" \/>\n<meta property=\"og:type\" content=\"article\" \/>\n<meta property=\"og:title\" content=\"Eve Comfort t\u00edlko - \u010cern\u00e1 - Authletic CZ\" \/>\n<meta property=\"og:description\" content=\"N\u00e1\u0161 \u201cEve Comfort t\u00edlko\u201d ti p\u0159in\u00e1\u0161\u00ed maxim\u00e1ln\u00ed pohodl\u00ed, jemnou oporu a m\u011bkk\u00fd, \u017eensk\u00fd vzhled. Materi\u00e1l je m\u011bkk\u00fd, pru\u017en\u00fd a p\u0159\u00edjemn\u00fd na poko\u017ece. Pohybuje se s tebou a p\u0159izp\u016fsob\u00ed se ka\u017ed\u00e9mu tv\u00e9mu pohybu. Hlubok\u00fd, elegantn\u00ed v\u00fdst\u0159ih dod\u00e1v\u00e1 topu styl a hod\u00ed se jak na tr\u00e9nink, tak na b\u011b\u017en\u00e9 no\u0161en\u00ed.  V\u0161it\u00e1 podprsenka s vyj\u00edmateln\u00fdmi vycp\u00e1vkami poskytuje p\u0159irozenou oporu a minimum \u0161v\u016f vytv\u00e1\u0159\u00ed pocit, jako bys na sob\u011b skoro nic nem\u011bla. Pokud hled\u00e1\u0161 jemnost, pohodl\u00ed a top, kter\u00fd lichot\u00ed postav\u011b bez n\u00e1mahy, \u201cEve Comfort t\u00edlko\u201d je ide\u00e1ln\u00ed volba.  Materi\u00e1l: \u2013 75% Nylon \u2013 25% Elastan\" \/>\n<meta property=\"og:url\" content=\"https:\/\/authleticwear.com\/cz\/product\/eve-comfort-tilko-cerna\/\" \/>\n<meta property=\"og:site_name\" content=\"Authletic CZ\" \/>\n<meta property=\"article:publisher\" content=\"https:\/\/facebook.com\/authletic\/\" \/>\n<meta property=\"article:modified_time\" content=\"2026-04-26T13:04:01+00:00\" \/>\n<meta property=\"og:image\" content=\"https:\/\/authleticwear.com\/cz\/wp-content\/uploads\/sites\/3\/2025\/11\/CZ-EVE-BLACK-TANK-TOP-DETAILS.jpg\" \/>\n\t<meta property=\"og:image:width\" content=\"1400\" \/>\n\t<meta property=\"og:image:height\" content=\"2000\" \/>\n\t<meta property=\"og:image:type\" content=\"image\/jpeg\" \/>\n<meta name=\"twitter:card\" content=\"summary_large_image\" \/>\n<meta name=\"twitter:label1\" content=\"Odhadovan\u00e1 doba \u010dten\u00ed\" \/>\n\t<meta name=\"twitter:data1\" content=\"1 minuta\" \/>\n<script type=\"application\/ld+json\" class=\"yoast-schema-graph\">{\"@context\":\"https:\\\/\\\/schema.org\",\"@graph\":[{\"@type\":\"WebPage\",\"@id\":\"https:\\\/\\\/authleticwear.com\\\/cz\\\/product\\\/eve-comfort-tilko-cerna\\\/\",\"url\":\"https:\\\/\\\/authleticwear.com\\\/cz\\\/product\\\/eve-comfort-tilko-cerna\\\/\",\"name\":\"Eve Comfort t\u00edlko - \u010cern\u00e1 - Authletic CZ\",\"isPartOf\":{\"@id\":\"https:\\\/\\\/authleticwear.com\\\/cz\\\/#website\"},\"primaryImageOfPage\":{\"@id\":\"https:\\\/\\\/authleticwear.com\\\/cz\\\/product\\\/eve-comfort-tilko-cerna\\\/#primaryimage\"},\"image\":{\"@id\":\"https:\\\/\\\/authleticwear.com\\\/cz\\\/product\\\/eve-comfort-tilko-cerna\\\/#primaryimage\"},\"thumbnailUrl\":\"https:\\\/\\\/authleticwear.com\\\/cz\\\/wp-content\\\/uploads\\\/sites\\\/3\\\/2025\\\/11\\\/CZ-EVE-BLACK-TANK-TOP-DETAILS.jpg\",\"datePublished\":\"2025-11-30T09:23:11+00:00\",\"dateModified\":\"2026-04-26T13:04:01+00:00\",\"breadcrumb\":{\"@id\":\"https:\\\/\\\/authleticwear.com\\\/cz\\\/product\\\/eve-comfort-tilko-cerna\\\/#breadcrumb\"},\"inLanguage\":\"cs\",\"potentialAction\":[{\"@type\":\"ReadAction\",\"target\":[\"https:\\\/\\\/authleticwear.com\\\/cz\\\/product\\\/eve-comfort-tilko-cerna\\\/\"]}]},{\"@type\":\"ImageObject\",\"inLanguage\":\"cs\",\"@id\":\"https:\\\/\\\/authleticwear.com\\\/cz\\\/product\\\/eve-comfort-tilko-cerna\\\/#primaryimage\",\"url\":\"https:\\\/\\\/authleticwear.com\\\/cz\\\/wp-content\\\/uploads\\\/sites\\\/3\\\/2025\\\/11\\\/CZ-EVE-BLACK-TANK-TOP-DETAILS.jpg\",\"contentUrl\":\"https:\\\/\\\/authleticwear.com\\\/cz\\\/wp-content\\\/uploads\\\/sites\\\/3\\\/2025\\\/11\\\/CZ-EVE-BLACK-TANK-TOP-DETAILS.jpg\",\"width\":1400,\"height\":2000},{\"@type\":\"BreadcrumbList\",\"@id\":\"https:\\\/\\\/authleticwear.com\\\/cz\\\/product\\\/eve-comfort-tilko-cerna\\\/#breadcrumb\",\"itemListElement\":[{\"@type\":\"ListItem\",\"position\":1,\"name\":\"Home\",\"item\":\"https:\\\/\\\/authleticwear.com\\\/cz\\\/\"},{\"@type\":\"ListItem\",\"position\":2,\"name\":\"Shop\",\"item\":\"https:\\\/\\\/authleticwear.com\\\/cz\\\/shop\\\/\"},{\"@type\":\"ListItem\",\"position\":3,\"name\":\"Eve Comfort t\u00edlko &#8211; \u010cern\u00e1\"}]},{\"@type\":\"WebSite\",\"@id\":\"https:\\\/\\\/authleticwear.com\\\/cz\\\/#website\",\"url\":\"https:\\\/\\\/authleticwear.com\\\/cz\\\/\",\"name\":\"Authletic CZ\",\"description\":\"I am Authentic. I am Athletic. I am Authletic.\",\"publisher\":{\"@id\":\"https:\\\/\\\/authleticwear.com\\\/cz\\\/#organization\"},\"potentialAction\":[{\"@type\":\"SearchAction\",\"target\":{\"@type\":\"EntryPoint\",\"urlTemplate\":\"https:\\\/\\\/authleticwear.com\\\/cz\\\/?s={search_term_string}\"},\"query-input\":{\"@type\":\"PropertyValueSpecification\",\"valueRequired\":true,\"valueName\":\"search_term_string\"}}],\"inLanguage\":\"cs\"},{\"@type\":\"Organization\",\"@id\":\"https:\\\/\\\/authleticwear.com\\\/cz\\\/#organization\",\"name\":\"Authletic CZ\",\"url\":\"https:\\\/\\\/authleticwear.com\\\/cz\\\/\",\"logo\":{\"@type\":\"ImageObject\",\"inLanguage\":\"cs\",\"@id\":\"https:\\\/\\\/authleticwear.com\\\/cz\\\/#\\\/schema\\\/logo\\\/image\\\/\",\"url\":\"https:\\\/\\\/authleticwear.com\\\/cz\\\/wp-content\\\/uploads\\\/sites\\\/3\\\/2023\\\/11\\\/logo-web-authletic.svg\",\"contentUrl\":\"https:\\\/\\\/authleticwear.com\\\/cz\\\/wp-content\\\/uploads\\\/sites\\\/3\\\/2023\\\/11\\\/logo-web-authletic.svg\",\"caption\":\"Authletic CZ\"},\"image\":{\"@id\":\"https:\\\/\\\/authleticwear.com\\\/cz\\\/#\\\/schema\\\/logo\\\/image\\\/\"},\"sameAs\":[\"https:\\\/\\\/facebook.com\\\/authletic\\\/\",\"https:\\\/\\\/instagram.com\\\/authleticwear\\\/\",\"https:\\\/\\\/tiktok.com\\\/@authletic\"]}]}<\/script>\n<!-- \/ Yoast SEO plugin. -->","yoast_head_json":{"title":"Eve Comfort t\u00edlko - \u010cern\u00e1 - Authletic CZ","robots":{"index":"index","follow":"follow","max-snippet":"max-snippet:-1","max-image-preview":"max-image-preview:large","max-video-preview":"max-video-preview:-1"},"canonical":"https:\/\/authleticwear.com\/cz\/product\/eve-comfort-tilko-cerna\/","og_locale":"cs_CZ","og_type":"article","og_title":"Eve Comfort t\u00edlko - \u010cern\u00e1 - Authletic CZ","og_description":"N\u00e1\u0161 \u201cEve Comfort t\u00edlko\u201d ti p\u0159in\u00e1\u0161\u00ed maxim\u00e1ln\u00ed pohodl\u00ed, jemnou oporu a m\u011bkk\u00fd, \u017eensk\u00fd vzhled. Materi\u00e1l je m\u011bkk\u00fd, pru\u017en\u00fd a p\u0159\u00edjemn\u00fd na poko\u017ece. Pohybuje se s tebou a p\u0159izp\u016fsob\u00ed se ka\u017ed\u00e9mu tv\u00e9mu pohybu. Hlubok\u00fd, elegantn\u00ed v\u00fdst\u0159ih dod\u00e1v\u00e1 topu styl a hod\u00ed se jak na tr\u00e9nink, tak na b\u011b\u017en\u00e9 no\u0161en\u00ed.  V\u0161it\u00e1 podprsenka s vyj\u00edmateln\u00fdmi vycp\u00e1vkami poskytuje p\u0159irozenou oporu a minimum \u0161v\u016f vytv\u00e1\u0159\u00ed pocit, jako bys na sob\u011b skoro nic nem\u011bla. Pokud hled\u00e1\u0161 jemnost, pohodl\u00ed a top, kter\u00fd lichot\u00ed postav\u011b bez n\u00e1mahy, \u201cEve Comfort t\u00edlko\u201d je ide\u00e1ln\u00ed volba.  Materi\u00e1l: \u2013 75% Nylon \u2013 25% Elastan","og_url":"https:\/\/authleticwear.com\/cz\/product\/eve-comfort-tilko-cerna\/","og_site_name":"Authletic CZ","article_publisher":"https:\/\/facebook.com\/authletic\/","article_modified_time":"2026-04-26T13:04:01+00:00","og_image":[{"width":1400,"height":2000,"url":"https:\/\/authleticwear.com\/cz\/wp-content\/uploads\/sites\/3\/2025\/11\/CZ-EVE-BLACK-TANK-TOP-DETAILS.jpg","type":"image\/jpeg"}],"twitter_card":"summary_large_image","twitter_misc":{"Odhadovan\u00e1 doba \u010dten\u00ed":"1 minuta"},"schema":{"@context":"https:\/\/schema.org","@graph":[{"@type":"WebPage","@id":"https:\/\/authleticwear.com\/cz\/product\/eve-comfort-tilko-cerna\/","url":"https:\/\/authleticwear.com\/cz\/product\/eve-comfort-tilko-cerna\/","name":"Eve Comfort t\u00edlko - \u010cern\u00e1 - Authletic CZ","isPartOf":{"@id":"https:\/\/authleticwear.com\/cz\/#website"},"primaryImageOfPage":{"@id":"https:\/\/authleticwear.com\/cz\/product\/eve-comfort-tilko-cerna\/#primaryimage"},"image":{"@id":"https:\/\/authleticwear.com\/cz\/product\/eve-comfort-tilko-cerna\/#primaryimage"},"thumbnailUrl":"https:\/\/authleticwear.com\/cz\/wp-content\/uploads\/sites\/3\/2025\/11\/CZ-EVE-BLACK-TANK-TOP-DETAILS.jpg","datePublished":"2025-11-30T09:23:11+00:00","dateModified":"2026-04-26T13:04:01+00:00","breadcrumb":{"@id":"https:\/\/authleticwear.com\/cz\/product\/eve-comfort-tilko-cerna\/#breadcrumb"},"inLanguage":"cs","potentialAction":[{"@type":"ReadAction","target":["https:\/\/authleticwear.com\/cz\/product\/eve-comfort-tilko-cerna\/"]}]},{"@type":"ImageObject","inLanguage":"cs","@id":"https:\/\/authleticwear.com\/cz\/product\/eve-comfort-tilko-cerna\/#primaryimage","url":"https:\/\/authleticwear.com\/cz\/wp-content\/uploads\/sites\/3\/2025\/11\/CZ-EVE-BLACK-TANK-TOP-DETAILS.jpg","contentUrl":"https:\/\/authleticwear.com\/cz\/wp-content\/uploads\/sites\/3\/2025\/11\/CZ-EVE-BLACK-TANK-TOP-DETAILS.jpg","width":1400,"height":2000},{"@type":"BreadcrumbList","@id":"https:\/\/authleticwear.com\/cz\/product\/eve-comfort-tilko-cerna\/#breadcrumb","itemListElement":[{"@type":"ListItem","position":1,"name":"Home","item":"https:\/\/authleticwear.com\/cz\/"},{"@type":"ListItem","position":2,"name":"Shop","item":"https:\/\/authleticwear.com\/cz\/shop\/"},{"@type":"ListItem","position":3,"name":"Eve Comfort t\u00edlko &#8211; \u010cern\u00e1"}]},{"@type":"WebSite","@id":"https:\/\/authleticwear.com\/cz\/#website","url":"https:\/\/authleticwear.com\/cz\/","name":"Authletic CZ","description":"I am Authentic. I am Athletic. I am Authletic.","publisher":{"@id":"https:\/\/authleticwear.com\/cz\/#organization"},"potentialAction":[{"@type":"SearchAction","target":{"@type":"EntryPoint","urlTemplate":"https:\/\/authleticwear.com\/cz\/?s={search_term_string}"},"query-input":{"@type":"PropertyValueSpecification","valueRequired":true,"valueName":"search_term_string"}}],"inLanguage":"cs"},{"@type":"Organization","@id":"https:\/\/authleticwear.com\/cz\/#organization","name":"Authletic CZ","url":"https:\/\/authleticwear.com\/cz\/","logo":{"@type":"ImageObject","inLanguage":"cs","@id":"https:\/\/authleticwear.com\/cz\/#\/schema\/logo\/image\/","url":"https:\/\/authleticwear.com\/cz\/wp-content\/uploads\/sites\/3\/2023\/11\/logo-web-authletic.svg","contentUrl":"https:\/\/authleticwear.com\/cz\/wp-content\/uploads\/sites\/3\/2023\/11\/logo-web-authletic.svg","caption":"Authletic CZ"},"image":{"@id":"https:\/\/authleticwear.com\/cz\/#\/schema\/logo\/image\/"},"sameAs":["https:\/\/facebook.com\/authletic\/","https:\/\/instagram.com\/authleticwear\/","https:\/\/tiktok.com\/@authletic"]}]}},"_links":{"self":[{"href":"https:\/\/authleticwear.com\/cz\/wp-json\/wp\/v2\/product\/8868","targetHints":{"allow":["GET"]}}],"collection":[{"href":"https:\/\/authleticwear.com\/cz\/wp-json\/wp\/v2\/product"}],"about":[{"href":"https:\/\/authleticwear.com\/cz\/wp-json\/wp\/v2\/types\/product"}],"replies":[{"embeddable":true,"href":"https:\/\/authleticwear.com\/cz\/wp-json\/wp\/v2\/comments?post=8868"}],"wp:featuredmedia":[{"embeddable":true,"href":"https:\/\/authleticwear.com\/cz\/wp-json\/wp\/v2\/media\/8860"}],"wp:attachment":[{"href":"https:\/\/authleticwear.com\/cz\/wp-json\/wp\/v2\/media?parent=8868"}],"wp:term":[{"taxonomy":"product_brand","embeddable":true,"href":"https:\/\/authleticwear.com\/cz\/wp-json\/wp\/v2\/product_brand?post=8868"},{"taxonomy":"product_cat","embeddable":true,"href":"https:\/\/authleticwear.com\/cz\/wp-json\/wp\/v2\/product_cat?post=8868"},{"taxonomy":"product_tag","embeddable":true,"href":"https:\/\/authleticwear.com\/cz\/wp-json\/wp\/v2\/product_tag?post=8868"}],"curies":[{"name":"wp","href":"https:\/\/api.w.org\/{rel}","templated":true}]}}